{"id":1158,"date":"2024-04-15T14:17:28","date_gmt":"2024-04-15T14:17:28","guid":{"rendered":"https:\/\/www.cppadova.com\/?page_id=1158"},"modified":"2026-03-10T16:21:27","modified_gmt":"2026-03-10T16:21:27","slug":"crowne-plaza-padova","status":"publish","type":"page","link":"https:\/\/www.cppadova.com\/de\/","title":{"rendered":"Crowne Plaza Padua"},"content":{"rendered":"<p data-start=\"0\" data-end=\"173\">Ob Sie gesch\u00e4ftlich oder zur Entspannung unterwegs sind \u2013 im <strong data-start=\"61\" data-end=\"84\">Crowne Plaza Padova<\/strong> erwartet Sie eine elegante Atmosph\u00e4re, ma\u00dfgeschneiderte Services und h\u00f6chster Komfort.<\/p>\n<h3 data-start=\"175\" data-end=\"259\"><strong data-start=\"179\" data-end=\"257\">Crowne Plaza Padova: Effizienz f\u00fcr Ihr Business, Komfort f\u00fcr Ihre Erholung<\/strong><\/h3>\n<p data-start=\"261\" data-end=\"575\" data-is-last-node=\"\" data-is-only-node=\"\">Unser elegantes <strong data-start=\"277\" data-end=\"295\">4-Sterne-Hotel<\/strong> bietet eine strategische Lage in Padua, ideal f\u00fcr Gesch\u00e4ftsreisende. Wir sind optimal an das Stadtzentrum angebunden und befinden uns in der N\u00e4he der wichtigsten Autobahnen, des Bahnhofs sowie der Flugh\u00e4fen <strong data-start=\"503\" data-end=\"526\">Venedig und Treviso<\/strong>, sodass Sie schnell und effizient reisen k\u00f6nnen.<\/p>\n","protected":false},"excerpt":{"rendered":"<p>Ob Sie gesch\u00e4ftlich oder zur Entspannung unterwegs sind \u2013 im Crowne Plaza Padova erwartet Sie eine elegante Atmosph\u00e4re, ma\u00dfgeschneiderte Services und h\u00f6chster Komfort. Crowne Plaza Padova: Effizienz f\u00fcr Ihr Business, Komfort f\u00fcr Ihre Erholung Unser elegantes 4-Sterne-Hotel bietet eine strategische Lage in Padua, ideal f\u00fcr Gesch\u00e4ftsreisende. Wir sind optimal an das Stadtzentrum angebunden und befinden [&hellip;]<\/p>\n","protected":false},"author":36,"featured_media":881,"parent":0,"menu_order":0,"comment_status":"closed","ping_status":"closed","template":"","meta":{"footnotes":""},"class_list":["post-1158","page","type-page","status-publish","has-post-thumbnail","hentry"],"yoast_head":"<!-- This site is optimized with the Yoast SEO plugin v26.9 - https:\/\/yoast.com\/product\/yoast-seo-wordpress\/ -->\n<title>4-Sterne-Hotel in Padua: Zimmer, Suiten, Meetings | Crowne Plaza Padova<\/title>\n<meta name=\"description\" content=\"Unser Hotel bietet exklusive Dienstleistungen, die Ihnen Komfort und Entspannung w\u00e4hrend Ihres Aufenthalts garantieren: strategische Lage, Zimmer und Suiten, Restaurant, Bar, Meetings und Veranstaltungen.\" \/>\n<meta name=\"robots\" content=\"index, follow, max-snippet:-1, max-image-preview:large, max-video-preview:-1\" \/>\n<link rel=\"canonical\" href=\"https:\/\/www.cppadova.com\/de\/\" \/>\n<meta property=\"og:locale\" content=\"de_DE\" \/>\n<meta property=\"og:type\" content=\"article\" \/>\n<meta property=\"og:title\" content=\"4-Sterne-Hotel in Padua: Zimmer, Suiten, Meetings | Crowne Plaza Padova\" \/>\n<meta property=\"og:description\" content=\"Unser Hotel bietet exklusive Dienstleistungen, die Ihnen Komfort und Entspannung w\u00e4hrend Ihres Aufenthalts garantieren: strategische Lage, Zimmer und Suiten, Restaurant, Bar, Meetings und Veranstaltungen.\" \/>\n<meta property=\"og:url\" content=\"https:\/\/www.cppadova.com\/de\/\" \/>\n<meta property=\"og:site_name\" content=\"Crowne Plaza Padova\" \/>\n<meta property=\"article:modified_time\" content=\"2026-03-10T16:21:27+00:00\" \/>\n<meta property=\"og:image\" content=\"https:\/\/www.cppadova.com\/wp-content\/uploads\/sites\/252\/2021\/09\/Crowne-Plaza-Padova-Facciata-Esterno-e1631779861608.jpg\" \/>\n\t<meta property=\"og:image:width\" content=\"1784\" \/>\n\t<meta property=\"og:image:height\" content=\"932\" \/>\n\t<meta property=\"og:image:type\" content=\"image\/jpeg\" \/>\n<meta name=\"twitter:card\" content=\"summary_large_image\" \/>\n<script type=\"application\/ld+json\" class=\"yoast-schema-graph\">{\"@context\":\"https:\/\/schema.org\",\"@graph\":[{\"@type\":\"WebPage\",\"@id\":\"https:\/\/www.cppadova.com\/de\/\",\"url\":\"https:\/\/www.cppadova.com\/de\/\",\"name\":\"4-Sterne-Hotel in Padua: Zimmer, Suiten, Meetings | Crowne Plaza Padova\",\"isPartOf\":{\"@id\":\"https:\/\/www.cppadova.com\/de\/#website\"},\"primaryImageOfPage\":{\"@id\":\"https:\/\/www.cppadova.com\/de\/#primaryimage\"},\"image\":{\"@id\":\"https:\/\/www.cppadova.com\/de\/#primaryimage\"},\"thumbnailUrl\":\"https:\/\/www.cppadova.com\/wp-content\/uploads\/sites\/252\/2021\/09\/Crowne-Plaza-Padova-Facciata-Esterno-e1631779861608.jpg\",\"datePublished\":\"2024-04-15T14:17:28+00:00\",\"dateModified\":\"2026-03-10T16:21:27+00:00\",\"description\":\"Unser Hotel bietet exklusive Dienstleistungen, die Ihnen Komfort und Entspannung w\u00e4hrend Ihres Aufenthalts garantieren: strategische Lage, Zimmer und Suiten, Restaurant, Bar, Meetings und Veranstaltungen.\",\"breadcrumb\":{\"@id\":\"https:\/\/www.cppadova.com\/de\/#breadcrumb\"},\"inLanguage\":\"de-DE\",\"potentialAction\":[{\"@type\":\"ReadAction\",\"target\":[\"https:\/\/www.cppadova.com\/de\/\"]}]},{\"@type\":\"ImageObject\",\"inLanguage\":\"de-DE\",\"@id\":\"https:\/\/www.cppadova.com\/de\/#primaryimage\",\"url\":\"https:\/\/www.cppadova.com\/wp-content\/uploads\/sites\/252\/2021\/09\/Crowne-Plaza-Padova-Facciata-Esterno-e1631779861608.jpg\",\"contentUrl\":\"https:\/\/www.cppadova.com\/wp-content\/uploads\/sites\/252\/2021\/09\/Crowne-Plaza-Padova-Facciata-Esterno-e1631779861608.jpg\",\"width\":1784,\"height\":932},{\"@type\":\"BreadcrumbList\",\"@id\":\"https:\/\/www.cppadova.com\/de\/#breadcrumb\",\"itemListElement\":[{\"@type\":\"ListItem\",\"position\":1,\"name\":\"Home\",\"item\":\"https:\/\/www.cppadova.com\/de\/\"},{\"@type\":\"ListItem\",\"position\":2,\"name\":\"Crowne Plaza Padua\"}]},{\"@type\":\"WebSite\",\"@id\":\"https:\/\/www.cppadova.com\/de\/#website\",\"url\":\"https:\/\/www.cppadova.com\/de\/\",\"name\":\"Crowne Plaza Padova\",\"description\":\"Just another ms.decms.eu site\",\"potentialAction\":[{\"@type\":\"SearchAction\",\"target\":{\"@type\":\"EntryPoint\",\"urlTemplate\":\"https:\/\/www.cppadova.com\/de\/?s={search_term_string}\"},\"query-input\":{\"@type\":\"PropertyValueSpecification\",\"valueRequired\":true,\"valueName\":\"search_term_string\"}}],\"inLanguage\":\"de-DE\"}]}<\/script>\n<!-- \/ Yoast SEO plugin. -->","yoast_head_json":{"title":"4-Sterne-Hotel in Padua: Zimmer, Suiten, Meetings | Crowne Plaza Padova","description":"Unser Hotel bietet exklusive Dienstleistungen, die Ihnen Komfort und Entspannung w\u00e4hrend Ihres Aufenthalts garantieren: strategische Lage, Zimmer und Suiten, Restaurant, Bar, Meetings und Veranstaltungen.","robots":{"index":"index","follow":"follow","max-snippet":"max-snippet:-1","max-image-preview":"max-image-preview:large","max-video-preview":"max-video-preview:-1"},"canonical":"https:\/\/www.cppadova.com\/de\/","og_locale":"de_DE","og_type":"article","og_title":"4-Sterne-Hotel in Padua: Zimmer, Suiten, Meetings | Crowne Plaza Padova","og_description":"Unser Hotel bietet exklusive Dienstleistungen, die Ihnen Komfort und Entspannung w\u00e4hrend Ihres Aufenthalts garantieren: strategische Lage, Zimmer und Suiten, Restaurant, Bar, Meetings und Veranstaltungen.","og_url":"https:\/\/www.cppadova.com\/de\/","og_site_name":"Crowne Plaza Padova","article_modified_time":"2026-03-10T16:21:27+00:00","og_image":[{"width":1784,"height":932,"url":"https:\/\/www.cppadova.com\/wp-content\/uploads\/sites\/252\/2021\/09\/Crowne-Plaza-Padova-Facciata-Esterno-e1631779861608.jpg","type":"image\/jpeg"}],"twitter_card":"summary_large_image","schema":{"@context":"https:\/\/schema.org","@graph":[{"@type":"WebPage","@id":"https:\/\/www.cppadova.com\/de\/","url":"https:\/\/www.cppadova.com\/de\/","name":"4-Sterne-Hotel in Padua: Zimmer, Suiten, Meetings | Crowne Plaza Padova","isPartOf":{"@id":"https:\/\/www.cppadova.com\/de\/#website"},"primaryImageOfPage":{"@id":"https:\/\/www.cppadova.com\/de\/#primaryimage"},"image":{"@id":"https:\/\/www.cppadova.com\/de\/#primaryimage"},"thumbnailUrl":"https:\/\/www.cppadova.com\/wp-content\/uploads\/sites\/252\/2021\/09\/Crowne-Plaza-Padova-Facciata-Esterno-e1631779861608.jpg","datePublished":"2024-04-15T14:17:28+00:00","dateModified":"2026-03-10T16:21:27+00:00","description":"Unser Hotel bietet exklusive Dienstleistungen, die Ihnen Komfort und Entspannung w\u00e4hrend Ihres Aufenthalts garantieren: strategische Lage, Zimmer und Suiten, Restaurant, Bar, Meetings und Veranstaltungen.","breadcrumb":{"@id":"https:\/\/www.cppadova.com\/de\/#breadcrumb"},"inLanguage":"de-DE","potentialAction":[{"@type":"ReadAction","target":["https:\/\/www.cppadova.com\/de\/"]}]},{"@type":"ImageObject","inLanguage":"de-DE","@id":"https:\/\/www.cppadova.com\/de\/#primaryimage","url":"https:\/\/www.cppadova.com\/wp-content\/uploads\/sites\/252\/2021\/09\/Crowne-Plaza-Padova-Facciata-Esterno-e1631779861608.jpg","contentUrl":"https:\/\/www.cppadova.com\/wp-content\/uploads\/sites\/252\/2021\/09\/Crowne-Plaza-Padova-Facciata-Esterno-e1631779861608.jpg","width":1784,"height":932},{"@type":"BreadcrumbList","@id":"https:\/\/www.cppadova.com\/de\/#breadcrumb","itemListElement":[{"@type":"ListItem","position":1,"name":"Home","item":"https:\/\/www.cppadova.com\/de\/"},{"@type":"ListItem","position":2,"name":"Crowne Plaza Padua"}]},{"@type":"WebSite","@id":"https:\/\/www.cppadova.com\/de\/#website","url":"https:\/\/www.cppadova.com\/de\/","name":"Crowne Plaza Padova","description":"Just another ms.decms.eu site","potentialAction":[{"@type":"SearchAction","target":{"@type":"EntryPoint","urlTemplate":"https:\/\/www.cppadova.com\/de\/?s={search_term_string}"},"query-input":{"@type":"PropertyValueSpecification","valueRequired":true,"valueName":"search_term_string"}}],"inLanguage":"de-DE"}]}},"acf":[],"_links":{"self":[{"href":"https:\/\/www.cppadova.com\/de\/wp-json\/wp\/v2\/pages\/1158","targetHints":{"allow":["GET"]}}],"collection":[{"href":"https:\/\/www.cppadova.com\/de\/wp-json\/wp\/v2\/pages"}],"about":[{"href":"https:\/\/www.cppadova.com\/de\/wp-json\/wp\/v2\/types\/page"}],"author":[{"embeddable":true,"href":"https:\/\/www.cppadova.com\/de\/wp-json\/wp\/v2\/users\/36"}],"replies":[{"embeddable":true,"href":"https:\/\/www.cppadova.com\/de\/wp-json\/wp\/v2\/comments?post=1158"}],"version-history":[{"count":0,"href":"https:\/\/www.cppadova.com\/de\/wp-json\/wp\/v2\/pages\/1158\/revisions"}],"wp:featuredmedia":[{"embeddable":true,"href":"https:\/\/www.cppadova.com\/de\/wp-json\/wp\/v2\/media\/881"}],"wp:attachment":[{"href":"https:\/\/www.cppadova.com\/de\/wp-json\/wp\/v2\/media?parent=1158"}],"curies":[{"name":"wp","href":"https:\/\/api.w.org\/{rel}","templated":true}]}}