{"id":1161,"date":"2024-04-16T15:23:54","date_gmt":"2024-04-16T15:23:54","guid":{"rendered":"https:\/\/www.cppadova.com\/?page_id=1161"},"modified":"2024-04-30T12:25:08","modified_gmt":"2024-04-30T12:25:08","slug":"das-hotel","status":"publish","type":"page","link":"https:\/\/www.cppadova.com\/de\/das-hotel\/","title":{"rendered":"Das Hotel"},"content":{"rendered":"<p>Ob Sie gesch\u00e4ftlich oder privat unterwegs sind, hier erwartet Sie ein komfortabler Aufenthalt mit ma\u00dfgeschneiderten Dienstleistungen! Entscheiden Sie sich f\u00fcr das Crowne Plaza, unser <strong>gem\u00fctliches 4-Sterne-Hotel<\/strong> in Padua in <strong>strategischer Lage<\/strong>: Wir sind in Bezug auf das Stadtzentrum sehr g\u00fcnstig gelegen und gleichzeitig in der N\u00e4he der wichtigsten Autobahnanschl\u00fcsse, des Bahnhofs und der Flugh\u00e4fen von Venedig und Treviso.<\/p>\n<p><strong>Geschultes<\/strong> und professionelles <strong>Personal<\/strong>, <strong>ger\u00e4umige<\/strong> und mit allem Komfort ausgestattete <strong>Zimmer<\/strong>, ein <strong>ausgezeichnetes Restaurant und eine Bar<\/strong>, wo Sie die hervorragende Gerichte der venetischen Tradition entdecken k\u00f6nnen, <strong>Dienstleistungen <\/strong>f\u00fcr die Organisation von <strong>Tagungen und Veranstaltungen<\/strong>: all das &#8211; und noch vieles mehr &#8211; erwartet Sie im 4-Sterne-Hotel Crowne Plaza in Padua!<\/p>\n","protected":false},"excerpt":{"rendered":"<p>Ob Sie gesch\u00e4ftlich oder privat unterwegs sind, hier erwartet Sie ein komfortabler Aufenthalt mit ma\u00dfgeschneiderten Dienstleistungen! Entscheiden Sie sich f\u00fcr das Crowne Plaza, unser gem\u00fctliches 4-Sterne-Hotel in Padua in strategischer Lage: Wir sind in Bezug auf das Stadtzentrum sehr g\u00fcnstig gelegen und gleichzeitig in der N\u00e4he der wichtigsten Autobahnanschl\u00fcsse, des Bahnhofs und der Flugh\u00e4fen von [&hellip;]<\/p>\n","protected":false},"author":36,"featured_media":0,"parent":0,"menu_order":2,"comment_status":"closed","ping_status":"closed","template":"","meta":{"footnotes":""},"class_list":["post-1161","page","type-page","status-publish","hentry"],"yoast_head":"<!-- This site is optimized with the Yoast SEO plugin v26.9 - https:\/\/yoast.com\/product\/yoast-seo-wordpress\/ -->\n<title>4-Sterne-Hotel: Business- &amp; und Erholungshotel | Crowne Plaza Padova<\/title>\n<meta name=\"description\" content=\"Ob Sie gesch\u00e4ftlich oder privat unterwegs sind, im Crowne Plaza erwartet Sie ein komfortabler Aufenthalt mit ma\u00dfgeschneiderten Dienstleistungen!\" \/>\n<meta name=\"robots\" content=\"index, follow, max-snippet:-1, max-image-preview:large, max-video-preview:-1\" \/>\n<link rel=\"canonical\" href=\"https:\/\/www.cppadova.com\/de\/das-hotel\/\" \/>\n<meta property=\"og:locale\" content=\"de_DE\" \/>\n<meta property=\"og:type\" content=\"article\" \/>\n<meta property=\"og:title\" content=\"4-Sterne-Hotel: Business- &amp; und Erholungshotel | Crowne Plaza Padova\" \/>\n<meta property=\"og:description\" content=\"Ob Sie gesch\u00e4ftlich oder privat unterwegs sind, im Crowne Plaza erwartet Sie ein komfortabler Aufenthalt mit ma\u00dfgeschneiderten Dienstleistungen!\" \/>\n<meta property=\"og:url\" content=\"https:\/\/www.cppadova.com\/de\/das-hotel\/\" \/>\n<meta property=\"og:site_name\" content=\"Crowne Plaza Padova\" \/>\n<meta property=\"article:modified_time\" content=\"2024-04-30T12:25:08+00:00\" \/>\n<meta property=\"og:image\" content=\"https:\/\/www.cppadova.com\/wp-content\/uploads\/sites\/252\/2021\/08\/crowne_plaza_padova_home_slide_camera.jpg\" \/>\n\t<meta property=\"og:image:width\" content=\"2200\" \/>\n\t<meta property=\"og:image:height\" content=\"1200\" \/>\n\t<meta property=\"og:image:type\" content=\"image\/jpeg\" \/>\n<meta name=\"twitter:card\" content=\"summary_large_image\" \/>\n<meta name=\"twitter:label1\" content=\"Gesch\u00e4tzte Lesezeit\" \/>\n\t<meta name=\"twitter:data1\" content=\"1 Minute\" \/>\n<script type=\"application\/ld+json\" class=\"yoast-schema-graph\">{\"@context\":\"https:\/\/schema.org\",\"@graph\":[{\"@type\":\"WebPage\",\"@id\":\"https:\/\/www.cppadova.com\/de\/das-hotel\/\",\"url\":\"https:\/\/www.cppadova.com\/de\/das-hotel\/\",\"name\":\"4-Sterne-Hotel: Business- & und Erholungshotel | Crowne Plaza Padova\",\"isPartOf\":{\"@id\":\"https:\/\/www.cppadova.com\/de\/#website\"},\"datePublished\":\"2024-04-16T15:23:54+00:00\",\"dateModified\":\"2024-04-30T12:25:08+00:00\",\"description\":\"Ob Sie gesch\u00e4ftlich oder privat unterwegs sind, im Crowne Plaza erwartet Sie ein komfortabler Aufenthalt mit ma\u00dfgeschneiderten Dienstleistungen!\",\"breadcrumb\":{\"@id\":\"https:\/\/www.cppadova.com\/de\/das-hotel\/#breadcrumb\"},\"inLanguage\":\"de-DE\",\"potentialAction\":[{\"@type\":\"ReadAction\",\"target\":[\"https:\/\/www.cppadova.com\/de\/das-hotel\/\"]}]},{\"@type\":\"BreadcrumbList\",\"@id\":\"https:\/\/www.cppadova.com\/de\/das-hotel\/#breadcrumb\",\"itemListElement\":[{\"@type\":\"ListItem\",\"position\":1,\"name\":\"Home\",\"item\":\"https:\/\/www.cppadova.com\/de\/\"},{\"@type\":\"ListItem\",\"position\":2,\"name\":\"Das Hotel\"}]},{\"@type\":\"WebSite\",\"@id\":\"https:\/\/www.cppadova.com\/de\/#website\",\"url\":\"https:\/\/www.cppadova.com\/de\/\",\"name\":\"Crowne Plaza Padova\",\"description\":\"Just another ms.decms.eu site\",\"potentialAction\":[{\"@type\":\"SearchAction\",\"target\":{\"@type\":\"EntryPoint\",\"urlTemplate\":\"https:\/\/www.cppadova.com\/de\/?s={search_term_string}\"},\"query-input\":{\"@type\":\"PropertyValueSpecification\",\"valueRequired\":true,\"valueName\":\"search_term_string\"}}],\"inLanguage\":\"de-DE\"}]}<\/script>\n<!-- \/ Yoast SEO plugin. -->","yoast_head_json":{"title":"4-Sterne-Hotel: Business- & und Erholungshotel | Crowne Plaza Padova","description":"Ob Sie gesch\u00e4ftlich oder privat unterwegs sind, im Crowne Plaza erwartet Sie ein komfortabler Aufenthalt mit ma\u00dfgeschneiderten Dienstleistungen!","robots":{"index":"index","follow":"follow","max-snippet":"max-snippet:-1","max-image-preview":"max-image-preview:large","max-video-preview":"max-video-preview:-1"},"canonical":"https:\/\/www.cppadova.com\/de\/das-hotel\/","og_locale":"de_DE","og_type":"article","og_title":"4-Sterne-Hotel: Business- & und Erholungshotel | Crowne Plaza Padova","og_description":"Ob Sie gesch\u00e4ftlich oder privat unterwegs sind, im Crowne Plaza erwartet Sie ein komfortabler Aufenthalt mit ma\u00dfgeschneiderten Dienstleistungen!","og_url":"https:\/\/www.cppadova.com\/de\/das-hotel\/","og_site_name":"Crowne Plaza Padova","article_modified_time":"2024-04-30T12:25:08+00:00","og_image":[{"width":2200,"height":1200,"url":"https:\/\/www.cppadova.com\/wp-content\/uploads\/sites\/252\/2021\/08\/crowne_plaza_padova_home_slide_camera.jpg","type":"image\/jpeg"}],"twitter_card":"summary_large_image","twitter_misc":{"Gesch\u00e4tzte Lesezeit":"1 Minute"},"schema":{"@context":"https:\/\/schema.org","@graph":[{"@type":"WebPage","@id":"https:\/\/www.cppadova.com\/de\/das-hotel\/","url":"https:\/\/www.cppadova.com\/de\/das-hotel\/","name":"4-Sterne-Hotel: Business- & und Erholungshotel | Crowne Plaza Padova","isPartOf":{"@id":"https:\/\/www.cppadova.com\/de\/#website"},"datePublished":"2024-04-16T15:23:54+00:00","dateModified":"2024-04-30T12:25:08+00:00","description":"Ob Sie gesch\u00e4ftlich oder privat unterwegs sind, im Crowne Plaza erwartet Sie ein komfortabler Aufenthalt mit ma\u00dfgeschneiderten Dienstleistungen!","breadcrumb":{"@id":"https:\/\/www.cppadova.com\/de\/das-hotel\/#breadcrumb"},"inLanguage":"de-DE","potentialAction":[{"@type":"ReadAction","target":["https:\/\/www.cppadova.com\/de\/das-hotel\/"]}]},{"@type":"BreadcrumbList","@id":"https:\/\/www.cppadova.com\/de\/das-hotel\/#breadcrumb","itemListElement":[{"@type":"ListItem","position":1,"name":"Home","item":"https:\/\/www.cppadova.com\/de\/"},{"@type":"ListItem","position":2,"name":"Das Hotel"}]},{"@type":"WebSite","@id":"https:\/\/www.cppadova.com\/de\/#website","url":"https:\/\/www.cppadova.com\/de\/","name":"Crowne Plaza Padova","description":"Just another ms.decms.eu site","potentialAction":[{"@type":"SearchAction","target":{"@type":"EntryPoint","urlTemplate":"https:\/\/www.cppadova.com\/de\/?s={search_term_string}"},"query-input":{"@type":"PropertyValueSpecification","valueRequired":true,"valueName":"search_term_string"}}],"inLanguage":"de-DE"}]}},"acf":[],"_links":{"self":[{"href":"https:\/\/www.cppadova.com\/de\/wp-json\/wp\/v2\/pages\/1161","targetHints":{"allow":["GET"]}}],"collection":[{"href":"https:\/\/www.cppadova.com\/de\/wp-json\/wp\/v2\/pages"}],"about":[{"href":"https:\/\/www.cppadova.com\/de\/wp-json\/wp\/v2\/types\/page"}],"author":[{"embeddable":true,"href":"https:\/\/www.cppadova.com\/de\/wp-json\/wp\/v2\/users\/36"}],"replies":[{"embeddable":true,"href":"https:\/\/www.cppadova.com\/de\/wp-json\/wp\/v2\/comments?post=1161"}],"version-history":[{"count":0,"href":"https:\/\/www.cppadova.com\/de\/wp-json\/wp\/v2\/pages\/1161\/revisions"}],"wp:attachment":[{"href":"https:\/\/www.cppadova.com\/de\/wp-json\/wp\/v2\/media?parent=1161"}],"curies":[{"name":"wp","href":"https:\/\/api.w.org\/{rel}","templated":true}]}}