{"id":1165,"date":"2024-04-16T15:29:46","date_gmt":"2024-04-16T15:29:46","guid":{"rendered":"https:\/\/www.cppadova.com\/?page_id=1165"},"modified":"2024-04-30T12:26:37","modified_gmt":"2024-04-30T12:26:37","slug":"business-hotel","status":"publish","type":"page","link":"https:\/\/www.cppadova.com\/de\/das-hotel\/business-hotel\/","title":{"rendered":"Business Hotel"},"content":{"rendered":"<p>Sie sind<strong> oft gesch\u00e4ftlich unterwegs<\/strong> und suchen ein Hotel, das Ihren Bed\u00fcrfnissen entspricht? Nutzen Sie die Business-Dienstleistungen des <strong>Crowne Plaza Padova<\/strong>, eines Vier-Sterne-Hotels, das <strong>Komfort und Aufmerksamkeit <\/strong>f\u00fcr <strong>Gesch\u00e4ftsreisende<\/strong> bietet.<\/p>\n<ul>\n<li><strong>Gro\u00dfer Parkplatz <\/strong>im Freien und \u00fcberdachte Garage<\/li>\n<li>Tesla-Supercharger-<strong>Ladestationen <\/strong><\/li>\n<li><strong>Schnelle WLAN-Verbindung<\/strong> in allen Zimmern und \u00f6ffentlichen Bereichen<\/li>\n<li><strong>Restaurant AQuattro<\/strong> und Bar Il Pedrocchino<\/li>\n<li><strong>Fitnessraum<\/strong> ausgestattet mit Technogym-Ger\u00e4ten<\/li>\n<li><strong>Shuttle-Service<\/strong> auf Anfrage (gegen Aufpreis)<\/li>\n<li><strong>Satelliten-TV<\/strong> mit SKY-Kan\u00e4len in den Zimmern<\/li>\n<li>Spezielles <strong>Business-Paket<\/strong> in unseren Angeboten verf\u00fcgbar<\/li>\n<\/ul>\n","protected":false},"excerpt":{"rendered":"<p>Sie sind oft gesch\u00e4ftlich unterwegs und suchen ein Hotel, das Ihren Bed\u00fcrfnissen entspricht? Nutzen Sie die Business-Dienstleistungen des Crowne Plaza Padova, eines Vier-Sterne-Hotels, das Komfort und Aufmerksamkeit f\u00fcr Gesch\u00e4ftsreisende bietet. Gro\u00dfer Parkplatz im Freien und \u00fcberdachte Garage Tesla-Supercharger-Ladestationen Schnelle WLAN-Verbindung in allen Zimmern und \u00f6ffentlichen Bereichen Restaurant AQuattro und Bar Il Pedrocchino Fitnessraum ausgestattet mit [&hellip;]<\/p>\n","protected":false},"author":36,"featured_media":0,"parent":1161,"menu_order":1,"comment_status":"closed","ping_status":"closed","template":"template-default-2.php","meta":{"footnotes":""},"class_list":["post-1165","page","type-page","status-publish","hentry"],"yoast_head":"<!-- This site is optimized with the Yoast SEO plugin v26.9 - https:\/\/yoast.com\/product\/yoast-seo-wordpress\/ -->\n<title>Business Hotel: Gesch\u00e4ftsreisen | Crowne Plaza Hotel Padova<\/title>\n<meta name=\"description\" content=\"Nutzen Sie die Business-Dienstleistungen des Crowne Plaza Padova, eines Vier-Sterne-Hotels, das Komfort und Aufmerksamkeit f\u00fcr Gesch\u00e4ftsreisende bietet.\" \/>\n<meta name=\"robots\" content=\"index, follow, max-snippet:-1, max-image-preview:large, max-video-preview:-1\" \/>\n<link rel=\"canonical\" href=\"https:\/\/www.cppadova.com\/de\/das-hotel\/business-hotel\/\" \/>\n<meta property=\"og:locale\" content=\"de_DE\" \/>\n<meta property=\"og:type\" content=\"article\" \/>\n<meta property=\"og:title\" content=\"Business Hotel: Gesch\u00e4ftsreisen | Crowne Plaza Hotel Padova\" \/>\n<meta property=\"og:description\" content=\"Nutzen Sie die Business-Dienstleistungen des Crowne Plaza Padova, eines Vier-Sterne-Hotels, das Komfort und Aufmerksamkeit f\u00fcr Gesch\u00e4ftsreisende bietet.\" \/>\n<meta property=\"og:url\" content=\"https:\/\/www.cppadova.com\/de\/das-hotel\/business-hotel\/\" \/>\n<meta property=\"og:site_name\" content=\"Crowne Plaza Padova\" \/>\n<meta property=\"article:modified_time\" content=\"2024-04-30T12:26:37+00:00\" \/>\n<meta property=\"og:image\" content=\"https:\/\/www.cppadova.com\/wp-content\/uploads\/sites\/252\/2021\/08\/crowne_plaza_padova_home_slide_camera.jpg\" \/>\n\t<meta property=\"og:image:width\" content=\"2200\" \/>\n\t<meta property=\"og:image:height\" content=\"1200\" \/>\n\t<meta property=\"og:image:type\" content=\"image\/jpeg\" \/>\n<meta name=\"twitter:card\" content=\"summary_large_image\" \/>\n<script type=\"application\/ld+json\" class=\"yoast-schema-graph\">{\"@context\":\"https:\/\/schema.org\",\"@graph\":[{\"@type\":\"WebPage\",\"@id\":\"https:\/\/www.cppadova.com\/de\/das-hotel\/business-hotel\/\",\"url\":\"https:\/\/www.cppadova.com\/de\/das-hotel\/business-hotel\/\",\"name\":\"Business Hotel: Gesch\u00e4ftsreisen | Crowne Plaza Hotel Padova\",\"isPartOf\":{\"@id\":\"https:\/\/www.cppadova.com\/de\/#website\"},\"datePublished\":\"2024-04-16T15:29:46+00:00\",\"dateModified\":\"2024-04-30T12:26:37+00:00\",\"description\":\"Nutzen Sie die Business-Dienstleistungen des Crowne Plaza Padova, eines Vier-Sterne-Hotels, das Komfort und Aufmerksamkeit f\u00fcr Gesch\u00e4ftsreisende bietet.\",\"breadcrumb\":{\"@id\":\"https:\/\/www.cppadova.com\/de\/das-hotel\/business-hotel\/#breadcrumb\"},\"inLanguage\":\"de-DE\",\"potentialAction\":[{\"@type\":\"ReadAction\",\"target\":[\"https:\/\/www.cppadova.com\/de\/das-hotel\/business-hotel\/\"]}]},{\"@type\":\"BreadcrumbList\",\"@id\":\"https:\/\/www.cppadova.com\/de\/das-hotel\/business-hotel\/#breadcrumb\",\"itemListElement\":[{\"@type\":\"ListItem\",\"position\":1,\"name\":\"Home\",\"item\":\"https:\/\/www.cppadova.com\/de\/\"},{\"@type\":\"ListItem\",\"position\":2,\"name\":\"Das Hotel\",\"item\":\"https:\/\/www.cppadova.com\/de\/das-hotel\/\"},{\"@type\":\"ListItem\",\"position\":3,\"name\":\"Business Hotel\"}]},{\"@type\":\"WebSite\",\"@id\":\"https:\/\/www.cppadova.com\/de\/#website\",\"url\":\"https:\/\/www.cppadova.com\/de\/\",\"name\":\"Crowne Plaza Padova\",\"description\":\"Just another ms.decms.eu site\",\"potentialAction\":[{\"@type\":\"SearchAction\",\"target\":{\"@type\":\"EntryPoint\",\"urlTemplate\":\"https:\/\/www.cppadova.com\/de\/?s={search_term_string}\"},\"query-input\":{\"@type\":\"PropertyValueSpecification\",\"valueRequired\":true,\"valueName\":\"search_term_string\"}}],\"inLanguage\":\"de-DE\"}]}<\/script>\n<!-- \/ Yoast SEO plugin. -->","yoast_head_json":{"title":"Business Hotel: Gesch\u00e4ftsreisen | Crowne Plaza Hotel Padova","description":"Nutzen Sie die Business-Dienstleistungen des Crowne Plaza Padova, eines Vier-Sterne-Hotels, das Komfort und Aufmerksamkeit f\u00fcr Gesch\u00e4ftsreisende bietet.","robots":{"index":"index","follow":"follow","max-snippet":"max-snippet:-1","max-image-preview":"max-image-preview:large","max-video-preview":"max-video-preview:-1"},"canonical":"https:\/\/www.cppadova.com\/de\/das-hotel\/business-hotel\/","og_locale":"de_DE","og_type":"article","og_title":"Business Hotel: Gesch\u00e4ftsreisen | Crowne Plaza Hotel Padova","og_description":"Nutzen Sie die Business-Dienstleistungen des Crowne Plaza Padova, eines Vier-Sterne-Hotels, das Komfort und Aufmerksamkeit f\u00fcr Gesch\u00e4ftsreisende bietet.","og_url":"https:\/\/www.cppadova.com\/de\/das-hotel\/business-hotel\/","og_site_name":"Crowne Plaza Padova","article_modified_time":"2024-04-30T12:26:37+00:00","og_image":[{"width":2200,"height":1200,"url":"https:\/\/www.cppadova.com\/wp-content\/uploads\/sites\/252\/2021\/08\/crowne_plaza_padova_home_slide_camera.jpg","type":"image\/jpeg"}],"twitter_card":"summary_large_image","schema":{"@context":"https:\/\/schema.org","@graph":[{"@type":"WebPage","@id":"https:\/\/www.cppadova.com\/de\/das-hotel\/business-hotel\/","url":"https:\/\/www.cppadova.com\/de\/das-hotel\/business-hotel\/","name":"Business Hotel: Gesch\u00e4ftsreisen | Crowne Plaza Hotel Padova","isPartOf":{"@id":"https:\/\/www.cppadova.com\/de\/#website"},"datePublished":"2024-04-16T15:29:46+00:00","dateModified":"2024-04-30T12:26:37+00:00","description":"Nutzen Sie die Business-Dienstleistungen des Crowne Plaza Padova, eines Vier-Sterne-Hotels, das Komfort und Aufmerksamkeit f\u00fcr Gesch\u00e4ftsreisende bietet.","breadcrumb":{"@id":"https:\/\/www.cppadova.com\/de\/das-hotel\/business-hotel\/#breadcrumb"},"inLanguage":"de-DE","potentialAction":[{"@type":"ReadAction","target":["https:\/\/www.cppadova.com\/de\/das-hotel\/business-hotel\/"]}]},{"@type":"BreadcrumbList","@id":"https:\/\/www.cppadova.com\/de\/das-hotel\/business-hotel\/#breadcrumb","itemListElement":[{"@type":"ListItem","position":1,"name":"Home","item":"https:\/\/www.cppadova.com\/de\/"},{"@type":"ListItem","position":2,"name":"Das Hotel","item":"https:\/\/www.cppadova.com\/de\/das-hotel\/"},{"@type":"ListItem","position":3,"name":"Business Hotel"}]},{"@type":"WebSite","@id":"https:\/\/www.cppadova.com\/de\/#website","url":"https:\/\/www.cppadova.com\/de\/","name":"Crowne Plaza Padova","description":"Just another ms.decms.eu site","potentialAction":[{"@type":"SearchAction","target":{"@type":"EntryPoint","urlTemplate":"https:\/\/www.cppadova.com\/de\/?s={search_term_string}"},"query-input":{"@type":"PropertyValueSpecification","valueRequired":true,"valueName":"search_term_string"}}],"inLanguage":"de-DE"}]}},"acf":[],"_links":{"self":[{"href":"https:\/\/www.cppadova.com\/de\/wp-json\/wp\/v2\/pages\/1165","targetHints":{"allow":["GET"]}}],"collection":[{"href":"https:\/\/www.cppadova.com\/de\/wp-json\/wp\/v2\/pages"}],"about":[{"href":"https:\/\/www.cppadova.com\/de\/wp-json\/wp\/v2\/types\/page"}],"author":[{"embeddable":true,"href":"https:\/\/www.cppadova.com\/de\/wp-json\/wp\/v2\/users\/36"}],"replies":[{"embeddable":true,"href":"https:\/\/www.cppadova.com\/de\/wp-json\/wp\/v2\/comments?post=1165"}],"version-history":[{"count":0,"href":"https:\/\/www.cppadova.com\/de\/wp-json\/wp\/v2\/pages\/1165\/revisions"}],"up":[{"embeddable":true,"href":"https:\/\/www.cppadova.com\/de\/wp-json\/wp\/v2\/pages\/1161"}],"wp:attachment":[{"href":"https:\/\/www.cppadova.com\/de\/wp-json\/wp\/v2\/media?parent=1165"}],"curies":[{"name":"wp","href":"https:\/\/api.w.org\/{rel}","templated":true}]}}