{"id":1173,"date":"2024-04-16T15:51:52","date_gmt":"2024-04-16T15:51:52","guid":{"rendered":"https:\/\/www.cppadova.com\/?page_id=1173"},"modified":"2024-04-30T12:27:45","modified_gmt":"2024-04-30T12:27:45","slug":"zimmer-und-suiten","status":"publish","type":"page","link":"https:\/\/www.cppadova.com\/de\/zimmer-und-suiten\/","title":{"rendered":"Zimmer und Suiten"},"content":{"rendered":"<p>Dank seiner 177 <strong>Nichtraucherzimmer<\/strong> unterschiedlicher Art und Gr\u00f6\u00dfe kann das Crowne Plaza Padua Hotel Ihnen <strong>einen Aufenthalt<\/strong> bieten,<strong> der ganz Ihren jeweiligen Bed\u00fcrfnissen entspricht<\/strong>: ruhige Zimmer mit Smart Working Arbeitspl\u00e4tzen f\u00fcr Gesch\u00e4ftsreisende, <strong>ger\u00e4umige<\/strong> <strong>oder<\/strong> mit Verbindungst\u00fcr ausgestattete Zimmer f\u00fcr diejenigen, die mit Verwandten und\/oder Freunden reisen und sogar ger\u00e4umige Suiten f\u00fcr diejenigen, die sich einen Aufenthalt ohne Kompromisse g\u00f6nnen m\u00f6chten.<\/p>\n<p>&nbsp;<\/p>\n<p>Aber was haben sie alle gemeinsam? Selbstverst\u00e4ndlich die <strong>hohen Qualit\u00e4tsstandards<\/strong> der Marke Crowne Plaza, die <strong>gro\u00dfz\u00fcgige Fl\u00e4che<\/strong> und die <strong>exklusiven Annehmlichkeiten<\/strong> mit denen sie ausgestattet sind, wie LCD-Fernseher mit SKY-Kan\u00e4len, Set f\u00fcr die Zubereitung von Tee und Kaffee und vieles mehr. Worauf warten Sie noch? Um all dies und noch vieles mehr zu entdecken, planen Sie direkt Ihren Aufenthalt in Padova!<\/p>\n","protected":false},"excerpt":{"rendered":"<p>Dank seiner 177 Nichtraucherzimmer unterschiedlicher Art und Gr\u00f6\u00dfe kann das Crowne Plaza Padua Hotel Ihnen einen Aufenthalt bieten, der ganz Ihren jeweiligen Bed\u00fcrfnissen entspricht: ruhige Zimmer mit Smart Working Arbeitspl\u00e4tzen f\u00fcr Gesch\u00e4ftsreisende, ger\u00e4umige oder mit Verbindungst\u00fcr ausgestattete Zimmer f\u00fcr diejenigen, die mit Verwandten und\/oder Freunden reisen und sogar ger\u00e4umige Suiten f\u00fcr diejenigen, die sich einen [&hellip;]<\/p>\n","protected":false},"author":36,"featured_media":0,"parent":0,"menu_order":5,"comment_status":"closed","ping_status":"closed","template":"template-rooms.php","meta":{"footnotes":""},"class_list":["post-1173","page","type-page","status-publish","hentry"],"yoast_head":"<!-- This site is optimized with the Yoast SEO plugin v26.9 - https:\/\/yoast.com\/product\/yoast-seo-wordpress\/ -->\n<title>Zimmer, Junior und King Suiten in Padua | Crowne Plaza Padova<\/title>\n<meta name=\"description\" content=\"W\u00e4hlen Sie das f\u00fcr Ihren Aufenthalt passende Zimmer: ruhige, ger\u00e4umige Zimmer oder Zimmer mit Verbindungst\u00fcr, elegante und komfortable Suiten. Crowne Plaza bietet Ihnen ein einzigartiges Erlebnis.\" \/>\n<meta name=\"robots\" content=\"index, follow, max-snippet:-1, max-image-preview:large, max-video-preview:-1\" \/>\n<link rel=\"canonical\" href=\"https:\/\/www.cppadova.com\/de\/zimmer-und-suiten\/\" \/>\n<meta property=\"og:locale\" content=\"de_DE\" \/>\n<meta property=\"og:type\" content=\"article\" \/>\n<meta property=\"og:title\" content=\"Zimmer, Junior und King Suiten in Padua | Crowne Plaza Padova\" \/>\n<meta property=\"og:description\" content=\"W\u00e4hlen Sie das f\u00fcr Ihren Aufenthalt passende Zimmer: ruhige, ger\u00e4umige Zimmer oder Zimmer mit Verbindungst\u00fcr, elegante und komfortable Suiten. Crowne Plaza bietet Ihnen ein einzigartiges Erlebnis.\" \/>\n<meta property=\"og:url\" content=\"https:\/\/www.cppadova.com\/de\/zimmer-und-suiten\/\" \/>\n<meta property=\"og:site_name\" content=\"Crowne Plaza Padova\" \/>\n<meta property=\"article:modified_time\" content=\"2024-04-30T12:27:45+00:00\" \/>\n<meta property=\"og:image\" content=\"https:\/\/www.cppadova.com\/wp-content\/uploads\/sites\/252\/2021\/08\/crowne_plaza_padova_home_slide_camera.jpg\" \/>\n\t<meta property=\"og:image:width\" content=\"2200\" \/>\n\t<meta property=\"og:image:height\" content=\"1200\" \/>\n\t<meta property=\"og:image:type\" content=\"image\/jpeg\" \/>\n<meta name=\"twitter:card\" content=\"summary_large_image\" \/>\n<meta name=\"twitter:label1\" content=\"Gesch\u00e4tzte Lesezeit\" \/>\n\t<meta name=\"twitter:data1\" content=\"1 Minute\" \/>\n<script type=\"application\/ld+json\" class=\"yoast-schema-graph\">{\"@context\":\"https:\/\/schema.org\",\"@graph\":[{\"@type\":\"WebPage\",\"@id\":\"https:\/\/www.cppadova.com\/de\/zimmer-und-suiten\/\",\"url\":\"https:\/\/www.cppadova.com\/de\/zimmer-und-suiten\/\",\"name\":\"Zimmer, Junior und King Suiten in Padua | Crowne Plaza Padova\",\"isPartOf\":{\"@id\":\"https:\/\/www.cppadova.com\/de\/#website\"},\"datePublished\":\"2024-04-16T15:51:52+00:00\",\"dateModified\":\"2024-04-30T12:27:45+00:00\",\"description\":\"W\u00e4hlen Sie das f\u00fcr Ihren Aufenthalt passende Zimmer: ruhige, ger\u00e4umige Zimmer oder Zimmer mit Verbindungst\u00fcr, elegante und komfortable Suiten. Crowne Plaza bietet Ihnen ein einzigartiges Erlebnis.\",\"breadcrumb\":{\"@id\":\"https:\/\/www.cppadova.com\/de\/zimmer-und-suiten\/#breadcrumb\"},\"inLanguage\":\"de-DE\",\"potentialAction\":[{\"@type\":\"ReadAction\",\"target\":[\"https:\/\/www.cppadova.com\/de\/zimmer-und-suiten\/\"]}]},{\"@type\":\"BreadcrumbList\",\"@id\":\"https:\/\/www.cppadova.com\/de\/zimmer-und-suiten\/#breadcrumb\",\"itemListElement\":[{\"@type\":\"ListItem\",\"position\":1,\"name\":\"Home\",\"item\":\"https:\/\/www.cppadova.com\/de\/\"},{\"@type\":\"ListItem\",\"position\":2,\"name\":\"Zimmer und Suiten\"}]},{\"@type\":\"WebSite\",\"@id\":\"https:\/\/www.cppadova.com\/de\/#website\",\"url\":\"https:\/\/www.cppadova.com\/de\/\",\"name\":\"Crowne Plaza Padova\",\"description\":\"Just another ms.decms.eu site\",\"potentialAction\":[{\"@type\":\"SearchAction\",\"target\":{\"@type\":\"EntryPoint\",\"urlTemplate\":\"https:\/\/www.cppadova.com\/de\/?s={search_term_string}\"},\"query-input\":{\"@type\":\"PropertyValueSpecification\",\"valueRequired\":true,\"valueName\":\"search_term_string\"}}],\"inLanguage\":\"de-DE\"}]}<\/script>\n<!-- \/ Yoast SEO plugin. -->","yoast_head_json":{"title":"Zimmer, Junior und King Suiten in Padua | Crowne Plaza Padova","description":"W\u00e4hlen Sie das f\u00fcr Ihren Aufenthalt passende Zimmer: ruhige, ger\u00e4umige Zimmer oder Zimmer mit Verbindungst\u00fcr, elegante und komfortable Suiten. Crowne Plaza bietet Ihnen ein einzigartiges Erlebnis.","robots":{"index":"index","follow":"follow","max-snippet":"max-snippet:-1","max-image-preview":"max-image-preview:large","max-video-preview":"max-video-preview:-1"},"canonical":"https:\/\/www.cppadova.com\/de\/zimmer-und-suiten\/","og_locale":"de_DE","og_type":"article","og_title":"Zimmer, Junior und King Suiten in Padua | Crowne Plaza Padova","og_description":"W\u00e4hlen Sie das f\u00fcr Ihren Aufenthalt passende Zimmer: ruhige, ger\u00e4umige Zimmer oder Zimmer mit Verbindungst\u00fcr, elegante und komfortable Suiten. Crowne Plaza bietet Ihnen ein einzigartiges Erlebnis.","og_url":"https:\/\/www.cppadova.com\/de\/zimmer-und-suiten\/","og_site_name":"Crowne Plaza Padova","article_modified_time":"2024-04-30T12:27:45+00:00","og_image":[{"width":2200,"height":1200,"url":"https:\/\/www.cppadova.com\/wp-content\/uploads\/sites\/252\/2021\/08\/crowne_plaza_padova_home_slide_camera.jpg","type":"image\/jpeg"}],"twitter_card":"summary_large_image","twitter_misc":{"Gesch\u00e4tzte Lesezeit":"1 Minute"},"schema":{"@context":"https:\/\/schema.org","@graph":[{"@type":"WebPage","@id":"https:\/\/www.cppadova.com\/de\/zimmer-und-suiten\/","url":"https:\/\/www.cppadova.com\/de\/zimmer-und-suiten\/","name":"Zimmer, Junior und King Suiten in Padua | Crowne Plaza Padova","isPartOf":{"@id":"https:\/\/www.cppadova.com\/de\/#website"},"datePublished":"2024-04-16T15:51:52+00:00","dateModified":"2024-04-30T12:27:45+00:00","description":"W\u00e4hlen Sie das f\u00fcr Ihren Aufenthalt passende Zimmer: ruhige, ger\u00e4umige Zimmer oder Zimmer mit Verbindungst\u00fcr, elegante und komfortable Suiten. Crowne Plaza bietet Ihnen ein einzigartiges Erlebnis.","breadcrumb":{"@id":"https:\/\/www.cppadova.com\/de\/zimmer-und-suiten\/#breadcrumb"},"inLanguage":"de-DE","potentialAction":[{"@type":"ReadAction","target":["https:\/\/www.cppadova.com\/de\/zimmer-und-suiten\/"]}]},{"@type":"BreadcrumbList","@id":"https:\/\/www.cppadova.com\/de\/zimmer-und-suiten\/#breadcrumb","itemListElement":[{"@type":"ListItem","position":1,"name":"Home","item":"https:\/\/www.cppadova.com\/de\/"},{"@type":"ListItem","position":2,"name":"Zimmer und Suiten"}]},{"@type":"WebSite","@id":"https:\/\/www.cppadova.com\/de\/#website","url":"https:\/\/www.cppadova.com\/de\/","name":"Crowne Plaza Padova","description":"Just another ms.decms.eu site","potentialAction":[{"@type":"SearchAction","target":{"@type":"EntryPoint","urlTemplate":"https:\/\/www.cppadova.com\/de\/?s={search_term_string}"},"query-input":{"@type":"PropertyValueSpecification","valueRequired":true,"valueName":"search_term_string"}}],"inLanguage":"de-DE"}]}},"acf":[],"_links":{"self":[{"href":"https:\/\/www.cppadova.com\/de\/wp-json\/wp\/v2\/pages\/1173","targetHints":{"allow":["GET"]}}],"collection":[{"href":"https:\/\/www.cppadova.com\/de\/wp-json\/wp\/v2\/pages"}],"about":[{"href":"https:\/\/www.cppadova.com\/de\/wp-json\/wp\/v2\/types\/page"}],"author":[{"embeddable":true,"href":"https:\/\/www.cppadova.com\/de\/wp-json\/wp\/v2\/users\/36"}],"replies":[{"embeddable":true,"href":"https:\/\/www.cppadova.com\/de\/wp-json\/wp\/v2\/comments?post=1173"}],"version-history":[{"count":0,"href":"https:\/\/www.cppadova.com\/de\/wp-json\/wp\/v2\/pages\/1173\/revisions"}],"wp:attachment":[{"href":"https:\/\/www.cppadova.com\/de\/wp-json\/wp\/v2\/media?parent=1173"}],"curies":[{"name":"wp","href":"https:\/\/api.w.org\/{rel}","templated":true}]}}