{"id":1175,"date":"2024-04-16T15:53:56","date_gmt":"2024-04-16T15:53:56","guid":{"rendered":"https:\/\/www.cppadova.com\/?page_id=1175"},"modified":"2024-04-30T12:28:16","modified_gmt":"2024-04-30T12:28:16","slug":"standard-zimmer","status":"publish","type":"page","link":"https:\/\/www.cppadova.com\/de\/zimmer-und-suiten\/standard-zimmer\/","title":{"rendered":"Standard-Zimmer"},"content":{"rendered":"<p>W\u00e4hlen Sie f\u00fcr Ihre n\u00e4chste Reise die <strong>hellen und einladenden <\/strong>Standard-Zimmer im Crowne Plaza Padova Hotel. Mit einer<strong> Fl\u00e4che<\/strong> <strong>zwischen 20 und 27 qm <\/strong>und den <strong>verschiedenen verf\u00fcgbaren Konfigurationen<\/strong> haben Sie die M\u00f6glichkeit, einen Aufenthalt zu erleben, der all Ihren Bed\u00fcrfnissen gerecht wird.<\/p>\n<p>W\u00e4hlen Sie aus unseren Standard-Zimmern die f\u00fcr Sie perfekte L\u00f6sung:<\/p>\n<ul>\n<li>mit Queensize-Bett | maximale Belegung 1 Person<\/li>\n<li>mit Kingsize-Bett | maximale Belegung 2 Personen<\/li>\n<li>mit 1 Kingsize-Bett und einem Schlafsofa | maximale Belegung 3 Personen<\/li>\n<li>mit 2 Einzelbetten | maximale Belegung 2 Personen<\/li>\n<\/ul>\n","protected":false},"excerpt":{"rendered":"<p>W\u00e4hlen Sie f\u00fcr Ihre n\u00e4chste Reise die hellen und einladenden Standard-Zimmer im Crowne Plaza Padova Hotel. Mit einer Fl\u00e4che zwischen 20 und 27 qm und den verschiedenen verf\u00fcgbaren Konfigurationen haben Sie die M\u00f6glichkeit, einen Aufenthalt zu erleben, der all Ihren Bed\u00fcrfnissen gerecht wird. W\u00e4hlen Sie aus unseren Standard-Zimmern die f\u00fcr Sie perfekte L\u00f6sung: mit Queensize-Bett [&hellip;]<\/p>\n","protected":false},"author":36,"featured_media":0,"parent":1173,"menu_order":0,"comment_status":"closed","ping_status":"closed","template":"template-single-room.php","meta":{"footnotes":""},"class_list":["post-1175","page","type-page","status-publish","hentry"],"yoast_head":"<!-- This site is optimized with the Yoast SEO plugin v26.9 - https:\/\/yoast.com\/product\/yoast-seo-wordpress\/ -->\n<title>Standard-Zimmer: Queensize- und Kingsize-Betten | Crowne Plaza Padova<\/title>\n<meta name=\"description\" content=\"W\u00e4hlen Sie aus unseren Premium-Zimmern die f\u00fcr Sie perfekte L\u00f6sung! Hell und einladend, damit sie einen Aufenthalt genie\u00dfen k\u00f6nnen, der genau Ihren Bed\u00fcrfnissen entspricht.\" \/>\n<meta name=\"robots\" content=\"index, follow, max-snippet:-1, max-image-preview:large, max-video-preview:-1\" \/>\n<link rel=\"canonical\" href=\"https:\/\/www.cppadova.com\/de\/zimmer-und-suiten\/standard-zimmer\/\" \/>\n<meta property=\"og:locale\" content=\"de_DE\" \/>\n<meta property=\"og:type\" content=\"article\" \/>\n<meta property=\"og:title\" content=\"Standard-Zimmer: Queensize- und Kingsize-Betten | Crowne Plaza Padova\" \/>\n<meta property=\"og:description\" content=\"W\u00e4hlen Sie aus unseren Premium-Zimmern die f\u00fcr Sie perfekte L\u00f6sung! Hell und einladend, damit sie einen Aufenthalt genie\u00dfen k\u00f6nnen, der genau Ihren Bed\u00fcrfnissen entspricht.\" \/>\n<meta property=\"og:url\" content=\"https:\/\/www.cppadova.com\/de\/zimmer-und-suiten\/standard-zimmer\/\" \/>\n<meta property=\"og:site_name\" content=\"Crowne Plaza Padova\" \/>\n<meta property=\"article:modified_time\" content=\"2024-04-30T12:28:16+00:00\" \/>\n<meta property=\"og:image\" content=\"https:\/\/www.cppadova.com\/wp-content\/uploads\/sites\/252\/2021\/08\/crowne_plaza_padova_home_slide_camera.jpg\" \/>\n\t<meta property=\"og:image:width\" content=\"2200\" \/>\n\t<meta property=\"og:image:height\" content=\"1200\" \/>\n\t<meta property=\"og:image:type\" content=\"image\/jpeg\" \/>\n<meta name=\"twitter:card\" content=\"summary_large_image\" \/>\n<script type=\"application\/ld+json\" class=\"yoast-schema-graph\">{\"@context\":\"https:\/\/schema.org\",\"@graph\":[{\"@type\":\"WebPage\",\"@id\":\"https:\/\/www.cppadova.com\/de\/zimmer-und-suiten\/standard-zimmer\/\",\"url\":\"https:\/\/www.cppadova.com\/de\/zimmer-und-suiten\/standard-zimmer\/\",\"name\":\"Standard-Zimmer: Queensize- und Kingsize-Betten | Crowne Plaza Padova\",\"isPartOf\":{\"@id\":\"https:\/\/www.cppadova.com\/de\/#website\"},\"datePublished\":\"2024-04-16T15:53:56+00:00\",\"dateModified\":\"2024-04-30T12:28:16+00:00\",\"description\":\"W\u00e4hlen Sie aus unseren Premium-Zimmern die f\u00fcr Sie perfekte L\u00f6sung! Hell und einladend, damit sie einen Aufenthalt genie\u00dfen k\u00f6nnen, der genau Ihren Bed\u00fcrfnissen entspricht.\",\"breadcrumb\":{\"@id\":\"https:\/\/www.cppadova.com\/de\/zimmer-und-suiten\/standard-zimmer\/#breadcrumb\"},\"inLanguage\":\"de-DE\",\"potentialAction\":[{\"@type\":\"ReadAction\",\"target\":[\"https:\/\/www.cppadova.com\/de\/zimmer-und-suiten\/standard-zimmer\/\"]}]},{\"@type\":\"BreadcrumbList\",\"@id\":\"https:\/\/www.cppadova.com\/de\/zimmer-und-suiten\/standard-zimmer\/#breadcrumb\",\"itemListElement\":[{\"@type\":\"ListItem\",\"position\":1,\"name\":\"Home\",\"item\":\"https:\/\/www.cppadova.com\/de\/\"},{\"@type\":\"ListItem\",\"position\":2,\"name\":\"Zimmer und Suiten\",\"item\":\"https:\/\/www.cppadova.com\/de\/zimmer-und-suiten\/\"},{\"@type\":\"ListItem\",\"position\":3,\"name\":\"Standard-Zimmer\"}]},{\"@type\":\"WebSite\",\"@id\":\"https:\/\/www.cppadova.com\/de\/#website\",\"url\":\"https:\/\/www.cppadova.com\/de\/\",\"name\":\"Crowne Plaza Padova\",\"description\":\"Just another ms.decms.eu site\",\"potentialAction\":[{\"@type\":\"SearchAction\",\"target\":{\"@type\":\"EntryPoint\",\"urlTemplate\":\"https:\/\/www.cppadova.com\/de\/?s={search_term_string}\"},\"query-input\":{\"@type\":\"PropertyValueSpecification\",\"valueRequired\":true,\"valueName\":\"search_term_string\"}}],\"inLanguage\":\"de-DE\"}]}<\/script>\n<!-- \/ Yoast SEO plugin. -->","yoast_head_json":{"title":"Standard-Zimmer: Queensize- und Kingsize-Betten | Crowne Plaza Padova","description":"W\u00e4hlen Sie aus unseren Premium-Zimmern die f\u00fcr Sie perfekte L\u00f6sung! Hell und einladend, damit sie einen Aufenthalt genie\u00dfen k\u00f6nnen, der genau Ihren Bed\u00fcrfnissen entspricht.","robots":{"index":"index","follow":"follow","max-snippet":"max-snippet:-1","max-image-preview":"max-image-preview:large","max-video-preview":"max-video-preview:-1"},"canonical":"https:\/\/www.cppadova.com\/de\/zimmer-und-suiten\/standard-zimmer\/","og_locale":"de_DE","og_type":"article","og_title":"Standard-Zimmer: Queensize- und Kingsize-Betten | Crowne Plaza Padova","og_description":"W\u00e4hlen Sie aus unseren Premium-Zimmern die f\u00fcr Sie perfekte L\u00f6sung! Hell und einladend, damit sie einen Aufenthalt genie\u00dfen k\u00f6nnen, der genau Ihren Bed\u00fcrfnissen entspricht.","og_url":"https:\/\/www.cppadova.com\/de\/zimmer-und-suiten\/standard-zimmer\/","og_site_name":"Crowne Plaza Padova","article_modified_time":"2024-04-30T12:28:16+00:00","og_image":[{"width":2200,"height":1200,"url":"https:\/\/www.cppadova.com\/wp-content\/uploads\/sites\/252\/2021\/08\/crowne_plaza_padova_home_slide_camera.jpg","type":"image\/jpeg"}],"twitter_card":"summary_large_image","schema":{"@context":"https:\/\/schema.org","@graph":[{"@type":"WebPage","@id":"https:\/\/www.cppadova.com\/de\/zimmer-und-suiten\/standard-zimmer\/","url":"https:\/\/www.cppadova.com\/de\/zimmer-und-suiten\/standard-zimmer\/","name":"Standard-Zimmer: Queensize- und Kingsize-Betten | Crowne Plaza Padova","isPartOf":{"@id":"https:\/\/www.cppadova.com\/de\/#website"},"datePublished":"2024-04-16T15:53:56+00:00","dateModified":"2024-04-30T12:28:16+00:00","description":"W\u00e4hlen Sie aus unseren Premium-Zimmern die f\u00fcr Sie perfekte L\u00f6sung! Hell und einladend, damit sie einen Aufenthalt genie\u00dfen k\u00f6nnen, der genau Ihren Bed\u00fcrfnissen entspricht.","breadcrumb":{"@id":"https:\/\/www.cppadova.com\/de\/zimmer-und-suiten\/standard-zimmer\/#breadcrumb"},"inLanguage":"de-DE","potentialAction":[{"@type":"ReadAction","target":["https:\/\/www.cppadova.com\/de\/zimmer-und-suiten\/standard-zimmer\/"]}]},{"@type":"BreadcrumbList","@id":"https:\/\/www.cppadova.com\/de\/zimmer-und-suiten\/standard-zimmer\/#breadcrumb","itemListElement":[{"@type":"ListItem","position":1,"name":"Home","item":"https:\/\/www.cppadova.com\/de\/"},{"@type":"ListItem","position":2,"name":"Zimmer und Suiten","item":"https:\/\/www.cppadova.com\/de\/zimmer-und-suiten\/"},{"@type":"ListItem","position":3,"name":"Standard-Zimmer"}]},{"@type":"WebSite","@id":"https:\/\/www.cppadova.com\/de\/#website","url":"https:\/\/www.cppadova.com\/de\/","name":"Crowne Plaza Padova","description":"Just another ms.decms.eu site","potentialAction":[{"@type":"SearchAction","target":{"@type":"EntryPoint","urlTemplate":"https:\/\/www.cppadova.com\/de\/?s={search_term_string}"},"query-input":{"@type":"PropertyValueSpecification","valueRequired":true,"valueName":"search_term_string"}}],"inLanguage":"de-DE"}]}},"acf":[],"_links":{"self":[{"href":"https:\/\/www.cppadova.com\/de\/wp-json\/wp\/v2\/pages\/1175","targetHints":{"allow":["GET"]}}],"collection":[{"href":"https:\/\/www.cppadova.com\/de\/wp-json\/wp\/v2\/pages"}],"about":[{"href":"https:\/\/www.cppadova.com\/de\/wp-json\/wp\/v2\/types\/page"}],"author":[{"embeddable":true,"href":"https:\/\/www.cppadova.com\/de\/wp-json\/wp\/v2\/users\/36"}],"replies":[{"embeddable":true,"href":"https:\/\/www.cppadova.com\/de\/wp-json\/wp\/v2\/comments?post=1175"}],"version-history":[{"count":0,"href":"https:\/\/www.cppadova.com\/de\/wp-json\/wp\/v2\/pages\/1175\/revisions"}],"up":[{"embeddable":true,"href":"https:\/\/www.cppadova.com\/de\/wp-json\/wp\/v2\/pages\/1173"}],"wp:attachment":[{"href":"https:\/\/www.cppadova.com\/de\/wp-json\/wp\/v2\/media?parent=1175"}],"curies":[{"name":"wp","href":"https:\/\/api.w.org\/{rel}","templated":true}]}}