{"id":1179,"date":"2024-04-17T08:19:52","date_gmt":"2024-04-17T08:19:52","guid":{"rendered":"https:\/\/www.cppadova.com\/?page_id=1179"},"modified":"2025-08-14T14:36:54","modified_gmt":"2025-08-14T14:36:54","slug":"family-zimmer","status":"publish","type":"page","link":"https:\/\/www.cppadova.com\/de\/zimmer-und-suiten\/family-zimmer\/","title":{"rendered":"Family-Zimmer"},"content":{"rendered":"<p>Wenn Sie Ihren n\u00e4chsten Urlaub mit der Familie oder mit Freunden planen, w\u00e4hlen Sie die komfortablen und ger\u00e4umigen Family-Zimmer im Crowne Plaza Padova Hotel. Mit einer<strong> Fl\u00e4che<\/strong> <strong>zwischen 27 und 35 qm <\/strong>und den <strong>verschiedenen verf\u00fcgbaren Konfigurationen<\/strong> haben Sie die M\u00f6glichkeit, einen Aufenthalt zu erleben, der all Ihren Bed\u00fcrfnissen gerecht wird.<\/p>\n<p>W\u00e4hlen Sie aus unseren Family-Zimmern die perfekte L\u00f6sung f\u00fcr Sie:<\/p>\n<ul>\n<li><strong>Vierbett-Familienzimmer<\/strong> 35 qm-Zimmer mit 2 Kingsize-Betten | maximale Belegung 4 Personen<\/li>\n<li><strong>2 miteinander verbundene Zimmer<\/strong> von je 27 qm, eines mit 1 Kingsize-Bett und das andere mit 2 Einzelbetten, beide mit eigenem Bad | maximale Belegung 5 Personen<\/li>\n<li><strong>Dreibettzimmer-Familienzimmer<\/strong>, 27 m\u00b2, mit 1 Kingsize-Bett und 1 Einzelschlafsofa | maximale Belegung 3<\/li>\n<\/ul>\n","protected":false},"excerpt":{"rendered":"<p>Wenn Sie Ihren n\u00e4chsten Urlaub mit der Familie oder mit Freunden planen, w\u00e4hlen Sie die komfortablen und ger\u00e4umigen Family-Zimmer im Crowne Plaza Padova Hotel. Mit einer Fl\u00e4che zwischen 27 und 35 qm und den verschiedenen verf\u00fcgbaren Konfigurationen haben Sie die M\u00f6glichkeit, einen Aufenthalt zu erleben, der all Ihren Bed\u00fcrfnissen gerecht wird. W\u00e4hlen Sie aus unseren [&hellip;]<\/p>\n","protected":false},"author":36,"featured_media":0,"parent":1173,"menu_order":1,"comment_status":"closed","ping_status":"closed","template":"template-single-room.php","meta":{"footnotes":""},"class_list":["post-1179","page","type-page","status-publish","hentry"],"yoast_head":"<!-- This site is optimized with the Yoast SEO plugin v26.9 - https:\/\/yoast.com\/product\/yoast-seo-wordpress\/ -->\n<title>Zimmer mit Verbindungst\u00fcr f\u00fcr Familien und Gruppen | Crowne Plaza Padova<\/title>\n<meta name=\"description\" content=\"Wenn Sie Ihren n\u00e4chsten Urlaub mit der Familie oder mit Freunden planen, w\u00e4hlen Sie die komfortablen und ger\u00e4umigen Family-Zimmer im Crowne Plaza Padova Hotel.\" \/>\n<meta name=\"robots\" content=\"index, follow, max-snippet:-1, max-image-preview:large, max-video-preview:-1\" \/>\n<link rel=\"canonical\" href=\"https:\/\/www.cppadova.com\/de\/zimmer-und-suiten\/family-zimmer\/\" \/>\n<meta property=\"og:locale\" content=\"de_DE\" \/>\n<meta property=\"og:type\" content=\"article\" \/>\n<meta property=\"og:title\" content=\"Zimmer mit Verbindungst\u00fcr f\u00fcr Familien und Gruppen | Crowne Plaza Padova\" \/>\n<meta property=\"og:description\" content=\"Wenn Sie Ihren n\u00e4chsten Urlaub mit der Familie oder mit Freunden planen, w\u00e4hlen Sie die komfortablen und ger\u00e4umigen Family-Zimmer im Crowne Plaza Padova Hotel.\" \/>\n<meta property=\"og:url\" content=\"https:\/\/www.cppadova.com\/de\/zimmer-und-suiten\/family-zimmer\/\" \/>\n<meta property=\"og:site_name\" content=\"Crowne Plaza Padova\" \/>\n<meta property=\"article:modified_time\" content=\"2025-08-14T14:36:54+00:00\" \/>\n<meta property=\"og:image\" content=\"https:\/\/www.cppadova.com\/wp-content\/uploads\/sites\/252\/2021\/08\/crowne_plaza_padova_home_slide_camera.jpg\" \/>\n\t<meta property=\"og:image:width\" content=\"2200\" \/>\n\t<meta property=\"og:image:height\" content=\"1200\" \/>\n\t<meta property=\"og:image:type\" content=\"image\/jpeg\" \/>\n<meta name=\"twitter:card\" content=\"summary_large_image\" \/>\n<meta name=\"twitter:label1\" content=\"Gesch\u00e4tzte Lesezeit\" \/>\n\t<meta name=\"twitter:data1\" content=\"1 Minute\" \/>\n<script type=\"application\/ld+json\" class=\"yoast-schema-graph\">{\"@context\":\"https:\/\/schema.org\",\"@graph\":[{\"@type\":\"WebPage\",\"@id\":\"https:\/\/www.cppadova.com\/de\/zimmer-und-suiten\/family-zimmer\/\",\"url\":\"https:\/\/www.cppadova.com\/de\/zimmer-und-suiten\/family-zimmer\/\",\"name\":\"Zimmer mit Verbindungst\u00fcr f\u00fcr Familien und Gruppen | Crowne Plaza Padova\",\"isPartOf\":{\"@id\":\"https:\/\/www.cppadova.com\/de\/#website\"},\"datePublished\":\"2024-04-17T08:19:52+00:00\",\"dateModified\":\"2025-08-14T14:36:54+00:00\",\"description\":\"Wenn Sie Ihren n\u00e4chsten Urlaub mit der Familie oder mit Freunden planen, w\u00e4hlen Sie die komfortablen und ger\u00e4umigen Family-Zimmer im Crowne Plaza Padova Hotel.\",\"breadcrumb\":{\"@id\":\"https:\/\/www.cppadova.com\/de\/zimmer-und-suiten\/family-zimmer\/#breadcrumb\"},\"inLanguage\":\"de-DE\",\"potentialAction\":[{\"@type\":\"ReadAction\",\"target\":[\"https:\/\/www.cppadova.com\/de\/zimmer-und-suiten\/family-zimmer\/\"]}]},{\"@type\":\"BreadcrumbList\",\"@id\":\"https:\/\/www.cppadova.com\/de\/zimmer-und-suiten\/family-zimmer\/#breadcrumb\",\"itemListElement\":[{\"@type\":\"ListItem\",\"position\":1,\"name\":\"Home\",\"item\":\"https:\/\/www.cppadova.com\/de\/\"},{\"@type\":\"ListItem\",\"position\":2,\"name\":\"Zimmer und Suiten\",\"item\":\"https:\/\/www.cppadova.com\/de\/zimmer-und-suiten\/\"},{\"@type\":\"ListItem\",\"position\":3,\"name\":\"Family-Zimmer\"}]},{\"@type\":\"WebSite\",\"@id\":\"https:\/\/www.cppadova.com\/de\/#website\",\"url\":\"https:\/\/www.cppadova.com\/de\/\",\"name\":\"Crowne Plaza Padova\",\"description\":\"Just another ms.decms.eu site\",\"potentialAction\":[{\"@type\":\"SearchAction\",\"target\":{\"@type\":\"EntryPoint\",\"urlTemplate\":\"https:\/\/www.cppadova.com\/de\/?s={search_term_string}\"},\"query-input\":{\"@type\":\"PropertyValueSpecification\",\"valueRequired\":true,\"valueName\":\"search_term_string\"}}],\"inLanguage\":\"de-DE\"}]}<\/script>\n<!-- \/ Yoast SEO plugin. -->","yoast_head_json":{"title":"Zimmer mit Verbindungst\u00fcr f\u00fcr Familien und Gruppen | Crowne Plaza Padova","description":"Wenn Sie Ihren n\u00e4chsten Urlaub mit der Familie oder mit Freunden planen, w\u00e4hlen Sie die komfortablen und ger\u00e4umigen Family-Zimmer im Crowne Plaza Padova Hotel.","robots":{"index":"index","follow":"follow","max-snippet":"max-snippet:-1","max-image-preview":"max-image-preview:large","max-video-preview":"max-video-preview:-1"},"canonical":"https:\/\/www.cppadova.com\/de\/zimmer-und-suiten\/family-zimmer\/","og_locale":"de_DE","og_type":"article","og_title":"Zimmer mit Verbindungst\u00fcr f\u00fcr Familien und Gruppen | Crowne Plaza Padova","og_description":"Wenn Sie Ihren n\u00e4chsten Urlaub mit der Familie oder mit Freunden planen, w\u00e4hlen Sie die komfortablen und ger\u00e4umigen Family-Zimmer im Crowne Plaza Padova Hotel.","og_url":"https:\/\/www.cppadova.com\/de\/zimmer-und-suiten\/family-zimmer\/","og_site_name":"Crowne Plaza Padova","article_modified_time":"2025-08-14T14:36:54+00:00","og_image":[{"width":2200,"height":1200,"url":"https:\/\/www.cppadova.com\/wp-content\/uploads\/sites\/252\/2021\/08\/crowne_plaza_padova_home_slide_camera.jpg","type":"image\/jpeg"}],"twitter_card":"summary_large_image","twitter_misc":{"Gesch\u00e4tzte Lesezeit":"1 Minute"},"schema":{"@context":"https:\/\/schema.org","@graph":[{"@type":"WebPage","@id":"https:\/\/www.cppadova.com\/de\/zimmer-und-suiten\/family-zimmer\/","url":"https:\/\/www.cppadova.com\/de\/zimmer-und-suiten\/family-zimmer\/","name":"Zimmer mit Verbindungst\u00fcr f\u00fcr Familien und Gruppen | Crowne Plaza Padova","isPartOf":{"@id":"https:\/\/www.cppadova.com\/de\/#website"},"datePublished":"2024-04-17T08:19:52+00:00","dateModified":"2025-08-14T14:36:54+00:00","description":"Wenn Sie Ihren n\u00e4chsten Urlaub mit der Familie oder mit Freunden planen, w\u00e4hlen Sie die komfortablen und ger\u00e4umigen Family-Zimmer im Crowne Plaza Padova Hotel.","breadcrumb":{"@id":"https:\/\/www.cppadova.com\/de\/zimmer-und-suiten\/family-zimmer\/#breadcrumb"},"inLanguage":"de-DE","potentialAction":[{"@type":"ReadAction","target":["https:\/\/www.cppadova.com\/de\/zimmer-und-suiten\/family-zimmer\/"]}]},{"@type":"BreadcrumbList","@id":"https:\/\/www.cppadova.com\/de\/zimmer-und-suiten\/family-zimmer\/#breadcrumb","itemListElement":[{"@type":"ListItem","position":1,"name":"Home","item":"https:\/\/www.cppadova.com\/de\/"},{"@type":"ListItem","position":2,"name":"Zimmer und Suiten","item":"https:\/\/www.cppadova.com\/de\/zimmer-und-suiten\/"},{"@type":"ListItem","position":3,"name":"Family-Zimmer"}]},{"@type":"WebSite","@id":"https:\/\/www.cppadova.com\/de\/#website","url":"https:\/\/www.cppadova.com\/de\/","name":"Crowne Plaza Padova","description":"Just another ms.decms.eu site","potentialAction":[{"@type":"SearchAction","target":{"@type":"EntryPoint","urlTemplate":"https:\/\/www.cppadova.com\/de\/?s={search_term_string}"},"query-input":{"@type":"PropertyValueSpecification","valueRequired":true,"valueName":"search_term_string"}}],"inLanguage":"de-DE"}]}},"acf":[],"_links":{"self":[{"href":"https:\/\/www.cppadova.com\/de\/wp-json\/wp\/v2\/pages\/1179","targetHints":{"allow":["GET"]}}],"collection":[{"href":"https:\/\/www.cppadova.com\/de\/wp-json\/wp\/v2\/pages"}],"about":[{"href":"https:\/\/www.cppadova.com\/de\/wp-json\/wp\/v2\/types\/page"}],"author":[{"embeddable":true,"href":"https:\/\/www.cppadova.com\/de\/wp-json\/wp\/v2\/users\/36"}],"replies":[{"embeddable":true,"href":"https:\/\/www.cppadova.com\/de\/wp-json\/wp\/v2\/comments?post=1179"}],"version-history":[{"count":0,"href":"https:\/\/www.cppadova.com\/de\/wp-json\/wp\/v2\/pages\/1179\/revisions"}],"up":[{"embeddable":true,"href":"https:\/\/www.cppadova.com\/de\/wp-json\/wp\/v2\/pages\/1173"}],"wp:attachment":[{"href":"https:\/\/www.cppadova.com\/de\/wp-json\/wp\/v2\/media?parent=1179"}],"curies":[{"name":"wp","href":"https:\/\/api.w.org\/{rel}","templated":true}]}}