{"id":1183,"date":"2024-04-17T08:34:25","date_gmt":"2024-04-17T08:34:25","guid":{"rendered":"https:\/\/www.cppadova.com\/?page_id=1183"},"modified":"2024-04-30T12:28:00","modified_gmt":"2024-04-30T12:28:00","slug":"premium-zimmer","status":"publish","type":"page","link":"https:\/\/www.cppadova.com\/de\/zimmer-und-suiten\/premium-zimmer\/","title":{"rendered":"Premium-Zimmer"},"content":{"rendered":"<p>Sie planen Ihren n\u00e4chsten Urlaub in Padua?<\/p>\n<p>Verzichten Sie nicht auf Komfort und g\u00f6nnen Sie sich einen Aufenthalt in den modernen und ger\u00e4umigen Premium-Zimmern des Crowne Plaza Padova Hotels.<\/p>\n<p>Mit einer Fl\u00e4che von 35 qm und den verschiedenen verf\u00fcgbaren Konfigurationen haben Sie die M\u00f6glichkeit, einen Aufenthalt zu erleben, der all Ihren Bed\u00fcrfnissen gerecht wird.<\/p>\n","protected":false},"excerpt":{"rendered":"<p>Sie planen Ihren n\u00e4chsten Urlaub in Padua? Verzichten Sie nicht auf Komfort und g\u00f6nnen Sie sich einen Aufenthalt in den modernen und ger\u00e4umigen Premium-Zimmern des Crowne Plaza Padova Hotels. Mit einer Fl\u00e4che von 35 qm und den verschiedenen verf\u00fcgbaren Konfigurationen haben Sie die M\u00f6glichkeit, einen Aufenthalt zu erleben, der all Ihren Bed\u00fcrfnissen gerecht wird.<\/p>\n","protected":false},"author":36,"featured_media":0,"parent":1173,"menu_order":0,"comment_status":"closed","ping_status":"closed","template":"template-single-room.php","meta":{"footnotes":""},"class_list":["post-1183","page","type-page","status-publish","hentry"],"yoast_head":"<!-- This site is optimized with the Yoast SEO plugin v26.9 - https:\/\/yoast.com\/product\/yoast-seo-wordpress\/ -->\n<title>Premium-Zimmer: Zweibett-, Dreibett- und Vierbettzimmer | Crowne Plaza Padova<\/title>\n<meta name=\"description\" content=\"W\u00e4hlen Sie aus unseren Premium-Zimmern die f\u00fcr Sie perfekte L\u00f6sung! Mehr Platz und Eleganz f\u00fcr einen Aufenthalt, der allen Anspr\u00fcchen gerecht wird.\" \/>\n<meta name=\"robots\" content=\"index, follow, max-snippet:-1, max-image-preview:large, max-video-preview:-1\" \/>\n<link rel=\"canonical\" href=\"https:\/\/www.cppadova.com\/de\/zimmer-und-suiten\/premium-zimmer\/\" \/>\n<meta property=\"og:locale\" content=\"de_DE\" \/>\n<meta property=\"og:type\" content=\"article\" \/>\n<meta property=\"og:title\" content=\"Premium-Zimmer: Zweibett-, Dreibett- und Vierbettzimmer | Crowne Plaza Padova\" \/>\n<meta property=\"og:description\" content=\"W\u00e4hlen Sie aus unseren Premium-Zimmern die f\u00fcr Sie perfekte L\u00f6sung! Mehr Platz und Eleganz f\u00fcr einen Aufenthalt, der allen Anspr\u00fcchen gerecht wird.\" \/>\n<meta property=\"og:url\" content=\"https:\/\/www.cppadova.com\/de\/zimmer-und-suiten\/premium-zimmer\/\" \/>\n<meta property=\"og:site_name\" content=\"Crowne Plaza Padova\" \/>\n<meta property=\"article:modified_time\" content=\"2024-04-30T12:28:00+00:00\" \/>\n<meta property=\"og:image\" content=\"https:\/\/www.cppadova.com\/wp-content\/uploads\/sites\/252\/2021\/08\/crowne_plaza_padova_home_slide_camera.jpg\" \/>\n\t<meta property=\"og:image:width\" content=\"2200\" \/>\n\t<meta property=\"og:image:height\" content=\"1200\" \/>\n\t<meta property=\"og:image:type\" content=\"image\/jpeg\" \/>\n<meta name=\"twitter:card\" content=\"summary_large_image\" \/>\n<script type=\"application\/ld+json\" class=\"yoast-schema-graph\">{\"@context\":\"https:\/\/schema.org\",\"@graph\":[{\"@type\":\"WebPage\",\"@id\":\"https:\/\/www.cppadova.com\/de\/zimmer-und-suiten\/premium-zimmer\/\",\"url\":\"https:\/\/www.cppadova.com\/de\/zimmer-und-suiten\/premium-zimmer\/\",\"name\":\"Premium-Zimmer: Zweibett-, Dreibett- und Vierbettzimmer | Crowne Plaza Padova\",\"isPartOf\":{\"@id\":\"https:\/\/www.cppadova.com\/de\/#website\"},\"datePublished\":\"2024-04-17T08:34:25+00:00\",\"dateModified\":\"2024-04-30T12:28:00+00:00\",\"description\":\"W\u00e4hlen Sie aus unseren Premium-Zimmern die f\u00fcr Sie perfekte L\u00f6sung! Mehr Platz und Eleganz f\u00fcr einen Aufenthalt, der allen Anspr\u00fcchen gerecht wird.\",\"breadcrumb\":{\"@id\":\"https:\/\/www.cppadova.com\/de\/zimmer-und-suiten\/premium-zimmer\/#breadcrumb\"},\"inLanguage\":\"de-DE\",\"potentialAction\":[{\"@type\":\"ReadAction\",\"target\":[\"https:\/\/www.cppadova.com\/de\/zimmer-und-suiten\/premium-zimmer\/\"]}]},{\"@type\":\"BreadcrumbList\",\"@id\":\"https:\/\/www.cppadova.com\/de\/zimmer-und-suiten\/premium-zimmer\/#breadcrumb\",\"itemListElement\":[{\"@type\":\"ListItem\",\"position\":1,\"name\":\"Home\",\"item\":\"https:\/\/www.cppadova.com\/de\/\"},{\"@type\":\"ListItem\",\"position\":2,\"name\":\"Zimmer und Suiten\",\"item\":\"https:\/\/www.cppadova.com\/de\/zimmer-und-suiten\/\"},{\"@type\":\"ListItem\",\"position\":3,\"name\":\"Premium-Zimmer\"}]},{\"@type\":\"WebSite\",\"@id\":\"https:\/\/www.cppadova.com\/de\/#website\",\"url\":\"https:\/\/www.cppadova.com\/de\/\",\"name\":\"Crowne Plaza Padova\",\"description\":\"Just another ms.decms.eu site\",\"potentialAction\":[{\"@type\":\"SearchAction\",\"target\":{\"@type\":\"EntryPoint\",\"urlTemplate\":\"https:\/\/www.cppadova.com\/de\/?s={search_term_string}\"},\"query-input\":{\"@type\":\"PropertyValueSpecification\",\"valueRequired\":true,\"valueName\":\"search_term_string\"}}],\"inLanguage\":\"de-DE\"}]}<\/script>\n<!-- \/ Yoast SEO plugin. -->","yoast_head_json":{"title":"Premium-Zimmer: Zweibett-, Dreibett- und Vierbettzimmer | Crowne Plaza Padova","description":"W\u00e4hlen Sie aus unseren Premium-Zimmern die f\u00fcr Sie perfekte L\u00f6sung! Mehr Platz und Eleganz f\u00fcr einen Aufenthalt, der allen Anspr\u00fcchen gerecht wird.","robots":{"index":"index","follow":"follow","max-snippet":"max-snippet:-1","max-image-preview":"max-image-preview:large","max-video-preview":"max-video-preview:-1"},"canonical":"https:\/\/www.cppadova.com\/de\/zimmer-und-suiten\/premium-zimmer\/","og_locale":"de_DE","og_type":"article","og_title":"Premium-Zimmer: Zweibett-, Dreibett- und Vierbettzimmer | Crowne Plaza Padova","og_description":"W\u00e4hlen Sie aus unseren Premium-Zimmern die f\u00fcr Sie perfekte L\u00f6sung! Mehr Platz und Eleganz f\u00fcr einen Aufenthalt, der allen Anspr\u00fcchen gerecht wird.","og_url":"https:\/\/www.cppadova.com\/de\/zimmer-und-suiten\/premium-zimmer\/","og_site_name":"Crowne Plaza Padova","article_modified_time":"2024-04-30T12:28:00+00:00","og_image":[{"width":2200,"height":1200,"url":"https:\/\/www.cppadova.com\/wp-content\/uploads\/sites\/252\/2021\/08\/crowne_plaza_padova_home_slide_camera.jpg","type":"image\/jpeg"}],"twitter_card":"summary_large_image","schema":{"@context":"https:\/\/schema.org","@graph":[{"@type":"WebPage","@id":"https:\/\/www.cppadova.com\/de\/zimmer-und-suiten\/premium-zimmer\/","url":"https:\/\/www.cppadova.com\/de\/zimmer-und-suiten\/premium-zimmer\/","name":"Premium-Zimmer: Zweibett-, Dreibett- und Vierbettzimmer | Crowne Plaza Padova","isPartOf":{"@id":"https:\/\/www.cppadova.com\/de\/#website"},"datePublished":"2024-04-17T08:34:25+00:00","dateModified":"2024-04-30T12:28:00+00:00","description":"W\u00e4hlen Sie aus unseren Premium-Zimmern die f\u00fcr Sie perfekte L\u00f6sung! Mehr Platz und Eleganz f\u00fcr einen Aufenthalt, der allen Anspr\u00fcchen gerecht wird.","breadcrumb":{"@id":"https:\/\/www.cppadova.com\/de\/zimmer-und-suiten\/premium-zimmer\/#breadcrumb"},"inLanguage":"de-DE","potentialAction":[{"@type":"ReadAction","target":["https:\/\/www.cppadova.com\/de\/zimmer-und-suiten\/premium-zimmer\/"]}]},{"@type":"BreadcrumbList","@id":"https:\/\/www.cppadova.com\/de\/zimmer-und-suiten\/premium-zimmer\/#breadcrumb","itemListElement":[{"@type":"ListItem","position":1,"name":"Home","item":"https:\/\/www.cppadova.com\/de\/"},{"@type":"ListItem","position":2,"name":"Zimmer und Suiten","item":"https:\/\/www.cppadova.com\/de\/zimmer-und-suiten\/"},{"@type":"ListItem","position":3,"name":"Premium-Zimmer"}]},{"@type":"WebSite","@id":"https:\/\/www.cppadova.com\/de\/#website","url":"https:\/\/www.cppadova.com\/de\/","name":"Crowne Plaza Padova","description":"Just another ms.decms.eu site","potentialAction":[{"@type":"SearchAction","target":{"@type":"EntryPoint","urlTemplate":"https:\/\/www.cppadova.com\/de\/?s={search_term_string}"},"query-input":{"@type":"PropertyValueSpecification","valueRequired":true,"valueName":"search_term_string"}}],"inLanguage":"de-DE"}]}},"acf":[],"_links":{"self":[{"href":"https:\/\/www.cppadova.com\/de\/wp-json\/wp\/v2\/pages\/1183","targetHints":{"allow":["GET"]}}],"collection":[{"href":"https:\/\/www.cppadova.com\/de\/wp-json\/wp\/v2\/pages"}],"about":[{"href":"https:\/\/www.cppadova.com\/de\/wp-json\/wp\/v2\/types\/page"}],"author":[{"embeddable":true,"href":"https:\/\/www.cppadova.com\/de\/wp-json\/wp\/v2\/users\/36"}],"replies":[{"embeddable":true,"href":"https:\/\/www.cppadova.com\/de\/wp-json\/wp\/v2\/comments?post=1183"}],"version-history":[{"count":0,"href":"https:\/\/www.cppadova.com\/de\/wp-json\/wp\/v2\/pages\/1183\/revisions"}],"up":[{"embeddable":true,"href":"https:\/\/www.cppadova.com\/de\/wp-json\/wp\/v2\/pages\/1173"}],"wp:attachment":[{"href":"https:\/\/www.cppadova.com\/de\/wp-json\/wp\/v2\/media?parent=1183"}],"curies":[{"name":"wp","href":"https:\/\/api.w.org\/{rel}","templated":true}]}}