{"id":1191,"date":"2024-04-17T09:10:33","date_gmt":"2024-04-17T09:10:33","guid":{"rendered":"https:\/\/www.cppadova.com\/?page_id=1191"},"modified":"2024-04-30T12:29:05","modified_gmt":"2024-04-30T12:29:05","slug":"king-bed-suite","status":"publish","type":"page","link":"https:\/\/www.cppadova.com\/de\/zimmer-und-suiten\/king-bed-suite\/","title":{"rendered":"King Bed Suite"},"content":{"rendered":"<p>Wenn Sie bei Ihrem n\u00e4chsten Aufenthalt in Padua einen Aufenthalt ohne Kompromisse w\u00fcnschen, sind die <strong>ger\u00e4umigen und luxuri\u00f6sen King Bed Suiten<\/strong> im Crowne Plaza Padua Hotel genau das Richtige f\u00fcr Sie. Mit ihren <strong>70 qm<\/strong>, <strong>unterschiedlichen Bereichen<\/strong> und <strong>bequemen Kingsize-Betten<\/strong> vereinen diese Zimmer Eleganz und Komfort in einer einzigen L\u00f6sung. Abends k\u00f6nnen Sie sich im <strong>ger\u00e4umigen Bad mit Whirlpool<\/strong> entspannen und den Tag in der eleganten <strong>Lounge<\/strong> bei einem Hei\u00dfgetr\u00e4nk ausklingen lassen, das mit dem Zimmerset zubereitet werden kann, w\u00e4hrend Sie einen Film oder Ihre Lieblingssendung ansehen.<\/p>\n","protected":false},"excerpt":{"rendered":"<p>Wenn Sie bei Ihrem n\u00e4chsten Aufenthalt in Padua einen Aufenthalt ohne Kompromisse w\u00fcnschen, sind die ger\u00e4umigen und luxuri\u00f6sen King Bed Suiten im Crowne Plaza Padua Hotel genau das Richtige f\u00fcr Sie. Mit ihren 70 qm, unterschiedlichen Bereichen und bequemen Kingsize-Betten vereinen diese Zimmer Eleganz und Komfort in einer einzigen L\u00f6sung. Abends k\u00f6nnen Sie sich im [&hellip;]<\/p>\n","protected":false},"author":36,"featured_media":0,"parent":1173,"menu_order":4,"comment_status":"closed","ping_status":"closed","template":"template-single-room.php","meta":{"footnotes":""},"class_list":["post-1191","page","type-page","status-publish","hentry"],"yoast_head":"<!-- This site is optimized with the Yoast SEO plugin v26.9 - https:\/\/yoast.com\/product\/yoast-seo-wordpress\/ -->\n<title>King Bed Suite: Hydromassage im Zimmer | Crowne Plaza Padua<\/title>\n<meta name=\"description\" content=\"Dank ihrer Ger\u00e4umigkeit, der unterschiedlichen Bereichen und der bequemen Betten vereinen die luxuri\u00f6sen Suiten Eleganz und Komfort in einer einzigen L\u00f6sung. Das Crowne Plaza wartet auf Sie!\" \/>\n<meta name=\"robots\" content=\"index, follow, max-snippet:-1, max-image-preview:large, max-video-preview:-1\" \/>\n<link rel=\"canonical\" href=\"https:\/\/www.cppadova.com\/de\/zimmer-und-suiten\/king-bed-suite\/\" \/>\n<meta property=\"og:locale\" content=\"de_DE\" \/>\n<meta property=\"og:type\" content=\"article\" \/>\n<meta property=\"og:title\" content=\"King Bed Suite: Hydromassage im Zimmer | Crowne Plaza Padua\" \/>\n<meta property=\"og:description\" content=\"Dank ihrer Ger\u00e4umigkeit, der unterschiedlichen Bereichen und der bequemen Betten vereinen die luxuri\u00f6sen Suiten Eleganz und Komfort in einer einzigen L\u00f6sung. Das Crowne Plaza wartet auf Sie!\" \/>\n<meta property=\"og:url\" content=\"https:\/\/www.cppadova.com\/de\/zimmer-und-suiten\/king-bed-suite\/\" \/>\n<meta property=\"og:site_name\" content=\"Crowne Plaza Padova\" \/>\n<meta property=\"article:modified_time\" content=\"2024-04-30T12:29:05+00:00\" \/>\n<meta property=\"og:image\" content=\"https:\/\/www.cppadova.com\/wp-content\/uploads\/sites\/252\/2021\/08\/crowne_plaza_padova_home_slide_camera.jpg\" \/>\n\t<meta property=\"og:image:width\" content=\"2200\" \/>\n\t<meta property=\"og:image:height\" content=\"1200\" \/>\n\t<meta property=\"og:image:type\" content=\"image\/jpeg\" \/>\n<meta name=\"twitter:card\" content=\"summary_large_image\" \/>\n<script type=\"application\/ld+json\" class=\"yoast-schema-graph\">{\"@context\":\"https:\/\/schema.org\",\"@graph\":[{\"@type\":\"WebPage\",\"@id\":\"https:\/\/www.cppadova.com\/de\/zimmer-und-suiten\/king-bed-suite\/\",\"url\":\"https:\/\/www.cppadova.com\/de\/zimmer-und-suiten\/king-bed-suite\/\",\"name\":\"King Bed Suite: Hydromassage im Zimmer | Crowne Plaza Padua\",\"isPartOf\":{\"@id\":\"https:\/\/www.cppadova.com\/de\/#website\"},\"datePublished\":\"2024-04-17T09:10:33+00:00\",\"dateModified\":\"2024-04-30T12:29:05+00:00\",\"description\":\"Dank ihrer Ger\u00e4umigkeit, der unterschiedlichen Bereichen und der bequemen Betten vereinen die luxuri\u00f6sen Suiten Eleganz und Komfort in einer einzigen L\u00f6sung. Das Crowne Plaza wartet auf Sie!\",\"breadcrumb\":{\"@id\":\"https:\/\/www.cppadova.com\/de\/zimmer-und-suiten\/king-bed-suite\/#breadcrumb\"},\"inLanguage\":\"de-DE\",\"potentialAction\":[{\"@type\":\"ReadAction\",\"target\":[\"https:\/\/www.cppadova.com\/de\/zimmer-und-suiten\/king-bed-suite\/\"]}]},{\"@type\":\"BreadcrumbList\",\"@id\":\"https:\/\/www.cppadova.com\/de\/zimmer-und-suiten\/king-bed-suite\/#breadcrumb\",\"itemListElement\":[{\"@type\":\"ListItem\",\"position\":1,\"name\":\"Home\",\"item\":\"https:\/\/www.cppadova.com\/de\/\"},{\"@type\":\"ListItem\",\"position\":2,\"name\":\"Zimmer und Suiten\",\"item\":\"https:\/\/www.cppadova.com\/de\/zimmer-und-suiten\/\"},{\"@type\":\"ListItem\",\"position\":3,\"name\":\"King Bed Suite\"}]},{\"@type\":\"WebSite\",\"@id\":\"https:\/\/www.cppadova.com\/de\/#website\",\"url\":\"https:\/\/www.cppadova.com\/de\/\",\"name\":\"Crowne Plaza Padova\",\"description\":\"Just another ms.decms.eu site\",\"potentialAction\":[{\"@type\":\"SearchAction\",\"target\":{\"@type\":\"EntryPoint\",\"urlTemplate\":\"https:\/\/www.cppadova.com\/de\/?s={search_term_string}\"},\"query-input\":{\"@type\":\"PropertyValueSpecification\",\"valueRequired\":true,\"valueName\":\"search_term_string\"}}],\"inLanguage\":\"de-DE\"}]}<\/script>\n<!-- \/ Yoast SEO plugin. -->","yoast_head_json":{"title":"King Bed Suite: Hydromassage im Zimmer | Crowne Plaza Padua","description":"Dank ihrer Ger\u00e4umigkeit, der unterschiedlichen Bereichen und der bequemen Betten vereinen die luxuri\u00f6sen Suiten Eleganz und Komfort in einer einzigen L\u00f6sung. Das Crowne Plaza wartet auf Sie!","robots":{"index":"index","follow":"follow","max-snippet":"max-snippet:-1","max-image-preview":"max-image-preview:large","max-video-preview":"max-video-preview:-1"},"canonical":"https:\/\/www.cppadova.com\/de\/zimmer-und-suiten\/king-bed-suite\/","og_locale":"de_DE","og_type":"article","og_title":"King Bed Suite: Hydromassage im Zimmer | Crowne Plaza Padua","og_description":"Dank ihrer Ger\u00e4umigkeit, der unterschiedlichen Bereichen und der bequemen Betten vereinen die luxuri\u00f6sen Suiten Eleganz und Komfort in einer einzigen L\u00f6sung. Das Crowne Plaza wartet auf Sie!","og_url":"https:\/\/www.cppadova.com\/de\/zimmer-und-suiten\/king-bed-suite\/","og_site_name":"Crowne Plaza Padova","article_modified_time":"2024-04-30T12:29:05+00:00","og_image":[{"width":2200,"height":1200,"url":"https:\/\/www.cppadova.com\/wp-content\/uploads\/sites\/252\/2021\/08\/crowne_plaza_padova_home_slide_camera.jpg","type":"image\/jpeg"}],"twitter_card":"summary_large_image","schema":{"@context":"https:\/\/schema.org","@graph":[{"@type":"WebPage","@id":"https:\/\/www.cppadova.com\/de\/zimmer-und-suiten\/king-bed-suite\/","url":"https:\/\/www.cppadova.com\/de\/zimmer-und-suiten\/king-bed-suite\/","name":"King Bed Suite: Hydromassage im Zimmer | Crowne Plaza Padua","isPartOf":{"@id":"https:\/\/www.cppadova.com\/de\/#website"},"datePublished":"2024-04-17T09:10:33+00:00","dateModified":"2024-04-30T12:29:05+00:00","description":"Dank ihrer Ger\u00e4umigkeit, der unterschiedlichen Bereichen und der bequemen Betten vereinen die luxuri\u00f6sen Suiten Eleganz und Komfort in einer einzigen L\u00f6sung. Das Crowne Plaza wartet auf Sie!","breadcrumb":{"@id":"https:\/\/www.cppadova.com\/de\/zimmer-und-suiten\/king-bed-suite\/#breadcrumb"},"inLanguage":"de-DE","potentialAction":[{"@type":"ReadAction","target":["https:\/\/www.cppadova.com\/de\/zimmer-und-suiten\/king-bed-suite\/"]}]},{"@type":"BreadcrumbList","@id":"https:\/\/www.cppadova.com\/de\/zimmer-und-suiten\/king-bed-suite\/#breadcrumb","itemListElement":[{"@type":"ListItem","position":1,"name":"Home","item":"https:\/\/www.cppadova.com\/de\/"},{"@type":"ListItem","position":2,"name":"Zimmer und Suiten","item":"https:\/\/www.cppadova.com\/de\/zimmer-und-suiten\/"},{"@type":"ListItem","position":3,"name":"King Bed Suite"}]},{"@type":"WebSite","@id":"https:\/\/www.cppadova.com\/de\/#website","url":"https:\/\/www.cppadova.com\/de\/","name":"Crowne Plaza Padova","description":"Just another ms.decms.eu site","potentialAction":[{"@type":"SearchAction","target":{"@type":"EntryPoint","urlTemplate":"https:\/\/www.cppadova.com\/de\/?s={search_term_string}"},"query-input":{"@type":"PropertyValueSpecification","valueRequired":true,"valueName":"search_term_string"}}],"inLanguage":"de-DE"}]}},"acf":[],"_links":{"self":[{"href":"https:\/\/www.cppadova.com\/de\/wp-json\/wp\/v2\/pages\/1191","targetHints":{"allow":["GET"]}}],"collection":[{"href":"https:\/\/www.cppadova.com\/de\/wp-json\/wp\/v2\/pages"}],"about":[{"href":"https:\/\/www.cppadova.com\/de\/wp-json\/wp\/v2\/types\/page"}],"author":[{"embeddable":true,"href":"https:\/\/www.cppadova.com\/de\/wp-json\/wp\/v2\/users\/36"}],"replies":[{"embeddable":true,"href":"https:\/\/www.cppadova.com\/de\/wp-json\/wp\/v2\/comments?post=1191"}],"version-history":[{"count":0,"href":"https:\/\/www.cppadova.com\/de\/wp-json\/wp\/v2\/pages\/1191\/revisions"}],"up":[{"embeddable":true,"href":"https:\/\/www.cppadova.com\/de\/wp-json\/wp\/v2\/pages\/1173"}],"wp:attachment":[{"href":"https:\/\/www.cppadova.com\/de\/wp-json\/wp\/v2\/media?parent=1191"}],"curies":[{"name":"wp","href":"https:\/\/api.w.org\/{rel}","templated":true}]}}