{"id":1195,"date":"2024-04-17T09:29:03","date_gmt":"2024-04-17T09:29:03","guid":{"rendered":"https:\/\/www.cppadova.com\/?page_id=1195"},"modified":"2024-05-07T15:11:57","modified_gmt":"2024-05-07T15:11:57","slug":"barrierefreie-zimmer","status":"publish","type":"page","link":"https:\/\/www.cppadova.com\/de\/zimmer-und-suiten\/barrierefreie-zimmer\/","title":{"rendered":"Barrierefreie Zimmer"},"content":{"rendered":"<p>Lassen Sie sich von der Sch\u00f6nheit und der lebendigen Atmosph\u00e4re <strong>Paduas<\/strong> \u00fcberraschen, einer Stadt, bei der es sich lohnt, sie in vollen Z\u00fcgen zu erleben, <strong>ohne Einschr\u00e4nkungen und Kompromisse<\/strong>. Deshalb finden Sie im <strong>4-Sterne-Hotel Crowne Plaza Padova<\/strong> ger\u00e4umige, <strong>barrierefreie Zimmer<\/strong>, die mit allem Komfort ausgestattet sind und Ihren Bed\u00fcrfnissen gerecht werden.<\/p>\n<p>Entspannen Sie sich am Ende des Tages in einem dieser <strong>27 qm<\/strong> gro\u00dfen Zimmer mit <strong>Kingsize-Betten von 180 x 200 cm<\/strong>, in denen Sie <strong>ausreichend Platz zum barrierefreien Man\u00f6vrieren haben<\/strong>. Dar\u00fcber hinaus stehen Ihnen viele spezielle Annehmlichkeiten zur Verf\u00fcgung, wie z. B. ein <strong>Badezimmer mit begehbarer Dusche und Sicherheitsgriffen<\/strong>, ein LCD-Fernseher mit SKY-Kan\u00e4len, schnelles WLAN, eine Minibar sowie ein Set f\u00fcr die Zubereitung von Tee und Kaffee.<\/p>\n","protected":false},"excerpt":{"rendered":"<p>Lassen Sie sich von der Sch\u00f6nheit und der lebendigen Atmosph\u00e4re Paduas \u00fcberraschen, einer Stadt, bei der es sich lohnt, sie in vollen Z\u00fcgen zu erleben, ohne Einschr\u00e4nkungen und Kompromisse. Deshalb finden Sie im 4-Sterne-Hotel Crowne Plaza Padova ger\u00e4umige, barrierefreie Zimmer, die mit allem Komfort ausgestattet sind und Ihren Bed\u00fcrfnissen gerecht werden. Entspannen Sie sich am [&hellip;]<\/p>\n","protected":false},"author":36,"featured_media":0,"parent":1173,"menu_order":5,"comment_status":"closed","ping_status":"closed","template":"template-single-room.php","meta":{"footnotes":""},"class_list":["post-1195","page","type-page","status-publish","hentry"],"yoast_head":"<!-- This site is optimized with the Yoast SEO plugin v26.9 - https:\/\/yoast.com\/product\/yoast-seo-wordpress\/ -->\n<title>Behindertengerechte Zimmer | Crowne Plaza Padova<\/title>\n<meta name=\"description\" content=\"Unsere barrierefreien Zimmer sind mit Kingsize-Betten und ausreichend Platz f\u00fcr barrierefreies Man\u00f6vrieren ausgestattet. Entdecken Sie alle speziellen Dienstleistungen!\" \/>\n<meta name=\"robots\" content=\"index, follow, max-snippet:-1, max-image-preview:large, max-video-preview:-1\" \/>\n<link rel=\"canonical\" href=\"https:\/\/www.cppadova.com\/de\/zimmer-und-suiten\/barrierefreie-zimmer\/\" \/>\n<meta property=\"og:locale\" content=\"de_DE\" \/>\n<meta property=\"og:type\" content=\"article\" \/>\n<meta property=\"og:title\" content=\"Behindertengerechte Zimmer | Crowne Plaza Padova\" \/>\n<meta property=\"og:description\" content=\"Unsere barrierefreien Zimmer sind mit Kingsize-Betten und ausreichend Platz f\u00fcr barrierefreies Man\u00f6vrieren ausgestattet. Entdecken Sie alle speziellen Dienstleistungen!\" \/>\n<meta property=\"og:url\" content=\"https:\/\/www.cppadova.com\/de\/zimmer-und-suiten\/barrierefreie-zimmer\/\" \/>\n<meta property=\"og:site_name\" content=\"Crowne Plaza Padova\" \/>\n<meta property=\"article:modified_time\" content=\"2024-05-07T15:11:57+00:00\" \/>\n<meta property=\"og:image\" content=\"https:\/\/www.cppadova.com\/wp-content\/uploads\/sites\/252\/2021\/08\/crowne_plaza_padova_home_slide_camera.jpg\" \/>\n\t<meta property=\"og:image:width\" content=\"2200\" \/>\n\t<meta property=\"og:image:height\" content=\"1200\" \/>\n\t<meta property=\"og:image:type\" content=\"image\/jpeg\" \/>\n<meta name=\"twitter:card\" content=\"summary_large_image\" \/>\n<meta name=\"twitter:label1\" content=\"Gesch\u00e4tzte Lesezeit\" \/>\n\t<meta name=\"twitter:data1\" content=\"1 Minute\" \/>\n<script type=\"application\/ld+json\" class=\"yoast-schema-graph\">{\"@context\":\"https:\/\/schema.org\",\"@graph\":[{\"@type\":\"WebPage\",\"@id\":\"https:\/\/www.cppadova.com\/de\/zimmer-und-suiten\/barrierefreie-zimmer\/\",\"url\":\"https:\/\/www.cppadova.com\/de\/zimmer-und-suiten\/barrierefreie-zimmer\/\",\"name\":\"Behindertengerechte Zimmer | Crowne Plaza Padova\",\"isPartOf\":{\"@id\":\"https:\/\/www.cppadova.com\/de\/#website\"},\"datePublished\":\"2024-04-17T09:29:03+00:00\",\"dateModified\":\"2024-05-07T15:11:57+00:00\",\"description\":\"Unsere barrierefreien Zimmer sind mit Kingsize-Betten und ausreichend Platz f\u00fcr barrierefreies Man\u00f6vrieren ausgestattet. Entdecken Sie alle speziellen Dienstleistungen!\",\"breadcrumb\":{\"@id\":\"https:\/\/www.cppadova.com\/de\/zimmer-und-suiten\/barrierefreie-zimmer\/#breadcrumb\"},\"inLanguage\":\"de-DE\",\"potentialAction\":[{\"@type\":\"ReadAction\",\"target\":[\"https:\/\/www.cppadova.com\/de\/zimmer-und-suiten\/barrierefreie-zimmer\/\"]}]},{\"@type\":\"BreadcrumbList\",\"@id\":\"https:\/\/www.cppadova.com\/de\/zimmer-und-suiten\/barrierefreie-zimmer\/#breadcrumb\",\"itemListElement\":[{\"@type\":\"ListItem\",\"position\":1,\"name\":\"Home\",\"item\":\"https:\/\/www.cppadova.com\/de\/\"},{\"@type\":\"ListItem\",\"position\":2,\"name\":\"Zimmer und Suiten\",\"item\":\"https:\/\/www.cppadova.com\/de\/zimmer-und-suiten\/\"},{\"@type\":\"ListItem\",\"position\":3,\"name\":\"Barrierefreie Zimmer\"}]},{\"@type\":\"WebSite\",\"@id\":\"https:\/\/www.cppadova.com\/de\/#website\",\"url\":\"https:\/\/www.cppadova.com\/de\/\",\"name\":\"Crowne Plaza Padova\",\"description\":\"Just another ms.decms.eu site\",\"potentialAction\":[{\"@type\":\"SearchAction\",\"target\":{\"@type\":\"EntryPoint\",\"urlTemplate\":\"https:\/\/www.cppadova.com\/de\/?s={search_term_string}\"},\"query-input\":{\"@type\":\"PropertyValueSpecification\",\"valueRequired\":true,\"valueName\":\"search_term_string\"}}],\"inLanguage\":\"de-DE\"}]}<\/script>\n<!-- \/ Yoast SEO plugin. -->","yoast_head_json":{"title":"Behindertengerechte Zimmer | Crowne Plaza Padova","description":"Unsere barrierefreien Zimmer sind mit Kingsize-Betten und ausreichend Platz f\u00fcr barrierefreies Man\u00f6vrieren ausgestattet. Entdecken Sie alle speziellen Dienstleistungen!","robots":{"index":"index","follow":"follow","max-snippet":"max-snippet:-1","max-image-preview":"max-image-preview:large","max-video-preview":"max-video-preview:-1"},"canonical":"https:\/\/www.cppadova.com\/de\/zimmer-und-suiten\/barrierefreie-zimmer\/","og_locale":"de_DE","og_type":"article","og_title":"Behindertengerechte Zimmer | Crowne Plaza Padova","og_description":"Unsere barrierefreien Zimmer sind mit Kingsize-Betten und ausreichend Platz f\u00fcr barrierefreies Man\u00f6vrieren ausgestattet. Entdecken Sie alle speziellen Dienstleistungen!","og_url":"https:\/\/www.cppadova.com\/de\/zimmer-und-suiten\/barrierefreie-zimmer\/","og_site_name":"Crowne Plaza Padova","article_modified_time":"2024-05-07T15:11:57+00:00","og_image":[{"width":2200,"height":1200,"url":"https:\/\/www.cppadova.com\/wp-content\/uploads\/sites\/252\/2021\/08\/crowne_plaza_padova_home_slide_camera.jpg","type":"image\/jpeg"}],"twitter_card":"summary_large_image","twitter_misc":{"Gesch\u00e4tzte Lesezeit":"1 Minute"},"schema":{"@context":"https:\/\/schema.org","@graph":[{"@type":"WebPage","@id":"https:\/\/www.cppadova.com\/de\/zimmer-und-suiten\/barrierefreie-zimmer\/","url":"https:\/\/www.cppadova.com\/de\/zimmer-und-suiten\/barrierefreie-zimmer\/","name":"Behindertengerechte Zimmer | Crowne Plaza Padova","isPartOf":{"@id":"https:\/\/www.cppadova.com\/de\/#website"},"datePublished":"2024-04-17T09:29:03+00:00","dateModified":"2024-05-07T15:11:57+00:00","description":"Unsere barrierefreien Zimmer sind mit Kingsize-Betten und ausreichend Platz f\u00fcr barrierefreies Man\u00f6vrieren ausgestattet. Entdecken Sie alle speziellen Dienstleistungen!","breadcrumb":{"@id":"https:\/\/www.cppadova.com\/de\/zimmer-und-suiten\/barrierefreie-zimmer\/#breadcrumb"},"inLanguage":"de-DE","potentialAction":[{"@type":"ReadAction","target":["https:\/\/www.cppadova.com\/de\/zimmer-und-suiten\/barrierefreie-zimmer\/"]}]},{"@type":"BreadcrumbList","@id":"https:\/\/www.cppadova.com\/de\/zimmer-und-suiten\/barrierefreie-zimmer\/#breadcrumb","itemListElement":[{"@type":"ListItem","position":1,"name":"Home","item":"https:\/\/www.cppadova.com\/de\/"},{"@type":"ListItem","position":2,"name":"Zimmer und Suiten","item":"https:\/\/www.cppadova.com\/de\/zimmer-und-suiten\/"},{"@type":"ListItem","position":3,"name":"Barrierefreie Zimmer"}]},{"@type":"WebSite","@id":"https:\/\/www.cppadova.com\/de\/#website","url":"https:\/\/www.cppadova.com\/de\/","name":"Crowne Plaza Padova","description":"Just another ms.decms.eu site","potentialAction":[{"@type":"SearchAction","target":{"@type":"EntryPoint","urlTemplate":"https:\/\/www.cppadova.com\/de\/?s={search_term_string}"},"query-input":{"@type":"PropertyValueSpecification","valueRequired":true,"valueName":"search_term_string"}}],"inLanguage":"de-DE"}]}},"acf":[],"_links":{"self":[{"href":"https:\/\/www.cppadova.com\/de\/wp-json\/wp\/v2\/pages\/1195","targetHints":{"allow":["GET"]}}],"collection":[{"href":"https:\/\/www.cppadova.com\/de\/wp-json\/wp\/v2\/pages"}],"about":[{"href":"https:\/\/www.cppadova.com\/de\/wp-json\/wp\/v2\/types\/page"}],"author":[{"embeddable":true,"href":"https:\/\/www.cppadova.com\/de\/wp-json\/wp\/v2\/users\/36"}],"replies":[{"embeddable":true,"href":"https:\/\/www.cppadova.com\/de\/wp-json\/wp\/v2\/comments?post=1195"}],"version-history":[{"count":0,"href":"https:\/\/www.cppadova.com\/de\/wp-json\/wp\/v2\/pages\/1195\/revisions"}],"up":[{"embeddable":true,"href":"https:\/\/www.cppadova.com\/de\/wp-json\/wp\/v2\/pages\/1173"}],"wp:attachment":[{"href":"https:\/\/www.cppadova.com\/de\/wp-json\/wp\/v2\/media?parent=1195"}],"curies":[{"name":"wp","href":"https:\/\/api.w.org\/{rel}","templated":true}]}}