{"id":1199,"date":"2024-04-17T13:20:37","date_gmt":"2024-04-17T13:20:37","guid":{"rendered":"https:\/\/www.cppadova.com\/?page_id=1199"},"modified":"2024-04-30T12:29:37","modified_gmt":"2024-04-30T12:29:37","slug":"smart-working-room","status":"publish","type":"page","link":"https:\/\/www.cppadova.com\/de\/zimmer-und-suiten\/smart-working-room\/","title":{"rendered":"Smart Working Room"},"content":{"rendered":"<p>Langsame Verbindung, schlechte Ausstattung, laute Nachbarn! Wenn das Arbeiten von zu Hause aus Sie auf die Probe stellt, kommt Ihnen <strong>das Crowne Plaza Hotel in Padua<\/strong> mit <strong>Smart Working Rooms<\/strong> zur Rettung!<\/p>\n<p>Dank unserer speziell f\u00fcr Arbeitende eingerichteten Zimmer k\u00f6nnen Sie sich endlich mit voller Konzentration Ihrer T\u00e4tigkeit widmen: Ihnen steht ein privates Zimmer mit Annehmlichkeiten zur Verf\u00fcgung, das mit einem <strong>bequemen Arbeitsplatz<\/strong>, schneller <strong>Glasfaser-WLAN<\/strong>-Verbindung, zentralem <strong>Sekretariatsservice<\/strong>, <strong>Set f\u00fcr die Zubereitung von Tee oder Kaffee<\/strong>, <strong>Concierge-Service<\/strong> f\u00fcr die Abholung und Zustellung von Paketen sowie <strong>Presse-<\/strong> und <strong>Zimmerservice<\/strong> auf Anfrage ausgestattet ist.<\/p>\n<p>Im Crowne Plaza in Padua haben Sie alles, was Sie <strong>brauchen, um optimal arbeiten zu k\u00f6nnen<\/strong>. Dar\u00fcber hinaus k\u00f6nnen Sie auch alle anderen Dienstleistungen unseres modernen 4-Sterne-Hotels genie\u00dfen: <strong>Restaurant und Bar, gro\u00dfz\u00fcgiger Parkplatz im Freien<\/strong> und eine \u00fcberdachte Garage mit Video\u00fcberwachung, <strong>Tesla-Supercharger-Ladestationen<\/strong> und <strong>Zugang zum Fitnessraum<\/strong>.<\/p>\n","protected":false},"excerpt":{"rendered":"<p>Langsame Verbindung, schlechte Ausstattung, laute Nachbarn! Wenn das Arbeiten von zu Hause aus Sie auf die Probe stellt, kommt Ihnen das Crowne Plaza Hotel in Padua mit Smart Working Rooms zur Rettung! Dank unserer speziell f\u00fcr Arbeitende eingerichteten Zimmer k\u00f6nnen Sie sich endlich mit voller Konzentration Ihrer T\u00e4tigkeit widmen: Ihnen steht ein privates Zimmer mit [&hellip;]<\/p>\n","protected":false},"author":36,"featured_media":0,"parent":1173,"menu_order":6,"comment_status":"closed","ping_status":"closed","template":"template-default-2.php","meta":{"footnotes":""},"class_list":["post-1199","page","type-page","status-publish","hentry"],"yoast_head":"<!-- This site is optimized with the Yoast SEO plugin v26.9 - https:\/\/yoast.com\/product\/yoast-seo-wordpress\/ -->\n<title>Smart Working Room: Glasfaser-WLAN | Crowne Plaza Padova<\/title>\n<meta name=\"description\" content=\"Unsere Smart Working Rooms sind so konzipiert, dass sie Arbeitenden Komfort und Konzentration bieten. Schnelle Verbindung, Sekretariatsdienst, Tee, Kaffee und vieles mehr!\" \/>\n<meta name=\"robots\" content=\"index, follow, max-snippet:-1, max-image-preview:large, max-video-preview:-1\" \/>\n<link rel=\"canonical\" href=\"https:\/\/www.cppadova.com\/de\/zimmer-und-suiten\/smart-working-room\/\" \/>\n<meta property=\"og:locale\" content=\"de_DE\" \/>\n<meta property=\"og:type\" content=\"article\" \/>\n<meta property=\"og:title\" content=\"Smart Working Room: Glasfaser-WLAN | Crowne Plaza Padova\" \/>\n<meta property=\"og:description\" content=\"Unsere Smart Working Rooms sind so konzipiert, dass sie Arbeitenden Komfort und Konzentration bieten. Schnelle Verbindung, Sekretariatsdienst, Tee, Kaffee und vieles mehr!\" \/>\n<meta property=\"og:url\" content=\"https:\/\/www.cppadova.com\/de\/zimmer-und-suiten\/smart-working-room\/\" \/>\n<meta property=\"og:site_name\" content=\"Crowne Plaza Padova\" \/>\n<meta property=\"article:modified_time\" content=\"2024-04-30T12:29:37+00:00\" \/>\n<meta property=\"og:image\" content=\"https:\/\/www.cppadova.com\/wp-content\/uploads\/sites\/252\/2021\/08\/crowne_plaza_padova_home_slide_camera.jpg\" \/>\n\t<meta property=\"og:image:width\" content=\"2200\" \/>\n\t<meta property=\"og:image:height\" content=\"1200\" \/>\n\t<meta property=\"og:image:type\" content=\"image\/jpeg\" \/>\n<meta name=\"twitter:card\" content=\"summary_large_image\" \/>\n<meta name=\"twitter:label1\" content=\"Gesch\u00e4tzte Lesezeit\" \/>\n\t<meta name=\"twitter:data1\" content=\"1 Minute\" \/>\n<script type=\"application\/ld+json\" class=\"yoast-schema-graph\">{\"@context\":\"https:\/\/schema.org\",\"@graph\":[{\"@type\":\"WebPage\",\"@id\":\"https:\/\/www.cppadova.com\/de\/zimmer-und-suiten\/smart-working-room\/\",\"url\":\"https:\/\/www.cppadova.com\/de\/zimmer-und-suiten\/smart-working-room\/\",\"name\":\"Smart Working Room: Glasfaser-WLAN | Crowne Plaza Padova\",\"isPartOf\":{\"@id\":\"https:\/\/www.cppadova.com\/de\/#website\"},\"datePublished\":\"2024-04-17T13:20:37+00:00\",\"dateModified\":\"2024-04-30T12:29:37+00:00\",\"description\":\"Unsere Smart Working Rooms sind so konzipiert, dass sie Arbeitenden Komfort und Konzentration bieten. Schnelle Verbindung, Sekretariatsdienst, Tee, Kaffee und vieles mehr!\",\"breadcrumb\":{\"@id\":\"https:\/\/www.cppadova.com\/de\/zimmer-und-suiten\/smart-working-room\/#breadcrumb\"},\"inLanguage\":\"de-DE\",\"potentialAction\":[{\"@type\":\"ReadAction\",\"target\":[\"https:\/\/www.cppadova.com\/de\/zimmer-und-suiten\/smart-working-room\/\"]}]},{\"@type\":\"BreadcrumbList\",\"@id\":\"https:\/\/www.cppadova.com\/de\/zimmer-und-suiten\/smart-working-room\/#breadcrumb\",\"itemListElement\":[{\"@type\":\"ListItem\",\"position\":1,\"name\":\"Home\",\"item\":\"https:\/\/www.cppadova.com\/de\/\"},{\"@type\":\"ListItem\",\"position\":2,\"name\":\"Zimmer und Suiten\",\"item\":\"https:\/\/www.cppadova.com\/de\/zimmer-und-suiten\/\"},{\"@type\":\"ListItem\",\"position\":3,\"name\":\"Smart Working Room\"}]},{\"@type\":\"WebSite\",\"@id\":\"https:\/\/www.cppadova.com\/de\/#website\",\"url\":\"https:\/\/www.cppadova.com\/de\/\",\"name\":\"Crowne Plaza Padova\",\"description\":\"Just another ms.decms.eu site\",\"potentialAction\":[{\"@type\":\"SearchAction\",\"target\":{\"@type\":\"EntryPoint\",\"urlTemplate\":\"https:\/\/www.cppadova.com\/de\/?s={search_term_string}\"},\"query-input\":{\"@type\":\"PropertyValueSpecification\",\"valueRequired\":true,\"valueName\":\"search_term_string\"}}],\"inLanguage\":\"de-DE\"}]}<\/script>\n<!-- \/ Yoast SEO plugin. -->","yoast_head_json":{"title":"Smart Working Room: Glasfaser-WLAN | Crowne Plaza Padova","description":"Unsere Smart Working Rooms sind so konzipiert, dass sie Arbeitenden Komfort und Konzentration bieten. Schnelle Verbindung, Sekretariatsdienst, Tee, Kaffee und vieles mehr!","robots":{"index":"index","follow":"follow","max-snippet":"max-snippet:-1","max-image-preview":"max-image-preview:large","max-video-preview":"max-video-preview:-1"},"canonical":"https:\/\/www.cppadova.com\/de\/zimmer-und-suiten\/smart-working-room\/","og_locale":"de_DE","og_type":"article","og_title":"Smart Working Room: Glasfaser-WLAN | Crowne Plaza Padova","og_description":"Unsere Smart Working Rooms sind so konzipiert, dass sie Arbeitenden Komfort und Konzentration bieten. Schnelle Verbindung, Sekretariatsdienst, Tee, Kaffee und vieles mehr!","og_url":"https:\/\/www.cppadova.com\/de\/zimmer-und-suiten\/smart-working-room\/","og_site_name":"Crowne Plaza Padova","article_modified_time":"2024-04-30T12:29:37+00:00","og_image":[{"width":2200,"height":1200,"url":"https:\/\/www.cppadova.com\/wp-content\/uploads\/sites\/252\/2021\/08\/crowne_plaza_padova_home_slide_camera.jpg","type":"image\/jpeg"}],"twitter_card":"summary_large_image","twitter_misc":{"Gesch\u00e4tzte Lesezeit":"1 Minute"},"schema":{"@context":"https:\/\/schema.org","@graph":[{"@type":"WebPage","@id":"https:\/\/www.cppadova.com\/de\/zimmer-und-suiten\/smart-working-room\/","url":"https:\/\/www.cppadova.com\/de\/zimmer-und-suiten\/smart-working-room\/","name":"Smart Working Room: Glasfaser-WLAN | Crowne Plaza Padova","isPartOf":{"@id":"https:\/\/www.cppadova.com\/de\/#website"},"datePublished":"2024-04-17T13:20:37+00:00","dateModified":"2024-04-30T12:29:37+00:00","description":"Unsere Smart Working Rooms sind so konzipiert, dass sie Arbeitenden Komfort und Konzentration bieten. Schnelle Verbindung, Sekretariatsdienst, Tee, Kaffee und vieles mehr!","breadcrumb":{"@id":"https:\/\/www.cppadova.com\/de\/zimmer-und-suiten\/smart-working-room\/#breadcrumb"},"inLanguage":"de-DE","potentialAction":[{"@type":"ReadAction","target":["https:\/\/www.cppadova.com\/de\/zimmer-und-suiten\/smart-working-room\/"]}]},{"@type":"BreadcrumbList","@id":"https:\/\/www.cppadova.com\/de\/zimmer-und-suiten\/smart-working-room\/#breadcrumb","itemListElement":[{"@type":"ListItem","position":1,"name":"Home","item":"https:\/\/www.cppadova.com\/de\/"},{"@type":"ListItem","position":2,"name":"Zimmer und Suiten","item":"https:\/\/www.cppadova.com\/de\/zimmer-und-suiten\/"},{"@type":"ListItem","position":3,"name":"Smart Working Room"}]},{"@type":"WebSite","@id":"https:\/\/www.cppadova.com\/de\/#website","url":"https:\/\/www.cppadova.com\/de\/","name":"Crowne Plaza Padova","description":"Just another ms.decms.eu site","potentialAction":[{"@type":"SearchAction","target":{"@type":"EntryPoint","urlTemplate":"https:\/\/www.cppadova.com\/de\/?s={search_term_string}"},"query-input":{"@type":"PropertyValueSpecification","valueRequired":true,"valueName":"search_term_string"}}],"inLanguage":"de-DE"}]}},"acf":[],"_links":{"self":[{"href":"https:\/\/www.cppadova.com\/de\/wp-json\/wp\/v2\/pages\/1199","targetHints":{"allow":["GET"]}}],"collection":[{"href":"https:\/\/www.cppadova.com\/de\/wp-json\/wp\/v2\/pages"}],"about":[{"href":"https:\/\/www.cppadova.com\/de\/wp-json\/wp\/v2\/types\/page"}],"author":[{"embeddable":true,"href":"https:\/\/www.cppadova.com\/de\/wp-json\/wp\/v2\/users\/36"}],"replies":[{"embeddable":true,"href":"https:\/\/www.cppadova.com\/de\/wp-json\/wp\/v2\/comments?post=1199"}],"version-history":[{"count":0,"href":"https:\/\/www.cppadova.com\/de\/wp-json\/wp\/v2\/pages\/1199\/revisions"}],"up":[{"embeddable":true,"href":"https:\/\/www.cppadova.com\/de\/wp-json\/wp\/v2\/pages\/1173"}],"wp:attachment":[{"href":"https:\/\/www.cppadova.com\/de\/wp-json\/wp\/v2\/media?parent=1199"}],"curies":[{"name":"wp","href":"https:\/\/api.w.org\/{rel}","templated":true}]}}