{"id":1209,"date":"2024-04-17T13:55:32","date_gmt":"2024-04-17T13:55:32","guid":{"rendered":"https:\/\/www.cppadova.com\/?page_id=1209"},"modified":"2024-04-30T12:30:13","modified_gmt":"2024-04-30T12:30:13","slug":"dienstleistungen","status":"publish","type":"page","link":"https:\/\/www.cppadova.com\/de\/dienstleistungen\/","title":{"rendered":"Dienstleistungen"},"content":{"rendered":"<p>Machen Sie Ihre n\u00e4chste Reise in die Stadt Padua dank der exklusiven Dienstleistungen des 4-Sterne-Hotels Crowne Plaza Padova zu etwas ganz Besonderem. Sie werden von einer Vielzahl Ihnen gewidmeter Aufmerksamkeiten willkommen gehei\u00dfen, wie z. B. ein <strong>professionelles und geschultes Team<\/strong>, das bereit ist, auf alle Ihre Fragen und Bed\u00fcrfnisse einzugehen, <strong>100 % Nichtraucherzimmer<\/strong>, ein \u00dcbersichtsblatt mit <strong>Anti-Covid-Ma\u00dfnahmen<\/strong> zur Sicherheit und Vorbeugung, <strong>schnelles WLAN<\/strong> in den Zimmern und \u00f6ffentlichen Bereichen, das es Ihnen erm\u00f6glicht, jederzeit verbunden zu bleiben, und die Vorteile, die den Mitgliedern des IHG\u00ae One Rewards- Treueprogramms vorbehalten sind.<\/p>\n<p>Und das ist noch nicht alles, entdecken Sie mit uns die vielen anderen Vorteile, die Sie erwarten, wenn Sie das Crowne Plaza Padova w\u00e4hlen!<\/p>\n","protected":false},"excerpt":{"rendered":"<p>Machen Sie Ihre n\u00e4chste Reise in die Stadt Padua dank der exklusiven Dienstleistungen des 4-Sterne-Hotels Crowne Plaza Padova zu etwas ganz Besonderem. Sie werden von einer Vielzahl Ihnen gewidmeter Aufmerksamkeiten willkommen gehei\u00dfen, wie z. B. ein professionelles und geschultes Team, das bereit ist, auf alle Ihre Fragen und Bed\u00fcrfnisse einzugehen, 100 % Nichtraucherzimmer, ein \u00dcbersichtsblatt [&hellip;]<\/p>\n","protected":false},"author":36,"featured_media":0,"parent":0,"menu_order":10,"comment_status":"closed","ping_status":"closed","template":"template-services.php","meta":{"footnotes":""},"class_list":["post-1209","page","type-page","status-publish","hentry"],"yoast_head":"<!-- This site is optimized with the Yoast SEO plugin v26.9 - https:\/\/yoast.com\/product\/yoast-seo-wordpress\/ -->\n<title>Service: Parkplatz, Fitnessraum | Crowne Plaza Padova<\/title>\n<meta name=\"description\" content=\"Entdecken Sie die Dienstleistungen des Hotels Crowne Plaza: Aufladestationen f\u00fcr Elektroautos, Parkplatz und \u00fcberwachte Garage, Fitnessraum und vieles mehr.\" \/>\n<meta name=\"robots\" content=\"index, follow, max-snippet:-1, max-image-preview:large, max-video-preview:-1\" \/>\n<link rel=\"canonical\" href=\"https:\/\/www.cppadova.com\/de\/dienstleistungen\/\" \/>\n<meta property=\"og:locale\" content=\"de_DE\" \/>\n<meta property=\"og:type\" content=\"article\" \/>\n<meta property=\"og:title\" content=\"Service: Parkplatz, Fitnessraum | Crowne Plaza Padova\" \/>\n<meta property=\"og:description\" content=\"Entdecken Sie die Dienstleistungen des Hotels Crowne Plaza: Aufladestationen f\u00fcr Elektroautos, Parkplatz und \u00fcberwachte Garage, Fitnessraum und vieles mehr.\" \/>\n<meta property=\"og:url\" content=\"https:\/\/www.cppadova.com\/de\/dienstleistungen\/\" \/>\n<meta property=\"og:site_name\" content=\"Crowne Plaza Padova\" \/>\n<meta property=\"article:modified_time\" content=\"2024-04-30T12:30:13+00:00\" \/>\n<meta property=\"og:image\" content=\"https:\/\/www.cppadova.com\/wp-content\/uploads\/sites\/252\/2021\/08\/crowne_plaza_padova_home_slide_camera.jpg\" \/>\n\t<meta property=\"og:image:width\" content=\"2200\" \/>\n\t<meta property=\"og:image:height\" content=\"1200\" \/>\n\t<meta property=\"og:image:type\" content=\"image\/jpeg\" \/>\n<meta name=\"twitter:card\" content=\"summary_large_image\" \/>\n<meta name=\"twitter:label1\" content=\"Gesch\u00e4tzte Lesezeit\" \/>\n\t<meta name=\"twitter:data1\" content=\"1 Minute\" \/>\n<script type=\"application\/ld+json\" class=\"yoast-schema-graph\">{\"@context\":\"https:\/\/schema.org\",\"@graph\":[{\"@type\":\"WebPage\",\"@id\":\"https:\/\/www.cppadova.com\/de\/dienstleistungen\/\",\"url\":\"https:\/\/www.cppadova.com\/de\/dienstleistungen\/\",\"name\":\"Service: Parkplatz, Fitnessraum | Crowne Plaza Padova\",\"isPartOf\":{\"@id\":\"https:\/\/www.cppadova.com\/de\/#website\"},\"datePublished\":\"2024-04-17T13:55:32+00:00\",\"dateModified\":\"2024-04-30T12:30:13+00:00\",\"description\":\"Entdecken Sie die Dienstleistungen des Hotels Crowne Plaza: Aufladestationen f\u00fcr Elektroautos, Parkplatz und \u00fcberwachte Garage, Fitnessraum und vieles mehr.\",\"breadcrumb\":{\"@id\":\"https:\/\/www.cppadova.com\/de\/dienstleistungen\/#breadcrumb\"},\"inLanguage\":\"de-DE\",\"potentialAction\":[{\"@type\":\"ReadAction\",\"target\":[\"https:\/\/www.cppadova.com\/de\/dienstleistungen\/\"]}]},{\"@type\":\"BreadcrumbList\",\"@id\":\"https:\/\/www.cppadova.com\/de\/dienstleistungen\/#breadcrumb\",\"itemListElement\":[{\"@type\":\"ListItem\",\"position\":1,\"name\":\"Home\",\"item\":\"https:\/\/www.cppadova.com\/de\/\"},{\"@type\":\"ListItem\",\"position\":2,\"name\":\"Dienstleistungen\"}]},{\"@type\":\"WebSite\",\"@id\":\"https:\/\/www.cppadova.com\/de\/#website\",\"url\":\"https:\/\/www.cppadova.com\/de\/\",\"name\":\"Crowne Plaza Padova\",\"description\":\"Just another ms.decms.eu site\",\"potentialAction\":[{\"@type\":\"SearchAction\",\"target\":{\"@type\":\"EntryPoint\",\"urlTemplate\":\"https:\/\/www.cppadova.com\/de\/?s={search_term_string}\"},\"query-input\":{\"@type\":\"PropertyValueSpecification\",\"valueRequired\":true,\"valueName\":\"search_term_string\"}}],\"inLanguage\":\"de-DE\"}]}<\/script>\n<!-- \/ Yoast SEO plugin. -->","yoast_head_json":{"title":"Service: Parkplatz, Fitnessraum | Crowne Plaza Padova","description":"Entdecken Sie die Dienstleistungen des Hotels Crowne Plaza: Aufladestationen f\u00fcr Elektroautos, Parkplatz und \u00fcberwachte Garage, Fitnessraum und vieles mehr.","robots":{"index":"index","follow":"follow","max-snippet":"max-snippet:-1","max-image-preview":"max-image-preview:large","max-video-preview":"max-video-preview:-1"},"canonical":"https:\/\/www.cppadova.com\/de\/dienstleistungen\/","og_locale":"de_DE","og_type":"article","og_title":"Service: Parkplatz, Fitnessraum | Crowne Plaza Padova","og_description":"Entdecken Sie die Dienstleistungen des Hotels Crowne Plaza: Aufladestationen f\u00fcr Elektroautos, Parkplatz und \u00fcberwachte Garage, Fitnessraum und vieles mehr.","og_url":"https:\/\/www.cppadova.com\/de\/dienstleistungen\/","og_site_name":"Crowne Plaza Padova","article_modified_time":"2024-04-30T12:30:13+00:00","og_image":[{"width":2200,"height":1200,"url":"https:\/\/www.cppadova.com\/wp-content\/uploads\/sites\/252\/2021\/08\/crowne_plaza_padova_home_slide_camera.jpg","type":"image\/jpeg"}],"twitter_card":"summary_large_image","twitter_misc":{"Gesch\u00e4tzte Lesezeit":"1 Minute"},"schema":{"@context":"https:\/\/schema.org","@graph":[{"@type":"WebPage","@id":"https:\/\/www.cppadova.com\/de\/dienstleistungen\/","url":"https:\/\/www.cppadova.com\/de\/dienstleistungen\/","name":"Service: Parkplatz, Fitnessraum | Crowne Plaza Padova","isPartOf":{"@id":"https:\/\/www.cppadova.com\/de\/#website"},"datePublished":"2024-04-17T13:55:32+00:00","dateModified":"2024-04-30T12:30:13+00:00","description":"Entdecken Sie die Dienstleistungen des Hotels Crowne Plaza: Aufladestationen f\u00fcr Elektroautos, Parkplatz und \u00fcberwachte Garage, Fitnessraum und vieles mehr.","breadcrumb":{"@id":"https:\/\/www.cppadova.com\/de\/dienstleistungen\/#breadcrumb"},"inLanguage":"de-DE","potentialAction":[{"@type":"ReadAction","target":["https:\/\/www.cppadova.com\/de\/dienstleistungen\/"]}]},{"@type":"BreadcrumbList","@id":"https:\/\/www.cppadova.com\/de\/dienstleistungen\/#breadcrumb","itemListElement":[{"@type":"ListItem","position":1,"name":"Home","item":"https:\/\/www.cppadova.com\/de\/"},{"@type":"ListItem","position":2,"name":"Dienstleistungen"}]},{"@type":"WebSite","@id":"https:\/\/www.cppadova.com\/de\/#website","url":"https:\/\/www.cppadova.com\/de\/","name":"Crowne Plaza Padova","description":"Just another ms.decms.eu site","potentialAction":[{"@type":"SearchAction","target":{"@type":"EntryPoint","urlTemplate":"https:\/\/www.cppadova.com\/de\/?s={search_term_string}"},"query-input":{"@type":"PropertyValueSpecification","valueRequired":true,"valueName":"search_term_string"}}],"inLanguage":"de-DE"}]}},"acf":[],"_links":{"self":[{"href":"https:\/\/www.cppadova.com\/de\/wp-json\/wp\/v2\/pages\/1209","targetHints":{"allow":["GET"]}}],"collection":[{"href":"https:\/\/www.cppadova.com\/de\/wp-json\/wp\/v2\/pages"}],"about":[{"href":"https:\/\/www.cppadova.com\/de\/wp-json\/wp\/v2\/types\/page"}],"author":[{"embeddable":true,"href":"https:\/\/www.cppadova.com\/de\/wp-json\/wp\/v2\/users\/36"}],"replies":[{"embeddable":true,"href":"https:\/\/www.cppadova.com\/de\/wp-json\/wp\/v2\/comments?post=1209"}],"version-history":[{"count":0,"href":"https:\/\/www.cppadova.com\/de\/wp-json\/wp\/v2\/pages\/1209\/revisions"}],"wp:attachment":[{"href":"https:\/\/www.cppadova.com\/de\/wp-json\/wp\/v2\/media?parent=1209"}],"curies":[{"name":"wp","href":"https:\/\/api.w.org\/{rel}","templated":true}]}}