{"id":1211,"date":"2024-04-17T13:57:20","date_gmt":"2024-04-17T13:57:20","guid":{"rendered":"https:\/\/www.cppadova.com\/?page_id=1211"},"modified":"2024-04-30T12:30:31","modified_gmt":"2024-04-30T12:30:31","slug":"tesla-supercharger-ladestationen","status":"publish","type":"page","link":"https:\/\/www.cppadova.com\/de\/dienstleistungen\/tesla-supercharger-ladestationen\/","title":{"rendered":"Tesla-Supercharger-Ladestationen"},"content":{"rendered":"<p>Seit Januar 2024 bieten Ihnen im Crowne Plaza Padua den folgenden hochmodernen Service: 12 neue Tesla-Supercharger-Ladestationen, die auch f\u00fcr Nicht-Tesla-Fahrzeuge mit CCS-Kompatibilit\u00e4t zur Verf\u00fcgung stehen.<\/p>\n<p>Jetzt k\u00f6nnen Sie Ihr Elektrofahrzeug ultraschnell aufladen: Wir haben diese innovative L\u00f6sung eingef\u00fchrt, um den Bed\u00fcrfnissen jener G\u00e4ste gerecht zu werden, die Nachhaltigkeit bevorzugen, ohne auf Komfort verzichten zu m\u00fcssen.<\/p>\n<p>Wenn Sie sich f\u00fcr unser Hotel entscheiden, k\u00f6nnen Sie Padua bequem mit Ihrem Auto erreichen, die <strong>gro\u00dfz\u00fcgigen Parkpl\u00e4tze im Freien oder die \u00fcberdachte <\/strong>und video\u00fcberwachte <strong>Garage <\/strong>nutzen, beides kostenlos, die Stadt besichtigen und in der Zwischenzeit <strong>Ihr Elektroauto aufladen<\/strong>, bevor Sie zu Ihrem n\u00e4chsten Ziel aufbrechen!<\/p>\n<p>&nbsp;<\/p>\n<p>Nutzen Sie diese Gelegenheit, um Ihre Reise w\u00e4hrend Ihres Aufenthalts im Crowne Plaza Padua effizient und umweltfreundlich zu gestalten.<\/p>\n","protected":false},"excerpt":{"rendered":"<p>Seit Januar 2024 bieten Ihnen im Crowne Plaza Padua den folgenden hochmodernen Service: 12 neue Tesla-Supercharger-Ladestationen, die auch f\u00fcr Nicht-Tesla-Fahrzeuge mit CCS-Kompatibilit\u00e4t zur Verf\u00fcgung stehen. Jetzt k\u00f6nnen Sie Ihr Elektrofahrzeug ultraschnell aufladen: Wir haben diese innovative L\u00f6sung eingef\u00fchrt, um den Bed\u00fcrfnissen jener G\u00e4ste gerecht zu werden, die Nachhaltigkeit bevorzugen, ohne auf Komfort verzichten zu m\u00fcssen. [&hellip;]<\/p>\n","protected":false},"author":36,"featured_media":0,"parent":1209,"menu_order":0,"comment_status":"closed","ping_status":"closed","template":"template-default-2.php","meta":{"footnotes":""},"class_list":["post-1211","page","type-page","status-publish","hentry"],"yoast_head":"<!-- This site is optimized with the Yoast SEO plugin v26.9 - https:\/\/yoast.com\/product\/yoast-seo-wordpress\/ -->\n<title>Tesla-Supercharger-Ladestationen | Crowne Plaza Padova<\/title>\n<meta name=\"description\" content=\"Suchen Sie eine Ladestation f\u00fcr Ihr Elektroauto? Im Crowne Plaza Padova finden Sie die neuen Tesla-Supercharger zum ultraschnellen Aufladen.\" \/>\n<meta name=\"robots\" content=\"index, follow, max-snippet:-1, max-image-preview:large, max-video-preview:-1\" \/>\n<link rel=\"canonical\" href=\"https:\/\/www.cppadova.com\/de\/dienstleistungen\/tesla-supercharger-ladestationen\/\" \/>\n<meta property=\"og:locale\" content=\"de_DE\" \/>\n<meta property=\"og:type\" content=\"article\" \/>\n<meta property=\"og:title\" content=\"Tesla-Supercharger-Ladestationen | Crowne Plaza Padova\" \/>\n<meta property=\"og:description\" content=\"Suchen Sie eine Ladestation f\u00fcr Ihr Elektroauto? Im Crowne Plaza Padova finden Sie die neuen Tesla-Supercharger zum ultraschnellen Aufladen.\" \/>\n<meta property=\"og:url\" content=\"https:\/\/www.cppadova.com\/de\/dienstleistungen\/tesla-supercharger-ladestationen\/\" \/>\n<meta property=\"og:site_name\" content=\"Crowne Plaza Padova\" \/>\n<meta property=\"article:modified_time\" content=\"2024-04-30T12:30:31+00:00\" \/>\n<meta property=\"og:image\" content=\"https:\/\/www.cppadova.com\/wp-content\/uploads\/sites\/252\/2021\/08\/crowne_plaza_padova_home_slide_camera.jpg\" \/>\n\t<meta property=\"og:image:width\" content=\"2200\" \/>\n\t<meta property=\"og:image:height\" content=\"1200\" \/>\n\t<meta property=\"og:image:type\" content=\"image\/jpeg\" \/>\n<meta name=\"twitter:card\" content=\"summary_large_image\" \/>\n<meta name=\"twitter:label1\" content=\"Gesch\u00e4tzte Lesezeit\" \/>\n\t<meta name=\"twitter:data1\" content=\"1 Minute\" \/>\n<script type=\"application\/ld+json\" class=\"yoast-schema-graph\">{\"@context\":\"https:\/\/schema.org\",\"@graph\":[{\"@type\":\"WebPage\",\"@id\":\"https:\/\/www.cppadova.com\/de\/dienstleistungen\/tesla-supercharger-ladestationen\/\",\"url\":\"https:\/\/www.cppadova.com\/de\/dienstleistungen\/tesla-supercharger-ladestationen\/\",\"name\":\"Tesla-Supercharger-Ladestationen | Crowne Plaza Padova\",\"isPartOf\":{\"@id\":\"https:\/\/www.cppadova.com\/de\/#website\"},\"datePublished\":\"2024-04-17T13:57:20+00:00\",\"dateModified\":\"2024-04-30T12:30:31+00:00\",\"description\":\"Suchen Sie eine Ladestation f\u00fcr Ihr Elektroauto? Im Crowne Plaza Padova finden Sie die neuen Tesla-Supercharger zum ultraschnellen Aufladen.\",\"breadcrumb\":{\"@id\":\"https:\/\/www.cppadova.com\/de\/dienstleistungen\/tesla-supercharger-ladestationen\/#breadcrumb\"},\"inLanguage\":\"de-DE\",\"potentialAction\":[{\"@type\":\"ReadAction\",\"target\":[\"https:\/\/www.cppadova.com\/de\/dienstleistungen\/tesla-supercharger-ladestationen\/\"]}]},{\"@type\":\"BreadcrumbList\",\"@id\":\"https:\/\/www.cppadova.com\/de\/dienstleistungen\/tesla-supercharger-ladestationen\/#breadcrumb\",\"itemListElement\":[{\"@type\":\"ListItem\",\"position\":1,\"name\":\"Home\",\"item\":\"https:\/\/www.cppadova.com\/de\/\"},{\"@type\":\"ListItem\",\"position\":2,\"name\":\"Dienstleistungen\",\"item\":\"https:\/\/www.cppadova.com\/de\/dienstleistungen\/\"},{\"@type\":\"ListItem\",\"position\":3,\"name\":\"Tesla-Supercharger-Ladestationen\"}]},{\"@type\":\"WebSite\",\"@id\":\"https:\/\/www.cppadova.com\/de\/#website\",\"url\":\"https:\/\/www.cppadova.com\/de\/\",\"name\":\"Crowne Plaza Padova\",\"description\":\"Just another ms.decms.eu site\",\"potentialAction\":[{\"@type\":\"SearchAction\",\"target\":{\"@type\":\"EntryPoint\",\"urlTemplate\":\"https:\/\/www.cppadova.com\/de\/?s={search_term_string}\"},\"query-input\":{\"@type\":\"PropertyValueSpecification\",\"valueRequired\":true,\"valueName\":\"search_term_string\"}}],\"inLanguage\":\"de-DE\"}]}<\/script>\n<!-- \/ Yoast SEO plugin. -->","yoast_head_json":{"title":"Tesla-Supercharger-Ladestationen | Crowne Plaza Padova","description":"Suchen Sie eine Ladestation f\u00fcr Ihr Elektroauto? Im Crowne Plaza Padova finden Sie die neuen Tesla-Supercharger zum ultraschnellen Aufladen.","robots":{"index":"index","follow":"follow","max-snippet":"max-snippet:-1","max-image-preview":"max-image-preview:large","max-video-preview":"max-video-preview:-1"},"canonical":"https:\/\/www.cppadova.com\/de\/dienstleistungen\/tesla-supercharger-ladestationen\/","og_locale":"de_DE","og_type":"article","og_title":"Tesla-Supercharger-Ladestationen | Crowne Plaza Padova","og_description":"Suchen Sie eine Ladestation f\u00fcr Ihr Elektroauto? Im Crowne Plaza Padova finden Sie die neuen Tesla-Supercharger zum ultraschnellen Aufladen.","og_url":"https:\/\/www.cppadova.com\/de\/dienstleistungen\/tesla-supercharger-ladestationen\/","og_site_name":"Crowne Plaza Padova","article_modified_time":"2024-04-30T12:30:31+00:00","og_image":[{"width":2200,"height":1200,"url":"https:\/\/www.cppadova.com\/wp-content\/uploads\/sites\/252\/2021\/08\/crowne_plaza_padova_home_slide_camera.jpg","type":"image\/jpeg"}],"twitter_card":"summary_large_image","twitter_misc":{"Gesch\u00e4tzte Lesezeit":"1 Minute"},"schema":{"@context":"https:\/\/schema.org","@graph":[{"@type":"WebPage","@id":"https:\/\/www.cppadova.com\/de\/dienstleistungen\/tesla-supercharger-ladestationen\/","url":"https:\/\/www.cppadova.com\/de\/dienstleistungen\/tesla-supercharger-ladestationen\/","name":"Tesla-Supercharger-Ladestationen | Crowne Plaza Padova","isPartOf":{"@id":"https:\/\/www.cppadova.com\/de\/#website"},"datePublished":"2024-04-17T13:57:20+00:00","dateModified":"2024-04-30T12:30:31+00:00","description":"Suchen Sie eine Ladestation f\u00fcr Ihr Elektroauto? Im Crowne Plaza Padova finden Sie die neuen Tesla-Supercharger zum ultraschnellen Aufladen.","breadcrumb":{"@id":"https:\/\/www.cppadova.com\/de\/dienstleistungen\/tesla-supercharger-ladestationen\/#breadcrumb"},"inLanguage":"de-DE","potentialAction":[{"@type":"ReadAction","target":["https:\/\/www.cppadova.com\/de\/dienstleistungen\/tesla-supercharger-ladestationen\/"]}]},{"@type":"BreadcrumbList","@id":"https:\/\/www.cppadova.com\/de\/dienstleistungen\/tesla-supercharger-ladestationen\/#breadcrumb","itemListElement":[{"@type":"ListItem","position":1,"name":"Home","item":"https:\/\/www.cppadova.com\/de\/"},{"@type":"ListItem","position":2,"name":"Dienstleistungen","item":"https:\/\/www.cppadova.com\/de\/dienstleistungen\/"},{"@type":"ListItem","position":3,"name":"Tesla-Supercharger-Ladestationen"}]},{"@type":"WebSite","@id":"https:\/\/www.cppadova.com\/de\/#website","url":"https:\/\/www.cppadova.com\/de\/","name":"Crowne Plaza Padova","description":"Just another ms.decms.eu site","potentialAction":[{"@type":"SearchAction","target":{"@type":"EntryPoint","urlTemplate":"https:\/\/www.cppadova.com\/de\/?s={search_term_string}"},"query-input":{"@type":"PropertyValueSpecification","valueRequired":true,"valueName":"search_term_string"}}],"inLanguage":"de-DE"}]}},"acf":[],"_links":{"self":[{"href":"https:\/\/www.cppadova.com\/de\/wp-json\/wp\/v2\/pages\/1211","targetHints":{"allow":["GET"]}}],"collection":[{"href":"https:\/\/www.cppadova.com\/de\/wp-json\/wp\/v2\/pages"}],"about":[{"href":"https:\/\/www.cppadova.com\/de\/wp-json\/wp\/v2\/types\/page"}],"author":[{"embeddable":true,"href":"https:\/\/www.cppadova.com\/de\/wp-json\/wp\/v2\/users\/36"}],"replies":[{"embeddable":true,"href":"https:\/\/www.cppadova.com\/de\/wp-json\/wp\/v2\/comments?post=1211"}],"version-history":[{"count":0,"href":"https:\/\/www.cppadova.com\/de\/wp-json\/wp\/v2\/pages\/1211\/revisions"}],"up":[{"embeddable":true,"href":"https:\/\/www.cppadova.com\/de\/wp-json\/wp\/v2\/pages\/1209"}],"wp:attachment":[{"href":"https:\/\/www.cppadova.com\/de\/wp-json\/wp\/v2\/media?parent=1211"}],"curies":[{"name":"wp","href":"https:\/\/api.w.org\/{rel}","templated":true}]}}