{"id":1213,"date":"2024-04-17T13:58:15","date_gmt":"2024-04-17T13:58:15","guid":{"rendered":"https:\/\/www.cppadova.com\/?page_id=1213"},"modified":"2024-04-30T12:30:43","modified_gmt":"2024-04-30T12:30:43","slug":"parkplatz-und-garage","status":"publish","type":"page","link":"https:\/\/www.cppadova.com\/de\/dienstleistungen\/parkplatz-und-garage\/","title":{"rendered":"Parkplatz und Garage"},"content":{"rendered":"<p>Dank des 4-Sterne-Hotels Crowne Plaza Padova wird die verzweifelte Suche nach einem Parkplatz nur noch eine entfernte Erinnerung sein und f\u00fcr die Dauer Ihres Aufenthalts k\u00f6nnen Sie Ihr Auto auch einfach mal getrost vergessen. Bei Ihrer Ankunft k\u00f6nnen Sie den <strong>bequemen und ger\u00e4umigen Parkplatz im Freien<\/strong> oder die <strong>\u00fcberdachte und video\u00fcberwachte Garage<\/strong> nutzen, beides steht unseren G\u00e4sten <strong>kostenlos<\/strong> zur Verf\u00fcgung stehen.<\/p>\n<p>Wenn Sie mit einem Elektrofahrzeug unterwegs sind, haben Sie im Crowne Plaza Padua die M\u00f6glichkeit, dank der praktischen <strong>Ladestationen f\u00fcr Elektroautos<\/strong> so richtig aufzutanken. Wenn Sie sich f\u00fcr unser Hotel entscheiden, haben Sie au\u00dferdem die M\u00f6glichkeit, <strong>gegen eine Geb\u00fchr den bequemen Shuttle-Service<\/strong> zu nutzen, f\u00fcr dessen Reservierung Sie uns bitte vor Ihrer Ankunft kontaktieren.<\/p>\n","protected":false},"excerpt":{"rendered":"<p>Dank des 4-Sterne-Hotels Crowne Plaza Padova wird die verzweifelte Suche nach einem Parkplatz nur noch eine entfernte Erinnerung sein und f\u00fcr die Dauer Ihres Aufenthalts k\u00f6nnen Sie Ihr Auto auch einfach mal getrost vergessen. Bei Ihrer Ankunft k\u00f6nnen Sie den bequemen und ger\u00e4umigen Parkplatz im Freien oder die \u00fcberdachte und video\u00fcberwachte Garage nutzen, beides steht [&hellip;]<\/p>\n","protected":false},"author":36,"featured_media":0,"parent":1209,"menu_order":1,"comment_status":"closed","ping_status":"closed","template":"template-default-2.php","meta":{"footnotes":""},"class_list":["post-1213","page","type-page","status-publish","hentry"],"yoast_head":"<!-- This site is optimized with the Yoast SEO plugin v26.9 - https:\/\/yoast.com\/product\/yoast-seo-wordpress\/ -->\n<title>Parkplatz im Freien und Garage | Crowne Plaza Padova<\/title>\n<meta name=\"description\" content=\"Nutzen Sie den bequemen und ger\u00e4umigen Parkplatz im Freien oder unsere \u00fcberdachte, video\u00fcberwachte Garage, beide kostenlos und nur f\u00fcr unsere G\u00e4ste bestimmt.\" \/>\n<meta name=\"robots\" content=\"index, follow, max-snippet:-1, max-image-preview:large, max-video-preview:-1\" \/>\n<link rel=\"canonical\" href=\"https:\/\/www.cppadova.com\/de\/dienstleistungen\/parkplatz-und-garage\/\" \/>\n<meta property=\"og:locale\" content=\"de_DE\" \/>\n<meta property=\"og:type\" content=\"article\" \/>\n<meta property=\"og:title\" content=\"Parkplatz im Freien und Garage | Crowne Plaza Padova\" \/>\n<meta property=\"og:description\" content=\"Nutzen Sie den bequemen und ger\u00e4umigen Parkplatz im Freien oder unsere \u00fcberdachte, video\u00fcberwachte Garage, beide kostenlos und nur f\u00fcr unsere G\u00e4ste bestimmt.\" \/>\n<meta property=\"og:url\" content=\"https:\/\/www.cppadova.com\/de\/dienstleistungen\/parkplatz-und-garage\/\" \/>\n<meta property=\"og:site_name\" content=\"Crowne Plaza Padova\" \/>\n<meta property=\"article:modified_time\" content=\"2024-04-30T12:30:43+00:00\" \/>\n<meta property=\"og:image\" content=\"https:\/\/www.cppadova.com\/wp-content\/uploads\/sites\/252\/2021\/08\/crowne_plaza_padova_home_slide_camera.jpg\" \/>\n\t<meta property=\"og:image:width\" content=\"2200\" \/>\n\t<meta property=\"og:image:height\" content=\"1200\" \/>\n\t<meta property=\"og:image:type\" content=\"image\/jpeg\" \/>\n<meta name=\"twitter:card\" content=\"summary_large_image\" \/>\n<meta name=\"twitter:label1\" content=\"Gesch\u00e4tzte Lesezeit\" \/>\n\t<meta name=\"twitter:data1\" content=\"1 Minute\" \/>\n<script type=\"application\/ld+json\" class=\"yoast-schema-graph\">{\"@context\":\"https:\/\/schema.org\",\"@graph\":[{\"@type\":\"WebPage\",\"@id\":\"https:\/\/www.cppadova.com\/de\/dienstleistungen\/parkplatz-und-garage\/\",\"url\":\"https:\/\/www.cppadova.com\/de\/dienstleistungen\/parkplatz-und-garage\/\",\"name\":\"Parkplatz im Freien und Garage | Crowne Plaza Padova\",\"isPartOf\":{\"@id\":\"https:\/\/www.cppadova.com\/de\/#website\"},\"datePublished\":\"2024-04-17T13:58:15+00:00\",\"dateModified\":\"2024-04-30T12:30:43+00:00\",\"description\":\"Nutzen Sie den bequemen und ger\u00e4umigen Parkplatz im Freien oder unsere \u00fcberdachte, video\u00fcberwachte Garage, beide kostenlos und nur f\u00fcr unsere G\u00e4ste bestimmt.\",\"breadcrumb\":{\"@id\":\"https:\/\/www.cppadova.com\/de\/dienstleistungen\/parkplatz-und-garage\/#breadcrumb\"},\"inLanguage\":\"de-DE\",\"potentialAction\":[{\"@type\":\"ReadAction\",\"target\":[\"https:\/\/www.cppadova.com\/de\/dienstleistungen\/parkplatz-und-garage\/\"]}]},{\"@type\":\"BreadcrumbList\",\"@id\":\"https:\/\/www.cppadova.com\/de\/dienstleistungen\/parkplatz-und-garage\/#breadcrumb\",\"itemListElement\":[{\"@type\":\"ListItem\",\"position\":1,\"name\":\"Home\",\"item\":\"https:\/\/www.cppadova.com\/de\/\"},{\"@type\":\"ListItem\",\"position\":2,\"name\":\"Dienstleistungen\",\"item\":\"https:\/\/www.cppadova.com\/de\/dienstleistungen\/\"},{\"@type\":\"ListItem\",\"position\":3,\"name\":\"Parkplatz und Garage\"}]},{\"@type\":\"WebSite\",\"@id\":\"https:\/\/www.cppadova.com\/de\/#website\",\"url\":\"https:\/\/www.cppadova.com\/de\/\",\"name\":\"Crowne Plaza Padova\",\"description\":\"Just another ms.decms.eu site\",\"potentialAction\":[{\"@type\":\"SearchAction\",\"target\":{\"@type\":\"EntryPoint\",\"urlTemplate\":\"https:\/\/www.cppadova.com\/de\/?s={search_term_string}\"},\"query-input\":{\"@type\":\"PropertyValueSpecification\",\"valueRequired\":true,\"valueName\":\"search_term_string\"}}],\"inLanguage\":\"de-DE\"}]}<\/script>\n<!-- \/ Yoast SEO plugin. -->","yoast_head_json":{"title":"Parkplatz im Freien und Garage | Crowne Plaza Padova","description":"Nutzen Sie den bequemen und ger\u00e4umigen Parkplatz im Freien oder unsere \u00fcberdachte, video\u00fcberwachte Garage, beide kostenlos und nur f\u00fcr unsere G\u00e4ste bestimmt.","robots":{"index":"index","follow":"follow","max-snippet":"max-snippet:-1","max-image-preview":"max-image-preview:large","max-video-preview":"max-video-preview:-1"},"canonical":"https:\/\/www.cppadova.com\/de\/dienstleistungen\/parkplatz-und-garage\/","og_locale":"de_DE","og_type":"article","og_title":"Parkplatz im Freien und Garage | Crowne Plaza Padova","og_description":"Nutzen Sie den bequemen und ger\u00e4umigen Parkplatz im Freien oder unsere \u00fcberdachte, video\u00fcberwachte Garage, beide kostenlos und nur f\u00fcr unsere G\u00e4ste bestimmt.","og_url":"https:\/\/www.cppadova.com\/de\/dienstleistungen\/parkplatz-und-garage\/","og_site_name":"Crowne Plaza Padova","article_modified_time":"2024-04-30T12:30:43+00:00","og_image":[{"width":2200,"height":1200,"url":"https:\/\/www.cppadova.com\/wp-content\/uploads\/sites\/252\/2021\/08\/crowne_plaza_padova_home_slide_camera.jpg","type":"image\/jpeg"}],"twitter_card":"summary_large_image","twitter_misc":{"Gesch\u00e4tzte Lesezeit":"1 Minute"},"schema":{"@context":"https:\/\/schema.org","@graph":[{"@type":"WebPage","@id":"https:\/\/www.cppadova.com\/de\/dienstleistungen\/parkplatz-und-garage\/","url":"https:\/\/www.cppadova.com\/de\/dienstleistungen\/parkplatz-und-garage\/","name":"Parkplatz im Freien und Garage | Crowne Plaza Padova","isPartOf":{"@id":"https:\/\/www.cppadova.com\/de\/#website"},"datePublished":"2024-04-17T13:58:15+00:00","dateModified":"2024-04-30T12:30:43+00:00","description":"Nutzen Sie den bequemen und ger\u00e4umigen Parkplatz im Freien oder unsere \u00fcberdachte, video\u00fcberwachte Garage, beide kostenlos und nur f\u00fcr unsere G\u00e4ste bestimmt.","breadcrumb":{"@id":"https:\/\/www.cppadova.com\/de\/dienstleistungen\/parkplatz-und-garage\/#breadcrumb"},"inLanguage":"de-DE","potentialAction":[{"@type":"ReadAction","target":["https:\/\/www.cppadova.com\/de\/dienstleistungen\/parkplatz-und-garage\/"]}]},{"@type":"BreadcrumbList","@id":"https:\/\/www.cppadova.com\/de\/dienstleistungen\/parkplatz-und-garage\/#breadcrumb","itemListElement":[{"@type":"ListItem","position":1,"name":"Home","item":"https:\/\/www.cppadova.com\/de\/"},{"@type":"ListItem","position":2,"name":"Dienstleistungen","item":"https:\/\/www.cppadova.com\/de\/dienstleistungen\/"},{"@type":"ListItem","position":3,"name":"Parkplatz und Garage"}]},{"@type":"WebSite","@id":"https:\/\/www.cppadova.com\/de\/#website","url":"https:\/\/www.cppadova.com\/de\/","name":"Crowne Plaza Padova","description":"Just another ms.decms.eu site","potentialAction":[{"@type":"SearchAction","target":{"@type":"EntryPoint","urlTemplate":"https:\/\/www.cppadova.com\/de\/?s={search_term_string}"},"query-input":{"@type":"PropertyValueSpecification","valueRequired":true,"valueName":"search_term_string"}}],"inLanguage":"de-DE"}]}},"acf":[],"_links":{"self":[{"href":"https:\/\/www.cppadova.com\/de\/wp-json\/wp\/v2\/pages\/1213","targetHints":{"allow":["GET"]}}],"collection":[{"href":"https:\/\/www.cppadova.com\/de\/wp-json\/wp\/v2\/pages"}],"about":[{"href":"https:\/\/www.cppadova.com\/de\/wp-json\/wp\/v2\/types\/page"}],"author":[{"embeddable":true,"href":"https:\/\/www.cppadova.com\/de\/wp-json\/wp\/v2\/users\/36"}],"replies":[{"embeddable":true,"href":"https:\/\/www.cppadova.com\/de\/wp-json\/wp\/v2\/comments?post=1213"}],"version-history":[{"count":0,"href":"https:\/\/www.cppadova.com\/de\/wp-json\/wp\/v2\/pages\/1213\/revisions"}],"up":[{"embeddable":true,"href":"https:\/\/www.cppadova.com\/de\/wp-json\/wp\/v2\/pages\/1209"}],"wp:attachment":[{"href":"https:\/\/www.cppadova.com\/de\/wp-json\/wp\/v2\/media?parent=1213"}],"curies":[{"name":"wp","href":"https:\/\/api.w.org\/{rel}","templated":true}]}}