{"id":1217,"date":"2024-04-17T14:12:45","date_gmt":"2024-04-17T14:12:45","guid":{"rendered":"https:\/\/www.cppadova.com\/?page_id=1217"},"modified":"2024-04-30T12:31:08","modified_gmt":"2024-04-30T12:31:08","slug":"temporary-office","status":"publish","type":"page","link":"https:\/\/www.cppadova.com\/de\/dienstleistungen\/temporary-office\/","title":{"rendered":"Temporary Office"},"content":{"rendered":"<p>Auf Reisen kann es eine wahre Herausforderung sein, einen gut ausgestatteten Raum zu finden, in dem man genauso gut arbeiten kann wie im eigenen B\u00fcro. Daf\u00fcr hat das Crowne Plaza Hotel in Padua die L\u00f6sung: Dank unserer <strong>Temporary Offices<\/strong>, k\u00f6nnen Sie sich endlich mit h\u00f6chster Konzentration Ihrer Arbeit widmen: Hier erwarten Sie <strong>speziell eingerichtete R\u00e4ume<\/strong> mit zentralem <strong>Sekretariatsservice<\/strong>, die Sie f\u00fcr Zeitr\u00e4ume von einer Stunde bis zu einem Tag buchen k\u00f6nnen.<\/p>\n<p>Im Crowne Plaza in Padua steht Ihnen alles zur Verf\u00fcgung, was Sie zum <strong>hocheffizienten Arbeiten brauchen<\/strong>: von Telefon- und Datenleitungen bis hin zum Telefon- und Sekretariatsdienst, von Konferenzr\u00e4umen bis hin zu unserem Restaurant und unserer Bar.<\/p>\n","protected":false},"excerpt":{"rendered":"<p>Auf Reisen kann es eine wahre Herausforderung sein, einen gut ausgestatteten Raum zu finden, in dem man genauso gut arbeiten kann wie im eigenen B\u00fcro. Daf\u00fcr hat das Crowne Plaza Hotel in Padua die L\u00f6sung: Dank unserer Temporary Offices, k\u00f6nnen Sie sich endlich mit h\u00f6chster Konzentration Ihrer Arbeit widmen: Hier erwarten Sie speziell eingerichtete R\u00e4ume [&hellip;]<\/p>\n","protected":false},"author":36,"featured_media":0,"parent":1209,"menu_order":5,"comment_status":"closed","ping_status":"closed","template":"template-default-2.php","meta":{"footnotes":""},"class_list":["post-1217","page","type-page","status-publish","hentry"],"yoast_head":"<!-- This site is optimized with the Yoast SEO plugin v26.9 - https:\/\/yoast.com\/product\/yoast-seo-wordpress\/ -->\n<title>Temporary Offices: B\u00fcror\u00e4ume | Crowne Plaza Padova<\/title>\n<meta name=\"description\" content=\"In unseren Temporary Offices k\u00f6nnen Sie sich dank der speziell f\u00fcr Arbeitende eingerichteten R\u00e4ume voll und ganz auf Ihre Arbeit konzentrieren. Erfahren Sie mehr!\" \/>\n<meta name=\"robots\" content=\"index, follow, max-snippet:-1, max-image-preview:large, max-video-preview:-1\" \/>\n<link rel=\"canonical\" href=\"https:\/\/www.cppadova.com\/de\/dienstleistungen\/temporary-office\/\" \/>\n<meta property=\"og:locale\" content=\"de_DE\" \/>\n<meta property=\"og:type\" content=\"article\" \/>\n<meta property=\"og:title\" content=\"Temporary Offices: B\u00fcror\u00e4ume | Crowne Plaza Padova\" \/>\n<meta property=\"og:description\" content=\"In unseren Temporary Offices k\u00f6nnen Sie sich dank der speziell f\u00fcr Arbeitende eingerichteten R\u00e4ume voll und ganz auf Ihre Arbeit konzentrieren. Erfahren Sie mehr!\" \/>\n<meta property=\"og:url\" content=\"https:\/\/www.cppadova.com\/de\/dienstleistungen\/temporary-office\/\" \/>\n<meta property=\"og:site_name\" content=\"Crowne Plaza Padova\" \/>\n<meta property=\"article:modified_time\" content=\"2024-04-30T12:31:08+00:00\" \/>\n<meta property=\"og:image\" content=\"https:\/\/www.cppadova.com\/wp-content\/uploads\/sites\/252\/2021\/08\/crowne_plaza_padova_home_slide_camera.jpg\" \/>\n\t<meta property=\"og:image:width\" content=\"2200\" \/>\n\t<meta property=\"og:image:height\" content=\"1200\" \/>\n\t<meta property=\"og:image:type\" content=\"image\/jpeg\" \/>\n<meta name=\"twitter:card\" content=\"summary_large_image\" \/>\n<meta name=\"twitter:label1\" content=\"Gesch\u00e4tzte Lesezeit\" \/>\n\t<meta name=\"twitter:data1\" content=\"1 Minute\" \/>\n<script type=\"application\/ld+json\" class=\"yoast-schema-graph\">{\"@context\":\"https:\/\/schema.org\",\"@graph\":[{\"@type\":\"WebPage\",\"@id\":\"https:\/\/www.cppadova.com\/de\/dienstleistungen\/temporary-office\/\",\"url\":\"https:\/\/www.cppadova.com\/de\/dienstleistungen\/temporary-office\/\",\"name\":\"Temporary Offices: B\u00fcror\u00e4ume | Crowne Plaza Padova\",\"isPartOf\":{\"@id\":\"https:\/\/www.cppadova.com\/de\/#website\"},\"datePublished\":\"2024-04-17T14:12:45+00:00\",\"dateModified\":\"2024-04-30T12:31:08+00:00\",\"description\":\"In unseren Temporary Offices k\u00f6nnen Sie sich dank der speziell f\u00fcr Arbeitende eingerichteten R\u00e4ume voll und ganz auf Ihre Arbeit konzentrieren. Erfahren Sie mehr!\",\"breadcrumb\":{\"@id\":\"https:\/\/www.cppadova.com\/de\/dienstleistungen\/temporary-office\/#breadcrumb\"},\"inLanguage\":\"de-DE\",\"potentialAction\":[{\"@type\":\"ReadAction\",\"target\":[\"https:\/\/www.cppadova.com\/de\/dienstleistungen\/temporary-office\/\"]}]},{\"@type\":\"BreadcrumbList\",\"@id\":\"https:\/\/www.cppadova.com\/de\/dienstleistungen\/temporary-office\/#breadcrumb\",\"itemListElement\":[{\"@type\":\"ListItem\",\"position\":1,\"name\":\"Home\",\"item\":\"https:\/\/www.cppadova.com\/de\/\"},{\"@type\":\"ListItem\",\"position\":2,\"name\":\"Dienstleistungen\",\"item\":\"https:\/\/www.cppadova.com\/de\/dienstleistungen\/\"},{\"@type\":\"ListItem\",\"position\":3,\"name\":\"Temporary Office\"}]},{\"@type\":\"WebSite\",\"@id\":\"https:\/\/www.cppadova.com\/de\/#website\",\"url\":\"https:\/\/www.cppadova.com\/de\/\",\"name\":\"Crowne Plaza Padova\",\"description\":\"Just another ms.decms.eu site\",\"potentialAction\":[{\"@type\":\"SearchAction\",\"target\":{\"@type\":\"EntryPoint\",\"urlTemplate\":\"https:\/\/www.cppadova.com\/de\/?s={search_term_string}\"},\"query-input\":{\"@type\":\"PropertyValueSpecification\",\"valueRequired\":true,\"valueName\":\"search_term_string\"}}],\"inLanguage\":\"de-DE\"}]}<\/script>\n<!-- \/ Yoast SEO plugin. -->","yoast_head_json":{"title":"Temporary Offices: B\u00fcror\u00e4ume | Crowne Plaza Padova","description":"In unseren Temporary Offices k\u00f6nnen Sie sich dank der speziell f\u00fcr Arbeitende eingerichteten R\u00e4ume voll und ganz auf Ihre Arbeit konzentrieren. Erfahren Sie mehr!","robots":{"index":"index","follow":"follow","max-snippet":"max-snippet:-1","max-image-preview":"max-image-preview:large","max-video-preview":"max-video-preview:-1"},"canonical":"https:\/\/www.cppadova.com\/de\/dienstleistungen\/temporary-office\/","og_locale":"de_DE","og_type":"article","og_title":"Temporary Offices: B\u00fcror\u00e4ume | Crowne Plaza Padova","og_description":"In unseren Temporary Offices k\u00f6nnen Sie sich dank der speziell f\u00fcr Arbeitende eingerichteten R\u00e4ume voll und ganz auf Ihre Arbeit konzentrieren. Erfahren Sie mehr!","og_url":"https:\/\/www.cppadova.com\/de\/dienstleistungen\/temporary-office\/","og_site_name":"Crowne Plaza Padova","article_modified_time":"2024-04-30T12:31:08+00:00","og_image":[{"width":2200,"height":1200,"url":"https:\/\/www.cppadova.com\/wp-content\/uploads\/sites\/252\/2021\/08\/crowne_plaza_padova_home_slide_camera.jpg","type":"image\/jpeg"}],"twitter_card":"summary_large_image","twitter_misc":{"Gesch\u00e4tzte Lesezeit":"1 Minute"},"schema":{"@context":"https:\/\/schema.org","@graph":[{"@type":"WebPage","@id":"https:\/\/www.cppadova.com\/de\/dienstleistungen\/temporary-office\/","url":"https:\/\/www.cppadova.com\/de\/dienstleistungen\/temporary-office\/","name":"Temporary Offices: B\u00fcror\u00e4ume | Crowne Plaza Padova","isPartOf":{"@id":"https:\/\/www.cppadova.com\/de\/#website"},"datePublished":"2024-04-17T14:12:45+00:00","dateModified":"2024-04-30T12:31:08+00:00","description":"In unseren Temporary Offices k\u00f6nnen Sie sich dank der speziell f\u00fcr Arbeitende eingerichteten R\u00e4ume voll und ganz auf Ihre Arbeit konzentrieren. Erfahren Sie mehr!","breadcrumb":{"@id":"https:\/\/www.cppadova.com\/de\/dienstleistungen\/temporary-office\/#breadcrumb"},"inLanguage":"de-DE","potentialAction":[{"@type":"ReadAction","target":["https:\/\/www.cppadova.com\/de\/dienstleistungen\/temporary-office\/"]}]},{"@type":"BreadcrumbList","@id":"https:\/\/www.cppadova.com\/de\/dienstleistungen\/temporary-office\/#breadcrumb","itemListElement":[{"@type":"ListItem","position":1,"name":"Home","item":"https:\/\/www.cppadova.com\/de\/"},{"@type":"ListItem","position":2,"name":"Dienstleistungen","item":"https:\/\/www.cppadova.com\/de\/dienstleistungen\/"},{"@type":"ListItem","position":3,"name":"Temporary Office"}]},{"@type":"WebSite","@id":"https:\/\/www.cppadova.com\/de\/#website","url":"https:\/\/www.cppadova.com\/de\/","name":"Crowne Plaza Padova","description":"Just another ms.decms.eu site","potentialAction":[{"@type":"SearchAction","target":{"@type":"EntryPoint","urlTemplate":"https:\/\/www.cppadova.com\/de\/?s={search_term_string}"},"query-input":{"@type":"PropertyValueSpecification","valueRequired":true,"valueName":"search_term_string"}}],"inLanguage":"de-DE"}]}},"acf":[],"_links":{"self":[{"href":"https:\/\/www.cppadova.com\/de\/wp-json\/wp\/v2\/pages\/1217","targetHints":{"allow":["GET"]}}],"collection":[{"href":"https:\/\/www.cppadova.com\/de\/wp-json\/wp\/v2\/pages"}],"about":[{"href":"https:\/\/www.cppadova.com\/de\/wp-json\/wp\/v2\/types\/page"}],"author":[{"embeddable":true,"href":"https:\/\/www.cppadova.com\/de\/wp-json\/wp\/v2\/users\/36"}],"replies":[{"embeddable":true,"href":"https:\/\/www.cppadova.com\/de\/wp-json\/wp\/v2\/comments?post=1217"}],"version-history":[{"count":0,"href":"https:\/\/www.cppadova.com\/de\/wp-json\/wp\/v2\/pages\/1217\/revisions"}],"up":[{"embeddable":true,"href":"https:\/\/www.cppadova.com\/de\/wp-json\/wp\/v2\/pages\/1209"}],"wp:attachment":[{"href":"https:\/\/www.cppadova.com\/de\/wp-json\/wp\/v2\/media?parent=1217"}],"curies":[{"name":"wp","href":"https:\/\/api.w.org\/{rel}","templated":true}]}}