{"id":1221,"date":"2024-04-17T14:30:21","date_gmt":"2024-04-17T14:30:21","guid":{"rendered":"https:\/\/www.cppadova.com\/?page_id=1221"},"modified":"2025-08-13T15:36:45","modified_gmt":"2025-08-13T15:36:45","slug":"meetings-und-veranstaltungen","status":"publish","type":"page","link":"https:\/\/www.cppadova.com\/de\/meetings-und-veranstaltungen\/","title":{"rendered":"Meetings und Veranstaltungen"},"content":{"rendered":"<p>Wenn Sie auf der Suche nach dem <strong>perfekten Ort f\u00fcr eine Veranstaltung in Padua<\/strong> sind, ist das 4-Sterne-Hotel Crowne Plaza mit einem <strong>Konferenzzentrum<\/strong> mit <strong>1400 qm <\/strong>Veranstaltungsfl\u00e4che, die sich auf 16 Mehrzweckr\u00e4ume unterschiedlicher Gr\u00f6\u00dfe verteilt, die <strong>ideale L\u00f6sung<\/strong> f\u00fcr die Ausrichtung <strong>jeder Art von Veranstaltung<\/strong>.<\/p>\n<p>Das <strong>schlichte und elegante Ambiente<\/strong> unseres Konferenzzentrums eignet sich nicht nur f\u00fcr kleine oder gro\u00dfe Meetings, sondern auch f\u00fcr <strong>Ausstellungen, Pr\u00e4sentationen, Bankette<\/strong>, aber auch f\u00fcr <strong>Schulungen und hybride Veranstaltungen<\/strong>.<\/p>\n<h4>Ein modernes und funktionales Kongresszentrum<\/h4>\n<p>Das Zentrum bietet mit seinen verschiedenen Bereichen Platz f\u00fcr <strong>kleine Gruppen bis hin zu 450 Personen<\/strong> pro Veranstaltung. Alle R\u00e4ume sind mit <strong>schnellem WLAN<\/strong> und modernster Technik ausgestattet. Worauf warten Sie noch? Vertrauen Sie sich f\u00fcr die Organisation Ihrer Veranstaltungen ganz unseren Mitarbeitern an und entdecken Sie alle unsere Dienstleistungen.<\/p>\n","protected":false},"excerpt":{"rendered":"<p>Wenn Sie auf der Suche nach dem perfekten Ort f\u00fcr eine Veranstaltung in Padua sind, ist das 4-Sterne-Hotel Crowne Plaza mit einem Konferenzzentrum mit 1400 qm Veranstaltungsfl\u00e4che, die sich auf 16 Mehrzweckr\u00e4ume unterschiedlicher Gr\u00f6\u00dfe verteilt, die ideale L\u00f6sung f\u00fcr die Ausrichtung jeder Art von Veranstaltung. Das schlichte und elegante Ambiente unseres Konferenzzentrums eignet sich nicht [&hellip;]<\/p>\n","protected":false},"author":36,"featured_media":0,"parent":0,"menu_order":15,"comment_status":"closed","ping_status":"closed","template":"template-meeting.php","meta":{"footnotes":""},"class_list":["post-1221","page","type-page","status-publish","hentry"],"yoast_head":"<!-- This site is optimized with the Yoast SEO plugin v26.9 - https:\/\/yoast.com\/product\/yoast-seo-wordpress\/ -->\n<title>Privat- und Firmenveranstaltungen | Crowne Plaza Padova<\/title>\n<meta name=\"description\" content=\"Unser Hotel ist dank seines 1.400 qm gro\u00dfen Konferenzzentrums mit 16 Mehrzweckr\u00e4umen unterschiedlicher Gr\u00f6\u00dfe die ideale L\u00f6sung f\u00fcr Veranstaltungen aller Art.\" \/>\n<meta name=\"robots\" content=\"index, follow, max-snippet:-1, max-image-preview:large, max-video-preview:-1\" \/>\n<link rel=\"canonical\" href=\"https:\/\/www.cppadova.com\/de\/meetings-und-veranstaltungen\/\" \/>\n<meta property=\"og:locale\" content=\"de_DE\" \/>\n<meta property=\"og:type\" content=\"article\" \/>\n<meta property=\"og:title\" content=\"Privat- und Firmenveranstaltungen | Crowne Plaza Padova\" \/>\n<meta property=\"og:description\" content=\"Unser Hotel ist dank seines 1.400 qm gro\u00dfen Konferenzzentrums mit 16 Mehrzweckr\u00e4umen unterschiedlicher Gr\u00f6\u00dfe die ideale L\u00f6sung f\u00fcr Veranstaltungen aller Art.\" \/>\n<meta property=\"og:url\" content=\"https:\/\/www.cppadova.com\/de\/meetings-und-veranstaltungen\/\" \/>\n<meta property=\"og:site_name\" content=\"Crowne Plaza Padova\" \/>\n<meta property=\"article:modified_time\" content=\"2025-08-13T15:36:45+00:00\" \/>\n<meta property=\"og:image\" content=\"https:\/\/www.cppadova.com\/wp-content\/uploads\/sites\/252\/2021\/08\/crowne_plaza_padova_home_slide_camera.jpg\" \/>\n\t<meta property=\"og:image:width\" content=\"2200\" \/>\n\t<meta property=\"og:image:height\" content=\"1200\" \/>\n\t<meta property=\"og:image:type\" content=\"image\/jpeg\" \/>\n<meta name=\"twitter:card\" content=\"summary_large_image\" \/>\n<meta name=\"twitter:label1\" content=\"Gesch\u00e4tzte Lesezeit\" \/>\n\t<meta name=\"twitter:data1\" content=\"1 Minute\" \/>\n<script type=\"application\/ld+json\" class=\"yoast-schema-graph\">{\"@context\":\"https:\/\/schema.org\",\"@graph\":[{\"@type\":\"WebPage\",\"@id\":\"https:\/\/www.cppadova.com\/de\/meetings-und-veranstaltungen\/\",\"url\":\"https:\/\/www.cppadova.com\/de\/meetings-und-veranstaltungen\/\",\"name\":\"Privat- und Firmenveranstaltungen | Crowne Plaza Padova\",\"isPartOf\":{\"@id\":\"https:\/\/www.cppadova.com\/de\/#website\"},\"datePublished\":\"2024-04-17T14:30:21+00:00\",\"dateModified\":\"2025-08-13T15:36:45+00:00\",\"description\":\"Unser Hotel ist dank seines 1.400 qm gro\u00dfen Konferenzzentrums mit 16 Mehrzweckr\u00e4umen unterschiedlicher Gr\u00f6\u00dfe die ideale L\u00f6sung f\u00fcr Veranstaltungen aller Art.\",\"breadcrumb\":{\"@id\":\"https:\/\/www.cppadova.com\/de\/meetings-und-veranstaltungen\/#breadcrumb\"},\"inLanguage\":\"de-DE\",\"potentialAction\":[{\"@type\":\"ReadAction\",\"target\":[\"https:\/\/www.cppadova.com\/de\/meetings-und-veranstaltungen\/\"]}]},{\"@type\":\"BreadcrumbList\",\"@id\":\"https:\/\/www.cppadova.com\/de\/meetings-und-veranstaltungen\/#breadcrumb\",\"itemListElement\":[{\"@type\":\"ListItem\",\"position\":1,\"name\":\"Home\",\"item\":\"https:\/\/www.cppadova.com\/de\/\"},{\"@type\":\"ListItem\",\"position\":2,\"name\":\"Meetings und Veranstaltungen\"}]},{\"@type\":\"WebSite\",\"@id\":\"https:\/\/www.cppadova.com\/de\/#website\",\"url\":\"https:\/\/www.cppadova.com\/de\/\",\"name\":\"Crowne Plaza Padova\",\"description\":\"Just another ms.decms.eu site\",\"potentialAction\":[{\"@type\":\"SearchAction\",\"target\":{\"@type\":\"EntryPoint\",\"urlTemplate\":\"https:\/\/www.cppadova.com\/de\/?s={search_term_string}\"},\"query-input\":{\"@type\":\"PropertyValueSpecification\",\"valueRequired\":true,\"valueName\":\"search_term_string\"}}],\"inLanguage\":\"de-DE\"}]}<\/script>\n<!-- \/ Yoast SEO plugin. -->","yoast_head_json":{"title":"Privat- und Firmenveranstaltungen | Crowne Plaza Padova","description":"Unser Hotel ist dank seines 1.400 qm gro\u00dfen Konferenzzentrums mit 16 Mehrzweckr\u00e4umen unterschiedlicher Gr\u00f6\u00dfe die ideale L\u00f6sung f\u00fcr Veranstaltungen aller Art.","robots":{"index":"index","follow":"follow","max-snippet":"max-snippet:-1","max-image-preview":"max-image-preview:large","max-video-preview":"max-video-preview:-1"},"canonical":"https:\/\/www.cppadova.com\/de\/meetings-und-veranstaltungen\/","og_locale":"de_DE","og_type":"article","og_title":"Privat- und Firmenveranstaltungen | Crowne Plaza Padova","og_description":"Unser Hotel ist dank seines 1.400 qm gro\u00dfen Konferenzzentrums mit 16 Mehrzweckr\u00e4umen unterschiedlicher Gr\u00f6\u00dfe die ideale L\u00f6sung f\u00fcr Veranstaltungen aller Art.","og_url":"https:\/\/www.cppadova.com\/de\/meetings-und-veranstaltungen\/","og_site_name":"Crowne Plaza Padova","article_modified_time":"2025-08-13T15:36:45+00:00","og_image":[{"width":2200,"height":1200,"url":"https:\/\/www.cppadova.com\/wp-content\/uploads\/sites\/252\/2021\/08\/crowne_plaza_padova_home_slide_camera.jpg","type":"image\/jpeg"}],"twitter_card":"summary_large_image","twitter_misc":{"Gesch\u00e4tzte Lesezeit":"1 Minute"},"schema":{"@context":"https:\/\/schema.org","@graph":[{"@type":"WebPage","@id":"https:\/\/www.cppadova.com\/de\/meetings-und-veranstaltungen\/","url":"https:\/\/www.cppadova.com\/de\/meetings-und-veranstaltungen\/","name":"Privat- und Firmenveranstaltungen | Crowne Plaza Padova","isPartOf":{"@id":"https:\/\/www.cppadova.com\/de\/#website"},"datePublished":"2024-04-17T14:30:21+00:00","dateModified":"2025-08-13T15:36:45+00:00","description":"Unser Hotel ist dank seines 1.400 qm gro\u00dfen Konferenzzentrums mit 16 Mehrzweckr\u00e4umen unterschiedlicher Gr\u00f6\u00dfe die ideale L\u00f6sung f\u00fcr Veranstaltungen aller Art.","breadcrumb":{"@id":"https:\/\/www.cppadova.com\/de\/meetings-und-veranstaltungen\/#breadcrumb"},"inLanguage":"de-DE","potentialAction":[{"@type":"ReadAction","target":["https:\/\/www.cppadova.com\/de\/meetings-und-veranstaltungen\/"]}]},{"@type":"BreadcrumbList","@id":"https:\/\/www.cppadova.com\/de\/meetings-und-veranstaltungen\/#breadcrumb","itemListElement":[{"@type":"ListItem","position":1,"name":"Home","item":"https:\/\/www.cppadova.com\/de\/"},{"@type":"ListItem","position":2,"name":"Meetings und Veranstaltungen"}]},{"@type":"WebSite","@id":"https:\/\/www.cppadova.com\/de\/#website","url":"https:\/\/www.cppadova.com\/de\/","name":"Crowne Plaza Padova","description":"Just another ms.decms.eu site","potentialAction":[{"@type":"SearchAction","target":{"@type":"EntryPoint","urlTemplate":"https:\/\/www.cppadova.com\/de\/?s={search_term_string}"},"query-input":{"@type":"PropertyValueSpecification","valueRequired":true,"valueName":"search_term_string"}}],"inLanguage":"de-DE"}]}},"acf":[],"_links":{"self":[{"href":"https:\/\/www.cppadova.com\/de\/wp-json\/wp\/v2\/pages\/1221","targetHints":{"allow":["GET"]}}],"collection":[{"href":"https:\/\/www.cppadova.com\/de\/wp-json\/wp\/v2\/pages"}],"about":[{"href":"https:\/\/www.cppadova.com\/de\/wp-json\/wp\/v2\/types\/page"}],"author":[{"embeddable":true,"href":"https:\/\/www.cppadova.com\/de\/wp-json\/wp\/v2\/users\/36"}],"replies":[{"embeddable":true,"href":"https:\/\/www.cppadova.com\/de\/wp-json\/wp\/v2\/comments?post=1221"}],"version-history":[{"count":0,"href":"https:\/\/www.cppadova.com\/de\/wp-json\/wp\/v2\/pages\/1221\/revisions"}],"wp:attachment":[{"href":"https:\/\/www.cppadova.com\/de\/wp-json\/wp\/v2\/media?parent=1221"}],"curies":[{"name":"wp","href":"https:\/\/api.w.org\/{rel}","templated":true}]}}