{"id":1229,"date":"2024-04-17T15:18:48","date_gmt":"2024-04-17T15:18:48","guid":{"rendered":"https:\/\/www.cppadova.com\/?page_id=1229"},"modified":"2024-04-30T12:33:36","modified_gmt":"2024-04-30T12:33:36","slug":"catering","status":"publish","type":"page","link":"https:\/\/www.cppadova.com\/de\/meetings-und-veranstaltungen\/catering\/","title":{"rendered":"Catering"},"content":{"rendered":"<p>Unser \u201eAQuattro\u201c und \u201eIl Pedrocchino\u201c, das hauseigene Restaurant bzw. die hauseigene Bar des Hotels Crowne Plaza Padova, verf\u00fcgen \u00fcber jahrelange Erfahrung und werden f\u00fcr ihr<strong> ma\u00dfgeschneidertes kulinarisches Angebot f\u00fcr alle Arten von Veranstaltungen<\/strong> gelobt. <strong>Kaffeepausen, Gesch\u00e4ftsessen, umfangreiche Aperitifs, Buffets und sogar Festbankette<\/strong>: Die K\u00f6che und das Personal unserer Gastronomiebetriebe stellen ihr Talent und ihre Professionalit\u00e4t in Ihren Dienst, um Ihre G\u00e4ste zu beeindrucken.<\/p>\n<p>Dank der 230 Pl\u00e4tze des Restaurants, der 300 Pl\u00e4tze des Bankettsaals, der 450 Pl\u00e4tze des Konferenzzentrums und unseres gro\u00dfz\u00fcgigen Foyers, das sich perfekt f\u00fcr die Anmeldung der G\u00e4ste und die Pausen eignet, sind <strong>wir f\u00fcr alle Catering-Arten ger\u00fcstet<\/strong>. Dar\u00fcber hinaus ist unsere Bar am Eingang des Konferenzzentrums von 8:00 Uhr morgens bis 24:00 Uhr ge\u00f6ffnet und bietet eine gro\u00dfe Auswahl an Speisen und Getr\u00e4nken: ausgezeichneter Kaffee, Kr\u00e4utertees, frische Fruchts\u00e4fte, Snacks und handgefertigte Backwaren aus der preisgekr\u00f6nten Pasticceria Giotto.<\/p>\n","protected":false},"excerpt":{"rendered":"<p>Unser \u201eAQuattro\u201c und \u201eIl Pedrocchino\u201c, das hauseigene Restaurant bzw. die hauseigene Bar des Hotels Crowne Plaza Padova, verf\u00fcgen \u00fcber jahrelange Erfahrung und werden f\u00fcr ihr ma\u00dfgeschneidertes kulinarisches Angebot f\u00fcr alle Arten von Veranstaltungen gelobt. Kaffeepausen, Gesch\u00e4ftsessen, umfangreiche Aperitifs, Buffets und sogar Festbankette: Die K\u00f6che und das Personal unserer Gastronomiebetriebe stellen ihr Talent und ihre Professionalit\u00e4t [&hellip;]<\/p>\n","protected":false},"author":36,"featured_media":0,"parent":1221,"menu_order":6,"comment_status":"closed","ping_status":"closed","template":"template-default-3.php","meta":{"footnotes":""},"class_list":["post-1229","page","type-page","status-publish","hentry"],"yoast_head":"<!-- This site is optimized with the Yoast SEO plugin v26.9 - https:\/\/yoast.com\/product\/yoast-seo-wordpress\/ -->\n<title>Catering-Service: Bar und Restaurant | Crowne Plaza Padova<\/title>\n<meta name=\"description\" content=\"Die K\u00f6che und das Team unserer Restaurants stehen ihnen mit Talent und Professionalit\u00e4t zur Seite. Wir sind in der Lage, Caterings aller Art durchzuf\u00fchren!\" \/>\n<meta name=\"robots\" content=\"index, follow, max-snippet:-1, max-image-preview:large, max-video-preview:-1\" \/>\n<link rel=\"canonical\" href=\"https:\/\/www.cppadova.com\/de\/meetings-und-veranstaltungen\/catering\/\" \/>\n<meta property=\"og:locale\" content=\"de_DE\" \/>\n<meta property=\"og:type\" content=\"article\" \/>\n<meta property=\"og:title\" content=\"Catering-Service: Bar und Restaurant | Crowne Plaza Padova\" \/>\n<meta property=\"og:description\" content=\"Die K\u00f6che und das Team unserer Restaurants stehen ihnen mit Talent und Professionalit\u00e4t zur Seite. Wir sind in der Lage, Caterings aller Art durchzuf\u00fchren!\" \/>\n<meta property=\"og:url\" content=\"https:\/\/www.cppadova.com\/de\/meetings-und-veranstaltungen\/catering\/\" \/>\n<meta property=\"og:site_name\" content=\"Crowne Plaza Padova\" \/>\n<meta property=\"article:modified_time\" content=\"2024-04-30T12:33:36+00:00\" \/>\n<meta property=\"og:image\" content=\"https:\/\/www.cppadova.com\/wp-content\/uploads\/sites\/252\/2021\/08\/crowne_plaza_padova_home_slide_camera.jpg\" \/>\n\t<meta property=\"og:image:width\" content=\"2200\" \/>\n\t<meta property=\"og:image:height\" content=\"1200\" \/>\n\t<meta property=\"og:image:type\" content=\"image\/jpeg\" \/>\n<meta name=\"twitter:card\" content=\"summary_large_image\" \/>\n<meta name=\"twitter:label1\" content=\"Gesch\u00e4tzte Lesezeit\" \/>\n\t<meta name=\"twitter:data1\" content=\"1 Minute\" \/>\n<script type=\"application\/ld+json\" class=\"yoast-schema-graph\">{\"@context\":\"https:\/\/schema.org\",\"@graph\":[{\"@type\":\"WebPage\",\"@id\":\"https:\/\/www.cppadova.com\/de\/meetings-und-veranstaltungen\/catering\/\",\"url\":\"https:\/\/www.cppadova.com\/de\/meetings-und-veranstaltungen\/catering\/\",\"name\":\"Catering-Service: Bar und Restaurant | Crowne Plaza Padova\",\"isPartOf\":{\"@id\":\"https:\/\/www.cppadova.com\/de\/#website\"},\"datePublished\":\"2024-04-17T15:18:48+00:00\",\"dateModified\":\"2024-04-30T12:33:36+00:00\",\"description\":\"Die K\u00f6che und das Team unserer Restaurants stehen ihnen mit Talent und Professionalit\u00e4t zur Seite. Wir sind in der Lage, Caterings aller Art durchzuf\u00fchren!\",\"breadcrumb\":{\"@id\":\"https:\/\/www.cppadova.com\/de\/meetings-und-veranstaltungen\/catering\/#breadcrumb\"},\"inLanguage\":\"de-DE\",\"potentialAction\":[{\"@type\":\"ReadAction\",\"target\":[\"https:\/\/www.cppadova.com\/de\/meetings-und-veranstaltungen\/catering\/\"]}]},{\"@type\":\"BreadcrumbList\",\"@id\":\"https:\/\/www.cppadova.com\/de\/meetings-und-veranstaltungen\/catering\/#breadcrumb\",\"itemListElement\":[{\"@type\":\"ListItem\",\"position\":1,\"name\":\"Home\",\"item\":\"https:\/\/www.cppadova.com\/de\/\"},{\"@type\":\"ListItem\",\"position\":2,\"name\":\"Meetings und Veranstaltungen\",\"item\":\"https:\/\/www.cppadova.com\/de\/meetings-und-veranstaltungen\/\"},{\"@type\":\"ListItem\",\"position\":3,\"name\":\"Catering\"}]},{\"@type\":\"WebSite\",\"@id\":\"https:\/\/www.cppadova.com\/de\/#website\",\"url\":\"https:\/\/www.cppadova.com\/de\/\",\"name\":\"Crowne Plaza Padova\",\"description\":\"Just another ms.decms.eu site\",\"potentialAction\":[{\"@type\":\"SearchAction\",\"target\":{\"@type\":\"EntryPoint\",\"urlTemplate\":\"https:\/\/www.cppadova.com\/de\/?s={search_term_string}\"},\"query-input\":{\"@type\":\"PropertyValueSpecification\",\"valueRequired\":true,\"valueName\":\"search_term_string\"}}],\"inLanguage\":\"de-DE\"}]}<\/script>\n<!-- \/ Yoast SEO plugin. -->","yoast_head_json":{"title":"Catering-Service: Bar und Restaurant | Crowne Plaza Padova","description":"Die K\u00f6che und das Team unserer Restaurants stehen ihnen mit Talent und Professionalit\u00e4t zur Seite. Wir sind in der Lage, Caterings aller Art durchzuf\u00fchren!","robots":{"index":"index","follow":"follow","max-snippet":"max-snippet:-1","max-image-preview":"max-image-preview:large","max-video-preview":"max-video-preview:-1"},"canonical":"https:\/\/www.cppadova.com\/de\/meetings-und-veranstaltungen\/catering\/","og_locale":"de_DE","og_type":"article","og_title":"Catering-Service: Bar und Restaurant | Crowne Plaza Padova","og_description":"Die K\u00f6che und das Team unserer Restaurants stehen ihnen mit Talent und Professionalit\u00e4t zur Seite. Wir sind in der Lage, Caterings aller Art durchzuf\u00fchren!","og_url":"https:\/\/www.cppadova.com\/de\/meetings-und-veranstaltungen\/catering\/","og_site_name":"Crowne Plaza Padova","article_modified_time":"2024-04-30T12:33:36+00:00","og_image":[{"width":2200,"height":1200,"url":"https:\/\/www.cppadova.com\/wp-content\/uploads\/sites\/252\/2021\/08\/crowne_plaza_padova_home_slide_camera.jpg","type":"image\/jpeg"}],"twitter_card":"summary_large_image","twitter_misc":{"Gesch\u00e4tzte Lesezeit":"1 Minute"},"schema":{"@context":"https:\/\/schema.org","@graph":[{"@type":"WebPage","@id":"https:\/\/www.cppadova.com\/de\/meetings-und-veranstaltungen\/catering\/","url":"https:\/\/www.cppadova.com\/de\/meetings-und-veranstaltungen\/catering\/","name":"Catering-Service: Bar und Restaurant | Crowne Plaza Padova","isPartOf":{"@id":"https:\/\/www.cppadova.com\/de\/#website"},"datePublished":"2024-04-17T15:18:48+00:00","dateModified":"2024-04-30T12:33:36+00:00","description":"Die K\u00f6che und das Team unserer Restaurants stehen ihnen mit Talent und Professionalit\u00e4t zur Seite. Wir sind in der Lage, Caterings aller Art durchzuf\u00fchren!","breadcrumb":{"@id":"https:\/\/www.cppadova.com\/de\/meetings-und-veranstaltungen\/catering\/#breadcrumb"},"inLanguage":"de-DE","potentialAction":[{"@type":"ReadAction","target":["https:\/\/www.cppadova.com\/de\/meetings-und-veranstaltungen\/catering\/"]}]},{"@type":"BreadcrumbList","@id":"https:\/\/www.cppadova.com\/de\/meetings-und-veranstaltungen\/catering\/#breadcrumb","itemListElement":[{"@type":"ListItem","position":1,"name":"Home","item":"https:\/\/www.cppadova.com\/de\/"},{"@type":"ListItem","position":2,"name":"Meetings und Veranstaltungen","item":"https:\/\/www.cppadova.com\/de\/meetings-und-veranstaltungen\/"},{"@type":"ListItem","position":3,"name":"Catering"}]},{"@type":"WebSite","@id":"https:\/\/www.cppadova.com\/de\/#website","url":"https:\/\/www.cppadova.com\/de\/","name":"Crowne Plaza Padova","description":"Just another ms.decms.eu site","potentialAction":[{"@type":"SearchAction","target":{"@type":"EntryPoint","urlTemplate":"https:\/\/www.cppadova.com\/de\/?s={search_term_string}"},"query-input":{"@type":"PropertyValueSpecification","valueRequired":true,"valueName":"search_term_string"}}],"inLanguage":"de-DE"}]}},"acf":[],"_links":{"self":[{"href":"https:\/\/www.cppadova.com\/de\/wp-json\/wp\/v2\/pages\/1229","targetHints":{"allow":["GET"]}}],"collection":[{"href":"https:\/\/www.cppadova.com\/de\/wp-json\/wp\/v2\/pages"}],"about":[{"href":"https:\/\/www.cppadova.com\/de\/wp-json\/wp\/v2\/types\/page"}],"author":[{"embeddable":true,"href":"https:\/\/www.cppadova.com\/de\/wp-json\/wp\/v2\/users\/36"}],"replies":[{"embeddable":true,"href":"https:\/\/www.cppadova.com\/de\/wp-json\/wp\/v2\/comments?post=1229"}],"version-history":[{"count":0,"href":"https:\/\/www.cppadova.com\/de\/wp-json\/wp\/v2\/pages\/1229\/revisions"}],"up":[{"embeddable":true,"href":"https:\/\/www.cppadova.com\/de\/wp-json\/wp\/v2\/pages\/1221"}],"wp:attachment":[{"href":"https:\/\/www.cppadova.com\/de\/wp-json\/wp\/v2\/media?parent=1229"}],"curies":[{"name":"wp","href":"https:\/\/api.w.org\/{rel}","templated":true}]}}