{"id":1233,"date":"2024-04-17T15:22:07","date_gmt":"2024-04-17T15:22:07","guid":{"rendered":"https:\/\/www.cppadova.com\/?page_id=1233"},"modified":"2025-08-13T15:41:04","modified_gmt":"2025-08-13T15:41:04","slug":"hybride-veranstaltungen","status":"publish","type":"page","link":"https:\/\/www.cppadova.com\/de\/meetings-und-veranstaltungen\/hybride-veranstaltungen\/","title":{"rendered":"Hybride Veranstaltungen"},"content":{"rendered":"<p>Im Crowne Plaza in Padua ist die <strong>neue Dimension im Veranstaltungsbereich <\/strong>bereits aktuell: es handelt sich um hybride Events, d.h. die <strong>Kombination von pers\u00f6nlichen und virtuellen Veranstaltungen<\/strong>. Vielseitige R\u00e4umlichkeiten mit modernster <strong>Ausstattung<\/strong> machen unser 4-Sterne-Hotel in Padua zum idealen und funktionalen Ort, um Treffen dieser Art zu organisieren und Ihre G\u00e4ste in den Genuss der gleichen Erfahrung kommen zu lassen, egal ob sie pers\u00f6nlich oder virtuell teilnehmen.<\/p>\n<p>Der Erfolg einer hybriden Veranstaltung im Crowne Plaza Padua ist garantiert und wird erm\u00f6glicht dank der Veranstaltungsr\u00e4ume, die mit modernsten <strong>Audio- und Videosystemen<\/strong> ausgestattet sind, einer sehr schnellen <strong>Glasfaser-Internetverbindung<\/strong> (sowohl \u00fcber Kabel als auch drahtlos), die Ihnen auch die M\u00f6glichkeit bietet, exklusive Bandbreiten zu reservieren, und <strong>einem Team, das bereit ist, alle Ihre Bed\u00fcrfnisse zu erf\u00fcllen<\/strong> und Sie bei der Organisation der Veranstaltung zu unterst\u00fctzen.<\/p>\n","protected":false},"excerpt":{"rendered":"<p>Im Crowne Plaza in Padua ist die neue Dimension im Veranstaltungsbereich bereits aktuell: es handelt sich um hybride Events, d.h. die Kombination von pers\u00f6nlichen und virtuellen Veranstaltungen. Vielseitige R\u00e4umlichkeiten mit modernster Ausstattung machen unser 4-Sterne-Hotel in Padua zum idealen und funktionalen Ort, um Treffen dieser Art zu organisieren und Ihre G\u00e4ste in den Genuss der [&hellip;]<\/p>\n","protected":false},"author":36,"featured_media":0,"parent":1221,"menu_order":2,"comment_status":"closed","ping_status":"closed","template":"template-default-3.php","meta":{"footnotes":""},"class_list":["post-1233","page","type-page","status-publish","hentry"],"yoast_head":"<!-- This site is optimized with the Yoast SEO plugin v26.9 - https:\/\/yoast.com\/product\/yoast-seo-wordpress\/ -->\n<title>Hybride Events: vor Ort oder virtuell | Crowne Plaza Padova<\/title>\n<meta name=\"description\" content=\"Die vielseitigen R\u00e4umlichkeiten und die modernste Ausstattung erm\u00f6glichen es den G\u00e4sten die gleiche Erfahrung zu machen, egal ob sie vor Ort oder virtuell teilnehmen.\" \/>\n<meta name=\"robots\" content=\"index, follow, max-snippet:-1, max-image-preview:large, max-video-preview:-1\" \/>\n<link rel=\"canonical\" href=\"https:\/\/www.cppadova.com\/de\/meetings-und-veranstaltungen\/hybride-veranstaltungen\/\" \/>\n<meta property=\"og:locale\" content=\"de_DE\" \/>\n<meta property=\"og:type\" content=\"article\" \/>\n<meta property=\"og:title\" content=\"Hybride Events: vor Ort oder virtuell | Crowne Plaza Padova\" \/>\n<meta property=\"og:description\" content=\"Die vielseitigen R\u00e4umlichkeiten und die modernste Ausstattung erm\u00f6glichen es den G\u00e4sten die gleiche Erfahrung zu machen, egal ob sie vor Ort oder virtuell teilnehmen.\" \/>\n<meta property=\"og:url\" content=\"https:\/\/www.cppadova.com\/de\/meetings-und-veranstaltungen\/hybride-veranstaltungen\/\" \/>\n<meta property=\"og:site_name\" content=\"Crowne Plaza Padova\" \/>\n<meta property=\"article:modified_time\" content=\"2025-08-13T15:41:04+00:00\" \/>\n<meta property=\"og:image\" content=\"https:\/\/www.cppadova.com\/wp-content\/uploads\/sites\/252\/2021\/08\/crowne_plaza_padova_home_slide_camera.jpg\" \/>\n\t<meta property=\"og:image:width\" content=\"2200\" \/>\n\t<meta property=\"og:image:height\" content=\"1200\" \/>\n\t<meta property=\"og:image:type\" content=\"image\/jpeg\" \/>\n<meta name=\"twitter:card\" content=\"summary_large_image\" \/>\n<meta name=\"twitter:label1\" content=\"Gesch\u00e4tzte Lesezeit\" \/>\n\t<meta name=\"twitter:data1\" content=\"1 Minute\" \/>\n<script type=\"application\/ld+json\" class=\"yoast-schema-graph\">{\"@context\":\"https:\/\/schema.org\",\"@graph\":[{\"@type\":\"WebPage\",\"@id\":\"https:\/\/www.cppadova.com\/de\/meetings-und-veranstaltungen\/hybride-veranstaltungen\/\",\"url\":\"https:\/\/www.cppadova.com\/de\/meetings-und-veranstaltungen\/hybride-veranstaltungen\/\",\"name\":\"Hybride Events: vor Ort oder virtuell | Crowne Plaza Padova\",\"isPartOf\":{\"@id\":\"https:\/\/www.cppadova.com\/de\/#website\"},\"datePublished\":\"2024-04-17T15:22:07+00:00\",\"dateModified\":\"2025-08-13T15:41:04+00:00\",\"description\":\"Die vielseitigen R\u00e4umlichkeiten und die modernste Ausstattung erm\u00f6glichen es den G\u00e4sten die gleiche Erfahrung zu machen, egal ob sie vor Ort oder virtuell teilnehmen.\",\"breadcrumb\":{\"@id\":\"https:\/\/www.cppadova.com\/de\/meetings-und-veranstaltungen\/hybride-veranstaltungen\/#breadcrumb\"},\"inLanguage\":\"de-DE\",\"potentialAction\":[{\"@type\":\"ReadAction\",\"target\":[\"https:\/\/www.cppadova.com\/de\/meetings-und-veranstaltungen\/hybride-veranstaltungen\/\"]}]},{\"@type\":\"BreadcrumbList\",\"@id\":\"https:\/\/www.cppadova.com\/de\/meetings-und-veranstaltungen\/hybride-veranstaltungen\/#breadcrumb\",\"itemListElement\":[{\"@type\":\"ListItem\",\"position\":1,\"name\":\"Home\",\"item\":\"https:\/\/www.cppadova.com\/de\/\"},{\"@type\":\"ListItem\",\"position\":2,\"name\":\"Meetings und Veranstaltungen\",\"item\":\"https:\/\/www.cppadova.com\/de\/meetings-und-veranstaltungen\/\"},{\"@type\":\"ListItem\",\"position\":3,\"name\":\"Hybride Veranstaltungen\"}]},{\"@type\":\"WebSite\",\"@id\":\"https:\/\/www.cppadova.com\/de\/#website\",\"url\":\"https:\/\/www.cppadova.com\/de\/\",\"name\":\"Crowne Plaza Padova\",\"description\":\"Just another ms.decms.eu site\",\"potentialAction\":[{\"@type\":\"SearchAction\",\"target\":{\"@type\":\"EntryPoint\",\"urlTemplate\":\"https:\/\/www.cppadova.com\/de\/?s={search_term_string}\"},\"query-input\":{\"@type\":\"PropertyValueSpecification\",\"valueRequired\":true,\"valueName\":\"search_term_string\"}}],\"inLanguage\":\"de-DE\"}]}<\/script>\n<!-- \/ Yoast SEO plugin. -->","yoast_head_json":{"title":"Hybride Events: vor Ort oder virtuell | Crowne Plaza Padova","description":"Die vielseitigen R\u00e4umlichkeiten und die modernste Ausstattung erm\u00f6glichen es den G\u00e4sten die gleiche Erfahrung zu machen, egal ob sie vor Ort oder virtuell teilnehmen.","robots":{"index":"index","follow":"follow","max-snippet":"max-snippet:-1","max-image-preview":"max-image-preview:large","max-video-preview":"max-video-preview:-1"},"canonical":"https:\/\/www.cppadova.com\/de\/meetings-und-veranstaltungen\/hybride-veranstaltungen\/","og_locale":"de_DE","og_type":"article","og_title":"Hybride Events: vor Ort oder virtuell | Crowne Plaza Padova","og_description":"Die vielseitigen R\u00e4umlichkeiten und die modernste Ausstattung erm\u00f6glichen es den G\u00e4sten die gleiche Erfahrung zu machen, egal ob sie vor Ort oder virtuell teilnehmen.","og_url":"https:\/\/www.cppadova.com\/de\/meetings-und-veranstaltungen\/hybride-veranstaltungen\/","og_site_name":"Crowne Plaza Padova","article_modified_time":"2025-08-13T15:41:04+00:00","og_image":[{"width":2200,"height":1200,"url":"https:\/\/www.cppadova.com\/wp-content\/uploads\/sites\/252\/2021\/08\/crowne_plaza_padova_home_slide_camera.jpg","type":"image\/jpeg"}],"twitter_card":"summary_large_image","twitter_misc":{"Gesch\u00e4tzte Lesezeit":"1 Minute"},"schema":{"@context":"https:\/\/schema.org","@graph":[{"@type":"WebPage","@id":"https:\/\/www.cppadova.com\/de\/meetings-und-veranstaltungen\/hybride-veranstaltungen\/","url":"https:\/\/www.cppadova.com\/de\/meetings-und-veranstaltungen\/hybride-veranstaltungen\/","name":"Hybride Events: vor Ort oder virtuell | Crowne Plaza Padova","isPartOf":{"@id":"https:\/\/www.cppadova.com\/de\/#website"},"datePublished":"2024-04-17T15:22:07+00:00","dateModified":"2025-08-13T15:41:04+00:00","description":"Die vielseitigen R\u00e4umlichkeiten und die modernste Ausstattung erm\u00f6glichen es den G\u00e4sten die gleiche Erfahrung zu machen, egal ob sie vor Ort oder virtuell teilnehmen.","breadcrumb":{"@id":"https:\/\/www.cppadova.com\/de\/meetings-und-veranstaltungen\/hybride-veranstaltungen\/#breadcrumb"},"inLanguage":"de-DE","potentialAction":[{"@type":"ReadAction","target":["https:\/\/www.cppadova.com\/de\/meetings-und-veranstaltungen\/hybride-veranstaltungen\/"]}]},{"@type":"BreadcrumbList","@id":"https:\/\/www.cppadova.com\/de\/meetings-und-veranstaltungen\/hybride-veranstaltungen\/#breadcrumb","itemListElement":[{"@type":"ListItem","position":1,"name":"Home","item":"https:\/\/www.cppadova.com\/de\/"},{"@type":"ListItem","position":2,"name":"Meetings und Veranstaltungen","item":"https:\/\/www.cppadova.com\/de\/meetings-und-veranstaltungen\/"},{"@type":"ListItem","position":3,"name":"Hybride Veranstaltungen"}]},{"@type":"WebSite","@id":"https:\/\/www.cppadova.com\/de\/#website","url":"https:\/\/www.cppadova.com\/de\/","name":"Crowne Plaza Padova","description":"Just another ms.decms.eu site","potentialAction":[{"@type":"SearchAction","target":{"@type":"EntryPoint","urlTemplate":"https:\/\/www.cppadova.com\/de\/?s={search_term_string}"},"query-input":{"@type":"PropertyValueSpecification","valueRequired":true,"valueName":"search_term_string"}}],"inLanguage":"de-DE"}]}},"acf":[],"_links":{"self":[{"href":"https:\/\/www.cppadova.com\/de\/wp-json\/wp\/v2\/pages\/1233","targetHints":{"allow":["GET"]}}],"collection":[{"href":"https:\/\/www.cppadova.com\/de\/wp-json\/wp\/v2\/pages"}],"about":[{"href":"https:\/\/www.cppadova.com\/de\/wp-json\/wp\/v2\/types\/page"}],"author":[{"embeddable":true,"href":"https:\/\/www.cppadova.com\/de\/wp-json\/wp\/v2\/users\/36"}],"replies":[{"embeddable":true,"href":"https:\/\/www.cppadova.com\/de\/wp-json\/wp\/v2\/comments?post=1233"}],"version-history":[{"count":0,"href":"https:\/\/www.cppadova.com\/de\/wp-json\/wp\/v2\/pages\/1233\/revisions"}],"up":[{"embeddable":true,"href":"https:\/\/www.cppadova.com\/de\/wp-json\/wp\/v2\/pages\/1221"}],"wp:attachment":[{"href":"https:\/\/www.cppadova.com\/de\/wp-json\/wp\/v2\/media?parent=1233"}],"curies":[{"name":"wp","href":"https:\/\/api.w.org\/{rel}","templated":true}]}}