{"id":1236,"date":"2024-04-18T12:26:48","date_gmt":"2024-04-18T12:26:48","guid":{"rendered":"https:\/\/www.cppadova.com\/?page_id=1236"},"modified":"2025-08-13T15:39:14","modified_gmt":"2025-08-13T15:39:14","slug":"grosse-veranstaltungen","status":"publish","type":"page","link":"https:\/\/www.cppadova.com\/de\/meetings-und-veranstaltungen\/grosse-veranstaltungen\/","title":{"rendered":"Gro\u00dfe Veranstaltungen"},"content":{"rendered":"<p>Wenn Sie auf der Suche nach dem <strong>idealen Ort <\/strong>f\u00fcr Ihre n\u00e4chste <strong>gro\u00dfe Veranstaltung<\/strong> sind, wird das 4-Sterne-Hotel Crowne Plaza Padova alle Ihre Anforderungen und Bed\u00fcrfnisse erf\u00fcllen. Dank der <strong>gro\u00dfz\u00fcgigen Fl\u00e4chen <\/strong>und der <strong>Vielseitigkeit unserer R\u00e4ume<\/strong> sind wir in der Lage, alle Arten von Veranstaltungen zu organisieren und durchzuf\u00fchren: Firmentagungen, medizinische Kongresse, Konzerte, Showrooms, Ausstellungen, Messen, Shows, Privat- und Firmenfeiern und vieles mehr.<\/p>\n<p>Wenden Sie sich jetzt an uns, um mehr \u00fcber unsere R\u00e4umlichkeiten zu erfahren, die alle <strong>Tageslicht<\/strong>, <strong>hohen Decken und modernste technische Ausstattung<\/strong> bieten. Unser Meeting Director unterst\u00fctzt Sie in jeder Hinsicht und steht Ihnen vor w\u00e4hrend und nach der Veranstaltung zur Seite, um deren Erfolg zu gew\u00e4hrleisten.<\/p>\n","protected":false},"excerpt":{"rendered":"<p>Wenn Sie auf der Suche nach dem idealen Ort f\u00fcr Ihre n\u00e4chste gro\u00dfe Veranstaltung sind, wird das 4-Sterne-Hotel Crowne Plaza Padova alle Ihre Anforderungen und Bed\u00fcrfnisse erf\u00fcllen. Dank der gro\u00dfz\u00fcgigen Fl\u00e4chen und der Vielseitigkeit unserer R\u00e4ume sind wir in der Lage, alle Arten von Veranstaltungen zu organisieren und durchzuf\u00fchren: Firmentagungen, medizinische Kongresse, Konzerte, Showrooms, Ausstellungen, [&hellip;]<\/p>\n","protected":false},"author":36,"featured_media":0,"parent":1221,"menu_order":1,"comment_status":"closed","ping_status":"closed","template":"template-default-3.php","meta":{"footnotes":""},"class_list":["post-1236","page","type-page","status-publish","hentry"],"yoast_head":"<!-- This site is optimized with the Yoast SEO plugin v26.9 - https:\/\/yoast.com\/product\/yoast-seo-wordpress\/ -->\n<title>Organisation gro\u00dfer Veranstaltungen | Crowne Plaza Padova<\/title>\n<meta name=\"description\" content=\"Dank unserer R\u00e4umlichkeiten k\u00f6nnen alle Arten von Veranstaltungen organisiert werden, wie Firmentagungen, Kongresse, Konzerte, Showrooms, Ausstellungen, Auff\u00fchrungen.\" \/>\n<meta name=\"robots\" content=\"index, follow, max-snippet:-1, max-image-preview:large, max-video-preview:-1\" \/>\n<link rel=\"canonical\" href=\"https:\/\/www.cppadova.com\/de\/meetings-und-veranstaltungen\/grosse-veranstaltungen\/\" \/>\n<meta property=\"og:locale\" content=\"de_DE\" \/>\n<meta property=\"og:type\" content=\"article\" \/>\n<meta property=\"og:title\" content=\"Organisation gro\u00dfer Veranstaltungen | Crowne Plaza Padova\" \/>\n<meta property=\"og:description\" content=\"Dank unserer R\u00e4umlichkeiten k\u00f6nnen alle Arten von Veranstaltungen organisiert werden, wie Firmentagungen, Kongresse, Konzerte, Showrooms, Ausstellungen, Auff\u00fchrungen.\" \/>\n<meta property=\"og:url\" content=\"https:\/\/www.cppadova.com\/de\/meetings-und-veranstaltungen\/grosse-veranstaltungen\/\" \/>\n<meta property=\"og:site_name\" content=\"Crowne Plaza Padova\" \/>\n<meta property=\"article:modified_time\" content=\"2025-08-13T15:39:14+00:00\" \/>\n<meta property=\"og:image\" content=\"https:\/\/www.cppadova.com\/wp-content\/uploads\/sites\/252\/2021\/08\/crowne_plaza_padova_home_slide_camera.jpg\" \/>\n\t<meta property=\"og:image:width\" content=\"2200\" \/>\n\t<meta property=\"og:image:height\" content=\"1200\" \/>\n\t<meta property=\"og:image:type\" content=\"image\/jpeg\" \/>\n<meta name=\"twitter:card\" content=\"summary_large_image\" \/>\n<meta name=\"twitter:label1\" content=\"Gesch\u00e4tzte Lesezeit\" \/>\n\t<meta name=\"twitter:data1\" content=\"1 Minute\" \/>\n<script type=\"application\/ld+json\" class=\"yoast-schema-graph\">{\"@context\":\"https:\/\/schema.org\",\"@graph\":[{\"@type\":\"WebPage\",\"@id\":\"https:\/\/www.cppadova.com\/de\/meetings-und-veranstaltungen\/grosse-veranstaltungen\/\",\"url\":\"https:\/\/www.cppadova.com\/de\/meetings-und-veranstaltungen\/grosse-veranstaltungen\/\",\"name\":\"Organisation gro\u00dfer Veranstaltungen | Crowne Plaza Padova\",\"isPartOf\":{\"@id\":\"https:\/\/www.cppadova.com\/de\/#website\"},\"datePublished\":\"2024-04-18T12:26:48+00:00\",\"dateModified\":\"2025-08-13T15:39:14+00:00\",\"description\":\"Dank unserer R\u00e4umlichkeiten k\u00f6nnen alle Arten von Veranstaltungen organisiert werden, wie Firmentagungen, Kongresse, Konzerte, Showrooms, Ausstellungen, Auff\u00fchrungen.\",\"breadcrumb\":{\"@id\":\"https:\/\/www.cppadova.com\/de\/meetings-und-veranstaltungen\/grosse-veranstaltungen\/#breadcrumb\"},\"inLanguage\":\"de-DE\",\"potentialAction\":[{\"@type\":\"ReadAction\",\"target\":[\"https:\/\/www.cppadova.com\/de\/meetings-und-veranstaltungen\/grosse-veranstaltungen\/\"]}]},{\"@type\":\"BreadcrumbList\",\"@id\":\"https:\/\/www.cppadova.com\/de\/meetings-und-veranstaltungen\/grosse-veranstaltungen\/#breadcrumb\",\"itemListElement\":[{\"@type\":\"ListItem\",\"position\":1,\"name\":\"Home\",\"item\":\"https:\/\/www.cppadova.com\/de\/\"},{\"@type\":\"ListItem\",\"position\":2,\"name\":\"Meetings und Veranstaltungen\",\"item\":\"https:\/\/www.cppadova.com\/de\/meetings-und-veranstaltungen\/\"},{\"@type\":\"ListItem\",\"position\":3,\"name\":\"Gro\u00dfe Veranstaltungen\"}]},{\"@type\":\"WebSite\",\"@id\":\"https:\/\/www.cppadova.com\/de\/#website\",\"url\":\"https:\/\/www.cppadova.com\/de\/\",\"name\":\"Crowne Plaza Padova\",\"description\":\"Just another ms.decms.eu site\",\"potentialAction\":[{\"@type\":\"SearchAction\",\"target\":{\"@type\":\"EntryPoint\",\"urlTemplate\":\"https:\/\/www.cppadova.com\/de\/?s={search_term_string}\"},\"query-input\":{\"@type\":\"PropertyValueSpecification\",\"valueRequired\":true,\"valueName\":\"search_term_string\"}}],\"inLanguage\":\"de-DE\"}]}<\/script>\n<!-- \/ Yoast SEO plugin. -->","yoast_head_json":{"title":"Organisation gro\u00dfer Veranstaltungen | Crowne Plaza Padova","description":"Dank unserer R\u00e4umlichkeiten k\u00f6nnen alle Arten von Veranstaltungen organisiert werden, wie Firmentagungen, Kongresse, Konzerte, Showrooms, Ausstellungen, Auff\u00fchrungen.","robots":{"index":"index","follow":"follow","max-snippet":"max-snippet:-1","max-image-preview":"max-image-preview:large","max-video-preview":"max-video-preview:-1"},"canonical":"https:\/\/www.cppadova.com\/de\/meetings-und-veranstaltungen\/grosse-veranstaltungen\/","og_locale":"de_DE","og_type":"article","og_title":"Organisation gro\u00dfer Veranstaltungen | Crowne Plaza Padova","og_description":"Dank unserer R\u00e4umlichkeiten k\u00f6nnen alle Arten von Veranstaltungen organisiert werden, wie Firmentagungen, Kongresse, Konzerte, Showrooms, Ausstellungen, Auff\u00fchrungen.","og_url":"https:\/\/www.cppadova.com\/de\/meetings-und-veranstaltungen\/grosse-veranstaltungen\/","og_site_name":"Crowne Plaza Padova","article_modified_time":"2025-08-13T15:39:14+00:00","og_image":[{"width":2200,"height":1200,"url":"https:\/\/www.cppadova.com\/wp-content\/uploads\/sites\/252\/2021\/08\/crowne_plaza_padova_home_slide_camera.jpg","type":"image\/jpeg"}],"twitter_card":"summary_large_image","twitter_misc":{"Gesch\u00e4tzte Lesezeit":"1 Minute"},"schema":{"@context":"https:\/\/schema.org","@graph":[{"@type":"WebPage","@id":"https:\/\/www.cppadova.com\/de\/meetings-und-veranstaltungen\/grosse-veranstaltungen\/","url":"https:\/\/www.cppadova.com\/de\/meetings-und-veranstaltungen\/grosse-veranstaltungen\/","name":"Organisation gro\u00dfer Veranstaltungen | Crowne Plaza Padova","isPartOf":{"@id":"https:\/\/www.cppadova.com\/de\/#website"},"datePublished":"2024-04-18T12:26:48+00:00","dateModified":"2025-08-13T15:39:14+00:00","description":"Dank unserer R\u00e4umlichkeiten k\u00f6nnen alle Arten von Veranstaltungen organisiert werden, wie Firmentagungen, Kongresse, Konzerte, Showrooms, Ausstellungen, Auff\u00fchrungen.","breadcrumb":{"@id":"https:\/\/www.cppadova.com\/de\/meetings-und-veranstaltungen\/grosse-veranstaltungen\/#breadcrumb"},"inLanguage":"de-DE","potentialAction":[{"@type":"ReadAction","target":["https:\/\/www.cppadova.com\/de\/meetings-und-veranstaltungen\/grosse-veranstaltungen\/"]}]},{"@type":"BreadcrumbList","@id":"https:\/\/www.cppadova.com\/de\/meetings-und-veranstaltungen\/grosse-veranstaltungen\/#breadcrumb","itemListElement":[{"@type":"ListItem","position":1,"name":"Home","item":"https:\/\/www.cppadova.com\/de\/"},{"@type":"ListItem","position":2,"name":"Meetings und Veranstaltungen","item":"https:\/\/www.cppadova.com\/de\/meetings-und-veranstaltungen\/"},{"@type":"ListItem","position":3,"name":"Gro\u00dfe Veranstaltungen"}]},{"@type":"WebSite","@id":"https:\/\/www.cppadova.com\/de\/#website","url":"https:\/\/www.cppadova.com\/de\/","name":"Crowne Plaza Padova","description":"Just another ms.decms.eu site","potentialAction":[{"@type":"SearchAction","target":{"@type":"EntryPoint","urlTemplate":"https:\/\/www.cppadova.com\/de\/?s={search_term_string}"},"query-input":{"@type":"PropertyValueSpecification","valueRequired":true,"valueName":"search_term_string"}}],"inLanguage":"de-DE"}]}},"acf":[],"_links":{"self":[{"href":"https:\/\/www.cppadova.com\/de\/wp-json\/wp\/v2\/pages\/1236","targetHints":{"allow":["GET"]}}],"collection":[{"href":"https:\/\/www.cppadova.com\/de\/wp-json\/wp\/v2\/pages"}],"about":[{"href":"https:\/\/www.cppadova.com\/de\/wp-json\/wp\/v2\/types\/page"}],"author":[{"embeddable":true,"href":"https:\/\/www.cppadova.com\/de\/wp-json\/wp\/v2\/users\/36"}],"replies":[{"embeddable":true,"href":"https:\/\/www.cppadova.com\/de\/wp-json\/wp\/v2\/comments?post=1236"}],"version-history":[{"count":0,"href":"https:\/\/www.cppadova.com\/de\/wp-json\/wp\/v2\/pages\/1236\/revisions"}],"up":[{"embeddable":true,"href":"https:\/\/www.cppadova.com\/de\/wp-json\/wp\/v2\/pages\/1221"}],"wp:attachment":[{"href":"https:\/\/www.cppadova.com\/de\/wp-json\/wp\/v2\/media?parent=1236"}],"curies":[{"name":"wp","href":"https:\/\/api.w.org\/{rel}","templated":true}]}}