{"id":1239,"date":"2024-04-18T12:35:49","date_gmt":"2024-04-18T12:35:49","guid":{"rendered":"https:\/\/www.cppadova.com\/?page_id=1239"},"modified":"2025-08-13T15:42:38","modified_gmt":"2025-08-13T15:42:38","slug":"privat-und-firmenveranstaltungen","status":"publish","type":"page","link":"https:\/\/www.cppadova.com\/de\/meetings-und-veranstaltungen\/privat-und-firmenveranstaltungen\/","title":{"rendered":"Privat- und Firmenveranstaltungen"},"content":{"rendered":"<p>Ob Tagung oder Firmenfeier, 18. Geburtstag, Geburtstagsfeier allgemein, Abschlussfeier, Junggesellen- und Junggesellinnenabschied, welche Veranstaltung Sie auch immer organisieren m\u00f6chten, das <strong>Crowne Plaza Padova<\/strong> bietet Ihnen die Kombination aus <strong>hohen Qualit\u00e4tsstandards<\/strong> des 4-Sterne-Hotels und der <strong>engagierten Unterst\u00fctzung unseres Meeting Directors<\/strong>. Eine Figur, die Ihnen voll und ganz zur Seite steht und Sie bei der Auswahl aller Details unterst\u00fctzt, die Sie ben\u00f6tigen, um Ihre Veranstaltung unvergesslich zu machen: DJ, Ton- und Beleuchtungstechnik, Aufbau, Unterhaltung, Fotograf und vieles mehr.<\/p>\n<p>Setzen Sie sich mit uns in Verbindung und wir informieren Sie \u00fcber s\u00e4mtliche Merkmale unserer R\u00e4ume, die Ihnen zur Verf\u00fcgung stehende<strong> individuell gestaltbare Einrichtung<\/strong> und die hochmoderne <strong>audiovisuelle Ausstattung<\/strong>, die unser Hotel bietet. Dar\u00fcber hinaus stehen Ihnen in unserem 4-Sterne-Hotel Zimmer unterschiedlicher Gr\u00f6\u00dfe und Kategorie zur Verf\u00fcgung. Au\u00dferdem k\u00f6nnen Sie das <strong>Speise- und Getr\u00e4nkeangebot<\/strong> unseres hauseigenen Restaurants und der Bar genie\u00dfen, die <strong>Tesla-Supercharger-Ladestationen<\/strong> sowie den gro\u00dfen <strong>Au\u00dfenparkplatz oder die \u00fcberdachte Garage<\/strong> nutzen, beide kostenlos.<\/p>\n","protected":false},"excerpt":{"rendered":"<p>Ob Tagung oder Firmenfeier, 18. Geburtstag, Geburtstagsfeier allgemein, Abschlussfeier, Junggesellen- und Junggesellinnenabschied, welche Veranstaltung Sie auch immer organisieren m\u00f6chten, das Crowne Plaza Padova bietet Ihnen die Kombination aus hohen Qualit\u00e4tsstandards des 4-Sterne-Hotels und der engagierten Unterst\u00fctzung unseres Meeting Directors. Eine Figur, die Ihnen voll und ganz zur Seite steht und Sie bei der Auswahl aller [&hellip;]<\/p>\n","protected":false},"author":36,"featured_media":0,"parent":1221,"menu_order":6,"comment_status":"closed","ping_status":"closed","template":"template-default-3.php","meta":{"footnotes":""},"class_list":["post-1239","page","type-page","status-publish","hentry"],"yoast_head":"<!-- This site is optimized with the Yoast SEO plugin v26.9 - https:\/\/yoast.com\/product\/yoast-seo-wordpress\/ -->\n<title>Privat- und Firmenveranstaltungen | Crowne Plaza Padova<\/title>\n<meta name=\"description\" content=\"Unser Meeting Director unterst\u00fctzt Sie bei der Planung aller Details, damit Ihre Veranstaltung unvergesslich wird. Z\u00f6gern Sie nicht, kontaktieren Sie uns!\" \/>\n<meta name=\"robots\" content=\"index, follow, max-snippet:-1, max-image-preview:large, max-video-preview:-1\" \/>\n<link rel=\"canonical\" href=\"https:\/\/www.cppadova.com\/de\/meetings-und-veranstaltungen\/privat-und-firmenveranstaltungen\/\" \/>\n<meta property=\"og:locale\" content=\"de_DE\" \/>\n<meta property=\"og:type\" content=\"article\" \/>\n<meta property=\"og:title\" content=\"Privat- und Firmenveranstaltungen | Crowne Plaza Padova\" \/>\n<meta property=\"og:description\" content=\"Unser Meeting Director unterst\u00fctzt Sie bei der Planung aller Details, damit Ihre Veranstaltung unvergesslich wird. Z\u00f6gern Sie nicht, kontaktieren Sie uns!\" \/>\n<meta property=\"og:url\" content=\"https:\/\/www.cppadova.com\/de\/meetings-und-veranstaltungen\/privat-und-firmenveranstaltungen\/\" \/>\n<meta property=\"og:site_name\" content=\"Crowne Plaza Padova\" \/>\n<meta property=\"article:modified_time\" content=\"2025-08-13T15:42:38+00:00\" \/>\n<meta property=\"og:image\" content=\"https:\/\/www.cppadova.com\/wp-content\/uploads\/sites\/252\/2021\/08\/crowne_plaza_padova_home_slide_camera.jpg\" \/>\n\t<meta property=\"og:image:width\" content=\"2200\" \/>\n\t<meta property=\"og:image:height\" content=\"1200\" \/>\n\t<meta property=\"og:image:type\" content=\"image\/jpeg\" \/>\n<meta name=\"twitter:card\" content=\"summary_large_image\" \/>\n<meta name=\"twitter:label1\" content=\"Gesch\u00e4tzte Lesezeit\" \/>\n\t<meta name=\"twitter:data1\" content=\"1 Minute\" \/>\n<script type=\"application\/ld+json\" class=\"yoast-schema-graph\">{\"@context\":\"https:\/\/schema.org\",\"@graph\":[{\"@type\":\"WebPage\",\"@id\":\"https:\/\/www.cppadova.com\/de\/meetings-und-veranstaltungen\/privat-und-firmenveranstaltungen\/\",\"url\":\"https:\/\/www.cppadova.com\/de\/meetings-und-veranstaltungen\/privat-und-firmenveranstaltungen\/\",\"name\":\"Privat- und Firmenveranstaltungen | Crowne Plaza Padova\",\"isPartOf\":{\"@id\":\"https:\/\/www.cppadova.com\/de\/#website\"},\"datePublished\":\"2024-04-18T12:35:49+00:00\",\"dateModified\":\"2025-08-13T15:42:38+00:00\",\"description\":\"Unser Meeting Director unterst\u00fctzt Sie bei der Planung aller Details, damit Ihre Veranstaltung unvergesslich wird. Z\u00f6gern Sie nicht, kontaktieren Sie uns!\",\"breadcrumb\":{\"@id\":\"https:\/\/www.cppadova.com\/de\/meetings-und-veranstaltungen\/privat-und-firmenveranstaltungen\/#breadcrumb\"},\"inLanguage\":\"de-DE\",\"potentialAction\":[{\"@type\":\"ReadAction\",\"target\":[\"https:\/\/www.cppadova.com\/de\/meetings-und-veranstaltungen\/privat-und-firmenveranstaltungen\/\"]}]},{\"@type\":\"BreadcrumbList\",\"@id\":\"https:\/\/www.cppadova.com\/de\/meetings-und-veranstaltungen\/privat-und-firmenveranstaltungen\/#breadcrumb\",\"itemListElement\":[{\"@type\":\"ListItem\",\"position\":1,\"name\":\"Home\",\"item\":\"https:\/\/www.cppadova.com\/de\/\"},{\"@type\":\"ListItem\",\"position\":2,\"name\":\"Meetings und Veranstaltungen\",\"item\":\"https:\/\/www.cppadova.com\/de\/meetings-und-veranstaltungen\/\"},{\"@type\":\"ListItem\",\"position\":3,\"name\":\"Privat- und Firmenveranstaltungen\"}]},{\"@type\":\"WebSite\",\"@id\":\"https:\/\/www.cppadova.com\/de\/#website\",\"url\":\"https:\/\/www.cppadova.com\/de\/\",\"name\":\"Crowne Plaza Padova\",\"description\":\"Just another ms.decms.eu site\",\"potentialAction\":[{\"@type\":\"SearchAction\",\"target\":{\"@type\":\"EntryPoint\",\"urlTemplate\":\"https:\/\/www.cppadova.com\/de\/?s={search_term_string}\"},\"query-input\":{\"@type\":\"PropertyValueSpecification\",\"valueRequired\":true,\"valueName\":\"search_term_string\"}}],\"inLanguage\":\"de-DE\"}]}<\/script>\n<!-- \/ Yoast SEO plugin. -->","yoast_head_json":{"title":"Privat- und Firmenveranstaltungen | Crowne Plaza Padova","description":"Unser Meeting Director unterst\u00fctzt Sie bei der Planung aller Details, damit Ihre Veranstaltung unvergesslich wird. Z\u00f6gern Sie nicht, kontaktieren Sie uns!","robots":{"index":"index","follow":"follow","max-snippet":"max-snippet:-1","max-image-preview":"max-image-preview:large","max-video-preview":"max-video-preview:-1"},"canonical":"https:\/\/www.cppadova.com\/de\/meetings-und-veranstaltungen\/privat-und-firmenveranstaltungen\/","og_locale":"de_DE","og_type":"article","og_title":"Privat- und Firmenveranstaltungen | Crowne Plaza Padova","og_description":"Unser Meeting Director unterst\u00fctzt Sie bei der Planung aller Details, damit Ihre Veranstaltung unvergesslich wird. Z\u00f6gern Sie nicht, kontaktieren Sie uns!","og_url":"https:\/\/www.cppadova.com\/de\/meetings-und-veranstaltungen\/privat-und-firmenveranstaltungen\/","og_site_name":"Crowne Plaza Padova","article_modified_time":"2025-08-13T15:42:38+00:00","og_image":[{"width":2200,"height":1200,"url":"https:\/\/www.cppadova.com\/wp-content\/uploads\/sites\/252\/2021\/08\/crowne_plaza_padova_home_slide_camera.jpg","type":"image\/jpeg"}],"twitter_card":"summary_large_image","twitter_misc":{"Gesch\u00e4tzte Lesezeit":"1 Minute"},"schema":{"@context":"https:\/\/schema.org","@graph":[{"@type":"WebPage","@id":"https:\/\/www.cppadova.com\/de\/meetings-und-veranstaltungen\/privat-und-firmenveranstaltungen\/","url":"https:\/\/www.cppadova.com\/de\/meetings-und-veranstaltungen\/privat-und-firmenveranstaltungen\/","name":"Privat- und Firmenveranstaltungen | Crowne Plaza Padova","isPartOf":{"@id":"https:\/\/www.cppadova.com\/de\/#website"},"datePublished":"2024-04-18T12:35:49+00:00","dateModified":"2025-08-13T15:42:38+00:00","description":"Unser Meeting Director unterst\u00fctzt Sie bei der Planung aller Details, damit Ihre Veranstaltung unvergesslich wird. Z\u00f6gern Sie nicht, kontaktieren Sie uns!","breadcrumb":{"@id":"https:\/\/www.cppadova.com\/de\/meetings-und-veranstaltungen\/privat-und-firmenveranstaltungen\/#breadcrumb"},"inLanguage":"de-DE","potentialAction":[{"@type":"ReadAction","target":["https:\/\/www.cppadova.com\/de\/meetings-und-veranstaltungen\/privat-und-firmenveranstaltungen\/"]}]},{"@type":"BreadcrumbList","@id":"https:\/\/www.cppadova.com\/de\/meetings-und-veranstaltungen\/privat-und-firmenveranstaltungen\/#breadcrumb","itemListElement":[{"@type":"ListItem","position":1,"name":"Home","item":"https:\/\/www.cppadova.com\/de\/"},{"@type":"ListItem","position":2,"name":"Meetings und Veranstaltungen","item":"https:\/\/www.cppadova.com\/de\/meetings-und-veranstaltungen\/"},{"@type":"ListItem","position":3,"name":"Privat- und Firmenveranstaltungen"}]},{"@type":"WebSite","@id":"https:\/\/www.cppadova.com\/de\/#website","url":"https:\/\/www.cppadova.com\/de\/","name":"Crowne Plaza Padova","description":"Just another ms.decms.eu site","potentialAction":[{"@type":"SearchAction","target":{"@type":"EntryPoint","urlTemplate":"https:\/\/www.cppadova.com\/de\/?s={search_term_string}"},"query-input":{"@type":"PropertyValueSpecification","valueRequired":true,"valueName":"search_term_string"}}],"inLanguage":"de-DE"}]}},"acf":[],"_links":{"self":[{"href":"https:\/\/www.cppadova.com\/de\/wp-json\/wp\/v2\/pages\/1239","targetHints":{"allow":["GET"]}}],"collection":[{"href":"https:\/\/www.cppadova.com\/de\/wp-json\/wp\/v2\/pages"}],"about":[{"href":"https:\/\/www.cppadova.com\/de\/wp-json\/wp\/v2\/types\/page"}],"author":[{"embeddable":true,"href":"https:\/\/www.cppadova.com\/de\/wp-json\/wp\/v2\/users\/36"}],"replies":[{"embeddable":true,"href":"https:\/\/www.cppadova.com\/de\/wp-json\/wp\/v2\/comments?post=1239"}],"version-history":[{"count":0,"href":"https:\/\/www.cppadova.com\/de\/wp-json\/wp\/v2\/pages\/1239\/revisions"}],"up":[{"embeddable":true,"href":"https:\/\/www.cppadova.com\/de\/wp-json\/wp\/v2\/pages\/1221"}],"wp:attachment":[{"href":"https:\/\/www.cppadova.com\/de\/wp-json\/wp\/v2\/media?parent=1239"}],"curies":[{"name":"wp","href":"https:\/\/api.w.org\/{rel}","templated":true}]}}