{"id":1252,"date":"2024-04-18T13:56:12","date_gmt":"2024-04-18T13:56:12","guid":{"rendered":"https:\/\/www.cppadova.com\/?page_id=1252"},"modified":"2024-06-12T14:33:46","modified_gmt":"2024-06-12T14:33:46","slug":"angebot-stay-longer-pay-less","status":"publish","type":"page","link":"https:\/\/www.cppadova.com\/de\/angebote-und-pakete\/angebot-stay-longer-pay-less\/","title":{"rendered":"Angebot Stay Longer Pay Less"},"content":{"rendered":"<p>M\u00f6chten Sie alle, aber wirklich alle au\u00dfergew\u00f6hnlichen Sehensw\u00fcrdigkeiten und Aktivit\u00e4ten entdecken, die Padua zu bieten hat? Bleiben Sie etwas l\u00e4nger hier im Crowne Plaza Padova: mit unserem <strong>Angebot Stay Long mit Fr\u00fchst\u00fcck<\/strong>, je l\u00e4nger Sie bleiben, desto mehr sparen Sie!<\/p>\n<p>Machen Sie sich bereit, einen unvergesslichen Urlaub in Padua zu verbringen, mit der Person, die Sie lieben, Ihren Freunden oder Ihrer Familie. Unser <strong>modernes 4-Sterne-Hotel<\/strong> erwartet Sie: W\u00e4hlen Sie aus unseren <strong>Zimmern verschiedener Gr\u00f6\u00dfen und Kategorien<\/strong> dasjenige aus, das Ihnen am besten gef\u00e4llt, genie\u00dfen Sie das erfrischenden Mixgetr\u00e4nk Spritz in unserer <strong>Bar Il Pedrocchino<\/strong> und entdecken Sie die Aromen der venetischen K\u00fcche in unserem <strong>Restaurant AQuattro<\/strong>. Reisen Sie mit <strong>Kindern<\/strong>? F\u00fcr sie gibt es als Geschenk eine spezielle <strong>Puppy Box<\/strong> mit Spielen und Aktivit\u00e4ten zum Ausmalen!<\/p>\n<p>Dar\u00fcber hinaus k\u00f6nnen Sie bei einem Aufenthalt im Crowne Plaza Padova alle Dienstleistungen unseres modernen 4-Sterne-Hotels nutzen: <strong>Fitnessraum<\/strong> mit Technogym-Ger\u00e4ten, <strong>Tesla-Supercharger-Ladestationen<\/strong>, gro\u00dfz\u00fcgiger <strong>Parkplatz im Freien und<\/strong> \u00fcberdachte <strong>Garage<\/strong> mit Video\u00fcberwachung. Beeilen Sie sich, mit dem Angebot Long Stay <strong>sparen<\/strong> Sie <strong>mindestens 20 %<\/strong> im Vergleich zu unserem besten Tarif!<\/p>\n","protected":false},"excerpt":{"rendered":"<p>M\u00f6chten Sie alle, aber wirklich alle au\u00dfergew\u00f6hnlichen Sehensw\u00fcrdigkeiten und Aktivit\u00e4ten entdecken, die Padua zu bieten hat? Bleiben Sie etwas l\u00e4nger hier im Crowne Plaza Padova: mit unserem Angebot Stay Long mit Fr\u00fchst\u00fcck, je l\u00e4nger Sie bleiben, desto mehr sparen Sie! Machen Sie sich bereit, einen unvergesslichen Urlaub in Padua zu verbringen, mit der Person, die [&hellip;]<\/p>\n","protected":false},"author":36,"featured_media":0,"parent":1241,"menu_order":6,"comment_status":"closed","ping_status":"closed","template":"template-default-2.php","meta":{"footnotes":""},"class_list":["post-1252","page","type-page","status-publish","hentry"],"yoast_head":"<!-- This site is optimized with the Yoast SEO plugin v26.9 - https:\/\/yoast.com\/product\/yoast-seo-wordpress\/ -->\n<title>Angebot Stay Longer Pay Less | Crowne Plaza Padova<\/title>\n<meta name=\"description\" content=\"Je l\u00e4nger Sie bleiben, desto mehr sparen Sie mit dem Angebot f\u00fcr lange Aufenthalte mit Fr\u00fchst\u00fcck! Nutzen Sie diese M\u00f6glichkeit und genie\u00dfen Sie Padua und Umgebung.\" \/>\n<meta name=\"robots\" content=\"index, follow, max-snippet:-1, max-image-preview:large, max-video-preview:-1\" \/>\n<link rel=\"canonical\" href=\"https:\/\/www.cppadova.com\/de\/angebote-und-pakete\/angebot-stay-longer-pay-less\/\" \/>\n<meta property=\"og:locale\" content=\"de_DE\" \/>\n<meta property=\"og:type\" content=\"article\" \/>\n<meta property=\"og:title\" content=\"Angebot Stay Longer Pay Less | Crowne Plaza Padova\" \/>\n<meta property=\"og:description\" content=\"Je l\u00e4nger Sie bleiben, desto mehr sparen Sie mit dem Angebot f\u00fcr lange Aufenthalte mit Fr\u00fchst\u00fcck! Nutzen Sie diese M\u00f6glichkeit und genie\u00dfen Sie Padua und Umgebung.\" \/>\n<meta property=\"og:url\" content=\"https:\/\/www.cppadova.com\/de\/angebote-und-pakete\/angebot-stay-longer-pay-less\/\" \/>\n<meta property=\"og:site_name\" content=\"Crowne Plaza Padova\" \/>\n<meta property=\"article:modified_time\" content=\"2024-06-12T14:33:46+00:00\" \/>\n<meta property=\"og:image\" content=\"https:\/\/www.cppadova.com\/wp-content\/uploads\/sites\/252\/2021\/08\/crowne_plaza_padova_home_slide_camera.jpg\" \/>\n\t<meta property=\"og:image:width\" content=\"2200\" \/>\n\t<meta property=\"og:image:height\" content=\"1200\" \/>\n\t<meta property=\"og:image:type\" content=\"image\/jpeg\" \/>\n<meta name=\"twitter:card\" content=\"summary_large_image\" \/>\n<meta name=\"twitter:label1\" content=\"Gesch\u00e4tzte Lesezeit\" \/>\n\t<meta name=\"twitter:data1\" content=\"1 Minute\" \/>\n<script type=\"application\/ld+json\" class=\"yoast-schema-graph\">{\"@context\":\"https:\/\/schema.org\",\"@graph\":[{\"@type\":\"WebPage\",\"@id\":\"https:\/\/www.cppadova.com\/de\/angebote-und-pakete\/angebot-stay-longer-pay-less\/\",\"url\":\"https:\/\/www.cppadova.com\/de\/angebote-und-pakete\/angebot-stay-longer-pay-less\/\",\"name\":\"Angebot Stay Longer Pay Less | Crowne Plaza Padova\",\"isPartOf\":{\"@id\":\"https:\/\/www.cppadova.com\/de\/#website\"},\"datePublished\":\"2024-04-18T13:56:12+00:00\",\"dateModified\":\"2024-06-12T14:33:46+00:00\",\"description\":\"Je l\u00e4nger Sie bleiben, desto mehr sparen Sie mit dem Angebot f\u00fcr lange Aufenthalte mit Fr\u00fchst\u00fcck! Nutzen Sie diese M\u00f6glichkeit und genie\u00dfen Sie Padua und Umgebung.\",\"breadcrumb\":{\"@id\":\"https:\/\/www.cppadova.com\/de\/angebote-und-pakete\/angebot-stay-longer-pay-less\/#breadcrumb\"},\"inLanguage\":\"de-DE\",\"potentialAction\":[{\"@type\":\"ReadAction\",\"target\":[\"https:\/\/www.cppadova.com\/de\/angebote-und-pakete\/angebot-stay-longer-pay-less\/\"]}]},{\"@type\":\"BreadcrumbList\",\"@id\":\"https:\/\/www.cppadova.com\/de\/angebote-und-pakete\/angebot-stay-longer-pay-less\/#breadcrumb\",\"itemListElement\":[{\"@type\":\"ListItem\",\"position\":1,\"name\":\"Home\",\"item\":\"https:\/\/www.cppadova.com\/de\/\"},{\"@type\":\"ListItem\",\"position\":2,\"name\":\"Angebote und Pakete\",\"item\":\"https:\/\/www.cppadova.com\/de\/angebote-und-pakete\/\"},{\"@type\":\"ListItem\",\"position\":3,\"name\":\"Angebot Stay Longer Pay Less\"}]},{\"@type\":\"WebSite\",\"@id\":\"https:\/\/www.cppadova.com\/de\/#website\",\"url\":\"https:\/\/www.cppadova.com\/de\/\",\"name\":\"Crowne Plaza Padova\",\"description\":\"Just another ms.decms.eu site\",\"potentialAction\":[{\"@type\":\"SearchAction\",\"target\":{\"@type\":\"EntryPoint\",\"urlTemplate\":\"https:\/\/www.cppadova.com\/de\/?s={search_term_string}\"},\"query-input\":{\"@type\":\"PropertyValueSpecification\",\"valueRequired\":true,\"valueName\":\"search_term_string\"}}],\"inLanguage\":\"de-DE\"}]}<\/script>\n<!-- \/ Yoast SEO plugin. -->","yoast_head_json":{"title":"Angebot Stay Longer Pay Less | Crowne Plaza Padova","description":"Je l\u00e4nger Sie bleiben, desto mehr sparen Sie mit dem Angebot f\u00fcr lange Aufenthalte mit Fr\u00fchst\u00fcck! Nutzen Sie diese M\u00f6glichkeit und genie\u00dfen Sie Padua und Umgebung.","robots":{"index":"index","follow":"follow","max-snippet":"max-snippet:-1","max-image-preview":"max-image-preview:large","max-video-preview":"max-video-preview:-1"},"canonical":"https:\/\/www.cppadova.com\/de\/angebote-und-pakete\/angebot-stay-longer-pay-less\/","og_locale":"de_DE","og_type":"article","og_title":"Angebot Stay Longer Pay Less | Crowne Plaza Padova","og_description":"Je l\u00e4nger Sie bleiben, desto mehr sparen Sie mit dem Angebot f\u00fcr lange Aufenthalte mit Fr\u00fchst\u00fcck! Nutzen Sie diese M\u00f6glichkeit und genie\u00dfen Sie Padua und Umgebung.","og_url":"https:\/\/www.cppadova.com\/de\/angebote-und-pakete\/angebot-stay-longer-pay-less\/","og_site_name":"Crowne Plaza Padova","article_modified_time":"2024-06-12T14:33:46+00:00","og_image":[{"width":2200,"height":1200,"url":"https:\/\/www.cppadova.com\/wp-content\/uploads\/sites\/252\/2021\/08\/crowne_plaza_padova_home_slide_camera.jpg","type":"image\/jpeg"}],"twitter_card":"summary_large_image","twitter_misc":{"Gesch\u00e4tzte Lesezeit":"1 Minute"},"schema":{"@context":"https:\/\/schema.org","@graph":[{"@type":"WebPage","@id":"https:\/\/www.cppadova.com\/de\/angebote-und-pakete\/angebot-stay-longer-pay-less\/","url":"https:\/\/www.cppadova.com\/de\/angebote-und-pakete\/angebot-stay-longer-pay-less\/","name":"Angebot Stay Longer Pay Less | Crowne Plaza Padova","isPartOf":{"@id":"https:\/\/www.cppadova.com\/de\/#website"},"datePublished":"2024-04-18T13:56:12+00:00","dateModified":"2024-06-12T14:33:46+00:00","description":"Je l\u00e4nger Sie bleiben, desto mehr sparen Sie mit dem Angebot f\u00fcr lange Aufenthalte mit Fr\u00fchst\u00fcck! Nutzen Sie diese M\u00f6glichkeit und genie\u00dfen Sie Padua und Umgebung.","breadcrumb":{"@id":"https:\/\/www.cppadova.com\/de\/angebote-und-pakete\/angebot-stay-longer-pay-less\/#breadcrumb"},"inLanguage":"de-DE","potentialAction":[{"@type":"ReadAction","target":["https:\/\/www.cppadova.com\/de\/angebote-und-pakete\/angebot-stay-longer-pay-less\/"]}]},{"@type":"BreadcrumbList","@id":"https:\/\/www.cppadova.com\/de\/angebote-und-pakete\/angebot-stay-longer-pay-less\/#breadcrumb","itemListElement":[{"@type":"ListItem","position":1,"name":"Home","item":"https:\/\/www.cppadova.com\/de\/"},{"@type":"ListItem","position":2,"name":"Angebote und Pakete","item":"https:\/\/www.cppadova.com\/de\/angebote-und-pakete\/"},{"@type":"ListItem","position":3,"name":"Angebot Stay Longer Pay Less"}]},{"@type":"WebSite","@id":"https:\/\/www.cppadova.com\/de\/#website","url":"https:\/\/www.cppadova.com\/de\/","name":"Crowne Plaza Padova","description":"Just another ms.decms.eu site","potentialAction":[{"@type":"SearchAction","target":{"@type":"EntryPoint","urlTemplate":"https:\/\/www.cppadova.com\/de\/?s={search_term_string}"},"query-input":{"@type":"PropertyValueSpecification","valueRequired":true,"valueName":"search_term_string"}}],"inLanguage":"de-DE"}]}},"acf":[],"_links":{"self":[{"href":"https:\/\/www.cppadova.com\/de\/wp-json\/wp\/v2\/pages\/1252","targetHints":{"allow":["GET"]}}],"collection":[{"href":"https:\/\/www.cppadova.com\/de\/wp-json\/wp\/v2\/pages"}],"about":[{"href":"https:\/\/www.cppadova.com\/de\/wp-json\/wp\/v2\/types\/page"}],"author":[{"embeddable":true,"href":"https:\/\/www.cppadova.com\/de\/wp-json\/wp\/v2\/users\/36"}],"replies":[{"embeddable":true,"href":"https:\/\/www.cppadova.com\/de\/wp-json\/wp\/v2\/comments?post=1252"}],"version-history":[{"count":0,"href":"https:\/\/www.cppadova.com\/de\/wp-json\/wp\/v2\/pages\/1252\/revisions"}],"up":[{"embeddable":true,"href":"https:\/\/www.cppadova.com\/de\/wp-json\/wp\/v2\/pages\/1241"}],"wp:attachment":[{"href":"https:\/\/www.cppadova.com\/de\/wp-json\/wp\/v2\/media?parent=1252"}],"curies":[{"name":"wp","href":"https:\/\/api.w.org\/{rel}","templated":true}]}}