{"id":1258,"date":"2024-04-18T14:00:29","date_gmt":"2024-04-18T14:00:29","guid":{"rendered":"https:\/\/www.cppadova.com\/?page_id=1258"},"modified":"2026-03-26T11:43:18","modified_gmt":"2026-03-26T11:43:18","slug":"paket-mit-abendessen-und-fruehstueck","status":"publish","type":"page","link":"https:\/\/www.cppadova.com\/de\/angebote-und-pakete\/paket-mit-abendessen-und-fruehstueck\/","title":{"rendered":"Paket mit Abendessen und Fr\u00fchst\u00fcck"},"content":{"rendered":"<p>Suchen Sie ein <strong>Hotel mit Restaurant <\/strong>f\u00fcr Ihren n\u00e4chsten Aufenthalt in Padua? Egal, ob Sie gesch\u00e4ftlich oder privat unterwegs sind, entscheiden Sie sich f\u00fcr das <strong>Crowne Plaza Padova<\/strong>, ein <strong>modernes 4-Sterne-Hotel<\/strong>, das Ihnen mit seinem <strong>Paket mit Fr\u00fchst\u00fcck und Abendessen <\/strong>einen unvergesslichen Urlaub beschert!<\/p>\n<p>Tanken Sie morgens beim <strong>reichhaltigen Fr\u00fchst\u00fcck mit s\u00fc\u00dfen und herzhaften Speisen<\/strong> neue Energie, w\u00e4hrend Sie abends beim <strong>k\u00f6stlichen Abendessen<\/strong> im <strong>hauseigenen Restaurant AQuattro<\/strong> die Aromen der venetischen K\u00fcche entdecken. Reisen Sie mit <strong>Kindern<\/strong>? F\u00fcr sie gibt es als Geschenk eine spezielle <strong>Puppy Box<\/strong> mit Spielen und Aktivit\u00e4ten zum Ausmalen!<\/p>\n<p>W\u00e4hlen Sie f\u00fcr Ihren n\u00e4chsten Urlaub in Padua die exklusiven Dienstleistungen des Crowne Plaza Padova, eines modernen <strong>4-Sterne-Hotels<\/strong>, das strategisch g\u00fcnstig in <strong>der N\u00e4he der Autobahn<\/strong> und der Umgehungsstra\u00dfe liegt und von dem aus <strong>das Stadtzentrum leicht zu erreichen<\/strong> ist. Entscheiden Sie sich f\u00fcr unser Hotel und genie\u00dfen Sie die vielen Annehmlichkeiten wie: <strong>LCD-Fernseher mit Sky-Kan\u00e4len<\/strong>, Set f\u00fcr die Zubereitung von Tee und Kaffee und schnelle Glasfaser-<strong>WLAN-Verbindung<\/strong> in den Zimmern. Dar\u00fcber hinaus haben Sie freien Zugang zu unserem <strong>Fitnessraum <\/strong>mit Technogym-Ger\u00e4ten, unserem gro\u00dfen <strong>Parkplatz im Freien und<\/strong> der \u00fcberdachten <strong>Garage<\/strong> mit Video\u00fcberwachung.<\/p>\n","protected":false},"excerpt":{"rendered":"<p>Suchen Sie ein Hotel mit Restaurant f\u00fcr Ihren n\u00e4chsten Aufenthalt in Padua? Egal, ob Sie gesch\u00e4ftlich oder privat unterwegs sind, entscheiden Sie sich f\u00fcr das Crowne Plaza Padova, ein modernes 4-Sterne-Hotel, das Ihnen mit seinem Paket mit Fr\u00fchst\u00fcck und Abendessen einen unvergesslichen Urlaub beschert! Tanken Sie morgens beim reichhaltigen Fr\u00fchst\u00fcck mit s\u00fc\u00dfen und herzhaften Speisen [&hellip;]<\/p>\n","protected":false},"author":36,"featured_media":0,"parent":1241,"menu_order":4,"comment_status":"closed","ping_status":"closed","template":"template-default-2.php","meta":{"footnotes":""},"class_list":["post-1258","page","type-page","status-publish","hentry"],"yoast_head":"<!-- This site is optimized with the Yoast SEO plugin v26.9 - https:\/\/yoast.com\/product\/yoast-seo-wordpress\/ -->\n<title>Paket mit Abendessen und Fr\u00fchst\u00fcck | Crowne Plaza Padova<\/title>\n<meta name=\"description\" content=\"Genie\u00dfen Sie im Hotel Crowne Plaza Padova ein reichhaltiges Fr\u00fchst\u00fcck und ein k\u00f6stliches Abendessen, beides ist in Ihrem Aufenthalt inbegriffen. Kommen Sie uns besuchen!\" \/>\n<meta name=\"robots\" content=\"index, follow, max-snippet:-1, max-image-preview:large, max-video-preview:-1\" \/>\n<link rel=\"canonical\" href=\"https:\/\/www.cppadova.com\/de\/angebote-und-pakete\/paket-mit-abendessen-und-fruehstueck\/\" \/>\n<meta property=\"og:locale\" content=\"de_DE\" \/>\n<meta property=\"og:type\" content=\"article\" \/>\n<meta property=\"og:title\" content=\"Paket mit Abendessen und Fr\u00fchst\u00fcck | Crowne Plaza Padova\" \/>\n<meta property=\"og:description\" content=\"Genie\u00dfen Sie im Hotel Crowne Plaza Padova ein reichhaltiges Fr\u00fchst\u00fcck und ein k\u00f6stliches Abendessen, beides ist in Ihrem Aufenthalt inbegriffen. Kommen Sie uns besuchen!\" \/>\n<meta property=\"og:url\" content=\"https:\/\/www.cppadova.com\/de\/angebote-und-pakete\/paket-mit-abendessen-und-fruehstueck\/\" \/>\n<meta property=\"og:site_name\" content=\"Crowne Plaza Padova\" \/>\n<meta property=\"article:modified_time\" content=\"2026-03-26T11:43:18+00:00\" \/>\n<meta property=\"og:image\" content=\"https:\/\/www.cppadova.com\/wp-content\/uploads\/sites\/252\/2021\/08\/crowne_plaza_padova_home_slide_camera.jpg\" \/>\n\t<meta property=\"og:image:width\" content=\"2200\" \/>\n\t<meta property=\"og:image:height\" content=\"1200\" \/>\n\t<meta property=\"og:image:type\" content=\"image\/jpeg\" \/>\n<meta name=\"twitter:card\" content=\"summary_large_image\" \/>\n<meta name=\"twitter:label1\" content=\"Gesch\u00e4tzte Lesezeit\" \/>\n\t<meta name=\"twitter:data1\" content=\"1 Minute\" \/>\n<script type=\"application\/ld+json\" class=\"yoast-schema-graph\">{\"@context\":\"https:\/\/schema.org\",\"@graph\":[{\"@type\":\"WebPage\",\"@id\":\"https:\/\/www.cppadova.com\/de\/angebote-und-pakete\/paket-mit-abendessen-und-fruehstueck\/\",\"url\":\"https:\/\/www.cppadova.com\/de\/angebote-und-pakete\/paket-mit-abendessen-und-fruehstueck\/\",\"name\":\"Paket mit Abendessen und Fr\u00fchst\u00fcck | Crowne Plaza Padova\",\"isPartOf\":{\"@id\":\"https:\/\/www.cppadova.com\/de\/#website\"},\"datePublished\":\"2024-04-18T14:00:29+00:00\",\"dateModified\":\"2026-03-26T11:43:18+00:00\",\"description\":\"Genie\u00dfen Sie im Hotel Crowne Plaza Padova ein reichhaltiges Fr\u00fchst\u00fcck und ein k\u00f6stliches Abendessen, beides ist in Ihrem Aufenthalt inbegriffen. Kommen Sie uns besuchen!\",\"breadcrumb\":{\"@id\":\"https:\/\/www.cppadova.com\/de\/angebote-und-pakete\/paket-mit-abendessen-und-fruehstueck\/#breadcrumb\"},\"inLanguage\":\"de-DE\",\"potentialAction\":[{\"@type\":\"ReadAction\",\"target\":[\"https:\/\/www.cppadova.com\/de\/angebote-und-pakete\/paket-mit-abendessen-und-fruehstueck\/\"]}]},{\"@type\":\"BreadcrumbList\",\"@id\":\"https:\/\/www.cppadova.com\/de\/angebote-und-pakete\/paket-mit-abendessen-und-fruehstueck\/#breadcrumb\",\"itemListElement\":[{\"@type\":\"ListItem\",\"position\":1,\"name\":\"Home\",\"item\":\"https:\/\/www.cppadova.com\/de\/\"},{\"@type\":\"ListItem\",\"position\":2,\"name\":\"Angebote und Pakete\",\"item\":\"https:\/\/www.cppadova.com\/de\/angebote-und-pakete\/\"},{\"@type\":\"ListItem\",\"position\":3,\"name\":\"Paket mit Abendessen und Fr\u00fchst\u00fcck\"}]},{\"@type\":\"WebSite\",\"@id\":\"https:\/\/www.cppadova.com\/de\/#website\",\"url\":\"https:\/\/www.cppadova.com\/de\/\",\"name\":\"Crowne Plaza Padova\",\"description\":\"Just another ms.decms.eu site\",\"potentialAction\":[{\"@type\":\"SearchAction\",\"target\":{\"@type\":\"EntryPoint\",\"urlTemplate\":\"https:\/\/www.cppadova.com\/de\/?s={search_term_string}\"},\"query-input\":{\"@type\":\"PropertyValueSpecification\",\"valueRequired\":true,\"valueName\":\"search_term_string\"}}],\"inLanguage\":\"de-DE\"}]}<\/script>\n<!-- \/ Yoast SEO plugin. -->","yoast_head_json":{"title":"Paket mit Abendessen und Fr\u00fchst\u00fcck | Crowne Plaza Padova","description":"Genie\u00dfen Sie im Hotel Crowne Plaza Padova ein reichhaltiges Fr\u00fchst\u00fcck und ein k\u00f6stliches Abendessen, beides ist in Ihrem Aufenthalt inbegriffen. Kommen Sie uns besuchen!","robots":{"index":"index","follow":"follow","max-snippet":"max-snippet:-1","max-image-preview":"max-image-preview:large","max-video-preview":"max-video-preview:-1"},"canonical":"https:\/\/www.cppadova.com\/de\/angebote-und-pakete\/paket-mit-abendessen-und-fruehstueck\/","og_locale":"de_DE","og_type":"article","og_title":"Paket mit Abendessen und Fr\u00fchst\u00fcck | Crowne Plaza Padova","og_description":"Genie\u00dfen Sie im Hotel Crowne Plaza Padova ein reichhaltiges Fr\u00fchst\u00fcck und ein k\u00f6stliches Abendessen, beides ist in Ihrem Aufenthalt inbegriffen. Kommen Sie uns besuchen!","og_url":"https:\/\/www.cppadova.com\/de\/angebote-und-pakete\/paket-mit-abendessen-und-fruehstueck\/","og_site_name":"Crowne Plaza Padova","article_modified_time":"2026-03-26T11:43:18+00:00","og_image":[{"width":2200,"height":1200,"url":"https:\/\/www.cppadova.com\/wp-content\/uploads\/sites\/252\/2021\/08\/crowne_plaza_padova_home_slide_camera.jpg","type":"image\/jpeg"}],"twitter_card":"summary_large_image","twitter_misc":{"Gesch\u00e4tzte Lesezeit":"1 Minute"},"schema":{"@context":"https:\/\/schema.org","@graph":[{"@type":"WebPage","@id":"https:\/\/www.cppadova.com\/de\/angebote-und-pakete\/paket-mit-abendessen-und-fruehstueck\/","url":"https:\/\/www.cppadova.com\/de\/angebote-und-pakete\/paket-mit-abendessen-und-fruehstueck\/","name":"Paket mit Abendessen und Fr\u00fchst\u00fcck | Crowne Plaza Padova","isPartOf":{"@id":"https:\/\/www.cppadova.com\/de\/#website"},"datePublished":"2024-04-18T14:00:29+00:00","dateModified":"2026-03-26T11:43:18+00:00","description":"Genie\u00dfen Sie im Hotel Crowne Plaza Padova ein reichhaltiges Fr\u00fchst\u00fcck und ein k\u00f6stliches Abendessen, beides ist in Ihrem Aufenthalt inbegriffen. Kommen Sie uns besuchen!","breadcrumb":{"@id":"https:\/\/www.cppadova.com\/de\/angebote-und-pakete\/paket-mit-abendessen-und-fruehstueck\/#breadcrumb"},"inLanguage":"de-DE","potentialAction":[{"@type":"ReadAction","target":["https:\/\/www.cppadova.com\/de\/angebote-und-pakete\/paket-mit-abendessen-und-fruehstueck\/"]}]},{"@type":"BreadcrumbList","@id":"https:\/\/www.cppadova.com\/de\/angebote-und-pakete\/paket-mit-abendessen-und-fruehstueck\/#breadcrumb","itemListElement":[{"@type":"ListItem","position":1,"name":"Home","item":"https:\/\/www.cppadova.com\/de\/"},{"@type":"ListItem","position":2,"name":"Angebote und Pakete","item":"https:\/\/www.cppadova.com\/de\/angebote-und-pakete\/"},{"@type":"ListItem","position":3,"name":"Paket mit Abendessen und Fr\u00fchst\u00fcck"}]},{"@type":"WebSite","@id":"https:\/\/www.cppadova.com\/de\/#website","url":"https:\/\/www.cppadova.com\/de\/","name":"Crowne Plaza Padova","description":"Just another ms.decms.eu site","potentialAction":[{"@type":"SearchAction","target":{"@type":"EntryPoint","urlTemplate":"https:\/\/www.cppadova.com\/de\/?s={search_term_string}"},"query-input":{"@type":"PropertyValueSpecification","valueRequired":true,"valueName":"search_term_string"}}],"inLanguage":"de-DE"}]}},"acf":[],"_links":{"self":[{"href":"https:\/\/www.cppadova.com\/de\/wp-json\/wp\/v2\/pages\/1258","targetHints":{"allow":["GET"]}}],"collection":[{"href":"https:\/\/www.cppadova.com\/de\/wp-json\/wp\/v2\/pages"}],"about":[{"href":"https:\/\/www.cppadova.com\/de\/wp-json\/wp\/v2\/types\/page"}],"author":[{"embeddable":true,"href":"https:\/\/www.cppadova.com\/de\/wp-json\/wp\/v2\/users\/36"}],"replies":[{"embeddable":true,"href":"https:\/\/www.cppadova.com\/de\/wp-json\/wp\/v2\/comments?post=1258"}],"version-history":[{"count":0,"href":"https:\/\/www.cppadova.com\/de\/wp-json\/wp\/v2\/pages\/1258\/revisions"}],"up":[{"embeddable":true,"href":"https:\/\/www.cppadova.com\/de\/wp-json\/wp\/v2\/pages\/1241"}],"wp:attachment":[{"href":"https:\/\/www.cppadova.com\/de\/wp-json\/wp\/v2\/media?parent=1258"}],"curies":[{"name":"wp","href":"https:\/\/api.w.org\/{rel}","templated":true}]}}