{"id":1262,"date":"2024-04-18T14:07:34","date_gmt":"2024-04-18T14:07:34","guid":{"rendered":"https:\/\/www.cppadova.com\/?page_id=1262"},"modified":"2025-12-23T07:52:04","modified_gmt":"2025-12-23T07:52:04","slug":"paket-konzerte-und-shows","status":"publish","type":"page","link":"https:\/\/www.cppadova.com\/de\/angebote-und-pakete\/paket-konzerte-und-shows\/","title":{"rendered":"Paket Konzerte und Shows"},"content":{"rendered":"<p>Werden Sie beim Padua-Termin der Tournee Ihres Lieblingsk\u00fcnstlers dabei sein oder eine Show in der Stadt besuchen? Wenn Sie ein Hotel in der N\u00e4he von Konzert- und Veranstaltungsorten in Padua suchen, w\u00e4hlen Sie das 4<strong>-Sterne-Hotel Crowne Plaza Padova<\/strong>, von dem aus Sie bequem das <strong>Gran Teatro Geox<\/strong>, die <strong>KIOENE Arena<\/strong>, das <strong>Euganeo-Stadion<\/strong> und das <strong>Sherwood Festival<\/strong> erreichen k\u00f6nnen.<\/p>\n<p>Entscheiden Sie sich f\u00fcr unser modernes 4-Sterne-Hotel in Padua und machen Sie Ihr Erlebnis mit dem exklusiven <strong>Paket Konzerte und Shows<\/strong> noch einzigartiger. Es gibt viele exklusive Vorteile f\u00fcr Sie wie: <strong>Begr\u00fc\u00dfungsgetr\u00e4nk<\/strong>, um Ihren Urlaub mit einem Toast zu beginnen, <strong>reichhaltiges Fr\u00fchst\u00fcck<\/strong> mit s\u00fc\u00dfen und herzhaften Speisen,<strong> sp\u00e4tes Auschecken bis 14:00 Uhr<\/strong>, damit Sie in aller Ruhe weiterreisen k\u00f6nnen, bequemer <strong>Parkplatz oder Garage<\/strong> und <strong>10 % Erm\u00e4\u00dfigung auf die F&amp;B-Angebote<\/strong> unserer Bar und unseres Restaurants. Und das ist noch nicht alles. Wenn Sie unser Paket w\u00e4hlen, entscheiden Sie sich gleichzeitig f\u00fcr <strong>Flexibilit\u00e4t<\/strong>, denn Sie k\u00f6nnen bis zu <strong>7 Tage vor Ihrem Anreisedatum kostenlos stornieren<\/strong>.<\/p>\n<p>Worauf warten Sie noch? Klicken Sie auf die Schaltfl\u00e4che \u201eJetzt buchen\u201c und denken Sie daran: Das Angebot muss mindestens 7 Tage im Voraus gebucht werden, w\u00e4hlen Sie den Tarif \u201ePaket Konzerte und Shows\u201c aus und legen Sie Ihr Ticket beim Check-in vor, um anschlie\u00dfend voll und ganz in Ihr Konzert- oder Show-Erlebnis einzutauchen!<\/p>\n","protected":false},"excerpt":{"rendered":"<p>Werden Sie beim Padua-Termin der Tournee Ihres Lieblingsk\u00fcnstlers dabei sein oder eine Show in der Stadt besuchen? Wenn Sie ein Hotel in der N\u00e4he von Konzert- und Veranstaltungsorten in Padua suchen, w\u00e4hlen Sie das 4-Sterne-Hotel Crowne Plaza Padova, von dem aus Sie bequem das Gran Teatro Geox, die KIOENE Arena, das Euganeo-Stadion und das Sherwood [&hellip;]<\/p>\n","protected":false},"author":36,"featured_media":0,"parent":1241,"menu_order":2,"comment_status":"closed","ping_status":"closed","template":"template-default-2.php","meta":{"footnotes":""},"class_list":["post-1262","page","type-page","status-publish","hentry"],"yoast_head":"<!-- This site is optimized with the Yoast SEO plugin v26.9 - https:\/\/yoast.com\/product\/yoast-seo-wordpress\/ -->\n<title>Paket Konzerte und Shows in Padua | Crowne Plaza Padova<\/title>\n<meta name=\"description\" content=\"Suchen Sie ein Hotel f\u00fcr Konzerte oder Shows? W\u00e4hlen Sie das Paket des Crowne Plaza Padova mit Aperitif, Fr\u00fchst\u00fcck, Late Check-out, Parkplatz und F&amp;B-Rabatt!\" \/>\n<meta name=\"robots\" content=\"index, follow, max-snippet:-1, max-image-preview:large, max-video-preview:-1\" \/>\n<link rel=\"canonical\" href=\"https:\/\/www.cppadova.com\/de\/angebote-und-pakete\/paket-konzerte-und-shows\/\" \/>\n<meta property=\"og:locale\" content=\"de_DE\" \/>\n<meta property=\"og:type\" content=\"article\" \/>\n<meta property=\"og:title\" content=\"Paket Konzerte und Shows in Padua | Crowne Plaza Padova\" \/>\n<meta property=\"og:description\" content=\"Suchen Sie ein Hotel f\u00fcr Konzerte oder Shows? W\u00e4hlen Sie das Paket des Crowne Plaza Padova mit Aperitif, Fr\u00fchst\u00fcck, Late Check-out, Parkplatz und F&amp;B-Rabatt!\" \/>\n<meta property=\"og:url\" content=\"https:\/\/www.cppadova.com\/de\/angebote-und-pakete\/paket-konzerte-und-shows\/\" \/>\n<meta property=\"og:site_name\" content=\"Crowne Plaza Padova\" \/>\n<meta property=\"article:modified_time\" content=\"2025-12-23T07:52:04+00:00\" \/>\n<meta property=\"og:image\" content=\"https:\/\/www.cppadova.com\/wp-content\/uploads\/sites\/252\/2021\/08\/crowne_plaza_padova_home_slide_camera.jpg\" \/>\n\t<meta property=\"og:image:width\" content=\"2200\" \/>\n\t<meta property=\"og:image:height\" content=\"1200\" \/>\n\t<meta property=\"og:image:type\" content=\"image\/jpeg\" \/>\n<meta name=\"twitter:card\" content=\"summary_large_image\" \/>\n<meta name=\"twitter:label1\" content=\"Gesch\u00e4tzte Lesezeit\" \/>\n\t<meta name=\"twitter:data1\" content=\"1 Minute\" \/>\n<script type=\"application\/ld+json\" class=\"yoast-schema-graph\">{\"@context\":\"https:\/\/schema.org\",\"@graph\":[{\"@type\":\"WebPage\",\"@id\":\"https:\/\/www.cppadova.com\/de\/angebote-und-pakete\/paket-konzerte-und-shows\/\",\"url\":\"https:\/\/www.cppadova.com\/de\/angebote-und-pakete\/paket-konzerte-und-shows\/\",\"name\":\"Paket Konzerte und Shows in Padua | Crowne Plaza Padova\",\"isPartOf\":{\"@id\":\"https:\/\/www.cppadova.com\/de\/#website\"},\"datePublished\":\"2024-04-18T14:07:34+00:00\",\"dateModified\":\"2025-12-23T07:52:04+00:00\",\"description\":\"Suchen Sie ein Hotel f\u00fcr Konzerte oder Shows? W\u00e4hlen Sie das Paket des Crowne Plaza Padova mit Aperitif, Fr\u00fchst\u00fcck, Late Check-out, Parkplatz und F&B-Rabatt!\",\"breadcrumb\":{\"@id\":\"https:\/\/www.cppadova.com\/de\/angebote-und-pakete\/paket-konzerte-und-shows\/#breadcrumb\"},\"inLanguage\":\"de-DE\",\"potentialAction\":[{\"@type\":\"ReadAction\",\"target\":[\"https:\/\/www.cppadova.com\/de\/angebote-und-pakete\/paket-konzerte-und-shows\/\"]}]},{\"@type\":\"BreadcrumbList\",\"@id\":\"https:\/\/www.cppadova.com\/de\/angebote-und-pakete\/paket-konzerte-und-shows\/#breadcrumb\",\"itemListElement\":[{\"@type\":\"ListItem\",\"position\":1,\"name\":\"Home\",\"item\":\"https:\/\/www.cppadova.com\/de\/\"},{\"@type\":\"ListItem\",\"position\":2,\"name\":\"Angebote und Pakete\",\"item\":\"https:\/\/www.cppadova.com\/de\/angebote-und-pakete\/\"},{\"@type\":\"ListItem\",\"position\":3,\"name\":\"Paket Konzerte und Shows\"}]},{\"@type\":\"WebSite\",\"@id\":\"https:\/\/www.cppadova.com\/de\/#website\",\"url\":\"https:\/\/www.cppadova.com\/de\/\",\"name\":\"Crowne Plaza Padova\",\"description\":\"Just another ms.decms.eu site\",\"potentialAction\":[{\"@type\":\"SearchAction\",\"target\":{\"@type\":\"EntryPoint\",\"urlTemplate\":\"https:\/\/www.cppadova.com\/de\/?s={search_term_string}\"},\"query-input\":{\"@type\":\"PropertyValueSpecification\",\"valueRequired\":true,\"valueName\":\"search_term_string\"}}],\"inLanguage\":\"de-DE\"}]}<\/script>\n<!-- \/ Yoast SEO plugin. -->","yoast_head_json":{"title":"Paket Konzerte und Shows in Padua | Crowne Plaza Padova","description":"Suchen Sie ein Hotel f\u00fcr Konzerte oder Shows? W\u00e4hlen Sie das Paket des Crowne Plaza Padova mit Aperitif, Fr\u00fchst\u00fcck, Late Check-out, Parkplatz und F&B-Rabatt!","robots":{"index":"index","follow":"follow","max-snippet":"max-snippet:-1","max-image-preview":"max-image-preview:large","max-video-preview":"max-video-preview:-1"},"canonical":"https:\/\/www.cppadova.com\/de\/angebote-und-pakete\/paket-konzerte-und-shows\/","og_locale":"de_DE","og_type":"article","og_title":"Paket Konzerte und Shows in Padua | Crowne Plaza Padova","og_description":"Suchen Sie ein Hotel f\u00fcr Konzerte oder Shows? W\u00e4hlen Sie das Paket des Crowne Plaza Padova mit Aperitif, Fr\u00fchst\u00fcck, Late Check-out, Parkplatz und F&B-Rabatt!","og_url":"https:\/\/www.cppadova.com\/de\/angebote-und-pakete\/paket-konzerte-und-shows\/","og_site_name":"Crowne Plaza Padova","article_modified_time":"2025-12-23T07:52:04+00:00","og_image":[{"width":2200,"height":1200,"url":"https:\/\/www.cppadova.com\/wp-content\/uploads\/sites\/252\/2021\/08\/crowne_plaza_padova_home_slide_camera.jpg","type":"image\/jpeg"}],"twitter_card":"summary_large_image","twitter_misc":{"Gesch\u00e4tzte Lesezeit":"1 Minute"},"schema":{"@context":"https:\/\/schema.org","@graph":[{"@type":"WebPage","@id":"https:\/\/www.cppadova.com\/de\/angebote-und-pakete\/paket-konzerte-und-shows\/","url":"https:\/\/www.cppadova.com\/de\/angebote-und-pakete\/paket-konzerte-und-shows\/","name":"Paket Konzerte und Shows in Padua | Crowne Plaza Padova","isPartOf":{"@id":"https:\/\/www.cppadova.com\/de\/#website"},"datePublished":"2024-04-18T14:07:34+00:00","dateModified":"2025-12-23T07:52:04+00:00","description":"Suchen Sie ein Hotel f\u00fcr Konzerte oder Shows? W\u00e4hlen Sie das Paket des Crowne Plaza Padova mit Aperitif, Fr\u00fchst\u00fcck, Late Check-out, Parkplatz und F&B-Rabatt!","breadcrumb":{"@id":"https:\/\/www.cppadova.com\/de\/angebote-und-pakete\/paket-konzerte-und-shows\/#breadcrumb"},"inLanguage":"de-DE","potentialAction":[{"@type":"ReadAction","target":["https:\/\/www.cppadova.com\/de\/angebote-und-pakete\/paket-konzerte-und-shows\/"]}]},{"@type":"BreadcrumbList","@id":"https:\/\/www.cppadova.com\/de\/angebote-und-pakete\/paket-konzerte-und-shows\/#breadcrumb","itemListElement":[{"@type":"ListItem","position":1,"name":"Home","item":"https:\/\/www.cppadova.com\/de\/"},{"@type":"ListItem","position":2,"name":"Angebote und Pakete","item":"https:\/\/www.cppadova.com\/de\/angebote-und-pakete\/"},{"@type":"ListItem","position":3,"name":"Paket Konzerte und Shows"}]},{"@type":"WebSite","@id":"https:\/\/www.cppadova.com\/de\/#website","url":"https:\/\/www.cppadova.com\/de\/","name":"Crowne Plaza Padova","description":"Just another ms.decms.eu site","potentialAction":[{"@type":"SearchAction","target":{"@type":"EntryPoint","urlTemplate":"https:\/\/www.cppadova.com\/de\/?s={search_term_string}"},"query-input":{"@type":"PropertyValueSpecification","valueRequired":true,"valueName":"search_term_string"}}],"inLanguage":"de-DE"}]}},"acf":[],"_links":{"self":[{"href":"https:\/\/www.cppadova.com\/de\/wp-json\/wp\/v2\/pages\/1262","targetHints":{"allow":["GET"]}}],"collection":[{"href":"https:\/\/www.cppadova.com\/de\/wp-json\/wp\/v2\/pages"}],"about":[{"href":"https:\/\/www.cppadova.com\/de\/wp-json\/wp\/v2\/types\/page"}],"author":[{"embeddable":true,"href":"https:\/\/www.cppadova.com\/de\/wp-json\/wp\/v2\/users\/36"}],"replies":[{"embeddable":true,"href":"https:\/\/www.cppadova.com\/de\/wp-json\/wp\/v2\/comments?post=1262"}],"version-history":[{"count":0,"href":"https:\/\/www.cppadova.com\/de\/wp-json\/wp\/v2\/pages\/1262\/revisions"}],"up":[{"embeddable":true,"href":"https:\/\/www.cppadova.com\/de\/wp-json\/wp\/v2\/pages\/1241"}],"wp:attachment":[{"href":"https:\/\/www.cppadova.com\/de\/wp-json\/wp\/v2\/media?parent=1262"}],"curies":[{"name":"wp","href":"https:\/\/api.w.org\/{rel}","templated":true}]}}