{"id":1266,"date":"2024-04-18T14:14:59","date_gmt":"2024-04-18T14:14:59","guid":{"rendered":"https:\/\/www.cppadova.com\/?page_id=1266"},"modified":"2024-05-07T14:06:20","modified_gmt":"2024-05-07T14:06:20","slug":"business-paket","status":"publish","type":"page","link":"https:\/\/www.cppadova.com\/de\/angebote-und-pakete\/business-paket\/","title":{"rendered":"Business-Paket"},"content":{"rendered":"<p>Das <strong>Business-Paket<\/strong> des Hotels Crowne Plaza Padova wurde speziell f\u00fcr die Bed\u00fcrfnisse von Gesch\u00e4ftsreisenden entwickelt und umfasst zahlreiche Dienstleistungen, die Ihren Aufenthalt angenehm und entspannend gestalten.<\/p>\n<p><strong>Fr\u00fchst\u00fcck inbegriffen<\/strong>, <strong>Begr\u00fc\u00dfungsgetr\u00e4nk<\/strong>, <strong>kostenlose Stornierung<\/strong> bis zum Tag vor der Anreise &#8211; das sind nur einige der Vorteile, die speziell f\u00fcr unsere Gesch\u00e4ftsreisenden entwickelt wurden. Was das <strong>Crowne Plaza Padova<\/strong> zur perfekten Wahl f\u00fcr Ihren n\u00e4chsten Aufenthalt macht, ist seine <strong>strategische Lage<\/strong>: Unser <strong>modernes 4-Sterne-Hotel<\/strong> liegt in der N\u00e4he der Autobahn und der Umgehungsstra\u00dfe und ist gleichzeitig gut an das Stadtzentrum und den Bahnhof angebunden.<\/p>\n<p>Wenn Sie sich f\u00fcr unser Hotel entscheiden, stehen Ihnen auch viele exklusive Dienstleistungen zur Verf\u00fcgung: unser <strong>Restaurant<\/strong> und die <strong>Bar<\/strong>, beide hauseigen, der <strong>gro\u00dfe Parkplatz<\/strong> im Freien und die \u00fcberdachte Garage mit Video\u00fcberwachung sowie unser <strong>Fitnessraum<\/strong> mit Technogym-Ger\u00e4ten.<\/p>\n","protected":false},"excerpt":{"rendered":"<p>Das Business-Paket des Hotels Crowne Plaza Padova wurde speziell f\u00fcr die Bed\u00fcrfnisse von Gesch\u00e4ftsreisenden entwickelt und umfasst zahlreiche Dienstleistungen, die Ihren Aufenthalt angenehm und entspannend gestalten. Fr\u00fchst\u00fcck inbegriffen, Begr\u00fc\u00dfungsgetr\u00e4nk, kostenlose Stornierung bis zum Tag vor der Anreise &#8211; das sind nur einige der Vorteile, die speziell f\u00fcr unsere Gesch\u00e4ftsreisenden entwickelt wurden. Was das Crowne Plaza [&hellip;]<\/p>\n","protected":false},"author":36,"featured_media":0,"parent":1241,"menu_order":3,"comment_status":"closed","ping_status":"closed","template":"template-default-2.php","meta":{"footnotes":""},"class_list":["post-1266","page","type-page","status-publish","hentry"],"yoast_head":"<!-- This site is optimized with the Yoast SEO plugin v26.9 - https:\/\/yoast.com\/product\/yoast-seo-wordpress\/ -->\n<title>Business-Paket: exklusive Vorteile | Crowne Plaza Padova<\/title>\n<meta name=\"description\" content=\"Sie sind beruflich viel unterwegs? Unser Hotel bietet zahlreiche Vorteile und Dienstleistungen, die speziell f\u00fcr Sie erdacht wurden. Entdecken Sie unser Business-Paket!\" \/>\n<meta name=\"robots\" content=\"index, follow, max-snippet:-1, max-image-preview:large, max-video-preview:-1\" \/>\n<link rel=\"canonical\" href=\"https:\/\/www.cppadova.com\/de\/angebote-und-pakete\/business-paket\/\" \/>\n<meta property=\"og:locale\" content=\"de_DE\" \/>\n<meta property=\"og:type\" content=\"article\" \/>\n<meta property=\"og:title\" content=\"Business-Paket: exklusive Vorteile | Crowne Plaza Padova\" \/>\n<meta property=\"og:description\" content=\"Sie sind beruflich viel unterwegs? Unser Hotel bietet zahlreiche Vorteile und Dienstleistungen, die speziell f\u00fcr Sie erdacht wurden. Entdecken Sie unser Business-Paket!\" \/>\n<meta property=\"og:url\" content=\"https:\/\/www.cppadova.com\/de\/angebote-und-pakete\/business-paket\/\" \/>\n<meta property=\"og:site_name\" content=\"Crowne Plaza Padova\" \/>\n<meta property=\"article:modified_time\" content=\"2024-05-07T14:06:20+00:00\" \/>\n<meta property=\"og:image\" content=\"https:\/\/www.cppadova.com\/wp-content\/uploads\/sites\/252\/2021\/08\/crowne_plaza_padova_home_slide_camera.jpg\" \/>\n\t<meta property=\"og:image:width\" content=\"2200\" \/>\n\t<meta property=\"og:image:height\" content=\"1200\" \/>\n\t<meta property=\"og:image:type\" content=\"image\/jpeg\" \/>\n<meta name=\"twitter:card\" content=\"summary_large_image\" \/>\n<meta name=\"twitter:label1\" content=\"Gesch\u00e4tzte Lesezeit\" \/>\n\t<meta name=\"twitter:data1\" content=\"1 Minute\" \/>\n<script type=\"application\/ld+json\" class=\"yoast-schema-graph\">{\"@context\":\"https:\/\/schema.org\",\"@graph\":[{\"@type\":\"WebPage\",\"@id\":\"https:\/\/www.cppadova.com\/de\/angebote-und-pakete\/business-paket\/\",\"url\":\"https:\/\/www.cppadova.com\/de\/angebote-und-pakete\/business-paket\/\",\"name\":\"Business-Paket: exklusive Vorteile | Crowne Plaza Padova\",\"isPartOf\":{\"@id\":\"https:\/\/www.cppadova.com\/de\/#website\"},\"datePublished\":\"2024-04-18T14:14:59+00:00\",\"dateModified\":\"2024-05-07T14:06:20+00:00\",\"description\":\"Sie sind beruflich viel unterwegs? Unser Hotel bietet zahlreiche Vorteile und Dienstleistungen, die speziell f\u00fcr Sie erdacht wurden. Entdecken Sie unser Business-Paket!\",\"breadcrumb\":{\"@id\":\"https:\/\/www.cppadova.com\/de\/angebote-und-pakete\/business-paket\/#breadcrumb\"},\"inLanguage\":\"de-DE\",\"potentialAction\":[{\"@type\":\"ReadAction\",\"target\":[\"https:\/\/www.cppadova.com\/de\/angebote-und-pakete\/business-paket\/\"]}]},{\"@type\":\"BreadcrumbList\",\"@id\":\"https:\/\/www.cppadova.com\/de\/angebote-und-pakete\/business-paket\/#breadcrumb\",\"itemListElement\":[{\"@type\":\"ListItem\",\"position\":1,\"name\":\"Home\",\"item\":\"https:\/\/www.cppadova.com\/de\/\"},{\"@type\":\"ListItem\",\"position\":2,\"name\":\"Angebote und Pakete\",\"item\":\"https:\/\/www.cppadova.com\/de\/angebote-und-pakete\/\"},{\"@type\":\"ListItem\",\"position\":3,\"name\":\"Business-Paket\"}]},{\"@type\":\"WebSite\",\"@id\":\"https:\/\/www.cppadova.com\/de\/#website\",\"url\":\"https:\/\/www.cppadova.com\/de\/\",\"name\":\"Crowne Plaza Padova\",\"description\":\"Just another ms.decms.eu site\",\"potentialAction\":[{\"@type\":\"SearchAction\",\"target\":{\"@type\":\"EntryPoint\",\"urlTemplate\":\"https:\/\/www.cppadova.com\/de\/?s={search_term_string}\"},\"query-input\":{\"@type\":\"PropertyValueSpecification\",\"valueRequired\":true,\"valueName\":\"search_term_string\"}}],\"inLanguage\":\"de-DE\"}]}<\/script>\n<!-- \/ Yoast SEO plugin. -->","yoast_head_json":{"title":"Business-Paket: exklusive Vorteile | Crowne Plaza Padova","description":"Sie sind beruflich viel unterwegs? Unser Hotel bietet zahlreiche Vorteile und Dienstleistungen, die speziell f\u00fcr Sie erdacht wurden. Entdecken Sie unser Business-Paket!","robots":{"index":"index","follow":"follow","max-snippet":"max-snippet:-1","max-image-preview":"max-image-preview:large","max-video-preview":"max-video-preview:-1"},"canonical":"https:\/\/www.cppadova.com\/de\/angebote-und-pakete\/business-paket\/","og_locale":"de_DE","og_type":"article","og_title":"Business-Paket: exklusive Vorteile | Crowne Plaza Padova","og_description":"Sie sind beruflich viel unterwegs? Unser Hotel bietet zahlreiche Vorteile und Dienstleistungen, die speziell f\u00fcr Sie erdacht wurden. Entdecken Sie unser Business-Paket!","og_url":"https:\/\/www.cppadova.com\/de\/angebote-und-pakete\/business-paket\/","og_site_name":"Crowne Plaza Padova","article_modified_time":"2024-05-07T14:06:20+00:00","og_image":[{"width":2200,"height":1200,"url":"https:\/\/www.cppadova.com\/wp-content\/uploads\/sites\/252\/2021\/08\/crowne_plaza_padova_home_slide_camera.jpg","type":"image\/jpeg"}],"twitter_card":"summary_large_image","twitter_misc":{"Gesch\u00e4tzte Lesezeit":"1 Minute"},"schema":{"@context":"https:\/\/schema.org","@graph":[{"@type":"WebPage","@id":"https:\/\/www.cppadova.com\/de\/angebote-und-pakete\/business-paket\/","url":"https:\/\/www.cppadova.com\/de\/angebote-und-pakete\/business-paket\/","name":"Business-Paket: exklusive Vorteile | Crowne Plaza Padova","isPartOf":{"@id":"https:\/\/www.cppadova.com\/de\/#website"},"datePublished":"2024-04-18T14:14:59+00:00","dateModified":"2024-05-07T14:06:20+00:00","description":"Sie sind beruflich viel unterwegs? Unser Hotel bietet zahlreiche Vorteile und Dienstleistungen, die speziell f\u00fcr Sie erdacht wurden. Entdecken Sie unser Business-Paket!","breadcrumb":{"@id":"https:\/\/www.cppadova.com\/de\/angebote-und-pakete\/business-paket\/#breadcrumb"},"inLanguage":"de-DE","potentialAction":[{"@type":"ReadAction","target":["https:\/\/www.cppadova.com\/de\/angebote-und-pakete\/business-paket\/"]}]},{"@type":"BreadcrumbList","@id":"https:\/\/www.cppadova.com\/de\/angebote-und-pakete\/business-paket\/#breadcrumb","itemListElement":[{"@type":"ListItem","position":1,"name":"Home","item":"https:\/\/www.cppadova.com\/de\/"},{"@type":"ListItem","position":2,"name":"Angebote und Pakete","item":"https:\/\/www.cppadova.com\/de\/angebote-und-pakete\/"},{"@type":"ListItem","position":3,"name":"Business-Paket"}]},{"@type":"WebSite","@id":"https:\/\/www.cppadova.com\/de\/#website","url":"https:\/\/www.cppadova.com\/de\/","name":"Crowne Plaza Padova","description":"Just another ms.decms.eu site","potentialAction":[{"@type":"SearchAction","target":{"@type":"EntryPoint","urlTemplate":"https:\/\/www.cppadova.com\/de\/?s={search_term_string}"},"query-input":{"@type":"PropertyValueSpecification","valueRequired":true,"valueName":"search_term_string"}}],"inLanguage":"de-DE"}]}},"acf":[],"_links":{"self":[{"href":"https:\/\/www.cppadova.com\/de\/wp-json\/wp\/v2\/pages\/1266","targetHints":{"allow":["GET"]}}],"collection":[{"href":"https:\/\/www.cppadova.com\/de\/wp-json\/wp\/v2\/pages"}],"about":[{"href":"https:\/\/www.cppadova.com\/de\/wp-json\/wp\/v2\/types\/page"}],"author":[{"embeddable":true,"href":"https:\/\/www.cppadova.com\/de\/wp-json\/wp\/v2\/users\/36"}],"replies":[{"embeddable":true,"href":"https:\/\/www.cppadova.com\/de\/wp-json\/wp\/v2\/comments?post=1266"}],"version-history":[{"count":0,"href":"https:\/\/www.cppadova.com\/de\/wp-json\/wp\/v2\/pages\/1266\/revisions"}],"up":[{"embeddable":true,"href":"https:\/\/www.cppadova.com\/de\/wp-json\/wp\/v2\/pages\/1241"}],"wp:attachment":[{"href":"https:\/\/www.cppadova.com\/de\/wp-json\/wp\/v2\/media?parent=1266"}],"curies":[{"name":"wp","href":"https:\/\/api.w.org\/{rel}","templated":true}]}}