{"id":1269,"date":"2024-04-18T15:19:10","date_gmt":"2024-04-18T15:19:10","guid":{"rendered":"https:\/\/www.cppadova.com\/?page_id=1269"},"modified":"2025-04-08T13:17:19","modified_gmt":"2025-04-08T13:17:19","slug":"paket-book-early-and-save","status":"publish","type":"page","link":"https:\/\/www.cppadova.com\/de\/angebote-und-pakete\/paket-book-early-and-save\/","title":{"rendered":"Paket Book Early and Save"},"content":{"rendered":"<p>Buchen Sie jetzt Ihren Aufenthalt und <strong>sparen Sie bis zu 25 %<\/strong>! G\u00f6nnen Sie sich einen unvergesslichen Urlaub in Padua und entdecken Sie mit dem <strong>4-Sterne-Hotel Crowne Plaza Padova<\/strong> alle Sehensw\u00fcrdigkeiten dieser bezaubernden Stadt mit ihrer reichen Geschichte.<\/p>\n<p>Mit dem Sonderangebot <strong>Book Early &amp; Save<\/strong>, <strong>das bis zu 5 Tage vor Ihrem Anreisedatum buchbar ist<\/strong>, erhalten Sie nicht nur einen Rabatt von bis zu 25 % auf Ihren Aufenthalt, sondern k\u00f6nnen auch zahlreiche Inklusivleistungen in Anspruch nehmen, die Ihren Aufenthalt einzigartig machen:<strong> kostenlos parken<\/strong> auf dem gro\u00dfen Parkplatz im Freien oder in der Garage, <strong>Set mit Wasserkocher f\u00fcr die Zubereitung von Tee und Kaffee<\/strong>, <strong>LCD-Fernseher mit Sky-Kan\u00e4len<\/strong> in Ihrem Zimmer, <strong>Fitnessraum<\/strong> und vieles mehr!<\/p>\n<p>Dank seiner strategischen Lage und der leichten Erreichbarkeit mit dem Auto ist das Hotel Crowne Plaza Padova der ideale Ort f\u00fcr Ihren n\u00e4chsten Wochenendausflug bei dem Sie das Zentrum und die Umgebung der sch\u00f6nen Stadt Padua entdecken k\u00f6nnen.<\/p>\n<p>Worauf warten Sie noch? Buchen Sie Ihren Aufenthalt jetzt, indem Sie das Sonderangebot \u201eBook Early &amp; Save\u201c nutzen, und lassen Sie sich von unserem aufmerksamen und fachkundigen Personal verw\u00f6hnen. Klicken Sie auf die Schaltfl\u00e4che <strong>\u201eJetzt buchen\u201c, w\u00e4hlen Sie den Tarif \u201eBook Early &amp; Save&#8220;<\/strong> und beginnen Sie mit der Planung eines unvergesslichen Wochenendes in Padua!<\/p>\n","protected":false},"excerpt":{"rendered":"<p>Buchen Sie jetzt Ihren Aufenthalt und sparen Sie bis zu 25 %! G\u00f6nnen Sie sich einen unvergesslichen Urlaub in Padua und entdecken Sie mit dem 4-Sterne-Hotel Crowne Plaza Padova alle Sehensw\u00fcrdigkeiten dieser bezaubernden Stadt mit ihrer reichen Geschichte. Mit dem Sonderangebot Book Early &amp; Save, das bis zu 5 Tage vor Ihrem Anreisedatum buchbar ist, [&hellip;]<\/p>\n","protected":false},"author":36,"featured_media":995,"parent":1241,"menu_order":5,"comment_status":"closed","ping_status":"closed","template":"template-default-2.php","meta":{"footnotes":""},"class_list":["post-1269","page","type-page","status-publish","has-post-thumbnail","hentry"],"yoast_head":"<!-- This site is optimized with the Yoast SEO plugin v26.9 - https:\/\/yoast.com\/product\/yoast-seo-wordpress\/ -->\n<title>Angebot Book Early and Save | Crowne Plaza Padova<\/title>\n<meta name=\"description\" content=\"G\u00f6nnen Sie sich einen Urlaub in Padua mit dem Angebot Book Early &amp; Save: bis zu 25 % Rabatt und exklusive Vorteile wie Parkplatz, TV mit Sky und vieles mehr!\" \/>\n<meta name=\"robots\" content=\"index, follow, max-snippet:-1, max-image-preview:large, max-video-preview:-1\" \/>\n<link rel=\"canonical\" href=\"https:\/\/www.cppadova.com\/de\/angebote-und-pakete\/paket-book-early-and-save\/\" \/>\n<meta property=\"og:locale\" content=\"de_DE\" \/>\n<meta property=\"og:type\" content=\"article\" \/>\n<meta property=\"og:title\" content=\"Angebot Book Early and Save | Crowne Plaza Padova\" \/>\n<meta property=\"og:description\" content=\"G\u00f6nnen Sie sich einen Urlaub in Padua mit dem Angebot Book Early &amp; Save: bis zu 25 % Rabatt und exklusive Vorteile wie Parkplatz, TV mit Sky und vieles mehr!\" \/>\n<meta property=\"og:url\" content=\"https:\/\/www.cppadova.com\/de\/angebote-und-pakete\/paket-book-early-and-save\/\" \/>\n<meta property=\"og:site_name\" content=\"Crowne Plaza Padova\" \/>\n<meta property=\"article:modified_time\" content=\"2025-04-08T13:17:19+00:00\" \/>\n<meta property=\"og:image\" content=\"https:\/\/www.cppadova.com\/wp-content\/uploads\/sites\/252\/2022\/07\/Crowne-Plaza-Padova-Prato-della-Valle_homepage_box01.jpg\" \/>\n\t<meta property=\"og:image:width\" content=\"2000\" \/>\n\t<meta property=\"og:image:height\" content=\"1200\" \/>\n\t<meta property=\"og:image:type\" content=\"image\/jpeg\" \/>\n<meta name=\"twitter:card\" content=\"summary_large_image\" \/>\n<meta name=\"twitter:label1\" content=\"Gesch\u00e4tzte Lesezeit\" \/>\n\t<meta name=\"twitter:data1\" content=\"1 Minute\" \/>\n<script type=\"application\/ld+json\" class=\"yoast-schema-graph\">{\"@context\":\"https:\/\/schema.org\",\"@graph\":[{\"@type\":\"WebPage\",\"@id\":\"https:\/\/www.cppadova.com\/de\/angebote-und-pakete\/paket-book-early-and-save\/\",\"url\":\"https:\/\/www.cppadova.com\/de\/angebote-und-pakete\/paket-book-early-and-save\/\",\"name\":\"Angebot Book Early and Save | Crowne Plaza Padova\",\"isPartOf\":{\"@id\":\"https:\/\/www.cppadova.com\/de\/#website\"},\"primaryImageOfPage\":{\"@id\":\"https:\/\/www.cppadova.com\/de\/angebote-und-pakete\/paket-book-early-and-save\/#primaryimage\"},\"image\":{\"@id\":\"https:\/\/www.cppadova.com\/de\/angebote-und-pakete\/paket-book-early-and-save\/#primaryimage\"},\"thumbnailUrl\":\"https:\/\/www.cppadova.com\/wp-content\/uploads\/sites\/252\/2022\/07\/Crowne-Plaza-Padova-Prato-della-Valle_homepage_box01.jpg\",\"datePublished\":\"2024-04-18T15:19:10+00:00\",\"dateModified\":\"2025-04-08T13:17:19+00:00\",\"description\":\"G\u00f6nnen Sie sich einen Urlaub in Padua mit dem Angebot Book Early & Save: bis zu 25 % Rabatt und exklusive Vorteile wie Parkplatz, TV mit Sky und vieles mehr!\",\"breadcrumb\":{\"@id\":\"https:\/\/www.cppadova.com\/de\/angebote-und-pakete\/paket-book-early-and-save\/#breadcrumb\"},\"inLanguage\":\"de-DE\",\"potentialAction\":[{\"@type\":\"ReadAction\",\"target\":[\"https:\/\/www.cppadova.com\/de\/angebote-und-pakete\/paket-book-early-and-save\/\"]}]},{\"@type\":\"ImageObject\",\"inLanguage\":\"de-DE\",\"@id\":\"https:\/\/www.cppadova.com\/de\/angebote-und-pakete\/paket-book-early-and-save\/#primaryimage\",\"url\":\"https:\/\/www.cppadova.com\/wp-content\/uploads\/sites\/252\/2022\/07\/Crowne-Plaza-Padova-Prato-della-Valle_homepage_box01.jpg\",\"contentUrl\":\"https:\/\/www.cppadova.com\/wp-content\/uploads\/sites\/252\/2022\/07\/Crowne-Plaza-Padova-Prato-della-Valle_homepage_box01.jpg\",\"width\":2000,\"height\":1200},{\"@type\":\"BreadcrumbList\",\"@id\":\"https:\/\/www.cppadova.com\/de\/angebote-und-pakete\/paket-book-early-and-save\/#breadcrumb\",\"itemListElement\":[{\"@type\":\"ListItem\",\"position\":1,\"name\":\"Home\",\"item\":\"https:\/\/www.cppadova.com\/de\/\"},{\"@type\":\"ListItem\",\"position\":2,\"name\":\"Angebote und Pakete\",\"item\":\"https:\/\/www.cppadova.com\/de\/angebote-und-pakete\/\"},{\"@type\":\"ListItem\",\"position\":3,\"name\":\"Paket Book Early and Save\"}]},{\"@type\":\"WebSite\",\"@id\":\"https:\/\/www.cppadova.com\/de\/#website\",\"url\":\"https:\/\/www.cppadova.com\/de\/\",\"name\":\"Crowne Plaza Padova\",\"description\":\"Just another ms.decms.eu site\",\"potentialAction\":[{\"@type\":\"SearchAction\",\"target\":{\"@type\":\"EntryPoint\",\"urlTemplate\":\"https:\/\/www.cppadova.com\/de\/?s={search_term_string}\"},\"query-input\":{\"@type\":\"PropertyValueSpecification\",\"valueRequired\":true,\"valueName\":\"search_term_string\"}}],\"inLanguage\":\"de-DE\"}]}<\/script>\n<!-- \/ Yoast SEO plugin. -->","yoast_head_json":{"title":"Angebot Book Early and Save | Crowne Plaza Padova","description":"G\u00f6nnen Sie sich einen Urlaub in Padua mit dem Angebot Book Early & Save: bis zu 25 % Rabatt und exklusive Vorteile wie Parkplatz, TV mit Sky und vieles mehr!","robots":{"index":"index","follow":"follow","max-snippet":"max-snippet:-1","max-image-preview":"max-image-preview:large","max-video-preview":"max-video-preview:-1"},"canonical":"https:\/\/www.cppadova.com\/de\/angebote-und-pakete\/paket-book-early-and-save\/","og_locale":"de_DE","og_type":"article","og_title":"Angebot Book Early and Save | Crowne Plaza Padova","og_description":"G\u00f6nnen Sie sich einen Urlaub in Padua mit dem Angebot Book Early & Save: bis zu 25 % Rabatt und exklusive Vorteile wie Parkplatz, TV mit Sky und vieles mehr!","og_url":"https:\/\/www.cppadova.com\/de\/angebote-und-pakete\/paket-book-early-and-save\/","og_site_name":"Crowne Plaza Padova","article_modified_time":"2025-04-08T13:17:19+00:00","og_image":[{"width":2000,"height":1200,"url":"https:\/\/www.cppadova.com\/wp-content\/uploads\/sites\/252\/2022\/07\/Crowne-Plaza-Padova-Prato-della-Valle_homepage_box01.jpg","type":"image\/jpeg"}],"twitter_card":"summary_large_image","twitter_misc":{"Gesch\u00e4tzte Lesezeit":"1 Minute"},"schema":{"@context":"https:\/\/schema.org","@graph":[{"@type":"WebPage","@id":"https:\/\/www.cppadova.com\/de\/angebote-und-pakete\/paket-book-early-and-save\/","url":"https:\/\/www.cppadova.com\/de\/angebote-und-pakete\/paket-book-early-and-save\/","name":"Angebot Book Early and Save | Crowne Plaza Padova","isPartOf":{"@id":"https:\/\/www.cppadova.com\/de\/#website"},"primaryImageOfPage":{"@id":"https:\/\/www.cppadova.com\/de\/angebote-und-pakete\/paket-book-early-and-save\/#primaryimage"},"image":{"@id":"https:\/\/www.cppadova.com\/de\/angebote-und-pakete\/paket-book-early-and-save\/#primaryimage"},"thumbnailUrl":"https:\/\/www.cppadova.com\/wp-content\/uploads\/sites\/252\/2022\/07\/Crowne-Plaza-Padova-Prato-della-Valle_homepage_box01.jpg","datePublished":"2024-04-18T15:19:10+00:00","dateModified":"2025-04-08T13:17:19+00:00","description":"G\u00f6nnen Sie sich einen Urlaub in Padua mit dem Angebot Book Early & Save: bis zu 25 % Rabatt und exklusive Vorteile wie Parkplatz, TV mit Sky und vieles mehr!","breadcrumb":{"@id":"https:\/\/www.cppadova.com\/de\/angebote-und-pakete\/paket-book-early-and-save\/#breadcrumb"},"inLanguage":"de-DE","potentialAction":[{"@type":"ReadAction","target":["https:\/\/www.cppadova.com\/de\/angebote-und-pakete\/paket-book-early-and-save\/"]}]},{"@type":"ImageObject","inLanguage":"de-DE","@id":"https:\/\/www.cppadova.com\/de\/angebote-und-pakete\/paket-book-early-and-save\/#primaryimage","url":"https:\/\/www.cppadova.com\/wp-content\/uploads\/sites\/252\/2022\/07\/Crowne-Plaza-Padova-Prato-della-Valle_homepage_box01.jpg","contentUrl":"https:\/\/www.cppadova.com\/wp-content\/uploads\/sites\/252\/2022\/07\/Crowne-Plaza-Padova-Prato-della-Valle_homepage_box01.jpg","width":2000,"height":1200},{"@type":"BreadcrumbList","@id":"https:\/\/www.cppadova.com\/de\/angebote-und-pakete\/paket-book-early-and-save\/#breadcrumb","itemListElement":[{"@type":"ListItem","position":1,"name":"Home","item":"https:\/\/www.cppadova.com\/de\/"},{"@type":"ListItem","position":2,"name":"Angebote und Pakete","item":"https:\/\/www.cppadova.com\/de\/angebote-und-pakete\/"},{"@type":"ListItem","position":3,"name":"Paket Book Early and Save"}]},{"@type":"WebSite","@id":"https:\/\/www.cppadova.com\/de\/#website","url":"https:\/\/www.cppadova.com\/de\/","name":"Crowne Plaza Padova","description":"Just another ms.decms.eu site","potentialAction":[{"@type":"SearchAction","target":{"@type":"EntryPoint","urlTemplate":"https:\/\/www.cppadova.com\/de\/?s={search_term_string}"},"query-input":{"@type":"PropertyValueSpecification","valueRequired":true,"valueName":"search_term_string"}}],"inLanguage":"de-DE"}]}},"acf":[],"_links":{"self":[{"href":"https:\/\/www.cppadova.com\/de\/wp-json\/wp\/v2\/pages\/1269","targetHints":{"allow":["GET"]}}],"collection":[{"href":"https:\/\/www.cppadova.com\/de\/wp-json\/wp\/v2\/pages"}],"about":[{"href":"https:\/\/www.cppadova.com\/de\/wp-json\/wp\/v2\/types\/page"}],"author":[{"embeddable":true,"href":"https:\/\/www.cppadova.com\/de\/wp-json\/wp\/v2\/users\/36"}],"replies":[{"embeddable":true,"href":"https:\/\/www.cppadova.com\/de\/wp-json\/wp\/v2\/comments?post=1269"}],"version-history":[{"count":0,"href":"https:\/\/www.cppadova.com\/de\/wp-json\/wp\/v2\/pages\/1269\/revisions"}],"up":[{"embeddable":true,"href":"https:\/\/www.cppadova.com\/de\/wp-json\/wp\/v2\/pages\/1241"}],"wp:featuredmedia":[{"embeddable":true,"href":"https:\/\/www.cppadova.com\/de\/wp-json\/wp\/v2\/media\/995"}],"wp:attachment":[{"href":"https:\/\/www.cppadova.com\/de\/wp-json\/wp\/v2\/media?parent=1269"}],"curies":[{"name":"wp","href":"https:\/\/api.w.org\/{rel}","templated":true}]}}