{"id":1273,"date":"2024-04-18T15:23:21","date_gmt":"2024-04-18T15:23:21","guid":{"rendered":"https:\/\/www.cppadova.com\/?page_id=1273"},"modified":"2025-09-23T15:31:15","modified_gmt":"2025-09-23T15:31:15","slug":"restaurant-und-bar","status":"publish","type":"page","link":"https:\/\/www.cppadova.com\/de\/restaurant-und-bar\/","title":{"rendered":"Restaurant und Bar"},"content":{"rendered":"<p>Ganz gleich, ob Sie gesch\u00e4ftlich oder privat unterwegs sind, <strong>Limen \u2013 Meet, Dine &amp; Recharge<\/strong>, beides <strong>hauseigene Einrichtungen<\/strong> unseres modernen <strong>4-Sterne-Hotels in Padua<\/strong>, verleihen Ihrem Aufenthalt noch mehr Geschmack.<\/p>\n<p>Die gastronomischen Einrichtungen des Hotels Crowne Plaza Padova stehen Ihnen vom Aufwachen bis zum Schlafengehen zur Verf\u00fcgung. Morgens st\u00e4rken Sie sich an unserem <strong>reichhaltigen Fr\u00fchst\u00fcck mit Speisen f\u00fcr jeden Geschmack<\/strong>: s\u00fc\u00df, herzhaft, warm und kalt. Setzen Sie den Tag mit einem ausgezeichneten Kaffee oder einem Snack in unserer <strong>Bar, ge\u00f6ffnet von 8:00 Uhr morgens bis 24:00<\/strong>, fort und entdecken Sie zum Abschluss die K\u00f6stlichkeiten der venezianischen K\u00fcche in unserem <strong>Restaurant<\/strong>, das zum <strong>mittags und abends<\/strong> ge\u00f6ffnet ist.<\/p>\n","protected":false},"excerpt":{"rendered":"<p>Ganz gleich, ob Sie gesch\u00e4ftlich oder privat unterwegs sind, Limen \u2013 Meet, Dine &amp; Recharge, beides hauseigene Einrichtungen unseres modernen 4-Sterne-Hotels in Padua, verleihen Ihrem Aufenthalt noch mehr Geschmack. Die gastronomischen Einrichtungen des Hotels Crowne Plaza Padova stehen Ihnen vom Aufwachen bis zum Schlafengehen zur Verf\u00fcgung. Morgens st\u00e4rken Sie sich an unserem reichhaltigen Fr\u00fchst\u00fcck mit [&hellip;]<\/p>\n","protected":false},"author":36,"featured_media":0,"parent":0,"menu_order":20,"comment_status":"closed","ping_status":"closed","template":"template-restaurants.php","meta":{"footnotes":""},"class_list":["post-1273","page","type-page","status-publish","hentry"],"yoast_head":"<!-- This site is optimized with the Yoast SEO plugin v26.9 - https:\/\/yoast.com\/product\/yoast-seo-wordpress\/ -->\n<title>Bar und Restaurant - typische K\u00fcche | Crowne Plaza Padova<\/title>\n<meta name=\"description\" content=\"Die Bar und das Restaurant unseres modernen 4-Sterne-Hotels stehen Ihnen vom Aufwachen bis zum Schlafengehen zur Verf\u00fcgung. Erfahren Sie mehr!\" \/>\n<meta name=\"robots\" content=\"index, follow, max-snippet:-1, max-image-preview:large, max-video-preview:-1\" \/>\n<link rel=\"canonical\" href=\"https:\/\/www.cppadova.com\/de\/restaurant-und-bar\/\" \/>\n<meta property=\"og:locale\" content=\"de_DE\" \/>\n<meta property=\"og:type\" content=\"article\" \/>\n<meta property=\"og:title\" content=\"Bar und Restaurant - typische K\u00fcche | Crowne Plaza Padova\" \/>\n<meta property=\"og:description\" content=\"Die Bar und das Restaurant unseres modernen 4-Sterne-Hotels stehen Ihnen vom Aufwachen bis zum Schlafengehen zur Verf\u00fcgung. Erfahren Sie mehr!\" \/>\n<meta property=\"og:url\" content=\"https:\/\/www.cppadova.com\/de\/restaurant-und-bar\/\" \/>\n<meta property=\"og:site_name\" content=\"Crowne Plaza Padova\" \/>\n<meta property=\"article:modified_time\" content=\"2025-09-23T15:31:15+00:00\" \/>\n<meta property=\"og:image\" content=\"https:\/\/www.cppadova.com\/wp-content\/uploads\/sites\/252\/2021\/08\/crowne_plaza_padova_home_slide_camera.jpg\" \/>\n\t<meta property=\"og:image:width\" content=\"2200\" \/>\n\t<meta property=\"og:image:height\" content=\"1200\" \/>\n\t<meta property=\"og:image:type\" content=\"image\/jpeg\" \/>\n<meta name=\"twitter:card\" content=\"summary_large_image\" \/>\n<meta name=\"twitter:label1\" content=\"Gesch\u00e4tzte Lesezeit\" \/>\n\t<meta name=\"twitter:data1\" content=\"1 Minute\" \/>\n<script type=\"application\/ld+json\" class=\"yoast-schema-graph\">{\"@context\":\"https:\/\/schema.org\",\"@graph\":[{\"@type\":\"WebPage\",\"@id\":\"https:\/\/www.cppadova.com\/de\/restaurant-und-bar\/\",\"url\":\"https:\/\/www.cppadova.com\/de\/restaurant-und-bar\/\",\"name\":\"Bar und Restaurant - typische K\u00fcche | Crowne Plaza Padova\",\"isPartOf\":{\"@id\":\"https:\/\/www.cppadova.com\/de\/#website\"},\"datePublished\":\"2024-04-18T15:23:21+00:00\",\"dateModified\":\"2025-09-23T15:31:15+00:00\",\"description\":\"Die Bar und das Restaurant unseres modernen 4-Sterne-Hotels stehen Ihnen vom Aufwachen bis zum Schlafengehen zur Verf\u00fcgung. Erfahren Sie mehr!\",\"breadcrumb\":{\"@id\":\"https:\/\/www.cppadova.com\/de\/restaurant-und-bar\/#breadcrumb\"},\"inLanguage\":\"de-DE\",\"potentialAction\":[{\"@type\":\"ReadAction\",\"target\":[\"https:\/\/www.cppadova.com\/de\/restaurant-und-bar\/\"]}]},{\"@type\":\"BreadcrumbList\",\"@id\":\"https:\/\/www.cppadova.com\/de\/restaurant-und-bar\/#breadcrumb\",\"itemListElement\":[{\"@type\":\"ListItem\",\"position\":1,\"name\":\"Home\",\"item\":\"https:\/\/www.cppadova.com\/de\/\"},{\"@type\":\"ListItem\",\"position\":2,\"name\":\"Restaurant und Bar\"}]},{\"@type\":\"WebSite\",\"@id\":\"https:\/\/www.cppadova.com\/de\/#website\",\"url\":\"https:\/\/www.cppadova.com\/de\/\",\"name\":\"Crowne Plaza Padova\",\"description\":\"Just another ms.decms.eu site\",\"potentialAction\":[{\"@type\":\"SearchAction\",\"target\":{\"@type\":\"EntryPoint\",\"urlTemplate\":\"https:\/\/www.cppadova.com\/de\/?s={search_term_string}\"},\"query-input\":{\"@type\":\"PropertyValueSpecification\",\"valueRequired\":true,\"valueName\":\"search_term_string\"}}],\"inLanguage\":\"de-DE\"}]}<\/script>\n<!-- \/ Yoast SEO plugin. -->","yoast_head_json":{"title":"Bar und Restaurant - typische K\u00fcche | Crowne Plaza Padova","description":"Die Bar und das Restaurant unseres modernen 4-Sterne-Hotels stehen Ihnen vom Aufwachen bis zum Schlafengehen zur Verf\u00fcgung. Erfahren Sie mehr!","robots":{"index":"index","follow":"follow","max-snippet":"max-snippet:-1","max-image-preview":"max-image-preview:large","max-video-preview":"max-video-preview:-1"},"canonical":"https:\/\/www.cppadova.com\/de\/restaurant-und-bar\/","og_locale":"de_DE","og_type":"article","og_title":"Bar und Restaurant - typische K\u00fcche | Crowne Plaza Padova","og_description":"Die Bar und das Restaurant unseres modernen 4-Sterne-Hotels stehen Ihnen vom Aufwachen bis zum Schlafengehen zur Verf\u00fcgung. Erfahren Sie mehr!","og_url":"https:\/\/www.cppadova.com\/de\/restaurant-und-bar\/","og_site_name":"Crowne Plaza Padova","article_modified_time":"2025-09-23T15:31:15+00:00","og_image":[{"width":2200,"height":1200,"url":"https:\/\/www.cppadova.com\/wp-content\/uploads\/sites\/252\/2021\/08\/crowne_plaza_padova_home_slide_camera.jpg","type":"image\/jpeg"}],"twitter_card":"summary_large_image","twitter_misc":{"Gesch\u00e4tzte Lesezeit":"1 Minute"},"schema":{"@context":"https:\/\/schema.org","@graph":[{"@type":"WebPage","@id":"https:\/\/www.cppadova.com\/de\/restaurant-und-bar\/","url":"https:\/\/www.cppadova.com\/de\/restaurant-und-bar\/","name":"Bar und Restaurant - typische K\u00fcche | Crowne Plaza Padova","isPartOf":{"@id":"https:\/\/www.cppadova.com\/de\/#website"},"datePublished":"2024-04-18T15:23:21+00:00","dateModified":"2025-09-23T15:31:15+00:00","description":"Die Bar und das Restaurant unseres modernen 4-Sterne-Hotels stehen Ihnen vom Aufwachen bis zum Schlafengehen zur Verf\u00fcgung. Erfahren Sie mehr!","breadcrumb":{"@id":"https:\/\/www.cppadova.com\/de\/restaurant-und-bar\/#breadcrumb"},"inLanguage":"de-DE","potentialAction":[{"@type":"ReadAction","target":["https:\/\/www.cppadova.com\/de\/restaurant-und-bar\/"]}]},{"@type":"BreadcrumbList","@id":"https:\/\/www.cppadova.com\/de\/restaurant-und-bar\/#breadcrumb","itemListElement":[{"@type":"ListItem","position":1,"name":"Home","item":"https:\/\/www.cppadova.com\/de\/"},{"@type":"ListItem","position":2,"name":"Restaurant und Bar"}]},{"@type":"WebSite","@id":"https:\/\/www.cppadova.com\/de\/#website","url":"https:\/\/www.cppadova.com\/de\/","name":"Crowne Plaza Padova","description":"Just another ms.decms.eu site","potentialAction":[{"@type":"SearchAction","target":{"@type":"EntryPoint","urlTemplate":"https:\/\/www.cppadova.com\/de\/?s={search_term_string}"},"query-input":{"@type":"PropertyValueSpecification","valueRequired":true,"valueName":"search_term_string"}}],"inLanguage":"de-DE"}]}},"acf":[],"_links":{"self":[{"href":"https:\/\/www.cppadova.com\/de\/wp-json\/wp\/v2\/pages\/1273","targetHints":{"allow":["GET"]}}],"collection":[{"href":"https:\/\/www.cppadova.com\/de\/wp-json\/wp\/v2\/pages"}],"about":[{"href":"https:\/\/www.cppadova.com\/de\/wp-json\/wp\/v2\/types\/page"}],"author":[{"embeddable":true,"href":"https:\/\/www.cppadova.com\/de\/wp-json\/wp\/v2\/users\/36"}],"replies":[{"embeddable":true,"href":"https:\/\/www.cppadova.com\/de\/wp-json\/wp\/v2\/comments?post=1273"}],"version-history":[{"count":0,"href":"https:\/\/www.cppadova.com\/de\/wp-json\/wp\/v2\/pages\/1273\/revisions"}],"wp:attachment":[{"href":"https:\/\/www.cppadova.com\/de\/wp-json\/wp\/v2\/media?parent=1273"}],"curies":[{"name":"wp","href":"https:\/\/api.w.org\/{rel}","templated":true}]}}