{"id":1276,"date":"2024-04-18T15:24:57","date_gmt":"2024-04-18T15:24:57","guid":{"rendered":"https:\/\/www.cppadova.com\/?page_id=1276"},"modified":"2026-01-29T09:09:17","modified_gmt":"2026-01-29T09:09:17","slug":"restaurant-limen","status":"publish","type":"page","link":"https:\/\/www.cppadova.com\/de\/restaurant-und-bar\/restaurant-limen\/","title":{"rendered":"Restaurant Limen"},"content":{"rendered":"<p>Reisen ist auch eine Frage des Genusses. Deshalb l\u00e4dt Sie das <strong>4-Sterne-Hotel Crowne Plaza Padova <\/strong>ein, die venetische K\u00fcche im <strong>hauseigenen Restaurant Limen \u2013 Meet, Dine &amp; Recharge<\/strong>\u00a0zu entdecken!<\/p>\n<p>Im Restaurant unseres 4-Sterne-Hotels in Padua, <strong>das zum mittags und abends ge\u00f6ffnet ist<\/strong>, finden Sie eine anregende Umgebung, ein freundliches und professionelles Personal, das Ihnen voll und ganz zur Verf\u00fcgung steht, und eine Speisekarte mit <strong>schmackhaften Gerichten<\/strong>, die Sie zur Entdeckung der <strong>lokalen kulinarischen Traditionen<\/strong> f\u00fchrt, die fachm\u00e4nnisch mit <strong>sorgf\u00e4ltig ausgew\u00e4hlten Weinen<\/strong> kombiniert werden. All dies und noch vieles mehr bietet das Restaurant Limen im Crowne Plaza Padova.<\/p>\n<p>Die Kombination aus hochwertigen Rohstoffen und der Erfahrung unserer K\u00f6che macht das Limen zum idealen Ort, um eine k\u00f6stliche, dem Genuss gewidmete Auszeit zu genie\u00dfen, bei der die <strong>Ern\u00e4hrungsbed\u00fcrfnisse<\/strong> jedes Einzelnen voll ber\u00fccksichtigt werden.<\/p>\n","protected":false},"excerpt":{"rendered":"<p>Reisen ist auch eine Frage des Genusses. Deshalb l\u00e4dt Sie das 4-Sterne-Hotel Crowne Plaza Padova ein, die venetische K\u00fcche im hauseigenen Restaurant Limen \u2013 Meet, Dine &amp; Recharge\u00a0zu entdecken! Im Restaurant unseres 4-Sterne-Hotels in Padua, das zum mittags und abends ge\u00f6ffnet ist, finden Sie eine anregende Umgebung, ein freundliches und professionelles Personal, das Ihnen voll [&hellip;]<\/p>\n","protected":false},"author":36,"featured_media":0,"parent":1273,"menu_order":0,"comment_status":"closed","ping_status":"closed","template":"template-single-restaurant.php","meta":{"footnotes":""},"class_list":["post-1276","page","type-page","status-publish","hentry"],"yoast_head":"<!-- This site is optimized with the Yoast SEO plugin v26.9 - https:\/\/yoast.com\/product\/yoast-seo-wordpress\/ -->\n<title>Im Limen: Mittag- und Abendessen | Crowne Plaza Padova<\/title>\n<meta name=\"description\" content=\"Auf der Speisekarte unseres Restaurants finden Sie viele traditionelle lokalee Gerichte begleitet von ausgew\u00e4hlten Weinen. Lassen Sie sich von unseren K\u00f6chen \u00fcberraschen!\" \/>\n<meta name=\"robots\" content=\"index, follow, max-snippet:-1, max-image-preview:large, max-video-preview:-1\" \/>\n<link rel=\"canonical\" href=\"https:\/\/www.cppadova.com\/de\/restaurant-und-bar\/restaurant-limen\/\" \/>\n<meta property=\"og:locale\" content=\"de_DE\" \/>\n<meta property=\"og:type\" content=\"article\" \/>\n<meta property=\"og:title\" content=\"Im Limen: Mittag- und Abendessen | Crowne Plaza Padova\" \/>\n<meta property=\"og:description\" content=\"Auf der Speisekarte unseres Restaurants finden Sie viele traditionelle lokalee Gerichte begleitet von ausgew\u00e4hlten Weinen. Lassen Sie sich von unseren K\u00f6chen \u00fcberraschen!\" \/>\n<meta property=\"og:url\" content=\"https:\/\/www.cppadova.com\/de\/restaurant-und-bar\/restaurant-limen\/\" \/>\n<meta property=\"og:site_name\" content=\"Crowne Plaza Padova\" \/>\n<meta property=\"article:modified_time\" content=\"2026-01-29T09:09:17+00:00\" \/>\n<meta property=\"og:image\" content=\"https:\/\/www.cppadova.com\/wp-content\/uploads\/sites\/252\/2021\/08\/crowne_plaza_padova_home_slide_camera.jpg\" \/>\n\t<meta property=\"og:image:width\" content=\"2200\" \/>\n\t<meta property=\"og:image:height\" content=\"1200\" \/>\n\t<meta property=\"og:image:type\" content=\"image\/jpeg\" \/>\n<meta name=\"twitter:card\" content=\"summary_large_image\" \/>\n<meta name=\"twitter:label1\" content=\"Gesch\u00e4tzte Lesezeit\" \/>\n\t<meta name=\"twitter:data1\" content=\"1 Minute\" \/>\n<script type=\"application\/ld+json\" class=\"yoast-schema-graph\">{\"@context\":\"https:\/\/schema.org\",\"@graph\":[{\"@type\":\"WebPage\",\"@id\":\"https:\/\/www.cppadova.com\/de\/restaurant-und-bar\/restaurant-limen\/\",\"url\":\"https:\/\/www.cppadova.com\/de\/restaurant-und-bar\/restaurant-limen\/\",\"name\":\"Im Limen: Mittag- und Abendessen | Crowne Plaza Padova\",\"isPartOf\":{\"@id\":\"https:\/\/www.cppadova.com\/de\/#website\"},\"datePublished\":\"2024-04-18T15:24:57+00:00\",\"dateModified\":\"2026-01-29T09:09:17+00:00\",\"description\":\"Auf der Speisekarte unseres Restaurants finden Sie viele traditionelle lokalee Gerichte begleitet von ausgew\u00e4hlten Weinen. Lassen Sie sich von unseren K\u00f6chen \u00fcberraschen!\",\"breadcrumb\":{\"@id\":\"https:\/\/www.cppadova.com\/de\/restaurant-und-bar\/restaurant-limen\/#breadcrumb\"},\"inLanguage\":\"de-DE\",\"potentialAction\":[{\"@type\":\"ReadAction\",\"target\":[\"https:\/\/www.cppadova.com\/de\/restaurant-und-bar\/restaurant-limen\/\"]}]},{\"@type\":\"BreadcrumbList\",\"@id\":\"https:\/\/www.cppadova.com\/de\/restaurant-und-bar\/restaurant-limen\/#breadcrumb\",\"itemListElement\":[{\"@type\":\"ListItem\",\"position\":1,\"name\":\"Home\",\"item\":\"https:\/\/www.cppadova.com\/de\/\"},{\"@type\":\"ListItem\",\"position\":2,\"name\":\"Restaurant und Bar\",\"item\":\"https:\/\/www.cppadova.com\/de\/restaurant-und-bar\/\"},{\"@type\":\"ListItem\",\"position\":3,\"name\":\"Restaurant Limen\"}]},{\"@type\":\"WebSite\",\"@id\":\"https:\/\/www.cppadova.com\/de\/#website\",\"url\":\"https:\/\/www.cppadova.com\/de\/\",\"name\":\"Crowne Plaza Padova\",\"description\":\"Just another ms.decms.eu site\",\"potentialAction\":[{\"@type\":\"SearchAction\",\"target\":{\"@type\":\"EntryPoint\",\"urlTemplate\":\"https:\/\/www.cppadova.com\/de\/?s={search_term_string}\"},\"query-input\":{\"@type\":\"PropertyValueSpecification\",\"valueRequired\":true,\"valueName\":\"search_term_string\"}}],\"inLanguage\":\"de-DE\"}]}<\/script>\n<!-- \/ Yoast SEO plugin. -->","yoast_head_json":{"title":"Im Limen: Mittag- und Abendessen | Crowne Plaza Padova","description":"Auf der Speisekarte unseres Restaurants finden Sie viele traditionelle lokalee Gerichte begleitet von ausgew\u00e4hlten Weinen. Lassen Sie sich von unseren K\u00f6chen \u00fcberraschen!","robots":{"index":"index","follow":"follow","max-snippet":"max-snippet:-1","max-image-preview":"max-image-preview:large","max-video-preview":"max-video-preview:-1"},"canonical":"https:\/\/www.cppadova.com\/de\/restaurant-und-bar\/restaurant-limen\/","og_locale":"de_DE","og_type":"article","og_title":"Im Limen: Mittag- und Abendessen | Crowne Plaza Padova","og_description":"Auf der Speisekarte unseres Restaurants finden Sie viele traditionelle lokalee Gerichte begleitet von ausgew\u00e4hlten Weinen. Lassen Sie sich von unseren K\u00f6chen \u00fcberraschen!","og_url":"https:\/\/www.cppadova.com\/de\/restaurant-und-bar\/restaurant-limen\/","og_site_name":"Crowne Plaza Padova","article_modified_time":"2026-01-29T09:09:17+00:00","og_image":[{"width":2200,"height":1200,"url":"https:\/\/www.cppadova.com\/wp-content\/uploads\/sites\/252\/2021\/08\/crowne_plaza_padova_home_slide_camera.jpg","type":"image\/jpeg"}],"twitter_card":"summary_large_image","twitter_misc":{"Gesch\u00e4tzte Lesezeit":"1 Minute"},"schema":{"@context":"https:\/\/schema.org","@graph":[{"@type":"WebPage","@id":"https:\/\/www.cppadova.com\/de\/restaurant-und-bar\/restaurant-limen\/","url":"https:\/\/www.cppadova.com\/de\/restaurant-und-bar\/restaurant-limen\/","name":"Im Limen: Mittag- und Abendessen | Crowne Plaza Padova","isPartOf":{"@id":"https:\/\/www.cppadova.com\/de\/#website"},"datePublished":"2024-04-18T15:24:57+00:00","dateModified":"2026-01-29T09:09:17+00:00","description":"Auf der Speisekarte unseres Restaurants finden Sie viele traditionelle lokalee Gerichte begleitet von ausgew\u00e4hlten Weinen. Lassen Sie sich von unseren K\u00f6chen \u00fcberraschen!","breadcrumb":{"@id":"https:\/\/www.cppadova.com\/de\/restaurant-und-bar\/restaurant-limen\/#breadcrumb"},"inLanguage":"de-DE","potentialAction":[{"@type":"ReadAction","target":["https:\/\/www.cppadova.com\/de\/restaurant-und-bar\/restaurant-limen\/"]}]},{"@type":"BreadcrumbList","@id":"https:\/\/www.cppadova.com\/de\/restaurant-und-bar\/restaurant-limen\/#breadcrumb","itemListElement":[{"@type":"ListItem","position":1,"name":"Home","item":"https:\/\/www.cppadova.com\/de\/"},{"@type":"ListItem","position":2,"name":"Restaurant und Bar","item":"https:\/\/www.cppadova.com\/de\/restaurant-und-bar\/"},{"@type":"ListItem","position":3,"name":"Restaurant Limen"}]},{"@type":"WebSite","@id":"https:\/\/www.cppadova.com\/de\/#website","url":"https:\/\/www.cppadova.com\/de\/","name":"Crowne Plaza Padova","description":"Just another ms.decms.eu site","potentialAction":[{"@type":"SearchAction","target":{"@type":"EntryPoint","urlTemplate":"https:\/\/www.cppadova.com\/de\/?s={search_term_string}"},"query-input":{"@type":"PropertyValueSpecification","valueRequired":true,"valueName":"search_term_string"}}],"inLanguage":"de-DE"}]}},"acf":[],"_links":{"self":[{"href":"https:\/\/www.cppadova.com\/de\/wp-json\/wp\/v2\/pages\/1276","targetHints":{"allow":["GET"]}}],"collection":[{"href":"https:\/\/www.cppadova.com\/de\/wp-json\/wp\/v2\/pages"}],"about":[{"href":"https:\/\/www.cppadova.com\/de\/wp-json\/wp\/v2\/types\/page"}],"author":[{"embeddable":true,"href":"https:\/\/www.cppadova.com\/de\/wp-json\/wp\/v2\/users\/36"}],"replies":[{"embeddable":true,"href":"https:\/\/www.cppadova.com\/de\/wp-json\/wp\/v2\/comments?post=1276"}],"version-history":[{"count":0,"href":"https:\/\/www.cppadova.com\/de\/wp-json\/wp\/v2\/pages\/1276\/revisions"}],"up":[{"embeddable":true,"href":"https:\/\/www.cppadova.com\/de\/wp-json\/wp\/v2\/pages\/1273"}],"wp:attachment":[{"href":"https:\/\/www.cppadova.com\/de\/wp-json\/wp\/v2\/media?parent=1276"}],"curies":[{"name":"wp","href":"https:\/\/api.w.org\/{rel}","templated":true}]}}