{"id":1580,"date":"2024-05-15T15:04:58","date_gmt":"2024-05-15T15:04:58","guid":{"rendered":"https:\/\/www.cppadova.com\/das-hotel\/sostenibilita-e-csr\/"},"modified":"2024-06-27T13:14:03","modified_gmt":"2024-06-27T13:14:03","slug":"sostenibilita-e-csr","status":"publish","type":"page","link":"https:\/\/www.cppadova.com\/de\/das-hotel\/sostenibilita-e-csr\/","title":{"rendered":"Nachhaltigkeit und CSR"},"content":{"rendered":"<p>Crowne Plaza Padova bekr\u00e4ftigt sein <strong>Engagement f\u00fcr die \u00f6kologische und territoriale Verantwortung<\/strong>, was durch die k\u00fcrzlich erhaltene Green Key-Zertifizierung, einem Exzellenzstandard im nachhaltigen Tourismus, best\u00e4tigt wurde. Von umweltfreundlichen Initiativen wie M\u00fclltrennung und Energiesparen bis hin zur aktiven Beteiligung unserer Mitarbeiter zielt jeder Schritt darauf ab, <strong>unsere Umweltbelastung zu verringern<\/strong>.<\/p>\n","protected":false},"excerpt":{"rendered":"<p>Crowne Plaza Padova bekr\u00e4ftigt sein Engagement f\u00fcr die \u00f6kologische und territoriale Verantwortung, was durch die k\u00fcrzlich erhaltene Green Key-Zertifizierung, einem Exzellenzstandard im nachhaltigen Tourismus, best\u00e4tigt wurde. Von umweltfreundlichen Initiativen wie M\u00fclltrennung und Energiesparen bis hin zur aktiven Beteiligung unserer Mitarbeiter zielt jeder Schritt darauf ab, unsere Umweltbelastung zu verringern.<\/p>\n","protected":false},"author":360,"featured_media":0,"parent":1161,"menu_order":0,"comment_status":"closed","ping_status":"closed","template":"template_default-5.php","meta":{"footnotes":""},"class_list":["post-1580","page","type-page","status-publish","hentry"],"yoast_head":"<!-- This site is optimized with the Yoast SEO plugin v26.9 - https:\/\/yoast.com\/product\/yoast-seo-wordpress\/ -->\n<title>Nachhaltigkeit und CSR | hotel 4* Crowne Plaza Padova<\/title>\n<meta name=\"description\" content=\"Entdecken Sie die Nachhaltigkeits- und CSR-Initiativen des Crowne Plaza Padova: Wir haben die Green Key-Zertifizierung erhalten, wir arbeiten mit Pasticceria Giotto zusammen und vieles mehr!\" \/>\n<meta name=\"robots\" content=\"index, follow, max-snippet:-1, max-image-preview:large, max-video-preview:-1\" \/>\n<link rel=\"canonical\" href=\"https:\/\/www.cppadova.com\/de\/das-hotel\/sostenibilita-e-csr\/\" \/>\n<meta property=\"og:locale\" content=\"de_DE\" \/>\n<meta property=\"og:type\" content=\"article\" \/>\n<meta property=\"og:title\" content=\"Nachhaltigkeit und CSR | hotel 4* Crowne Plaza Padova\" \/>\n<meta property=\"og:description\" content=\"Entdecken Sie die Nachhaltigkeits- und CSR-Initiativen des Crowne Plaza Padova: Wir haben die Green Key-Zertifizierung erhalten, wir arbeiten mit Pasticceria Giotto zusammen und vieles mehr!\" \/>\n<meta property=\"og:url\" content=\"https:\/\/www.cppadova.com\/de\/das-hotel\/sostenibilita-e-csr\/\" \/>\n<meta property=\"og:site_name\" content=\"Crowne Plaza Padova\" \/>\n<meta property=\"article:modified_time\" content=\"2024-06-27T13:14:03+00:00\" \/>\n<meta property=\"og:image\" content=\"https:\/\/www.cppadova.com\/wp-content\/uploads\/sites\/252\/2021\/08\/crowne_plaza_padova_home_slide_camera.jpg\" \/>\n\t<meta property=\"og:image:width\" content=\"2200\" \/>\n\t<meta property=\"og:image:height\" content=\"1200\" \/>\n\t<meta property=\"og:image:type\" content=\"image\/jpeg\" \/>\n<meta name=\"twitter:card\" content=\"summary_large_image\" \/>\n<script type=\"application\/ld+json\" class=\"yoast-schema-graph\">{\"@context\":\"https:\/\/schema.org\",\"@graph\":[{\"@type\":\"WebPage\",\"@id\":\"https:\/\/www.cppadova.com\/de\/das-hotel\/sostenibilita-e-csr\/\",\"url\":\"https:\/\/www.cppadova.com\/de\/das-hotel\/sostenibilita-e-csr\/\",\"name\":\"Nachhaltigkeit und CSR | hotel 4* Crowne Plaza Padova\",\"isPartOf\":{\"@id\":\"https:\/\/www.cppadova.com\/de\/#website\"},\"datePublished\":\"2024-05-15T15:04:58+00:00\",\"dateModified\":\"2024-06-27T13:14:03+00:00\",\"description\":\"Entdecken Sie die Nachhaltigkeits- und CSR-Initiativen des Crowne Plaza Padova: Wir haben die Green Key-Zertifizierung erhalten, wir arbeiten mit Pasticceria Giotto zusammen und vieles mehr!\",\"breadcrumb\":{\"@id\":\"https:\/\/www.cppadova.com\/de\/das-hotel\/sostenibilita-e-csr\/#breadcrumb\"},\"inLanguage\":\"de-DE\",\"potentialAction\":[{\"@type\":\"ReadAction\",\"target\":[\"https:\/\/www.cppadova.com\/de\/das-hotel\/sostenibilita-e-csr\/\"]}]},{\"@type\":\"BreadcrumbList\",\"@id\":\"https:\/\/www.cppadova.com\/de\/das-hotel\/sostenibilita-e-csr\/#breadcrumb\",\"itemListElement\":[{\"@type\":\"ListItem\",\"position\":1,\"name\":\"Home\",\"item\":\"https:\/\/www.cppadova.com\/de\/\"},{\"@type\":\"ListItem\",\"position\":2,\"name\":\"Das Hotel\",\"item\":\"https:\/\/www.cppadova.com\/de\/das-hotel\/\"},{\"@type\":\"ListItem\",\"position\":3,\"name\":\"Nachhaltigkeit und CSR\"}]},{\"@type\":\"WebSite\",\"@id\":\"https:\/\/www.cppadova.com\/de\/#website\",\"url\":\"https:\/\/www.cppadova.com\/de\/\",\"name\":\"Crowne Plaza Padova\",\"description\":\"Just another ms.decms.eu site\",\"potentialAction\":[{\"@type\":\"SearchAction\",\"target\":{\"@type\":\"EntryPoint\",\"urlTemplate\":\"https:\/\/www.cppadova.com\/de\/?s={search_term_string}\"},\"query-input\":{\"@type\":\"PropertyValueSpecification\",\"valueRequired\":true,\"valueName\":\"search_term_string\"}}],\"inLanguage\":\"de-DE\"}]}<\/script>\n<!-- \/ Yoast SEO plugin. -->","yoast_head_json":{"title":"Nachhaltigkeit und CSR | hotel 4* Crowne Plaza Padova","description":"Entdecken Sie die Nachhaltigkeits- und CSR-Initiativen des Crowne Plaza Padova: Wir haben die Green Key-Zertifizierung erhalten, wir arbeiten mit Pasticceria Giotto zusammen und vieles mehr!","robots":{"index":"index","follow":"follow","max-snippet":"max-snippet:-1","max-image-preview":"max-image-preview:large","max-video-preview":"max-video-preview:-1"},"canonical":"https:\/\/www.cppadova.com\/de\/das-hotel\/sostenibilita-e-csr\/","og_locale":"de_DE","og_type":"article","og_title":"Nachhaltigkeit und CSR | hotel 4* Crowne Plaza Padova","og_description":"Entdecken Sie die Nachhaltigkeits- und CSR-Initiativen des Crowne Plaza Padova: Wir haben die Green Key-Zertifizierung erhalten, wir arbeiten mit Pasticceria Giotto zusammen und vieles mehr!","og_url":"https:\/\/www.cppadova.com\/de\/das-hotel\/sostenibilita-e-csr\/","og_site_name":"Crowne Plaza Padova","article_modified_time":"2024-06-27T13:14:03+00:00","og_image":[{"width":2200,"height":1200,"url":"https:\/\/www.cppadova.com\/wp-content\/uploads\/sites\/252\/2021\/08\/crowne_plaza_padova_home_slide_camera.jpg","type":"image\/jpeg"}],"twitter_card":"summary_large_image","schema":{"@context":"https:\/\/schema.org","@graph":[{"@type":"WebPage","@id":"https:\/\/www.cppadova.com\/de\/das-hotel\/sostenibilita-e-csr\/","url":"https:\/\/www.cppadova.com\/de\/das-hotel\/sostenibilita-e-csr\/","name":"Nachhaltigkeit und CSR | hotel 4* Crowne Plaza Padova","isPartOf":{"@id":"https:\/\/www.cppadova.com\/de\/#website"},"datePublished":"2024-05-15T15:04:58+00:00","dateModified":"2024-06-27T13:14:03+00:00","description":"Entdecken Sie die Nachhaltigkeits- und CSR-Initiativen des Crowne Plaza Padova: Wir haben die Green Key-Zertifizierung erhalten, wir arbeiten mit Pasticceria Giotto zusammen und vieles mehr!","breadcrumb":{"@id":"https:\/\/www.cppadova.com\/de\/das-hotel\/sostenibilita-e-csr\/#breadcrumb"},"inLanguage":"de-DE","potentialAction":[{"@type":"ReadAction","target":["https:\/\/www.cppadova.com\/de\/das-hotel\/sostenibilita-e-csr\/"]}]},{"@type":"BreadcrumbList","@id":"https:\/\/www.cppadova.com\/de\/das-hotel\/sostenibilita-e-csr\/#breadcrumb","itemListElement":[{"@type":"ListItem","position":1,"name":"Home","item":"https:\/\/www.cppadova.com\/de\/"},{"@type":"ListItem","position":2,"name":"Das Hotel","item":"https:\/\/www.cppadova.com\/de\/das-hotel\/"},{"@type":"ListItem","position":3,"name":"Nachhaltigkeit und CSR"}]},{"@type":"WebSite","@id":"https:\/\/www.cppadova.com\/de\/#website","url":"https:\/\/www.cppadova.com\/de\/","name":"Crowne Plaza Padova","description":"Just another ms.decms.eu site","potentialAction":[{"@type":"SearchAction","target":{"@type":"EntryPoint","urlTemplate":"https:\/\/www.cppadova.com\/de\/?s={search_term_string}"},"query-input":{"@type":"PropertyValueSpecification","valueRequired":true,"valueName":"search_term_string"}}],"inLanguage":"de-DE"}]}},"acf":[],"_links":{"self":[{"href":"https:\/\/www.cppadova.com\/de\/wp-json\/wp\/v2\/pages\/1580","targetHints":{"allow":["GET"]}}],"collection":[{"href":"https:\/\/www.cppadova.com\/de\/wp-json\/wp\/v2\/pages"}],"about":[{"href":"https:\/\/www.cppadova.com\/de\/wp-json\/wp\/v2\/types\/page"}],"author":[{"embeddable":true,"href":"https:\/\/www.cppadova.com\/de\/wp-json\/wp\/v2\/users\/360"}],"replies":[{"embeddable":true,"href":"https:\/\/www.cppadova.com\/de\/wp-json\/wp\/v2\/comments?post=1580"}],"version-history":[{"count":0,"href":"https:\/\/www.cppadova.com\/de\/wp-json\/wp\/v2\/pages\/1580\/revisions"}],"up":[{"embeddable":true,"href":"https:\/\/www.cppadova.com\/de\/wp-json\/wp\/v2\/pages\/1161"}],"wp:attachment":[{"href":"https:\/\/www.cppadova.com\/de\/wp-json\/wp\/v2\/media?parent=1580"}],"curies":[{"name":"wp","href":"https:\/\/api.w.org\/{rel}","templated":true}]}}