{"id":1804,"date":"2026-03-27T14:28:29","date_gmt":"2026-03-27T14:28:29","guid":{"rendered":"https:\/\/www.cppadova.com\/?page_id=1804"},"modified":"2026-03-27T14:28:29","modified_gmt":"2026-03-27T14:28:29","slug":"spring-in-padova-paket","status":"publish","type":"page","link":"https:\/\/www.cppadova.com\/de\/angebote-und-pakete\/spring-in-padova-paket\/","title":{"rendered":"Spring in Padova Paket"},"content":{"rendered":"<p data-start=\"2452\" data-end=\"2785\">Mit dem <strong data-start=\"2460\" data-end=\"2486\">Spring in Padova Paket<\/strong> l\u00e4dt Sie das 4-Sterne-Hotel <strong>Crowne Plaza Padova<\/strong> ein, den Fr\u00fchling mit einem Aufenthalt voller Komfort und besonderer Vorteile zu erleben: <strong>Fr\u00fchst\u00fccksbuffet<\/strong> inklusive, ein thematischer <strong>Fr\u00fchlingsaperitif<\/strong> sowie exklusive Extras wie <strong>Late Check-out<\/strong> und <strong>kostenloses Zimmer-Upgrade (je nach Verf\u00fcgbarkeit).<\/strong><\/p>\n<p data-start=\"2787\" data-end=\"3165\">Dies ist die ideale Zeit, um Padua von seiner sch\u00f6nsten Seite zu entdecken \u2013 mit hellen Tagen, Spazierg\u00e4ngen im Freien und kulturellen Erlebnissen. Dank der <strong>strategischen Lage<\/strong> <strong>des Hotels, nur wenige Minuten vom historischen Zentrum<\/strong> entfernt und gut an die wichtigsten Verkehrswege angebunden, k\u00f6nnen Sie sich bequem fortbewegen und jeden Moment Ihres Aufenthalts optimal nutzen.<\/p>\n<p data-start=\"3167\" data-end=\"3514\">Nach einem Tag voller Kunst und Entspannung genie\u00dfen Sie die einladende Atmosph\u00e4re unseres <strong>Hotels, das 2025 vollst\u00e4ndig renoviert wurde<\/strong>, und profitieren Sie von unseren auf Ihr Wohlbefinden ausgerichteten Services, einschlie\u00dflich eines <strong>exklusiven Rabatts f\u00fcr Bar oder Restaurant<\/strong>. Ein rundum gelungenes Erlebnis \u2013 perfekt f\u00fcr eine Fr\u00fchlingsauszeit.<\/p>\n","protected":false},"excerpt":{"rendered":"<p>Mit dem Spring in Padova Paket l\u00e4dt Sie das 4-Sterne-Hotel Crowne Plaza Padova ein, den Fr\u00fchling mit einem Aufenthalt voller Komfort und besonderer Vorteile zu erleben: Fr\u00fchst\u00fccksbuffet inklusive, ein thematischer Fr\u00fchlingsaperitif sowie exklusive Extras wie Late Check-out und kostenloses Zimmer-Upgrade (je nach Verf\u00fcgbarkeit). Dies ist die ideale Zeit, um Padua von seiner sch\u00f6nsten Seite zu [&hellip;]<\/p>\n","protected":false},"author":499,"featured_media":1795,"parent":1241,"menu_order":0,"comment_status":"closed","ping_status":"closed","template":"template-default-2.php","meta":{"footnotes":""},"class_list":["post-1804","page","type-page","status-publish","has-post-thumbnail","hentry"],"yoast_head":"<!-- This site is optimized with the Yoast SEO plugin v26.9 - https:\/\/yoast.com\/product\/yoast-seo-wordpress\/ -->\n<title>Spring in Padova Paket | 4* Crowne Plaza Padova Hotel<\/title>\n<meta name=\"description\" content=\"Entdecken Sie das Spring in Padova Paket im 4* Crowne Plaza Padova. Mit Fr\u00fchst\u00fcck, Aperitif, Rabatt f\u00fcr Bar &amp; Restaurant, Late Check-out und Upgrade.\" \/>\n<meta name=\"robots\" content=\"index, follow, max-snippet:-1, max-image-preview:large, max-video-preview:-1\" \/>\n<link rel=\"canonical\" href=\"https:\/\/www.cppadova.com\/de\/angebote-und-pakete\/spring-in-padova-paket\/\" \/>\n<meta property=\"og:locale\" content=\"de_DE\" \/>\n<meta property=\"og:type\" content=\"article\" \/>\n<meta property=\"og:title\" content=\"Spring in Padova Paket | 4* Crowne Plaza Padova Hotel\" \/>\n<meta property=\"og:description\" content=\"Entdecken Sie das Spring in Padova Paket im 4* Crowne Plaza Padova. Mit Fr\u00fchst\u00fcck, Aperitif, Rabatt f\u00fcr Bar &amp; Restaurant, Late Check-out und Upgrade.\" \/>\n<meta property=\"og:url\" content=\"https:\/\/www.cppadova.com\/de\/angebote-und-pakete\/spring-in-padova-paket\/\" \/>\n<meta property=\"og:site_name\" content=\"Crowne Plaza Padova\" \/>\n<meta property=\"og:image\" content=\"https:\/\/www.cppadova.com\/wp-content\/uploads\/sites\/252\/2026\/03\/Pacchetto-Primavera-Crowne-Plaza-Padova_Ok.jpg\" \/>\n\t<meta property=\"og:image:width\" content=\"2133\" \/>\n\t<meta property=\"og:image:height\" content=\"1200\" \/>\n\t<meta property=\"og:image:type\" content=\"image\/jpeg\" \/>\n<meta name=\"twitter:card\" content=\"summary_large_image\" \/>\n<meta name=\"twitter:label1\" content=\"Gesch\u00e4tzte Lesezeit\" \/>\n\t<meta name=\"twitter:data1\" content=\"1 Minute\" \/>\n<script type=\"application\/ld+json\" class=\"yoast-schema-graph\">{\"@context\":\"https:\/\/schema.org\",\"@graph\":[{\"@type\":\"WebPage\",\"@id\":\"https:\/\/www.cppadova.com\/de\/angebote-und-pakete\/spring-in-padova-paket\/\",\"url\":\"https:\/\/www.cppadova.com\/de\/angebote-und-pakete\/spring-in-padova-paket\/\",\"name\":\"Spring in Padova Paket | 4* Crowne Plaza Padova Hotel\",\"isPartOf\":{\"@id\":\"https:\/\/www.cppadova.com\/de\/#website\"},\"primaryImageOfPage\":{\"@id\":\"https:\/\/www.cppadova.com\/de\/angebote-und-pakete\/spring-in-padova-paket\/#primaryimage\"},\"image\":{\"@id\":\"https:\/\/www.cppadova.com\/de\/angebote-und-pakete\/spring-in-padova-paket\/#primaryimage\"},\"thumbnailUrl\":\"https:\/\/www.cppadova.com\/wp-content\/uploads\/sites\/252\/2026\/03\/Pacchetto-Primavera-Crowne-Plaza-Padova_Ok.jpg\",\"datePublished\":\"2026-03-27T14:28:29+00:00\",\"description\":\"Entdecken Sie das Spring in Padova Paket im 4* Crowne Plaza Padova. Mit Fr\u00fchst\u00fcck, Aperitif, Rabatt f\u00fcr Bar & Restaurant, Late Check-out und Upgrade.\",\"breadcrumb\":{\"@id\":\"https:\/\/www.cppadova.com\/de\/angebote-und-pakete\/spring-in-padova-paket\/#breadcrumb\"},\"inLanguage\":\"de-DE\",\"potentialAction\":[{\"@type\":\"ReadAction\",\"target\":[\"https:\/\/www.cppadova.com\/de\/angebote-und-pakete\/spring-in-padova-paket\/\"]}]},{\"@type\":\"ImageObject\",\"inLanguage\":\"de-DE\",\"@id\":\"https:\/\/www.cppadova.com\/de\/angebote-und-pakete\/spring-in-padova-paket\/#primaryimage\",\"url\":\"https:\/\/www.cppadova.com\/wp-content\/uploads\/sites\/252\/2026\/03\/Pacchetto-Primavera-Crowne-Plaza-Padova_Ok.jpg\",\"contentUrl\":\"https:\/\/www.cppadova.com\/wp-content\/uploads\/sites\/252\/2026\/03\/Pacchetto-Primavera-Crowne-Plaza-Padova_Ok.jpg\",\"width\":2133,\"height\":1200},{\"@type\":\"BreadcrumbList\",\"@id\":\"https:\/\/www.cppadova.com\/de\/angebote-und-pakete\/spring-in-padova-paket\/#breadcrumb\",\"itemListElement\":[{\"@type\":\"ListItem\",\"position\":1,\"name\":\"Home\",\"item\":\"https:\/\/www.cppadova.com\/de\/\"},{\"@type\":\"ListItem\",\"position\":2,\"name\":\"Angebote und Pakete\",\"item\":\"https:\/\/www.cppadova.com\/de\/angebote-und-pakete\/\"},{\"@type\":\"ListItem\",\"position\":3,\"name\":\"Spring in Padova Paket\"}]},{\"@type\":\"WebSite\",\"@id\":\"https:\/\/www.cppadova.com\/de\/#website\",\"url\":\"https:\/\/www.cppadova.com\/de\/\",\"name\":\"Crowne Plaza Padova\",\"description\":\"Just another ms.decms.eu site\",\"potentialAction\":[{\"@type\":\"SearchAction\",\"target\":{\"@type\":\"EntryPoint\",\"urlTemplate\":\"https:\/\/www.cppadova.com\/de\/?s={search_term_string}\"},\"query-input\":{\"@type\":\"PropertyValueSpecification\",\"valueRequired\":true,\"valueName\":\"search_term_string\"}}],\"inLanguage\":\"de-DE\"}]}<\/script>\n<!-- \/ Yoast SEO plugin. -->","yoast_head_json":{"title":"Spring in Padova Paket | 4* Crowne Plaza Padova Hotel","description":"Entdecken Sie das Spring in Padova Paket im 4* Crowne Plaza Padova. Mit Fr\u00fchst\u00fcck, Aperitif, Rabatt f\u00fcr Bar & Restaurant, Late Check-out und Upgrade.","robots":{"index":"index","follow":"follow","max-snippet":"max-snippet:-1","max-image-preview":"max-image-preview:large","max-video-preview":"max-video-preview:-1"},"canonical":"https:\/\/www.cppadova.com\/de\/angebote-und-pakete\/spring-in-padova-paket\/","og_locale":"de_DE","og_type":"article","og_title":"Spring in Padova Paket | 4* Crowne Plaza Padova Hotel","og_description":"Entdecken Sie das Spring in Padova Paket im 4* Crowne Plaza Padova. Mit Fr\u00fchst\u00fcck, Aperitif, Rabatt f\u00fcr Bar & Restaurant, Late Check-out und Upgrade.","og_url":"https:\/\/www.cppadova.com\/de\/angebote-und-pakete\/spring-in-padova-paket\/","og_site_name":"Crowne Plaza Padova","og_image":[{"width":2133,"height":1200,"url":"https:\/\/www.cppadova.com\/wp-content\/uploads\/sites\/252\/2026\/03\/Pacchetto-Primavera-Crowne-Plaza-Padova_Ok.jpg","type":"image\/jpeg"}],"twitter_card":"summary_large_image","twitter_misc":{"Gesch\u00e4tzte Lesezeit":"1 Minute"},"schema":{"@context":"https:\/\/schema.org","@graph":[{"@type":"WebPage","@id":"https:\/\/www.cppadova.com\/de\/angebote-und-pakete\/spring-in-padova-paket\/","url":"https:\/\/www.cppadova.com\/de\/angebote-und-pakete\/spring-in-padova-paket\/","name":"Spring in Padova Paket | 4* Crowne Plaza Padova Hotel","isPartOf":{"@id":"https:\/\/www.cppadova.com\/de\/#website"},"primaryImageOfPage":{"@id":"https:\/\/www.cppadova.com\/de\/angebote-und-pakete\/spring-in-padova-paket\/#primaryimage"},"image":{"@id":"https:\/\/www.cppadova.com\/de\/angebote-und-pakete\/spring-in-padova-paket\/#primaryimage"},"thumbnailUrl":"https:\/\/www.cppadova.com\/wp-content\/uploads\/sites\/252\/2026\/03\/Pacchetto-Primavera-Crowne-Plaza-Padova_Ok.jpg","datePublished":"2026-03-27T14:28:29+00:00","description":"Entdecken Sie das Spring in Padova Paket im 4* Crowne Plaza Padova. Mit Fr\u00fchst\u00fcck, Aperitif, Rabatt f\u00fcr Bar & Restaurant, Late Check-out und Upgrade.","breadcrumb":{"@id":"https:\/\/www.cppadova.com\/de\/angebote-und-pakete\/spring-in-padova-paket\/#breadcrumb"},"inLanguage":"de-DE","potentialAction":[{"@type":"ReadAction","target":["https:\/\/www.cppadova.com\/de\/angebote-und-pakete\/spring-in-padova-paket\/"]}]},{"@type":"ImageObject","inLanguage":"de-DE","@id":"https:\/\/www.cppadova.com\/de\/angebote-und-pakete\/spring-in-padova-paket\/#primaryimage","url":"https:\/\/www.cppadova.com\/wp-content\/uploads\/sites\/252\/2026\/03\/Pacchetto-Primavera-Crowne-Plaza-Padova_Ok.jpg","contentUrl":"https:\/\/www.cppadova.com\/wp-content\/uploads\/sites\/252\/2026\/03\/Pacchetto-Primavera-Crowne-Plaza-Padova_Ok.jpg","width":2133,"height":1200},{"@type":"BreadcrumbList","@id":"https:\/\/www.cppadova.com\/de\/angebote-und-pakete\/spring-in-padova-paket\/#breadcrumb","itemListElement":[{"@type":"ListItem","position":1,"name":"Home","item":"https:\/\/www.cppadova.com\/de\/"},{"@type":"ListItem","position":2,"name":"Angebote und Pakete","item":"https:\/\/www.cppadova.com\/de\/angebote-und-pakete\/"},{"@type":"ListItem","position":3,"name":"Spring in Padova Paket"}]},{"@type":"WebSite","@id":"https:\/\/www.cppadova.com\/de\/#website","url":"https:\/\/www.cppadova.com\/de\/","name":"Crowne Plaza Padova","description":"Just another ms.decms.eu site","potentialAction":[{"@type":"SearchAction","target":{"@type":"EntryPoint","urlTemplate":"https:\/\/www.cppadova.com\/de\/?s={search_term_string}"},"query-input":{"@type":"PropertyValueSpecification","valueRequired":true,"valueName":"search_term_string"}}],"inLanguage":"de-DE"}]}},"acf":[],"_links":{"self":[{"href":"https:\/\/www.cppadova.com\/de\/wp-json\/wp\/v2\/pages\/1804","targetHints":{"allow":["GET"]}}],"collection":[{"href":"https:\/\/www.cppadova.com\/de\/wp-json\/wp\/v2\/pages"}],"about":[{"href":"https:\/\/www.cppadova.com\/de\/wp-json\/wp\/v2\/types\/page"}],"author":[{"embeddable":true,"href":"https:\/\/www.cppadova.com\/de\/wp-json\/wp\/v2\/users\/499"}],"replies":[{"embeddable":true,"href":"https:\/\/www.cppadova.com\/de\/wp-json\/wp\/v2\/comments?post=1804"}],"version-history":[{"count":0,"href":"https:\/\/www.cppadova.com\/de\/wp-json\/wp\/v2\/pages\/1804\/revisions"}],"up":[{"embeddable":true,"href":"https:\/\/www.cppadova.com\/de\/wp-json\/wp\/v2\/pages\/1241"}],"wp:featuredmedia":[{"embeddable":true,"href":"https:\/\/www.cppadova.com\/de\/wp-json\/wp\/v2\/media\/1795"}],"wp:attachment":[{"href":"https:\/\/www.cppadova.com\/de\/wp-json\/wp\/v2\/media?parent=1804"}],"curies":[{"name":"wp","href":"https:\/\/api.w.org\/{rel}","templated":true}]}}