{"id":1160,"date":"2024-04-16T15:23:42","date_gmt":"2024-04-16T15:23:42","guid":{"rendered":"https:\/\/www.cppadova.com\/?page_id=1160"},"modified":"2024-04-22T14:22:05","modified_gmt":"2024-04-22T14:22:05","slug":"lhotel","status":"publish","type":"page","link":"https:\/\/www.cppadova.com\/fr\/lhotel\/","title":{"rendered":"L\u2019H\u00f4tel"},"content":{"rendered":"<p>Que vous soyez en voyage d&rsquo;affaires ou d&rsquo;agr\u00e9ment, vous passerez ici un s\u00e9jour confortable et b\u00e9n\u00e9ficierez de services sur mesure ! Optez pour le Crowne Plaza, notre <strong>confortable h\u00f4tel 4 \u00e9toiles <\/strong>situ\u00e9 \u00e0 Padoue, et profitez de sa <strong>position<\/strong> <strong>strat\u00e9gique <\/strong>: notre structure est id\u00e9alement situ\u00e9e pour rejoindre le centre-ville et \u00e0 proximit\u00e9 des principaux \u00e9changeurs autoroutiers, de la gare et des a\u00e9roports de Venise et de Tr\u00e9vise.<\/p>\n<p>Une <strong>\u00e9quipe professionnelle<\/strong> exp\u00e9riment\u00e9e, des <strong>chambres spacieuses<\/strong> \u00e9quip\u00e9es tout confort, un <strong>excellent restaurant et un bar<\/strong> pour d\u00e9couvrir l&rsquo;excellence de la tradition v\u00e9nitienne, des <strong>services <\/strong>pour l&rsquo;organisation de <strong>r\u00e9unions et d&rsquo;\u00e9v\u00e9nements <\/strong>et bien d\u2019autres choses encore vous attendent \u00e0 l&rsquo;Hotel 4 \u00e9toiles Crowne Plaza de Padoue !<\/p>\n","protected":false},"excerpt":{"rendered":"<p>Que vous soyez en voyage d&rsquo;affaires ou d&rsquo;agr\u00e9ment, vous passerez ici un s\u00e9jour confortable et b\u00e9n\u00e9ficierez de services sur mesure ! Optez pour le Crowne Plaza, notre confortable h\u00f4tel 4 \u00e9toiles situ\u00e9 \u00e0 Padoue, et profitez de sa position strat\u00e9gique : notre structure est id\u00e9alement situ\u00e9e pour rejoindre le centre-ville et \u00e0 proximit\u00e9 des principaux [&hellip;]<\/p>\n","protected":false},"author":36,"featured_media":0,"parent":0,"menu_order":2,"comment_status":"closed","ping_status":"closed","template":"","meta":{"footnotes":""},"class_list":["post-1160","page","type-page","status-publish","hentry"],"yoast_head":"<!-- This site is optimized with the Yoast SEO plugin v26.9 - https:\/\/yoast.com\/product\/yoast-seo-wordpress\/ -->\n<title>H\u00f4tel 4 \u00e9toiles : business &amp; relax | Crowne Plaza Padova<\/title>\n<meta name=\"description\" content=\"Que vous soyez en voyage d&#039;affaires ou d&#039;agr\u00e9ment, vous passerez ici un s\u00e9jour tout confort avec des services sur mesure !\" \/>\n<meta name=\"robots\" content=\"index, follow, max-snippet:-1, max-image-preview:large, max-video-preview:-1\" \/>\n<link rel=\"canonical\" href=\"https:\/\/www.cppadova.com\/fr\/lhotel\/\" \/>\n<meta property=\"og:locale\" content=\"fr_FR\" \/>\n<meta property=\"og:type\" content=\"article\" \/>\n<meta property=\"og:title\" content=\"H\u00f4tel 4 \u00e9toiles : business &amp; relax | Crowne Plaza Padova\" \/>\n<meta property=\"og:description\" content=\"Que vous soyez en voyage d&#039;affaires ou d&#039;agr\u00e9ment, vous passerez ici un s\u00e9jour tout confort avec des services sur mesure !\" \/>\n<meta property=\"og:url\" content=\"https:\/\/www.cppadova.com\/fr\/lhotel\/\" \/>\n<meta property=\"og:site_name\" content=\"Crowne Plaza Padova\" \/>\n<meta property=\"article:modified_time\" content=\"2024-04-22T14:22:05+00:00\" \/>\n<meta property=\"og:image\" content=\"https:\/\/www.cppadova.com\/wp-content\/uploads\/sites\/252\/2021\/08\/crowne_plaza_padova_home_slide_camera.jpg\" \/>\n\t<meta property=\"og:image:width\" content=\"2200\" \/>\n\t<meta property=\"og:image:height\" content=\"1200\" \/>\n\t<meta property=\"og:image:type\" content=\"image\/jpeg\" \/>\n<meta name=\"twitter:card\" content=\"summary_large_image\" \/>\n<meta name=\"twitter:label1\" content=\"Dur\u00e9e de lecture estim\u00e9e\" \/>\n\t<meta name=\"twitter:data1\" content=\"1 minute\" \/>\n<script type=\"application\/ld+json\" class=\"yoast-schema-graph\">{\"@context\":\"https:\/\/schema.org\",\"@graph\":[{\"@type\":\"WebPage\",\"@id\":\"https:\/\/www.cppadova.com\/fr\/lhotel\/\",\"url\":\"https:\/\/www.cppadova.com\/fr\/lhotel\/\",\"name\":\"H\u00f4tel 4 \u00e9toiles : business & relax | Crowne Plaza Padova\",\"isPartOf\":{\"@id\":\"https:\/\/www.cppadova.com\/fr\/#website\"},\"datePublished\":\"2024-04-16T15:23:42+00:00\",\"dateModified\":\"2024-04-22T14:22:05+00:00\",\"description\":\"Que vous soyez en voyage d'affaires ou d'agr\u00e9ment, vous passerez ici un s\u00e9jour tout confort avec des services sur mesure !\",\"breadcrumb\":{\"@id\":\"https:\/\/www.cppadova.com\/fr\/lhotel\/#breadcrumb\"},\"inLanguage\":\"fr-FR\",\"potentialAction\":[{\"@type\":\"ReadAction\",\"target\":[\"https:\/\/www.cppadova.com\/fr\/lhotel\/\"]}]},{\"@type\":\"BreadcrumbList\",\"@id\":\"https:\/\/www.cppadova.com\/fr\/lhotel\/#breadcrumb\",\"itemListElement\":[{\"@type\":\"ListItem\",\"position\":1,\"name\":\"Home\",\"item\":\"https:\/\/www.cppadova.com\/fr\/\"},{\"@type\":\"ListItem\",\"position\":2,\"name\":\"L\u2019H\u00f4tel\"}]},{\"@type\":\"WebSite\",\"@id\":\"https:\/\/www.cppadova.com\/fr\/#website\",\"url\":\"https:\/\/www.cppadova.com\/fr\/\",\"name\":\"Crowne Plaza Padova\",\"description\":\"Just another ms.decms.eu site\",\"potentialAction\":[{\"@type\":\"SearchAction\",\"target\":{\"@type\":\"EntryPoint\",\"urlTemplate\":\"https:\/\/www.cppadova.com\/fr\/?s={search_term_string}\"},\"query-input\":{\"@type\":\"PropertyValueSpecification\",\"valueRequired\":true,\"valueName\":\"search_term_string\"}}],\"inLanguage\":\"fr-FR\"}]}<\/script>\n<!-- \/ Yoast SEO plugin. -->","yoast_head_json":{"title":"H\u00f4tel 4 \u00e9toiles : business & relax | Crowne Plaza Padova","description":"Que vous soyez en voyage d'affaires ou d'agr\u00e9ment, vous passerez ici un s\u00e9jour tout confort avec des services sur mesure !","robots":{"index":"index","follow":"follow","max-snippet":"max-snippet:-1","max-image-preview":"max-image-preview:large","max-video-preview":"max-video-preview:-1"},"canonical":"https:\/\/www.cppadova.com\/fr\/lhotel\/","og_locale":"fr_FR","og_type":"article","og_title":"H\u00f4tel 4 \u00e9toiles : business & relax | Crowne Plaza Padova","og_description":"Que vous soyez en voyage d'affaires ou d'agr\u00e9ment, vous passerez ici un s\u00e9jour tout confort avec des services sur mesure !","og_url":"https:\/\/www.cppadova.com\/fr\/lhotel\/","og_site_name":"Crowne Plaza Padova","article_modified_time":"2024-04-22T14:22:05+00:00","og_image":[{"width":2200,"height":1200,"url":"https:\/\/www.cppadova.com\/wp-content\/uploads\/sites\/252\/2021\/08\/crowne_plaza_padova_home_slide_camera.jpg","type":"image\/jpeg"}],"twitter_card":"summary_large_image","twitter_misc":{"Dur\u00e9e de lecture estim\u00e9e":"1 minute"},"schema":{"@context":"https:\/\/schema.org","@graph":[{"@type":"WebPage","@id":"https:\/\/www.cppadova.com\/fr\/lhotel\/","url":"https:\/\/www.cppadova.com\/fr\/lhotel\/","name":"H\u00f4tel 4 \u00e9toiles : business & relax | Crowne Plaza Padova","isPartOf":{"@id":"https:\/\/www.cppadova.com\/fr\/#website"},"datePublished":"2024-04-16T15:23:42+00:00","dateModified":"2024-04-22T14:22:05+00:00","description":"Que vous soyez en voyage d'affaires ou d'agr\u00e9ment, vous passerez ici un s\u00e9jour tout confort avec des services sur mesure !","breadcrumb":{"@id":"https:\/\/www.cppadova.com\/fr\/lhotel\/#breadcrumb"},"inLanguage":"fr-FR","potentialAction":[{"@type":"ReadAction","target":["https:\/\/www.cppadova.com\/fr\/lhotel\/"]}]},{"@type":"BreadcrumbList","@id":"https:\/\/www.cppadova.com\/fr\/lhotel\/#breadcrumb","itemListElement":[{"@type":"ListItem","position":1,"name":"Home","item":"https:\/\/www.cppadova.com\/fr\/"},{"@type":"ListItem","position":2,"name":"L\u2019H\u00f4tel"}]},{"@type":"WebSite","@id":"https:\/\/www.cppadova.com\/fr\/#website","url":"https:\/\/www.cppadova.com\/fr\/","name":"Crowne Plaza Padova","description":"Just another ms.decms.eu site","potentialAction":[{"@type":"SearchAction","target":{"@type":"EntryPoint","urlTemplate":"https:\/\/www.cppadova.com\/fr\/?s={search_term_string}"},"query-input":{"@type":"PropertyValueSpecification","valueRequired":true,"valueName":"search_term_string"}}],"inLanguage":"fr-FR"}]}},"acf":[],"_links":{"self":[{"href":"https:\/\/www.cppadova.com\/fr\/wp-json\/wp\/v2\/pages\/1160","targetHints":{"allow":["GET"]}}],"collection":[{"href":"https:\/\/www.cppadova.com\/fr\/wp-json\/wp\/v2\/pages"}],"about":[{"href":"https:\/\/www.cppadova.com\/fr\/wp-json\/wp\/v2\/types\/page"}],"author":[{"embeddable":true,"href":"https:\/\/www.cppadova.com\/fr\/wp-json\/wp\/v2\/users\/36"}],"replies":[{"embeddable":true,"href":"https:\/\/www.cppadova.com\/fr\/wp-json\/wp\/v2\/comments?post=1160"}],"version-history":[{"count":0,"href":"https:\/\/www.cppadova.com\/fr\/wp-json\/wp\/v2\/pages\/1160\/revisions"}],"wp:attachment":[{"href":"https:\/\/www.cppadova.com\/fr\/wp-json\/wp\/v2\/media?parent=1160"}],"curies":[{"name":"wp","href":"https:\/\/api.w.org\/{rel}","templated":true}]}}