{"id":1164,"date":"2024-04-16T15:30:00","date_gmt":"2024-04-16T15:30:00","guid":{"rendered":"https:\/\/www.cppadova.com\/?page_id=1164"},"modified":"2024-04-22T14:22:27","modified_gmt":"2024-04-22T14:22:27","slug":"business-hotel","status":"publish","type":"page","link":"https:\/\/www.cppadova.com\/fr\/lhotel\/business-hotel\/","title":{"rendered":"Business Hotel"},"content":{"rendered":"<p><strong>Vous<\/strong> <strong>voyagez souvent pour affaires<\/strong> et recherchez un h\u00f4tel \u00e0 la hauteur de vos exigences ? Optez pour les services business de l&rsquo;Hotel <strong>Crowne Plaza Padova<\/strong>, une structure 4 \u00e9toiles offrant <strong>confort et prestations sur mesure d\u00e9di\u00e9s aux<\/strong> <strong>voyageurs d&rsquo;affaires<\/strong>.<\/p>\n<ul>\n<li><strong>Grand parking<\/strong> ext\u00e9rieur et garage couvert<\/li>\n<li><strong>Colonnes de recharge <\/strong>Superchargeurs Tesla<\/li>\n<li><strong>Connexion Wi-Fi rapide<\/strong> dans toutes les chambres et les parties communes<\/li>\n<li><strong>Restaurant AQuattro<\/strong> et bar Il Pedrocchino<\/li>\n<li><strong>Salle de fitness<\/strong> \u00e9quip\u00e9e d\u2019appareils Technogym<\/li>\n<li><strong>Service de navette<\/strong> sur demande (payant)<\/li>\n<li><strong>TV par satellite<\/strong> avec cha\u00eenes SKY dans les chambres<\/li>\n<li><strong>Formule Business<\/strong> d\u00e9di\u00e9e (voir nos offres)<\/li>\n<\/ul>\n","protected":false},"excerpt":{"rendered":"<p>Vous voyagez souvent pour affaires et recherchez un h\u00f4tel \u00e0 la hauteur de vos exigences ? Optez pour les services business de l&rsquo;Hotel Crowne Plaza Padova, une structure 4 \u00e9toiles offrant confort et prestations sur mesure d\u00e9di\u00e9s aux voyageurs d&rsquo;affaires. Grand parking ext\u00e9rieur et garage couvert Colonnes de recharge Superchargeurs Tesla Connexion Wi-Fi rapide dans [&hellip;]<\/p>\n","protected":false},"author":36,"featured_media":0,"parent":1160,"menu_order":1,"comment_status":"closed","ping_status":"closed","template":"template-default-2.php","meta":{"footnotes":""},"class_list":["post-1164","page","type-page","status-publish","hentry"],"yoast_head":"<!-- This site is optimized with the Yoast SEO plugin v26.9 - https:\/\/yoast.com\/product\/yoast-seo-wordpress\/ -->\n<title>H\u00f4tel Business : voyages d&#039;affaires | Crowne Plaza Padova<\/title>\n<meta name=\"description\" content=\"Optez pour les services business de l&#039;Hotel Crowne Plaza Padova, une structure 4 \u00e9toiles offrant confort et prestations sur mesure d\u00e9di\u00e9s aux voyageurs d&#039;affaires.\" \/>\n<meta name=\"robots\" content=\"index, follow, max-snippet:-1, max-image-preview:large, max-video-preview:-1\" \/>\n<link rel=\"canonical\" href=\"https:\/\/www.cppadova.com\/fr\/lhotel\/business-hotel\/\" \/>\n<meta property=\"og:locale\" content=\"fr_FR\" \/>\n<meta property=\"og:type\" content=\"article\" \/>\n<meta property=\"og:title\" content=\"H\u00f4tel Business : voyages d&#039;affaires | Crowne Plaza Padova\" \/>\n<meta property=\"og:description\" content=\"Optez pour les services business de l&#039;Hotel Crowne Plaza Padova, une structure 4 \u00e9toiles offrant confort et prestations sur mesure d\u00e9di\u00e9s aux voyageurs d&#039;affaires.\" \/>\n<meta property=\"og:url\" content=\"https:\/\/www.cppadova.com\/fr\/lhotel\/business-hotel\/\" \/>\n<meta property=\"og:site_name\" content=\"Crowne Plaza Padova\" \/>\n<meta property=\"article:modified_time\" content=\"2024-04-22T14:22:27+00:00\" \/>\n<meta property=\"og:image\" content=\"https:\/\/www.cppadova.com\/wp-content\/uploads\/sites\/252\/2021\/08\/crowne_plaza_padova_home_slide_camera.jpg\" \/>\n\t<meta property=\"og:image:width\" content=\"2200\" \/>\n\t<meta property=\"og:image:height\" content=\"1200\" \/>\n\t<meta property=\"og:image:type\" content=\"image\/jpeg\" \/>\n<meta name=\"twitter:card\" content=\"summary_large_image\" \/>\n<meta name=\"twitter:label1\" content=\"Dur\u00e9e de lecture estim\u00e9e\" \/>\n\t<meta name=\"twitter:data1\" content=\"1 minute\" \/>\n<script type=\"application\/ld+json\" class=\"yoast-schema-graph\">{\"@context\":\"https:\/\/schema.org\",\"@graph\":[{\"@type\":\"WebPage\",\"@id\":\"https:\/\/www.cppadova.com\/fr\/lhotel\/business-hotel\/\",\"url\":\"https:\/\/www.cppadova.com\/fr\/lhotel\/business-hotel\/\",\"name\":\"H\u00f4tel Business : voyages d'affaires | Crowne Plaza Padova\",\"isPartOf\":{\"@id\":\"https:\/\/www.cppadova.com\/fr\/#website\"},\"datePublished\":\"2024-04-16T15:30:00+00:00\",\"dateModified\":\"2024-04-22T14:22:27+00:00\",\"description\":\"Optez pour les services business de l'Hotel Crowne Plaza Padova, une structure 4 \u00e9toiles offrant confort et prestations sur mesure d\u00e9di\u00e9s aux voyageurs d'affaires.\",\"breadcrumb\":{\"@id\":\"https:\/\/www.cppadova.com\/fr\/lhotel\/business-hotel\/#breadcrumb\"},\"inLanguage\":\"fr-FR\",\"potentialAction\":[{\"@type\":\"ReadAction\",\"target\":[\"https:\/\/www.cppadova.com\/fr\/lhotel\/business-hotel\/\"]}]},{\"@type\":\"BreadcrumbList\",\"@id\":\"https:\/\/www.cppadova.com\/fr\/lhotel\/business-hotel\/#breadcrumb\",\"itemListElement\":[{\"@type\":\"ListItem\",\"position\":1,\"name\":\"Home\",\"item\":\"https:\/\/www.cppadova.com\/fr\/\"},{\"@type\":\"ListItem\",\"position\":2,\"name\":\"L\u2019H\u00f4tel\",\"item\":\"https:\/\/www.cppadova.com\/fr\/lhotel\/\"},{\"@type\":\"ListItem\",\"position\":3,\"name\":\"Business Hotel\"}]},{\"@type\":\"WebSite\",\"@id\":\"https:\/\/www.cppadova.com\/fr\/#website\",\"url\":\"https:\/\/www.cppadova.com\/fr\/\",\"name\":\"Crowne Plaza Padova\",\"description\":\"Just another ms.decms.eu site\",\"potentialAction\":[{\"@type\":\"SearchAction\",\"target\":{\"@type\":\"EntryPoint\",\"urlTemplate\":\"https:\/\/www.cppadova.com\/fr\/?s={search_term_string}\"},\"query-input\":{\"@type\":\"PropertyValueSpecification\",\"valueRequired\":true,\"valueName\":\"search_term_string\"}}],\"inLanguage\":\"fr-FR\"}]}<\/script>\n<!-- \/ Yoast SEO plugin. -->","yoast_head_json":{"title":"H\u00f4tel Business : voyages d'affaires | Crowne Plaza Padova","description":"Optez pour les services business de l'Hotel Crowne Plaza Padova, une structure 4 \u00e9toiles offrant confort et prestations sur mesure d\u00e9di\u00e9s aux voyageurs d'affaires.","robots":{"index":"index","follow":"follow","max-snippet":"max-snippet:-1","max-image-preview":"max-image-preview:large","max-video-preview":"max-video-preview:-1"},"canonical":"https:\/\/www.cppadova.com\/fr\/lhotel\/business-hotel\/","og_locale":"fr_FR","og_type":"article","og_title":"H\u00f4tel Business : voyages d'affaires | Crowne Plaza Padova","og_description":"Optez pour les services business de l'Hotel Crowne Plaza Padova, une structure 4 \u00e9toiles offrant confort et prestations sur mesure d\u00e9di\u00e9s aux voyageurs d'affaires.","og_url":"https:\/\/www.cppadova.com\/fr\/lhotel\/business-hotel\/","og_site_name":"Crowne Plaza Padova","article_modified_time":"2024-04-22T14:22:27+00:00","og_image":[{"width":2200,"height":1200,"url":"https:\/\/www.cppadova.com\/wp-content\/uploads\/sites\/252\/2021\/08\/crowne_plaza_padova_home_slide_camera.jpg","type":"image\/jpeg"}],"twitter_card":"summary_large_image","twitter_misc":{"Dur\u00e9e de lecture estim\u00e9e":"1 minute"},"schema":{"@context":"https:\/\/schema.org","@graph":[{"@type":"WebPage","@id":"https:\/\/www.cppadova.com\/fr\/lhotel\/business-hotel\/","url":"https:\/\/www.cppadova.com\/fr\/lhotel\/business-hotel\/","name":"H\u00f4tel Business : voyages d'affaires | Crowne Plaza Padova","isPartOf":{"@id":"https:\/\/www.cppadova.com\/fr\/#website"},"datePublished":"2024-04-16T15:30:00+00:00","dateModified":"2024-04-22T14:22:27+00:00","description":"Optez pour les services business de l'Hotel Crowne Plaza Padova, une structure 4 \u00e9toiles offrant confort et prestations sur mesure d\u00e9di\u00e9s aux voyageurs d'affaires.","breadcrumb":{"@id":"https:\/\/www.cppadova.com\/fr\/lhotel\/business-hotel\/#breadcrumb"},"inLanguage":"fr-FR","potentialAction":[{"@type":"ReadAction","target":["https:\/\/www.cppadova.com\/fr\/lhotel\/business-hotel\/"]}]},{"@type":"BreadcrumbList","@id":"https:\/\/www.cppadova.com\/fr\/lhotel\/business-hotel\/#breadcrumb","itemListElement":[{"@type":"ListItem","position":1,"name":"Home","item":"https:\/\/www.cppadova.com\/fr\/"},{"@type":"ListItem","position":2,"name":"L\u2019H\u00f4tel","item":"https:\/\/www.cppadova.com\/fr\/lhotel\/"},{"@type":"ListItem","position":3,"name":"Business Hotel"}]},{"@type":"WebSite","@id":"https:\/\/www.cppadova.com\/fr\/#website","url":"https:\/\/www.cppadova.com\/fr\/","name":"Crowne Plaza Padova","description":"Just another ms.decms.eu site","potentialAction":[{"@type":"SearchAction","target":{"@type":"EntryPoint","urlTemplate":"https:\/\/www.cppadova.com\/fr\/?s={search_term_string}"},"query-input":{"@type":"PropertyValueSpecification","valueRequired":true,"valueName":"search_term_string"}}],"inLanguage":"fr-FR"}]}},"acf":[],"_links":{"self":[{"href":"https:\/\/www.cppadova.com\/fr\/wp-json\/wp\/v2\/pages\/1164","targetHints":{"allow":["GET"]}}],"collection":[{"href":"https:\/\/www.cppadova.com\/fr\/wp-json\/wp\/v2\/pages"}],"about":[{"href":"https:\/\/www.cppadova.com\/fr\/wp-json\/wp\/v2\/types\/page"}],"author":[{"embeddable":true,"href":"https:\/\/www.cppadova.com\/fr\/wp-json\/wp\/v2\/users\/36"}],"replies":[{"embeddable":true,"href":"https:\/\/www.cppadova.com\/fr\/wp-json\/wp\/v2\/comments?post=1164"}],"version-history":[{"count":0,"href":"https:\/\/www.cppadova.com\/fr\/wp-json\/wp\/v2\/pages\/1164\/revisions"}],"up":[{"embeddable":true,"href":"https:\/\/www.cppadova.com\/fr\/wp-json\/wp\/v2\/pages\/1160"}],"wp:attachment":[{"href":"https:\/\/www.cppadova.com\/fr\/wp-json\/wp\/v2\/media?parent=1164"}],"curies":[{"name":"wp","href":"https:\/\/api.w.org\/{rel}","templated":true}]}}