{"id":1174,"date":"2024-04-16T15:53:45","date_gmt":"2024-04-16T15:53:45","guid":{"rendered":"https:\/\/www.cppadova.com\/?page_id=1174"},"modified":"2024-04-22T14:24:08","modified_gmt":"2024-04-22T14:24:08","slug":"chambres-standard","status":"publish","type":"page","link":"https:\/\/www.cppadova.com\/fr\/chambres-et-suites\/chambres-standard\/","title":{"rendered":"Chambres Standard"},"content":{"rendered":"<p>Pour votre prochain voyage, optez pour les chambres standard <strong>lumineuses et accueillantes <\/strong>de l&rsquo;Hotel Crowne Plaza Padova. Avec une <strong>superficie <\/strong>comprise <strong>entre 20 et 27 m<sup>2<\/sup><\/strong> et les <strong>diff\u00e9rentes configurations disponibles<\/strong>, vous vivrez dans ces chambres une exp\u00e9rience en accord avec vos besoins et vos envies de s\u00e9jours !<\/p>\n<p>Choisissez la solution qui vous convient parmi nos Chambres Standard :<\/p>\n<ul>\n<li>avec lit queen | occupation maximale 1 personne<\/li>\n<li>avec lit king-size | occupation maximale 2 personnes<\/li>\n<li>avec 1 lit king et un canap\u00e9-lit | occupation maximale 3 personnes<\/li>\n<li>avec 2 lits simples | occupation maximale 2 personnes<\/li>\n<\/ul>\n","protected":false},"excerpt":{"rendered":"<p>Pour votre prochain voyage, optez pour les chambres standard lumineuses et accueillantes de l&rsquo;Hotel Crowne Plaza Padova. Avec une superficie comprise entre 20 et 27 m2 et les diff\u00e9rentes configurations disponibles, vous vivrez dans ces chambres une exp\u00e9rience en accord avec vos besoins et vos envies de s\u00e9jours ! Choisissez la solution qui vous convient [&hellip;]<\/p>\n","protected":false},"author":36,"featured_media":0,"parent":1172,"menu_order":0,"comment_status":"closed","ping_status":"closed","template":"template-single-room.php","meta":{"footnotes":""},"class_list":["post-1174","page","type-page","status-publish","hentry"],"yoast_head":"<!-- This site is optimized with the Yoast SEO plugin v26.9 - https:\/\/yoast.com\/product\/yoast-seo-wordpress\/ -->\n<title>Chambres standard : lit queen et king | Crowne Plaza Padova<\/title>\n<meta name=\"description\" content=\"Choisissez la solution id\u00e9ale parmi nos Chambres Standard : Lumineuses et accueillantes, vous y passerez un s\u00e9jour en accord avec vos besoins.\" \/>\n<meta name=\"robots\" content=\"index, follow, max-snippet:-1, max-image-preview:large, max-video-preview:-1\" \/>\n<link rel=\"canonical\" href=\"https:\/\/www.cppadova.com\/fr\/chambres-et-suites\/chambres-standard\/\" \/>\n<meta property=\"og:locale\" content=\"fr_FR\" \/>\n<meta property=\"og:type\" content=\"article\" \/>\n<meta property=\"og:title\" content=\"Chambres standard : lit queen et king | Crowne Plaza Padova\" \/>\n<meta property=\"og:description\" content=\"Choisissez la solution id\u00e9ale parmi nos Chambres Standard : Lumineuses et accueillantes, vous y passerez un s\u00e9jour en accord avec vos besoins.\" \/>\n<meta property=\"og:url\" content=\"https:\/\/www.cppadova.com\/fr\/chambres-et-suites\/chambres-standard\/\" \/>\n<meta property=\"og:site_name\" content=\"Crowne Plaza Padova\" \/>\n<meta property=\"article:modified_time\" content=\"2024-04-22T14:24:08+00:00\" \/>\n<meta property=\"og:image\" content=\"https:\/\/www.cppadova.com\/wp-content\/uploads\/sites\/252\/2021\/08\/crowne_plaza_padova_home_slide_camera.jpg\" \/>\n\t<meta property=\"og:image:width\" content=\"2200\" \/>\n\t<meta property=\"og:image:height\" content=\"1200\" \/>\n\t<meta property=\"og:image:type\" content=\"image\/jpeg\" \/>\n<meta name=\"twitter:card\" content=\"summary_large_image\" \/>\n<script type=\"application\/ld+json\" class=\"yoast-schema-graph\">{\"@context\":\"https:\/\/schema.org\",\"@graph\":[{\"@type\":\"WebPage\",\"@id\":\"https:\/\/www.cppadova.com\/fr\/chambres-et-suites\/chambres-standard\/\",\"url\":\"https:\/\/www.cppadova.com\/fr\/chambres-et-suites\/chambres-standard\/\",\"name\":\"Chambres standard : lit queen et king | Crowne Plaza Padova\",\"isPartOf\":{\"@id\":\"https:\/\/www.cppadova.com\/fr\/#website\"},\"datePublished\":\"2024-04-16T15:53:45+00:00\",\"dateModified\":\"2024-04-22T14:24:08+00:00\",\"description\":\"Choisissez la solution id\u00e9ale parmi nos Chambres Standard : Lumineuses et accueillantes, vous y passerez un s\u00e9jour en accord avec vos besoins.\",\"breadcrumb\":{\"@id\":\"https:\/\/www.cppadova.com\/fr\/chambres-et-suites\/chambres-standard\/#breadcrumb\"},\"inLanguage\":\"fr-FR\",\"potentialAction\":[{\"@type\":\"ReadAction\",\"target\":[\"https:\/\/www.cppadova.com\/fr\/chambres-et-suites\/chambres-standard\/\"]}]},{\"@type\":\"BreadcrumbList\",\"@id\":\"https:\/\/www.cppadova.com\/fr\/chambres-et-suites\/chambres-standard\/#breadcrumb\",\"itemListElement\":[{\"@type\":\"ListItem\",\"position\":1,\"name\":\"Home\",\"item\":\"https:\/\/www.cppadova.com\/fr\/\"},{\"@type\":\"ListItem\",\"position\":2,\"name\":\"Chambres et Suites\",\"item\":\"https:\/\/www.cppadova.com\/fr\/chambres-et-suites\/\"},{\"@type\":\"ListItem\",\"position\":3,\"name\":\"Chambres Standard\"}]},{\"@type\":\"WebSite\",\"@id\":\"https:\/\/www.cppadova.com\/fr\/#website\",\"url\":\"https:\/\/www.cppadova.com\/fr\/\",\"name\":\"Crowne Plaza Padova\",\"description\":\"Just another ms.decms.eu site\",\"potentialAction\":[{\"@type\":\"SearchAction\",\"target\":{\"@type\":\"EntryPoint\",\"urlTemplate\":\"https:\/\/www.cppadova.com\/fr\/?s={search_term_string}\"},\"query-input\":{\"@type\":\"PropertyValueSpecification\",\"valueRequired\":true,\"valueName\":\"search_term_string\"}}],\"inLanguage\":\"fr-FR\"}]}<\/script>\n<!-- \/ Yoast SEO plugin. -->","yoast_head_json":{"title":"Chambres standard : lit queen et king | Crowne Plaza Padova","description":"Choisissez la solution id\u00e9ale parmi nos Chambres Standard : Lumineuses et accueillantes, vous y passerez un s\u00e9jour en accord avec vos besoins.","robots":{"index":"index","follow":"follow","max-snippet":"max-snippet:-1","max-image-preview":"max-image-preview:large","max-video-preview":"max-video-preview:-1"},"canonical":"https:\/\/www.cppadova.com\/fr\/chambres-et-suites\/chambres-standard\/","og_locale":"fr_FR","og_type":"article","og_title":"Chambres standard : lit queen et king | Crowne Plaza Padova","og_description":"Choisissez la solution id\u00e9ale parmi nos Chambres Standard : Lumineuses et accueillantes, vous y passerez un s\u00e9jour en accord avec vos besoins.","og_url":"https:\/\/www.cppadova.com\/fr\/chambres-et-suites\/chambres-standard\/","og_site_name":"Crowne Plaza Padova","article_modified_time":"2024-04-22T14:24:08+00:00","og_image":[{"width":2200,"height":1200,"url":"https:\/\/www.cppadova.com\/wp-content\/uploads\/sites\/252\/2021\/08\/crowne_plaza_padova_home_slide_camera.jpg","type":"image\/jpeg"}],"twitter_card":"summary_large_image","schema":{"@context":"https:\/\/schema.org","@graph":[{"@type":"WebPage","@id":"https:\/\/www.cppadova.com\/fr\/chambres-et-suites\/chambres-standard\/","url":"https:\/\/www.cppadova.com\/fr\/chambres-et-suites\/chambres-standard\/","name":"Chambres standard : lit queen et king | Crowne Plaza Padova","isPartOf":{"@id":"https:\/\/www.cppadova.com\/fr\/#website"},"datePublished":"2024-04-16T15:53:45+00:00","dateModified":"2024-04-22T14:24:08+00:00","description":"Choisissez la solution id\u00e9ale parmi nos Chambres Standard : Lumineuses et accueillantes, vous y passerez un s\u00e9jour en accord avec vos besoins.","breadcrumb":{"@id":"https:\/\/www.cppadova.com\/fr\/chambres-et-suites\/chambres-standard\/#breadcrumb"},"inLanguage":"fr-FR","potentialAction":[{"@type":"ReadAction","target":["https:\/\/www.cppadova.com\/fr\/chambres-et-suites\/chambres-standard\/"]}]},{"@type":"BreadcrumbList","@id":"https:\/\/www.cppadova.com\/fr\/chambres-et-suites\/chambres-standard\/#breadcrumb","itemListElement":[{"@type":"ListItem","position":1,"name":"Home","item":"https:\/\/www.cppadova.com\/fr\/"},{"@type":"ListItem","position":2,"name":"Chambres et Suites","item":"https:\/\/www.cppadova.com\/fr\/chambres-et-suites\/"},{"@type":"ListItem","position":3,"name":"Chambres Standard"}]},{"@type":"WebSite","@id":"https:\/\/www.cppadova.com\/fr\/#website","url":"https:\/\/www.cppadova.com\/fr\/","name":"Crowne Plaza Padova","description":"Just another ms.decms.eu site","potentialAction":[{"@type":"SearchAction","target":{"@type":"EntryPoint","urlTemplate":"https:\/\/www.cppadova.com\/fr\/?s={search_term_string}"},"query-input":{"@type":"PropertyValueSpecification","valueRequired":true,"valueName":"search_term_string"}}],"inLanguage":"fr-FR"}]}},"acf":[],"_links":{"self":[{"href":"https:\/\/www.cppadova.com\/fr\/wp-json\/wp\/v2\/pages\/1174","targetHints":{"allow":["GET"]}}],"collection":[{"href":"https:\/\/www.cppadova.com\/fr\/wp-json\/wp\/v2\/pages"}],"about":[{"href":"https:\/\/www.cppadova.com\/fr\/wp-json\/wp\/v2\/types\/page"}],"author":[{"embeddable":true,"href":"https:\/\/www.cppadova.com\/fr\/wp-json\/wp\/v2\/users\/36"}],"replies":[{"embeddable":true,"href":"https:\/\/www.cppadova.com\/fr\/wp-json\/wp\/v2\/comments?post=1174"}],"version-history":[{"count":0,"href":"https:\/\/www.cppadova.com\/fr\/wp-json\/wp\/v2\/pages\/1174\/revisions"}],"up":[{"embeddable":true,"href":"https:\/\/www.cppadova.com\/fr\/wp-json\/wp\/v2\/pages\/1172"}],"wp:attachment":[{"href":"https:\/\/www.cppadova.com\/fr\/wp-json\/wp\/v2\/media?parent=1174"}],"curies":[{"name":"wp","href":"https:\/\/api.w.org\/{rel}","templated":true}]}}