{"id":1182,"date":"2024-04-17T08:34:35","date_gmt":"2024-04-17T08:34:35","guid":{"rendered":"https:\/\/www.cppadova.com\/?page_id=1182"},"modified":"2024-04-22T14:23:54","modified_gmt":"2024-04-22T14:23:54","slug":"chambres-premium","status":"publish","type":"page","link":"https:\/\/www.cppadova.com\/fr\/chambres-et-suites\/chambres-premium\/","title":{"rendered":"Chambres Premium"},"content":{"rendered":"<p>Vous pr\u00e9voyez de passer vos prochaines vacances \u00e0 Padoue ?<\/p>\n<p>Ne renoncez pas au confort et offrez-vous un s\u00e9jour dans les modernes et spacieuses chambres Premium de l&rsquo;Hotel Crowne Plaza Padova.<\/p>\n<p>Avec une <strong>superficie de 35 m<sup>2<\/sup><\/strong> et les <strong>diff\u00e9rentes configurations disponibles<\/strong>, vous vivrez dans ces chambres une exp\u00e9rience en accord avec vos besoins et vos envies de s\u00e9jours !<\/p>\n","protected":false},"excerpt":{"rendered":"<p>Vous pr\u00e9voyez de passer vos prochaines vacances \u00e0 Padoue ? Ne renoncez pas au confort et offrez-vous un s\u00e9jour dans les modernes et spacieuses chambres Premium de l&rsquo;Hotel Crowne Plaza Padova. Avec une superficie de 35 m2 et les diff\u00e9rentes configurations disponibles, vous vivrez dans ces chambres une exp\u00e9rience en accord avec vos besoins et [&hellip;]<\/p>\n","protected":false},"author":36,"featured_media":0,"parent":1172,"menu_order":0,"comment_status":"closed","ping_status":"closed","template":"template-single-room.php","meta":{"footnotes":""},"class_list":["post-1182","page","type-page","status-publish","hentry"],"yoast_head":"<!-- This site is optimized with the Yoast SEO plugin v26.9 - https:\/\/yoast.com\/product\/yoast-seo-wordpress\/ -->\n<title>Chambres Premium : doubles, triples | Crowne Plaza Padova<\/title>\n<meta name=\"description\" content=\"Choisissez la solution qui vous convient parmi nos Chambres Standard : Plus d&#039;espace et d&#039;\u00e9l\u00e9gance pour un vivre un s\u00e9jour sur mesure.\" \/>\n<meta name=\"robots\" content=\"index, follow, max-snippet:-1, max-image-preview:large, max-video-preview:-1\" \/>\n<link rel=\"canonical\" href=\"https:\/\/www.cppadova.com\/fr\/chambres-et-suites\/chambres-premium\/\" \/>\n<meta property=\"og:locale\" content=\"fr_FR\" \/>\n<meta property=\"og:type\" content=\"article\" \/>\n<meta property=\"og:title\" content=\"Chambres Premium : doubles, triples | Crowne Plaza Padova\" \/>\n<meta property=\"og:description\" content=\"Choisissez la solution qui vous convient parmi nos Chambres Standard : Plus d&#039;espace et d&#039;\u00e9l\u00e9gance pour un vivre un s\u00e9jour sur mesure.\" \/>\n<meta property=\"og:url\" content=\"https:\/\/www.cppadova.com\/fr\/chambres-et-suites\/chambres-premium\/\" \/>\n<meta property=\"og:site_name\" content=\"Crowne Plaza Padova\" \/>\n<meta property=\"article:modified_time\" content=\"2024-04-22T14:23:54+00:00\" \/>\n<meta property=\"og:image\" content=\"https:\/\/www.cppadova.com\/wp-content\/uploads\/sites\/252\/2021\/08\/crowne_plaza_padova_home_slide_camera.jpg\" \/>\n\t<meta property=\"og:image:width\" content=\"2200\" \/>\n\t<meta property=\"og:image:height\" content=\"1200\" \/>\n\t<meta property=\"og:image:type\" content=\"image\/jpeg\" \/>\n<meta name=\"twitter:card\" content=\"summary_large_image\" \/>\n<script type=\"application\/ld+json\" class=\"yoast-schema-graph\">{\"@context\":\"https:\/\/schema.org\",\"@graph\":[{\"@type\":\"WebPage\",\"@id\":\"https:\/\/www.cppadova.com\/fr\/chambres-et-suites\/chambres-premium\/\",\"url\":\"https:\/\/www.cppadova.com\/fr\/chambres-et-suites\/chambres-premium\/\",\"name\":\"Chambres Premium : doubles, triples | Crowne Plaza Padova\",\"isPartOf\":{\"@id\":\"https:\/\/www.cppadova.com\/fr\/#website\"},\"datePublished\":\"2024-04-17T08:34:35+00:00\",\"dateModified\":\"2024-04-22T14:23:54+00:00\",\"description\":\"Choisissez la solution qui vous convient parmi nos Chambres Standard : Plus d'espace et d'\u00e9l\u00e9gance pour un vivre un s\u00e9jour sur mesure.\",\"breadcrumb\":{\"@id\":\"https:\/\/www.cppadova.com\/fr\/chambres-et-suites\/chambres-premium\/#breadcrumb\"},\"inLanguage\":\"fr-FR\",\"potentialAction\":[{\"@type\":\"ReadAction\",\"target\":[\"https:\/\/www.cppadova.com\/fr\/chambres-et-suites\/chambres-premium\/\"]}]},{\"@type\":\"BreadcrumbList\",\"@id\":\"https:\/\/www.cppadova.com\/fr\/chambres-et-suites\/chambres-premium\/#breadcrumb\",\"itemListElement\":[{\"@type\":\"ListItem\",\"position\":1,\"name\":\"Home\",\"item\":\"https:\/\/www.cppadova.com\/fr\/\"},{\"@type\":\"ListItem\",\"position\":2,\"name\":\"Chambres et Suites\",\"item\":\"https:\/\/www.cppadova.com\/fr\/chambres-et-suites\/\"},{\"@type\":\"ListItem\",\"position\":3,\"name\":\"Chambres Premium\"}]},{\"@type\":\"WebSite\",\"@id\":\"https:\/\/www.cppadova.com\/fr\/#website\",\"url\":\"https:\/\/www.cppadova.com\/fr\/\",\"name\":\"Crowne Plaza Padova\",\"description\":\"Just another ms.decms.eu site\",\"potentialAction\":[{\"@type\":\"SearchAction\",\"target\":{\"@type\":\"EntryPoint\",\"urlTemplate\":\"https:\/\/www.cppadova.com\/fr\/?s={search_term_string}\"},\"query-input\":{\"@type\":\"PropertyValueSpecification\",\"valueRequired\":true,\"valueName\":\"search_term_string\"}}],\"inLanguage\":\"fr-FR\"}]}<\/script>\n<!-- \/ Yoast SEO plugin. -->","yoast_head_json":{"title":"Chambres Premium : doubles, triples | Crowne Plaza Padova","description":"Choisissez la solution qui vous convient parmi nos Chambres Standard : Plus d'espace et d'\u00e9l\u00e9gance pour un vivre un s\u00e9jour sur mesure.","robots":{"index":"index","follow":"follow","max-snippet":"max-snippet:-1","max-image-preview":"max-image-preview:large","max-video-preview":"max-video-preview:-1"},"canonical":"https:\/\/www.cppadova.com\/fr\/chambres-et-suites\/chambres-premium\/","og_locale":"fr_FR","og_type":"article","og_title":"Chambres Premium : doubles, triples | Crowne Plaza Padova","og_description":"Choisissez la solution qui vous convient parmi nos Chambres Standard : Plus d'espace et d'\u00e9l\u00e9gance pour un vivre un s\u00e9jour sur mesure.","og_url":"https:\/\/www.cppadova.com\/fr\/chambres-et-suites\/chambres-premium\/","og_site_name":"Crowne Plaza Padova","article_modified_time":"2024-04-22T14:23:54+00:00","og_image":[{"width":2200,"height":1200,"url":"https:\/\/www.cppadova.com\/wp-content\/uploads\/sites\/252\/2021\/08\/crowne_plaza_padova_home_slide_camera.jpg","type":"image\/jpeg"}],"twitter_card":"summary_large_image","schema":{"@context":"https:\/\/schema.org","@graph":[{"@type":"WebPage","@id":"https:\/\/www.cppadova.com\/fr\/chambres-et-suites\/chambres-premium\/","url":"https:\/\/www.cppadova.com\/fr\/chambres-et-suites\/chambres-premium\/","name":"Chambres Premium : doubles, triples | Crowne Plaza Padova","isPartOf":{"@id":"https:\/\/www.cppadova.com\/fr\/#website"},"datePublished":"2024-04-17T08:34:35+00:00","dateModified":"2024-04-22T14:23:54+00:00","description":"Choisissez la solution qui vous convient parmi nos Chambres Standard : Plus d'espace et d'\u00e9l\u00e9gance pour un vivre un s\u00e9jour sur mesure.","breadcrumb":{"@id":"https:\/\/www.cppadova.com\/fr\/chambres-et-suites\/chambres-premium\/#breadcrumb"},"inLanguage":"fr-FR","potentialAction":[{"@type":"ReadAction","target":["https:\/\/www.cppadova.com\/fr\/chambres-et-suites\/chambres-premium\/"]}]},{"@type":"BreadcrumbList","@id":"https:\/\/www.cppadova.com\/fr\/chambres-et-suites\/chambres-premium\/#breadcrumb","itemListElement":[{"@type":"ListItem","position":1,"name":"Home","item":"https:\/\/www.cppadova.com\/fr\/"},{"@type":"ListItem","position":2,"name":"Chambres et Suites","item":"https:\/\/www.cppadova.com\/fr\/chambres-et-suites\/"},{"@type":"ListItem","position":3,"name":"Chambres Premium"}]},{"@type":"WebSite","@id":"https:\/\/www.cppadova.com\/fr\/#website","url":"https:\/\/www.cppadova.com\/fr\/","name":"Crowne Plaza Padova","description":"Just another ms.decms.eu site","potentialAction":[{"@type":"SearchAction","target":{"@type":"EntryPoint","urlTemplate":"https:\/\/www.cppadova.com\/fr\/?s={search_term_string}"},"query-input":{"@type":"PropertyValueSpecification","valueRequired":true,"valueName":"search_term_string"}}],"inLanguage":"fr-FR"}]}},"acf":[],"_links":{"self":[{"href":"https:\/\/www.cppadova.com\/fr\/wp-json\/wp\/v2\/pages\/1182","targetHints":{"allow":["GET"]}}],"collection":[{"href":"https:\/\/www.cppadova.com\/fr\/wp-json\/wp\/v2\/pages"}],"about":[{"href":"https:\/\/www.cppadova.com\/fr\/wp-json\/wp\/v2\/types\/page"}],"author":[{"embeddable":true,"href":"https:\/\/www.cppadova.com\/fr\/wp-json\/wp\/v2\/users\/36"}],"replies":[{"embeddable":true,"href":"https:\/\/www.cppadova.com\/fr\/wp-json\/wp\/v2\/comments?post=1182"}],"version-history":[{"count":0,"href":"https:\/\/www.cppadova.com\/fr\/wp-json\/wp\/v2\/pages\/1182\/revisions"}],"up":[{"embeddable":true,"href":"https:\/\/www.cppadova.com\/fr\/wp-json\/wp\/v2\/pages\/1172"}],"wp:attachment":[{"href":"https:\/\/www.cppadova.com\/fr\/wp-json\/wp\/v2\/media?parent=1182"}],"curies":[{"name":"wp","href":"https:\/\/api.w.org\/{rel}","templated":true}]}}