{"id":1194,"date":"2024-04-17T09:29:25","date_gmt":"2024-04-17T09:29:25","guid":{"rendered":"https:\/\/www.cppadova.com\/?page_id=1194"},"modified":"2024-05-07T15:10:32","modified_gmt":"2024-05-07T15:10:32","slug":"chambres-accessibles","status":"publish","type":"page","link":"https:\/\/www.cppadova.com\/fr\/chambres-et-suites\/chambres-accessibles\/","title":{"rendered":"Chambres accessibles"},"content":{"rendered":"<p>Laissez-vous surprendre par la beaut\u00e9 et l&rsquo;atmosph\u00e8re anim\u00e9e de <strong>Padoue<\/strong>, une ville \u00e0 <strong>vivre pleinement, sans limites ni compromis<\/strong>. C&rsquo;est pr\u00e9cis\u00e9ment la raison pour laquelle l&rsquo;<strong>Hotel 4 \u00e9toiles Crowne Plaza Padova<\/strong> propose des <strong>chambres spacieuses et accessibles<\/strong>, dot\u00e9es de<strong> tout le confort<\/strong> n\u00e9cessaire pour r\u00e9pondre \u00e0 vos besoins.<\/p>\n<p>D\u00e9tendez-vous en fin de journ\u00e9e dans l&rsquo;une de ces <strong>chambres de 27 m<sup>2<\/sup> <\/strong>dot\u00e9es d&rsquo;un <strong>lit king-size de 180 x 200 cm<\/strong>, vous aurez \u00e0 disposition un <strong>ample espace de man\u0153uvres sans barri\u00e8res<\/strong> architecturales. En outre, vous b\u00e9n\u00e9ficiez de nombreux services d\u00e9di\u00e9s comme une salle de <strong>bains avec douche \u00e0 l&rsquo;italienne avec barres d\u2019appui<\/strong>, une TV LCD avec cha\u00eenes Sky, une connexion Wi-Fi rapide, un minibar et un plateau de courtoisie avec th\u00e9 et caf\u00e9.<\/p>\n","protected":false},"excerpt":{"rendered":"<p>Laissez-vous surprendre par la beaut\u00e9 et l&rsquo;atmosph\u00e8re anim\u00e9e de Padoue, une ville \u00e0 vivre pleinement, sans limites ni compromis. C&rsquo;est pr\u00e9cis\u00e9ment la raison pour laquelle l&rsquo;Hotel 4 \u00e9toiles Crowne Plaza Padova propose des chambres spacieuses et accessibles, dot\u00e9es de tout le confort n\u00e9cessaire pour r\u00e9pondre \u00e0 vos besoins. D\u00e9tendez-vous en fin de journ\u00e9e dans l&rsquo;une [&hellip;]<\/p>\n","protected":false},"author":36,"featured_media":0,"parent":1172,"menu_order":5,"comment_status":"closed","ping_status":"closed","template":"template-single-room.php","meta":{"footnotes":""},"class_list":["post-1194","page","type-page","status-publish","hentry"],"yoast_head":"<!-- This site is optimized with the Yoast SEO plugin v26.9 - https:\/\/yoast.com\/product\/yoast-seo-wordpress\/ -->\n<title>Chambres accessibles | Crowne Plaza Padova<\/title>\n<meta name=\"description\" content=\"Nos chambres accessibles sont \u00e9quip\u00e9es de lits king-size et d&#039;un grand espace de man\u0153uvre sans barri\u00e8res architecturales. D\u00e9couvrez tous les services d\u00e9di\u00e9s !\" \/>\n<meta name=\"robots\" content=\"index, follow, max-snippet:-1, max-image-preview:large, max-video-preview:-1\" \/>\n<link rel=\"canonical\" href=\"https:\/\/www.cppadova.com\/fr\/chambres-et-suites\/chambres-accessibles\/\" \/>\n<meta property=\"og:locale\" content=\"fr_FR\" \/>\n<meta property=\"og:type\" content=\"article\" \/>\n<meta property=\"og:title\" content=\"Chambres accessibles | Crowne Plaza Padova\" \/>\n<meta property=\"og:description\" content=\"Nos chambres accessibles sont \u00e9quip\u00e9es de lits king-size et d&#039;un grand espace de man\u0153uvre sans barri\u00e8res architecturales. D\u00e9couvrez tous les services d\u00e9di\u00e9s !\" \/>\n<meta property=\"og:url\" content=\"https:\/\/www.cppadova.com\/fr\/chambres-et-suites\/chambres-accessibles\/\" \/>\n<meta property=\"og:site_name\" content=\"Crowne Plaza Padova\" \/>\n<meta property=\"article:modified_time\" content=\"2024-05-07T15:10:32+00:00\" \/>\n<meta property=\"og:image\" content=\"https:\/\/www.cppadova.com\/wp-content\/uploads\/sites\/252\/2021\/08\/crowne_plaza_padova_home_slide_camera.jpg\" \/>\n\t<meta property=\"og:image:width\" content=\"2200\" \/>\n\t<meta property=\"og:image:height\" content=\"1200\" \/>\n\t<meta property=\"og:image:type\" content=\"image\/jpeg\" \/>\n<meta name=\"twitter:card\" content=\"summary_large_image\" \/>\n<meta name=\"twitter:label1\" content=\"Dur\u00e9e de lecture estim\u00e9e\" \/>\n\t<meta name=\"twitter:data1\" content=\"1 minute\" \/>\n<script type=\"application\/ld+json\" class=\"yoast-schema-graph\">{\"@context\":\"https:\/\/schema.org\",\"@graph\":[{\"@type\":\"WebPage\",\"@id\":\"https:\/\/www.cppadova.com\/fr\/chambres-et-suites\/chambres-accessibles\/\",\"url\":\"https:\/\/www.cppadova.com\/fr\/chambres-et-suites\/chambres-accessibles\/\",\"name\":\"Chambres accessibles | Crowne Plaza Padova\",\"isPartOf\":{\"@id\":\"https:\/\/www.cppadova.com\/fr\/#website\"},\"datePublished\":\"2024-04-17T09:29:25+00:00\",\"dateModified\":\"2024-05-07T15:10:32+00:00\",\"description\":\"Nos chambres accessibles sont \u00e9quip\u00e9es de lits king-size et d'un grand espace de man\u0153uvre sans barri\u00e8res architecturales. D\u00e9couvrez tous les services d\u00e9di\u00e9s !\",\"breadcrumb\":{\"@id\":\"https:\/\/www.cppadova.com\/fr\/chambres-et-suites\/chambres-accessibles\/#breadcrumb\"},\"inLanguage\":\"fr-FR\",\"potentialAction\":[{\"@type\":\"ReadAction\",\"target\":[\"https:\/\/www.cppadova.com\/fr\/chambres-et-suites\/chambres-accessibles\/\"]}]},{\"@type\":\"BreadcrumbList\",\"@id\":\"https:\/\/www.cppadova.com\/fr\/chambres-et-suites\/chambres-accessibles\/#breadcrumb\",\"itemListElement\":[{\"@type\":\"ListItem\",\"position\":1,\"name\":\"Home\",\"item\":\"https:\/\/www.cppadova.com\/fr\/\"},{\"@type\":\"ListItem\",\"position\":2,\"name\":\"Chambres et Suites\",\"item\":\"https:\/\/www.cppadova.com\/fr\/chambres-et-suites\/\"},{\"@type\":\"ListItem\",\"position\":3,\"name\":\"Chambres accessibles\"}]},{\"@type\":\"WebSite\",\"@id\":\"https:\/\/www.cppadova.com\/fr\/#website\",\"url\":\"https:\/\/www.cppadova.com\/fr\/\",\"name\":\"Crowne Plaza Padova\",\"description\":\"Just another ms.decms.eu site\",\"potentialAction\":[{\"@type\":\"SearchAction\",\"target\":{\"@type\":\"EntryPoint\",\"urlTemplate\":\"https:\/\/www.cppadova.com\/fr\/?s={search_term_string}\"},\"query-input\":{\"@type\":\"PropertyValueSpecification\",\"valueRequired\":true,\"valueName\":\"search_term_string\"}}],\"inLanguage\":\"fr-FR\"}]}<\/script>\n<!-- \/ Yoast SEO plugin. -->","yoast_head_json":{"title":"Chambres accessibles | Crowne Plaza Padova","description":"Nos chambres accessibles sont \u00e9quip\u00e9es de lits king-size et d'un grand espace de man\u0153uvre sans barri\u00e8res architecturales. D\u00e9couvrez tous les services d\u00e9di\u00e9s !","robots":{"index":"index","follow":"follow","max-snippet":"max-snippet:-1","max-image-preview":"max-image-preview:large","max-video-preview":"max-video-preview:-1"},"canonical":"https:\/\/www.cppadova.com\/fr\/chambres-et-suites\/chambres-accessibles\/","og_locale":"fr_FR","og_type":"article","og_title":"Chambres accessibles | Crowne Plaza Padova","og_description":"Nos chambres accessibles sont \u00e9quip\u00e9es de lits king-size et d'un grand espace de man\u0153uvre sans barri\u00e8res architecturales. D\u00e9couvrez tous les services d\u00e9di\u00e9s !","og_url":"https:\/\/www.cppadova.com\/fr\/chambres-et-suites\/chambres-accessibles\/","og_site_name":"Crowne Plaza Padova","article_modified_time":"2024-05-07T15:10:32+00:00","og_image":[{"width":2200,"height":1200,"url":"https:\/\/www.cppadova.com\/wp-content\/uploads\/sites\/252\/2021\/08\/crowne_plaza_padova_home_slide_camera.jpg","type":"image\/jpeg"}],"twitter_card":"summary_large_image","twitter_misc":{"Dur\u00e9e de lecture estim\u00e9e":"1 minute"},"schema":{"@context":"https:\/\/schema.org","@graph":[{"@type":"WebPage","@id":"https:\/\/www.cppadova.com\/fr\/chambres-et-suites\/chambres-accessibles\/","url":"https:\/\/www.cppadova.com\/fr\/chambres-et-suites\/chambres-accessibles\/","name":"Chambres accessibles | Crowne Plaza Padova","isPartOf":{"@id":"https:\/\/www.cppadova.com\/fr\/#website"},"datePublished":"2024-04-17T09:29:25+00:00","dateModified":"2024-05-07T15:10:32+00:00","description":"Nos chambres accessibles sont \u00e9quip\u00e9es de lits king-size et d'un grand espace de man\u0153uvre sans barri\u00e8res architecturales. D\u00e9couvrez tous les services d\u00e9di\u00e9s !","breadcrumb":{"@id":"https:\/\/www.cppadova.com\/fr\/chambres-et-suites\/chambres-accessibles\/#breadcrumb"},"inLanguage":"fr-FR","potentialAction":[{"@type":"ReadAction","target":["https:\/\/www.cppadova.com\/fr\/chambres-et-suites\/chambres-accessibles\/"]}]},{"@type":"BreadcrumbList","@id":"https:\/\/www.cppadova.com\/fr\/chambres-et-suites\/chambres-accessibles\/#breadcrumb","itemListElement":[{"@type":"ListItem","position":1,"name":"Home","item":"https:\/\/www.cppadova.com\/fr\/"},{"@type":"ListItem","position":2,"name":"Chambres et Suites","item":"https:\/\/www.cppadova.com\/fr\/chambres-et-suites\/"},{"@type":"ListItem","position":3,"name":"Chambres accessibles"}]},{"@type":"WebSite","@id":"https:\/\/www.cppadova.com\/fr\/#website","url":"https:\/\/www.cppadova.com\/fr\/","name":"Crowne Plaza Padova","description":"Just another ms.decms.eu site","potentialAction":[{"@type":"SearchAction","target":{"@type":"EntryPoint","urlTemplate":"https:\/\/www.cppadova.com\/fr\/?s={search_term_string}"},"query-input":{"@type":"PropertyValueSpecification","valueRequired":true,"valueName":"search_term_string"}}],"inLanguage":"fr-FR"}]}},"acf":[],"_links":{"self":[{"href":"https:\/\/www.cppadova.com\/fr\/wp-json\/wp\/v2\/pages\/1194","targetHints":{"allow":["GET"]}}],"collection":[{"href":"https:\/\/www.cppadova.com\/fr\/wp-json\/wp\/v2\/pages"}],"about":[{"href":"https:\/\/www.cppadova.com\/fr\/wp-json\/wp\/v2\/types\/page"}],"author":[{"embeddable":true,"href":"https:\/\/www.cppadova.com\/fr\/wp-json\/wp\/v2\/users\/36"}],"replies":[{"embeddable":true,"href":"https:\/\/www.cppadova.com\/fr\/wp-json\/wp\/v2\/comments?post=1194"}],"version-history":[{"count":0,"href":"https:\/\/www.cppadova.com\/fr\/wp-json\/wp\/v2\/pages\/1194\/revisions"}],"up":[{"embeddable":true,"href":"https:\/\/www.cppadova.com\/fr\/wp-json\/wp\/v2\/pages\/1172"}],"wp:attachment":[{"href":"https:\/\/www.cppadova.com\/fr\/wp-json\/wp\/v2\/media?parent=1194"}],"curies":[{"name":"wp","href":"https:\/\/api.w.org\/{rel}","templated":true}]}}