{"id":1198,"date":"2024-04-17T13:20:50","date_gmt":"2024-04-17T13:20:50","guid":{"rendered":"https:\/\/www.cppadova.com\/?page_id=1198"},"modified":"2024-04-22T14:25:42","modified_gmt":"2024-04-22T14:25:42","slug":"smart-working-room","status":"publish","type":"page","link":"https:\/\/www.cppadova.com\/fr\/chambres-et-suites\/smart-working-room\/","title":{"rendered":"Smart Working Room"},"content":{"rendered":"<p>Connexion lente, outils inad\u00e9quats, voisins bruyants ! Si le t\u00e9l\u00e9travail vous met \u00e0 rude \u00e9preuve, d\u00e9couvrez les <strong>Smart Working Rooms de<\/strong> <strong>l&rsquo;Hotel Crowne Plaza de Padoue <\/strong>!<\/p>\n<p>Avec nos chambres tout confort d\u00e9di\u00e9es aux travailleurs, vous pourrez vous consacrer \u00e0 votre travail avec un maximum de concentration : vous disposerez d&rsquo;une pi\u00e8ce privative \u00e9quip\u00e9e d&rsquo;un <strong>espace de travail confortable<\/strong>, d&rsquo;une connexion <strong>Wi-Fi<\/strong> rapide <strong>avec fibre optique<\/strong>, d&rsquo;un <strong>service de secr\u00e9tariat<\/strong> centralis\u00e9, d&rsquo;un <strong>plateau de courtoisie avec<\/strong> <strong>th\u00e9 et de caf\u00e9<\/strong>, d&rsquo;un <strong>service de conciergerie<\/strong> pour l&rsquo;enl\u00e8vement et la livraison des colis, d&rsquo;un <strong>service de<\/strong> <strong>presse<\/strong> et d&rsquo;un <strong>service d&rsquo;\u00e9tage<\/strong> \u00e0 la demande.<\/p>\n<p>Au Crowne Plaza de Padoue, vous disposerez de tout ce dont vous <strong>avez besoin pour travailler<\/strong> de fa\u00e7on optimale, et profiterez en outre de tous les services de notre moderne h\u00f4tel 4 \u00e9toiles : <strong>restaurant et bar, vaste parking ext\u00e9rieur<\/strong> et garage couvert avec vid\u00e9osurveillance, colonnes de recharge <strong>Tesla Supercharger<\/strong> et <strong>acc\u00e8s \u00e0 la salle de fitness<\/strong>.<\/p>\n","protected":false},"excerpt":{"rendered":"<p>Connexion lente, outils inad\u00e9quats, voisins bruyants ! Si le t\u00e9l\u00e9travail vous met \u00e0 rude \u00e9preuve, d\u00e9couvrez les Smart Working Rooms de l&rsquo;Hotel Crowne Plaza de Padoue ! Avec nos chambres tout confort d\u00e9di\u00e9es aux travailleurs, vous pourrez vous consacrer \u00e0 votre travail avec un maximum de concentration : vous disposerez d&rsquo;une pi\u00e8ce privative \u00e9quip\u00e9e d&rsquo;un [&hellip;]<\/p>\n","protected":false},"author":36,"featured_media":0,"parent":1172,"menu_order":6,"comment_status":"closed","ping_status":"closed","template":"template-default-2.php","meta":{"footnotes":""},"class_list":["post-1198","page","type-page","status-publish","hentry"],"yoast_head":"<!-- This site is optimized with the Yoast SEO plugin v26.9 - https:\/\/yoast.com\/product\/yoast-seo-wordpress\/ -->\n<title>Smart working room : fibre Wi-Fi | Hotel Crowne Plaza Padova<\/title>\n<meta name=\"description\" content=\"Con\u00e7us pour le smart working, nos espaces vous permettent de vous concentrer sur votre travail en toute tranquillit\u00e9. Wi-Fi rapide, messagerie, th\u00e9, caf\u00e9 et plus encore !\" \/>\n<meta name=\"robots\" content=\"index, follow, max-snippet:-1, max-image-preview:large, max-video-preview:-1\" \/>\n<link rel=\"canonical\" href=\"https:\/\/www.cppadova.com\/fr\/chambres-et-suites\/smart-working-room\/\" \/>\n<meta property=\"og:locale\" content=\"fr_FR\" \/>\n<meta property=\"og:type\" content=\"article\" \/>\n<meta property=\"og:title\" content=\"Smart working room : fibre Wi-Fi | Hotel Crowne Plaza Padova\" \/>\n<meta property=\"og:description\" content=\"Con\u00e7us pour le smart working, nos espaces vous permettent de vous concentrer sur votre travail en toute tranquillit\u00e9. Wi-Fi rapide, messagerie, th\u00e9, caf\u00e9 et plus encore !\" \/>\n<meta property=\"og:url\" content=\"https:\/\/www.cppadova.com\/fr\/chambres-et-suites\/smart-working-room\/\" \/>\n<meta property=\"og:site_name\" content=\"Crowne Plaza Padova\" \/>\n<meta property=\"article:modified_time\" content=\"2024-04-22T14:25:42+00:00\" \/>\n<meta property=\"og:image\" content=\"https:\/\/www.cppadova.com\/wp-content\/uploads\/sites\/252\/2021\/08\/crowne_plaza_padova_home_slide_camera.jpg\" \/>\n\t<meta property=\"og:image:width\" content=\"2200\" \/>\n\t<meta property=\"og:image:height\" content=\"1200\" \/>\n\t<meta property=\"og:image:type\" content=\"image\/jpeg\" \/>\n<meta name=\"twitter:card\" content=\"summary_large_image\" \/>\n<meta name=\"twitter:label1\" content=\"Dur\u00e9e de lecture estim\u00e9e\" \/>\n\t<meta name=\"twitter:data1\" content=\"1 minute\" \/>\n<script type=\"application\/ld+json\" class=\"yoast-schema-graph\">{\"@context\":\"https:\/\/schema.org\",\"@graph\":[{\"@type\":\"WebPage\",\"@id\":\"https:\/\/www.cppadova.com\/fr\/chambres-et-suites\/smart-working-room\/\",\"url\":\"https:\/\/www.cppadova.com\/fr\/chambres-et-suites\/smart-working-room\/\",\"name\":\"Smart working room : fibre Wi-Fi | Hotel Crowne Plaza Padova\",\"isPartOf\":{\"@id\":\"https:\/\/www.cppadova.com\/fr\/#website\"},\"datePublished\":\"2024-04-17T13:20:50+00:00\",\"dateModified\":\"2024-04-22T14:25:42+00:00\",\"description\":\"Con\u00e7us pour le smart working, nos espaces vous permettent de vous concentrer sur votre travail en toute tranquillit\u00e9. Wi-Fi rapide, messagerie, th\u00e9, caf\u00e9 et plus encore !\",\"breadcrumb\":{\"@id\":\"https:\/\/www.cppadova.com\/fr\/chambres-et-suites\/smart-working-room\/#breadcrumb\"},\"inLanguage\":\"fr-FR\",\"potentialAction\":[{\"@type\":\"ReadAction\",\"target\":[\"https:\/\/www.cppadova.com\/fr\/chambres-et-suites\/smart-working-room\/\"]}]},{\"@type\":\"BreadcrumbList\",\"@id\":\"https:\/\/www.cppadova.com\/fr\/chambres-et-suites\/smart-working-room\/#breadcrumb\",\"itemListElement\":[{\"@type\":\"ListItem\",\"position\":1,\"name\":\"Home\",\"item\":\"https:\/\/www.cppadova.com\/fr\/\"},{\"@type\":\"ListItem\",\"position\":2,\"name\":\"Chambres et Suites\",\"item\":\"https:\/\/www.cppadova.com\/fr\/chambres-et-suites\/\"},{\"@type\":\"ListItem\",\"position\":3,\"name\":\"Smart Working Room\"}]},{\"@type\":\"WebSite\",\"@id\":\"https:\/\/www.cppadova.com\/fr\/#website\",\"url\":\"https:\/\/www.cppadova.com\/fr\/\",\"name\":\"Crowne Plaza Padova\",\"description\":\"Just another ms.decms.eu site\",\"potentialAction\":[{\"@type\":\"SearchAction\",\"target\":{\"@type\":\"EntryPoint\",\"urlTemplate\":\"https:\/\/www.cppadova.com\/fr\/?s={search_term_string}\"},\"query-input\":{\"@type\":\"PropertyValueSpecification\",\"valueRequired\":true,\"valueName\":\"search_term_string\"}}],\"inLanguage\":\"fr-FR\"}]}<\/script>\n<!-- \/ Yoast SEO plugin. -->","yoast_head_json":{"title":"Smart working room : fibre Wi-Fi | Hotel Crowne Plaza Padova","description":"Con\u00e7us pour le smart working, nos espaces vous permettent de vous concentrer sur votre travail en toute tranquillit\u00e9. Wi-Fi rapide, messagerie, th\u00e9, caf\u00e9 et plus encore !","robots":{"index":"index","follow":"follow","max-snippet":"max-snippet:-1","max-image-preview":"max-image-preview:large","max-video-preview":"max-video-preview:-1"},"canonical":"https:\/\/www.cppadova.com\/fr\/chambres-et-suites\/smart-working-room\/","og_locale":"fr_FR","og_type":"article","og_title":"Smart working room : fibre Wi-Fi | Hotel Crowne Plaza Padova","og_description":"Con\u00e7us pour le smart working, nos espaces vous permettent de vous concentrer sur votre travail en toute tranquillit\u00e9. Wi-Fi rapide, messagerie, th\u00e9, caf\u00e9 et plus encore !","og_url":"https:\/\/www.cppadova.com\/fr\/chambres-et-suites\/smart-working-room\/","og_site_name":"Crowne Plaza Padova","article_modified_time":"2024-04-22T14:25:42+00:00","og_image":[{"width":2200,"height":1200,"url":"https:\/\/www.cppadova.com\/wp-content\/uploads\/sites\/252\/2021\/08\/crowne_plaza_padova_home_slide_camera.jpg","type":"image\/jpeg"}],"twitter_card":"summary_large_image","twitter_misc":{"Dur\u00e9e de lecture estim\u00e9e":"1 minute"},"schema":{"@context":"https:\/\/schema.org","@graph":[{"@type":"WebPage","@id":"https:\/\/www.cppadova.com\/fr\/chambres-et-suites\/smart-working-room\/","url":"https:\/\/www.cppadova.com\/fr\/chambres-et-suites\/smart-working-room\/","name":"Smart working room : fibre Wi-Fi | Hotel Crowne Plaza Padova","isPartOf":{"@id":"https:\/\/www.cppadova.com\/fr\/#website"},"datePublished":"2024-04-17T13:20:50+00:00","dateModified":"2024-04-22T14:25:42+00:00","description":"Con\u00e7us pour le smart working, nos espaces vous permettent de vous concentrer sur votre travail en toute tranquillit\u00e9. Wi-Fi rapide, messagerie, th\u00e9, caf\u00e9 et plus encore !","breadcrumb":{"@id":"https:\/\/www.cppadova.com\/fr\/chambres-et-suites\/smart-working-room\/#breadcrumb"},"inLanguage":"fr-FR","potentialAction":[{"@type":"ReadAction","target":["https:\/\/www.cppadova.com\/fr\/chambres-et-suites\/smart-working-room\/"]}]},{"@type":"BreadcrumbList","@id":"https:\/\/www.cppadova.com\/fr\/chambres-et-suites\/smart-working-room\/#breadcrumb","itemListElement":[{"@type":"ListItem","position":1,"name":"Home","item":"https:\/\/www.cppadova.com\/fr\/"},{"@type":"ListItem","position":2,"name":"Chambres et Suites","item":"https:\/\/www.cppadova.com\/fr\/chambres-et-suites\/"},{"@type":"ListItem","position":3,"name":"Smart Working Room"}]},{"@type":"WebSite","@id":"https:\/\/www.cppadova.com\/fr\/#website","url":"https:\/\/www.cppadova.com\/fr\/","name":"Crowne Plaza Padova","description":"Just another ms.decms.eu site","potentialAction":[{"@type":"SearchAction","target":{"@type":"EntryPoint","urlTemplate":"https:\/\/www.cppadova.com\/fr\/?s={search_term_string}"},"query-input":{"@type":"PropertyValueSpecification","valueRequired":true,"valueName":"search_term_string"}}],"inLanguage":"fr-FR"}]}},"acf":[],"_links":{"self":[{"href":"https:\/\/www.cppadova.com\/fr\/wp-json\/wp\/v2\/pages\/1198","targetHints":{"allow":["GET"]}}],"collection":[{"href":"https:\/\/www.cppadova.com\/fr\/wp-json\/wp\/v2\/pages"}],"about":[{"href":"https:\/\/www.cppadova.com\/fr\/wp-json\/wp\/v2\/types\/page"}],"author":[{"embeddable":true,"href":"https:\/\/www.cppadova.com\/fr\/wp-json\/wp\/v2\/users\/36"}],"replies":[{"embeddable":true,"href":"https:\/\/www.cppadova.com\/fr\/wp-json\/wp\/v2\/comments?post=1198"}],"version-history":[{"count":0,"href":"https:\/\/www.cppadova.com\/fr\/wp-json\/wp\/v2\/pages\/1198\/revisions"}],"up":[{"embeddable":true,"href":"https:\/\/www.cppadova.com\/fr\/wp-json\/wp\/v2\/pages\/1172"}],"wp:attachment":[{"href":"https:\/\/www.cppadova.com\/fr\/wp-json\/wp\/v2\/media?parent=1198"}],"curies":[{"name":"wp","href":"https:\/\/api.w.org\/{rel}","templated":true}]}}