{"id":1208,"date":"2024-04-17T13:55:45","date_gmt":"2024-04-17T13:55:45","guid":{"rendered":"https:\/\/www.cppadova.com\/?page_id=1208"},"modified":"2024-04-22T14:26:23","modified_gmt":"2024-04-22T14:26:23","slug":"services","status":"publish","type":"page","link":"https:\/\/www.cppadova.com\/fr\/services\/","title":{"rendered":"Services"},"content":{"rendered":"<p>Faites de votre prochain voyage dans la ville de Padoue un moment vraiment sp\u00e9cial gr\u00e2ce aux services exclusifs de l\u2019Hotel 4 \u00e9toiles Crowne Plaza Padova. Vous b\u00e9n\u00e9ficierez de multiples attentions, comme une <strong>\u00e9quipe professionnelle \u00e0 votre \u00e9coute,<\/strong> pr\u00eate \u00e0 r\u00e9pondre \u00e0 toutes vos questions et besoins, des <strong>chambres 100 % non-fumeurs<\/strong>, un protocole de <strong>mesures anti-Covid<\/strong> pour la s\u00e9curit\u00e9 et la pr\u00e9vention, une <strong>connexion<\/strong> <strong>Wi-Fi rapide<\/strong> dans les chambres et les espaces communs pour rester toujours connect\u00e9, et tous les avantages r\u00e9serv\u00e9s aux membres du programme IHG\u00ae One Rewards.<\/p>\n<p>Mais ce n&rsquo;est pas tout ! D\u00e9couvrez les nombreux autres avantages qui vous attendent en faisant le choix du Crowne Plaza Padova !<\/p>\n","protected":false},"excerpt":{"rendered":"<p>Faites de votre prochain voyage dans la ville de Padoue un moment vraiment sp\u00e9cial gr\u00e2ce aux services exclusifs de l\u2019Hotel 4 \u00e9toiles Crowne Plaza Padova. Vous b\u00e9n\u00e9ficierez de multiples attentions, comme une \u00e9quipe professionnelle \u00e0 votre \u00e9coute, pr\u00eate \u00e0 r\u00e9pondre \u00e0 toutes vos questions et besoins, des chambres 100 % non-fumeurs, un protocole de mesures [&hellip;]<\/p>\n","protected":false},"author":36,"featured_media":0,"parent":0,"menu_order":10,"comment_status":"closed","ping_status":"closed","template":"template-services.php","meta":{"footnotes":""},"class_list":["post-1208","page","type-page","status-publish","hentry"],"yoast_head":"<!-- This site is optimized with the Yoast SEO plugin v26.9 - https:\/\/yoast.com\/product\/yoast-seo-wordpress\/ -->\n<title>Services : parking, salle de fitness | Crowne Plaza Padova<\/title>\n<meta name=\"description\" content=\"Venez d\u00e9couvrir les services de l&#039;Hotel Crowne Plaza : bornes de recharge pour voitures \u00e9lectriques, parking et garage s\u00e9curis\u00e9, salle de fitness et bien plus encore.\" \/>\n<meta name=\"robots\" content=\"index, follow, max-snippet:-1, max-image-preview:large, max-video-preview:-1\" \/>\n<link rel=\"canonical\" href=\"https:\/\/www.cppadova.com\/fr\/services\/\" \/>\n<meta property=\"og:locale\" content=\"fr_FR\" \/>\n<meta property=\"og:type\" content=\"article\" \/>\n<meta property=\"og:title\" content=\"Services : parking, salle de fitness | Crowne Plaza Padova\" \/>\n<meta property=\"og:description\" content=\"Venez d\u00e9couvrir les services de l&#039;Hotel Crowne Plaza : bornes de recharge pour voitures \u00e9lectriques, parking et garage s\u00e9curis\u00e9, salle de fitness et bien plus encore.\" \/>\n<meta property=\"og:url\" content=\"https:\/\/www.cppadova.com\/fr\/services\/\" \/>\n<meta property=\"og:site_name\" content=\"Crowne Plaza Padova\" \/>\n<meta property=\"article:modified_time\" content=\"2024-04-22T14:26:23+00:00\" \/>\n<meta property=\"og:image\" content=\"https:\/\/www.cppadova.com\/wp-content\/uploads\/sites\/252\/2021\/08\/crowne_plaza_padova_home_slide_camera.jpg\" \/>\n\t<meta property=\"og:image:width\" content=\"2200\" \/>\n\t<meta property=\"og:image:height\" content=\"1200\" \/>\n\t<meta property=\"og:image:type\" content=\"image\/jpeg\" \/>\n<meta name=\"twitter:card\" content=\"summary_large_image\" \/>\n<meta name=\"twitter:label1\" content=\"Dur\u00e9e de lecture estim\u00e9e\" \/>\n\t<meta name=\"twitter:data1\" content=\"1 minute\" \/>\n<script type=\"application\/ld+json\" class=\"yoast-schema-graph\">{\"@context\":\"https:\/\/schema.org\",\"@graph\":[{\"@type\":\"WebPage\",\"@id\":\"https:\/\/www.cppadova.com\/fr\/services\/\",\"url\":\"https:\/\/www.cppadova.com\/fr\/services\/\",\"name\":\"Services : parking, salle de fitness | Crowne Plaza Padova\",\"isPartOf\":{\"@id\":\"https:\/\/www.cppadova.com\/fr\/#website\"},\"datePublished\":\"2024-04-17T13:55:45+00:00\",\"dateModified\":\"2024-04-22T14:26:23+00:00\",\"description\":\"Venez d\u00e9couvrir les services de l'Hotel Crowne Plaza : bornes de recharge pour voitures \u00e9lectriques, parking et garage s\u00e9curis\u00e9, salle de fitness et bien plus encore.\",\"breadcrumb\":{\"@id\":\"https:\/\/www.cppadova.com\/fr\/services\/#breadcrumb\"},\"inLanguage\":\"fr-FR\",\"potentialAction\":[{\"@type\":\"ReadAction\",\"target\":[\"https:\/\/www.cppadova.com\/fr\/services\/\"]}]},{\"@type\":\"BreadcrumbList\",\"@id\":\"https:\/\/www.cppadova.com\/fr\/services\/#breadcrumb\",\"itemListElement\":[{\"@type\":\"ListItem\",\"position\":1,\"name\":\"Home\",\"item\":\"https:\/\/www.cppadova.com\/fr\/\"},{\"@type\":\"ListItem\",\"position\":2,\"name\":\"Services\"}]},{\"@type\":\"WebSite\",\"@id\":\"https:\/\/www.cppadova.com\/fr\/#website\",\"url\":\"https:\/\/www.cppadova.com\/fr\/\",\"name\":\"Crowne Plaza Padova\",\"description\":\"Just another ms.decms.eu site\",\"potentialAction\":[{\"@type\":\"SearchAction\",\"target\":{\"@type\":\"EntryPoint\",\"urlTemplate\":\"https:\/\/www.cppadova.com\/fr\/?s={search_term_string}\"},\"query-input\":{\"@type\":\"PropertyValueSpecification\",\"valueRequired\":true,\"valueName\":\"search_term_string\"}}],\"inLanguage\":\"fr-FR\"}]}<\/script>\n<!-- \/ Yoast SEO plugin. -->","yoast_head_json":{"title":"Services : parking, salle de fitness | Crowne Plaza Padova","description":"Venez d\u00e9couvrir les services de l'Hotel Crowne Plaza : bornes de recharge pour voitures \u00e9lectriques, parking et garage s\u00e9curis\u00e9, salle de fitness et bien plus encore.","robots":{"index":"index","follow":"follow","max-snippet":"max-snippet:-1","max-image-preview":"max-image-preview:large","max-video-preview":"max-video-preview:-1"},"canonical":"https:\/\/www.cppadova.com\/fr\/services\/","og_locale":"fr_FR","og_type":"article","og_title":"Services : parking, salle de fitness | Crowne Plaza Padova","og_description":"Venez d\u00e9couvrir les services de l'Hotel Crowne Plaza : bornes de recharge pour voitures \u00e9lectriques, parking et garage s\u00e9curis\u00e9, salle de fitness et bien plus encore.","og_url":"https:\/\/www.cppadova.com\/fr\/services\/","og_site_name":"Crowne Plaza Padova","article_modified_time":"2024-04-22T14:26:23+00:00","og_image":[{"width":2200,"height":1200,"url":"https:\/\/www.cppadova.com\/wp-content\/uploads\/sites\/252\/2021\/08\/crowne_plaza_padova_home_slide_camera.jpg","type":"image\/jpeg"}],"twitter_card":"summary_large_image","twitter_misc":{"Dur\u00e9e de lecture estim\u00e9e":"1 minute"},"schema":{"@context":"https:\/\/schema.org","@graph":[{"@type":"WebPage","@id":"https:\/\/www.cppadova.com\/fr\/services\/","url":"https:\/\/www.cppadova.com\/fr\/services\/","name":"Services : parking, salle de fitness | Crowne Plaza Padova","isPartOf":{"@id":"https:\/\/www.cppadova.com\/fr\/#website"},"datePublished":"2024-04-17T13:55:45+00:00","dateModified":"2024-04-22T14:26:23+00:00","description":"Venez d\u00e9couvrir les services de l'Hotel Crowne Plaza : bornes de recharge pour voitures \u00e9lectriques, parking et garage s\u00e9curis\u00e9, salle de fitness et bien plus encore.","breadcrumb":{"@id":"https:\/\/www.cppadova.com\/fr\/services\/#breadcrumb"},"inLanguage":"fr-FR","potentialAction":[{"@type":"ReadAction","target":["https:\/\/www.cppadova.com\/fr\/services\/"]}]},{"@type":"BreadcrumbList","@id":"https:\/\/www.cppadova.com\/fr\/services\/#breadcrumb","itemListElement":[{"@type":"ListItem","position":1,"name":"Home","item":"https:\/\/www.cppadova.com\/fr\/"},{"@type":"ListItem","position":2,"name":"Services"}]},{"@type":"WebSite","@id":"https:\/\/www.cppadova.com\/fr\/#website","url":"https:\/\/www.cppadova.com\/fr\/","name":"Crowne Plaza Padova","description":"Just another ms.decms.eu site","potentialAction":[{"@type":"SearchAction","target":{"@type":"EntryPoint","urlTemplate":"https:\/\/www.cppadova.com\/fr\/?s={search_term_string}"},"query-input":{"@type":"PropertyValueSpecification","valueRequired":true,"valueName":"search_term_string"}}],"inLanguage":"fr-FR"}]}},"acf":[],"_links":{"self":[{"href":"https:\/\/www.cppadova.com\/fr\/wp-json\/wp\/v2\/pages\/1208","targetHints":{"allow":["GET"]}}],"collection":[{"href":"https:\/\/www.cppadova.com\/fr\/wp-json\/wp\/v2\/pages"}],"about":[{"href":"https:\/\/www.cppadova.com\/fr\/wp-json\/wp\/v2\/types\/page"}],"author":[{"embeddable":true,"href":"https:\/\/www.cppadova.com\/fr\/wp-json\/wp\/v2\/users\/36"}],"replies":[{"embeddable":true,"href":"https:\/\/www.cppadova.com\/fr\/wp-json\/wp\/v2\/comments?post=1208"}],"version-history":[{"count":0,"href":"https:\/\/www.cppadova.com\/fr\/wp-json\/wp\/v2\/pages\/1208\/revisions"}],"wp:attachment":[{"href":"https:\/\/www.cppadova.com\/fr\/wp-json\/wp\/v2\/media?parent=1208"}],"curies":[{"name":"wp","href":"https:\/\/api.w.org\/{rel}","templated":true}]}}