{"id":1212,"date":"2024-04-17T13:58:43","date_gmt":"2024-04-17T13:58:43","guid":{"rendered":"https:\/\/www.cppadova.com\/?page_id=1212"},"modified":"2024-04-22T14:30:12","modified_gmt":"2024-04-22T14:30:12","slug":"parking-et-garage","status":"publish","type":"page","link":"https:\/\/www.cppadova.com\/fr\/services\/parking-et-garage\/","title":{"rendered":"Parking et garage"},"content":{"rendered":"<p>Gr\u00e2ce \u00e0 l&rsquo;Hotel 4 \u00e9toiles Crowne Plaza Padova, la recherche d\u00e9sesp\u00e9r\u00e9e d&rsquo;une place de parking ne sera plus qu&rsquo;un mauvais souvenir et vous pourrez oublier votre voiture pendant toute la dur\u00e9e de votre s\u00e9jour. D\u00e8s votre arriv\u00e9e, profitez du <strong>grand parking ext\u00e9rieur<\/strong> ou du <strong>garage couvert et s\u00e9curis\u00e9 par vid\u00e9osurveillance<\/strong>, tous deux <strong>gratuits et \u00e0 votre enti\u00e8re disposition<\/strong>.<\/p>\n<p>De plus, si vous voyagez avec un v\u00e9hicule \u00e9lectrique, vous aurez la possibilit\u00e9 de faire le plein d&rsquo;\u00e9nergie au Crowne Plaza Padova, gr\u00e2ce aux pratiques <strong>colonnes de recharge pour voitures \u00e9lectriques<\/strong>. En outre, en optant pour notre \u00e9tablissement, vous b\u00e9n\u00e9ficierez \u00e9galement du <strong>service de navette (payant), \u00e0 r\u00e9server<\/strong> en nous contactant avant votre arriv\u00e9e.<\/p>\n","protected":false},"excerpt":{"rendered":"<p>Gr\u00e2ce \u00e0 l&rsquo;Hotel 4 \u00e9toiles Crowne Plaza Padova, la recherche d\u00e9sesp\u00e9r\u00e9e d&rsquo;une place de parking ne sera plus qu&rsquo;un mauvais souvenir et vous pourrez oublier votre voiture pendant toute la dur\u00e9e de votre s\u00e9jour. D\u00e8s votre arriv\u00e9e, profitez du grand parking ext\u00e9rieur ou du garage couvert et s\u00e9curis\u00e9 par vid\u00e9osurveillance, tous deux gratuits et \u00e0 [&hellip;]<\/p>\n","protected":false},"author":36,"featured_media":0,"parent":1208,"menu_order":1,"comment_status":"closed","ping_status":"closed","template":"template-default-2.php","meta":{"footnotes":""},"class_list":["post-1212","page","type-page","status-publish","hentry"],"yoast_head":"<!-- This site is optimized with the Yoast SEO plugin v26.9 - https:\/\/yoast.com\/product\/yoast-seo-wordpress\/ -->\n<title>Parking ext\u00e9rieur et garage couvert | Crowne Plaza Padova<\/title>\n<meta name=\"description\" content=\"Profitez du grand parking ext\u00e9rieur ou du garage couvert avec vid\u00e9osurveillance, tous deux gratuits et \u00e0 votre enti\u00e8re disposition.\" \/>\n<meta name=\"robots\" content=\"index, follow, max-snippet:-1, max-image-preview:large, max-video-preview:-1\" \/>\n<link rel=\"canonical\" href=\"https:\/\/www.cppadova.com\/fr\/services\/parking-et-garage\/\" \/>\n<meta property=\"og:locale\" content=\"fr_FR\" \/>\n<meta property=\"og:type\" content=\"article\" \/>\n<meta property=\"og:title\" content=\"Parking ext\u00e9rieur et garage couvert | Crowne Plaza Padova\" \/>\n<meta property=\"og:description\" content=\"Profitez du grand parking ext\u00e9rieur ou du garage couvert avec vid\u00e9osurveillance, tous deux gratuits et \u00e0 votre enti\u00e8re disposition.\" \/>\n<meta property=\"og:url\" content=\"https:\/\/www.cppadova.com\/fr\/services\/parking-et-garage\/\" \/>\n<meta property=\"og:site_name\" content=\"Crowne Plaza Padova\" \/>\n<meta property=\"article:modified_time\" content=\"2024-04-22T14:30:12+00:00\" \/>\n<meta property=\"og:image\" content=\"https:\/\/www.cppadova.com\/wp-content\/uploads\/sites\/252\/2021\/08\/crowne_plaza_padova_home_slide_camera.jpg\" \/>\n\t<meta property=\"og:image:width\" content=\"2200\" \/>\n\t<meta property=\"og:image:height\" content=\"1200\" \/>\n\t<meta property=\"og:image:type\" content=\"image\/jpeg\" \/>\n<meta name=\"twitter:card\" content=\"summary_large_image\" \/>\n<meta name=\"twitter:label1\" content=\"Dur\u00e9e de lecture estim\u00e9e\" \/>\n\t<meta name=\"twitter:data1\" content=\"1 minute\" \/>\n<script type=\"application\/ld+json\" class=\"yoast-schema-graph\">{\"@context\":\"https:\/\/schema.org\",\"@graph\":[{\"@type\":\"WebPage\",\"@id\":\"https:\/\/www.cppadova.com\/fr\/services\/parking-et-garage\/\",\"url\":\"https:\/\/www.cppadova.com\/fr\/services\/parking-et-garage\/\",\"name\":\"Parking ext\u00e9rieur et garage couvert | Crowne Plaza Padova\",\"isPartOf\":{\"@id\":\"https:\/\/www.cppadova.com\/fr\/#website\"},\"datePublished\":\"2024-04-17T13:58:43+00:00\",\"dateModified\":\"2024-04-22T14:30:12+00:00\",\"description\":\"Profitez du grand parking ext\u00e9rieur ou du garage couvert avec vid\u00e9osurveillance, tous deux gratuits et \u00e0 votre enti\u00e8re disposition.\",\"breadcrumb\":{\"@id\":\"https:\/\/www.cppadova.com\/fr\/services\/parking-et-garage\/#breadcrumb\"},\"inLanguage\":\"fr-FR\",\"potentialAction\":[{\"@type\":\"ReadAction\",\"target\":[\"https:\/\/www.cppadova.com\/fr\/services\/parking-et-garage\/\"]}]},{\"@type\":\"BreadcrumbList\",\"@id\":\"https:\/\/www.cppadova.com\/fr\/services\/parking-et-garage\/#breadcrumb\",\"itemListElement\":[{\"@type\":\"ListItem\",\"position\":1,\"name\":\"Home\",\"item\":\"https:\/\/www.cppadova.com\/fr\/\"},{\"@type\":\"ListItem\",\"position\":2,\"name\":\"Services\",\"item\":\"https:\/\/www.cppadova.com\/fr\/services\/\"},{\"@type\":\"ListItem\",\"position\":3,\"name\":\"Parking et garage\"}]},{\"@type\":\"WebSite\",\"@id\":\"https:\/\/www.cppadova.com\/fr\/#website\",\"url\":\"https:\/\/www.cppadova.com\/fr\/\",\"name\":\"Crowne Plaza Padova\",\"description\":\"Just another ms.decms.eu site\",\"potentialAction\":[{\"@type\":\"SearchAction\",\"target\":{\"@type\":\"EntryPoint\",\"urlTemplate\":\"https:\/\/www.cppadova.com\/fr\/?s={search_term_string}\"},\"query-input\":{\"@type\":\"PropertyValueSpecification\",\"valueRequired\":true,\"valueName\":\"search_term_string\"}}],\"inLanguage\":\"fr-FR\"}]}<\/script>\n<!-- \/ Yoast SEO plugin. -->","yoast_head_json":{"title":"Parking ext\u00e9rieur et garage couvert | Crowne Plaza Padova","description":"Profitez du grand parking ext\u00e9rieur ou du garage couvert avec vid\u00e9osurveillance, tous deux gratuits et \u00e0 votre enti\u00e8re disposition.","robots":{"index":"index","follow":"follow","max-snippet":"max-snippet:-1","max-image-preview":"max-image-preview:large","max-video-preview":"max-video-preview:-1"},"canonical":"https:\/\/www.cppadova.com\/fr\/services\/parking-et-garage\/","og_locale":"fr_FR","og_type":"article","og_title":"Parking ext\u00e9rieur et garage couvert | Crowne Plaza Padova","og_description":"Profitez du grand parking ext\u00e9rieur ou du garage couvert avec vid\u00e9osurveillance, tous deux gratuits et \u00e0 votre enti\u00e8re disposition.","og_url":"https:\/\/www.cppadova.com\/fr\/services\/parking-et-garage\/","og_site_name":"Crowne Plaza Padova","article_modified_time":"2024-04-22T14:30:12+00:00","og_image":[{"width":2200,"height":1200,"url":"https:\/\/www.cppadova.com\/wp-content\/uploads\/sites\/252\/2021\/08\/crowne_plaza_padova_home_slide_camera.jpg","type":"image\/jpeg"}],"twitter_card":"summary_large_image","twitter_misc":{"Dur\u00e9e de lecture estim\u00e9e":"1 minute"},"schema":{"@context":"https:\/\/schema.org","@graph":[{"@type":"WebPage","@id":"https:\/\/www.cppadova.com\/fr\/services\/parking-et-garage\/","url":"https:\/\/www.cppadova.com\/fr\/services\/parking-et-garage\/","name":"Parking ext\u00e9rieur et garage couvert | Crowne Plaza Padova","isPartOf":{"@id":"https:\/\/www.cppadova.com\/fr\/#website"},"datePublished":"2024-04-17T13:58:43+00:00","dateModified":"2024-04-22T14:30:12+00:00","description":"Profitez du grand parking ext\u00e9rieur ou du garage couvert avec vid\u00e9osurveillance, tous deux gratuits et \u00e0 votre enti\u00e8re disposition.","breadcrumb":{"@id":"https:\/\/www.cppadova.com\/fr\/services\/parking-et-garage\/#breadcrumb"},"inLanguage":"fr-FR","potentialAction":[{"@type":"ReadAction","target":["https:\/\/www.cppadova.com\/fr\/services\/parking-et-garage\/"]}]},{"@type":"BreadcrumbList","@id":"https:\/\/www.cppadova.com\/fr\/services\/parking-et-garage\/#breadcrumb","itemListElement":[{"@type":"ListItem","position":1,"name":"Home","item":"https:\/\/www.cppadova.com\/fr\/"},{"@type":"ListItem","position":2,"name":"Services","item":"https:\/\/www.cppadova.com\/fr\/services\/"},{"@type":"ListItem","position":3,"name":"Parking et garage"}]},{"@type":"WebSite","@id":"https:\/\/www.cppadova.com\/fr\/#website","url":"https:\/\/www.cppadova.com\/fr\/","name":"Crowne Plaza Padova","description":"Just another ms.decms.eu site","potentialAction":[{"@type":"SearchAction","target":{"@type":"EntryPoint","urlTemplate":"https:\/\/www.cppadova.com\/fr\/?s={search_term_string}"},"query-input":{"@type":"PropertyValueSpecification","valueRequired":true,"valueName":"search_term_string"}}],"inLanguage":"fr-FR"}]}},"acf":[],"_links":{"self":[{"href":"https:\/\/www.cppadova.com\/fr\/wp-json\/wp\/v2\/pages\/1212","targetHints":{"allow":["GET"]}}],"collection":[{"href":"https:\/\/www.cppadova.com\/fr\/wp-json\/wp\/v2\/pages"}],"about":[{"href":"https:\/\/www.cppadova.com\/fr\/wp-json\/wp\/v2\/types\/page"}],"author":[{"embeddable":true,"href":"https:\/\/www.cppadova.com\/fr\/wp-json\/wp\/v2\/users\/36"}],"replies":[{"embeddable":true,"href":"https:\/\/www.cppadova.com\/fr\/wp-json\/wp\/v2\/comments?post=1212"}],"version-history":[{"count":0,"href":"https:\/\/www.cppadova.com\/fr\/wp-json\/wp\/v2\/pages\/1212\/revisions"}],"up":[{"embeddable":true,"href":"https:\/\/www.cppadova.com\/fr\/wp-json\/wp\/v2\/pages\/1208"}],"wp:attachment":[{"href":"https:\/\/www.cppadova.com\/fr\/wp-json\/wp\/v2\/media?parent=1212"}],"curies":[{"name":"wp","href":"https:\/\/api.w.org\/{rel}","templated":true}]}}