{"id":1214,"date":"2024-04-17T13:59:15","date_gmt":"2024-04-17T13:59:15","guid":{"rendered":"https:\/\/www.cppadova.com\/?page_id=1214"},"modified":"2024-04-22T14:30:25","modified_gmt":"2024-04-22T14:30:25","slug":"salle-de-fitness","status":"publish","type":"page","link":"https:\/\/www.cppadova.com\/fr\/services\/salle-de-fitness\/","title":{"rendered":"Salle de fitness"},"content":{"rendered":"<p>Garder la forme, m\u00eame pendant un voyage d&rsquo;affaires ou en vacances, c\u2019est bien la meilleure fa\u00e7on de prendre soin de soi. C&rsquo;est pourquoi, \u00e0 l&rsquo;<strong>Hotel 4 \u00e9toiles Crowne Plaza de Padoue<\/strong>, nous avons cr\u00e9\u00e9 un espace d\u00e9di\u00e9 au bien-\u00eatre de nos h\u00f4tes : une <strong>moderne salle de fitness <\/strong>\u00a0dot\u00e9e d&rsquo;<strong>appareils Technogym<\/strong>.<\/p>\n<p>Un <strong>espace<\/strong> moderne<strong>, r\u00e9cemment r\u00e9nov\u00e9<\/strong> en termes de mobilier et d&rsquo;\u00e9quipement, pour \u00e9vacuer les tensions !<\/p>\n","protected":false},"excerpt":{"rendered":"<p>Garder la forme, m\u00eame pendant un voyage d&rsquo;affaires ou en vacances, c\u2019est bien la meilleure fa\u00e7on de prendre soin de soi. C&rsquo;est pourquoi, \u00e0 l&rsquo;Hotel 4 \u00e9toiles Crowne Plaza de Padoue, nous avons cr\u00e9\u00e9 un espace d\u00e9di\u00e9 au bien-\u00eatre de nos h\u00f4tes : une moderne salle de fitness \u00a0dot\u00e9e d&rsquo;appareils Technogym. Un espace moderne, r\u00e9cemment [&hellip;]<\/p>\n","protected":false},"author":36,"featured_media":0,"parent":1208,"menu_order":3,"comment_status":"closed","ping_status":"closed","template":"template-default-2.php","meta":{"footnotes":""},"class_list":["post-1214","page","type-page","status-publish","hentry"],"yoast_head":"<!-- This site is optimized with the Yoast SEO plugin v26.9 - https:\/\/yoast.com\/product\/yoast-seo-wordpress\/ -->\n<title>Salle de fitness \u00e9quip\u00e9e Tecnogym | Crowne Plaza Padova<\/title>\n<meta name=\"description\" content=\"Dans notre h\u00f4tel, vous garderez la forme m\u00eame pendant un voyage d&#039;affaires ou en vacances : nous avons cr\u00e9\u00e9 un espace d\u00e9di\u00e9 au bien-\u00eatre de nos h\u00f4tes.\" \/>\n<meta name=\"robots\" content=\"index, follow, max-snippet:-1, max-image-preview:large, max-video-preview:-1\" \/>\n<link rel=\"canonical\" href=\"https:\/\/www.cppadova.com\/fr\/services\/salle-de-fitness\/\" \/>\n<meta property=\"og:locale\" content=\"fr_FR\" \/>\n<meta property=\"og:type\" content=\"article\" \/>\n<meta property=\"og:title\" content=\"Salle de fitness \u00e9quip\u00e9e Tecnogym | Crowne Plaza Padova\" \/>\n<meta property=\"og:description\" content=\"Dans notre h\u00f4tel, vous garderez la forme m\u00eame pendant un voyage d&#039;affaires ou en vacances : nous avons cr\u00e9\u00e9 un espace d\u00e9di\u00e9 au bien-\u00eatre de nos h\u00f4tes.\" \/>\n<meta property=\"og:url\" content=\"https:\/\/www.cppadova.com\/fr\/services\/salle-de-fitness\/\" \/>\n<meta property=\"og:site_name\" content=\"Crowne Plaza Padova\" \/>\n<meta property=\"article:modified_time\" content=\"2024-04-22T14:30:25+00:00\" \/>\n<meta property=\"og:image\" content=\"https:\/\/www.cppadova.com\/wp-content\/uploads\/sites\/252\/2021\/08\/crowne_plaza_padova_home_slide_camera.jpg\" \/>\n\t<meta property=\"og:image:width\" content=\"2200\" \/>\n\t<meta property=\"og:image:height\" content=\"1200\" \/>\n\t<meta property=\"og:image:type\" content=\"image\/jpeg\" \/>\n<meta name=\"twitter:card\" content=\"summary_large_image\" \/>\n<script type=\"application\/ld+json\" class=\"yoast-schema-graph\">{\"@context\":\"https:\/\/schema.org\",\"@graph\":[{\"@type\":\"WebPage\",\"@id\":\"https:\/\/www.cppadova.com\/fr\/services\/salle-de-fitness\/\",\"url\":\"https:\/\/www.cppadova.com\/fr\/services\/salle-de-fitness\/\",\"name\":\"Salle de fitness \u00e9quip\u00e9e Tecnogym | Crowne Plaza Padova\",\"isPartOf\":{\"@id\":\"https:\/\/www.cppadova.com\/fr\/#website\"},\"datePublished\":\"2024-04-17T13:59:15+00:00\",\"dateModified\":\"2024-04-22T14:30:25+00:00\",\"description\":\"Dans notre h\u00f4tel, vous garderez la forme m\u00eame pendant un voyage d'affaires ou en vacances : nous avons cr\u00e9\u00e9 un espace d\u00e9di\u00e9 au bien-\u00eatre de nos h\u00f4tes.\",\"breadcrumb\":{\"@id\":\"https:\/\/www.cppadova.com\/fr\/services\/salle-de-fitness\/#breadcrumb\"},\"inLanguage\":\"fr-FR\",\"potentialAction\":[{\"@type\":\"ReadAction\",\"target\":[\"https:\/\/www.cppadova.com\/fr\/services\/salle-de-fitness\/\"]}]},{\"@type\":\"BreadcrumbList\",\"@id\":\"https:\/\/www.cppadova.com\/fr\/services\/salle-de-fitness\/#breadcrumb\",\"itemListElement\":[{\"@type\":\"ListItem\",\"position\":1,\"name\":\"Home\",\"item\":\"https:\/\/www.cppadova.com\/fr\/\"},{\"@type\":\"ListItem\",\"position\":2,\"name\":\"Services\",\"item\":\"https:\/\/www.cppadova.com\/fr\/services\/\"},{\"@type\":\"ListItem\",\"position\":3,\"name\":\"Salle de fitness\"}]},{\"@type\":\"WebSite\",\"@id\":\"https:\/\/www.cppadova.com\/fr\/#website\",\"url\":\"https:\/\/www.cppadova.com\/fr\/\",\"name\":\"Crowne Plaza Padova\",\"description\":\"Just another ms.decms.eu site\",\"potentialAction\":[{\"@type\":\"SearchAction\",\"target\":{\"@type\":\"EntryPoint\",\"urlTemplate\":\"https:\/\/www.cppadova.com\/fr\/?s={search_term_string}\"},\"query-input\":{\"@type\":\"PropertyValueSpecification\",\"valueRequired\":true,\"valueName\":\"search_term_string\"}}],\"inLanguage\":\"fr-FR\"}]}<\/script>\n<!-- \/ Yoast SEO plugin. -->","yoast_head_json":{"title":"Salle de fitness \u00e9quip\u00e9e Tecnogym | Crowne Plaza Padova","description":"Dans notre h\u00f4tel, vous garderez la forme m\u00eame pendant un voyage d'affaires ou en vacances : nous avons cr\u00e9\u00e9 un espace d\u00e9di\u00e9 au bien-\u00eatre de nos h\u00f4tes.","robots":{"index":"index","follow":"follow","max-snippet":"max-snippet:-1","max-image-preview":"max-image-preview:large","max-video-preview":"max-video-preview:-1"},"canonical":"https:\/\/www.cppadova.com\/fr\/services\/salle-de-fitness\/","og_locale":"fr_FR","og_type":"article","og_title":"Salle de fitness \u00e9quip\u00e9e Tecnogym | Crowne Plaza Padova","og_description":"Dans notre h\u00f4tel, vous garderez la forme m\u00eame pendant un voyage d'affaires ou en vacances : nous avons cr\u00e9\u00e9 un espace d\u00e9di\u00e9 au bien-\u00eatre de nos h\u00f4tes.","og_url":"https:\/\/www.cppadova.com\/fr\/services\/salle-de-fitness\/","og_site_name":"Crowne Plaza Padova","article_modified_time":"2024-04-22T14:30:25+00:00","og_image":[{"width":2200,"height":1200,"url":"https:\/\/www.cppadova.com\/wp-content\/uploads\/sites\/252\/2021\/08\/crowne_plaza_padova_home_slide_camera.jpg","type":"image\/jpeg"}],"twitter_card":"summary_large_image","schema":{"@context":"https:\/\/schema.org","@graph":[{"@type":"WebPage","@id":"https:\/\/www.cppadova.com\/fr\/services\/salle-de-fitness\/","url":"https:\/\/www.cppadova.com\/fr\/services\/salle-de-fitness\/","name":"Salle de fitness \u00e9quip\u00e9e Tecnogym | Crowne Plaza Padova","isPartOf":{"@id":"https:\/\/www.cppadova.com\/fr\/#website"},"datePublished":"2024-04-17T13:59:15+00:00","dateModified":"2024-04-22T14:30:25+00:00","description":"Dans notre h\u00f4tel, vous garderez la forme m\u00eame pendant un voyage d'affaires ou en vacances : nous avons cr\u00e9\u00e9 un espace d\u00e9di\u00e9 au bien-\u00eatre de nos h\u00f4tes.","breadcrumb":{"@id":"https:\/\/www.cppadova.com\/fr\/services\/salle-de-fitness\/#breadcrumb"},"inLanguage":"fr-FR","potentialAction":[{"@type":"ReadAction","target":["https:\/\/www.cppadova.com\/fr\/services\/salle-de-fitness\/"]}]},{"@type":"BreadcrumbList","@id":"https:\/\/www.cppadova.com\/fr\/services\/salle-de-fitness\/#breadcrumb","itemListElement":[{"@type":"ListItem","position":1,"name":"Home","item":"https:\/\/www.cppadova.com\/fr\/"},{"@type":"ListItem","position":2,"name":"Services","item":"https:\/\/www.cppadova.com\/fr\/services\/"},{"@type":"ListItem","position":3,"name":"Salle de fitness"}]},{"@type":"WebSite","@id":"https:\/\/www.cppadova.com\/fr\/#website","url":"https:\/\/www.cppadova.com\/fr\/","name":"Crowne Plaza Padova","description":"Just another ms.decms.eu site","potentialAction":[{"@type":"SearchAction","target":{"@type":"EntryPoint","urlTemplate":"https:\/\/www.cppadova.com\/fr\/?s={search_term_string}"},"query-input":{"@type":"PropertyValueSpecification","valueRequired":true,"valueName":"search_term_string"}}],"inLanguage":"fr-FR"}]}},"acf":[],"_links":{"self":[{"href":"https:\/\/www.cppadova.com\/fr\/wp-json\/wp\/v2\/pages\/1214","targetHints":{"allow":["GET"]}}],"collection":[{"href":"https:\/\/www.cppadova.com\/fr\/wp-json\/wp\/v2\/pages"}],"about":[{"href":"https:\/\/www.cppadova.com\/fr\/wp-json\/wp\/v2\/types\/page"}],"author":[{"embeddable":true,"href":"https:\/\/www.cppadova.com\/fr\/wp-json\/wp\/v2\/users\/36"}],"replies":[{"embeddable":true,"href":"https:\/\/www.cppadova.com\/fr\/wp-json\/wp\/v2\/comments?post=1214"}],"version-history":[{"count":0,"href":"https:\/\/www.cppadova.com\/fr\/wp-json\/wp\/v2\/pages\/1214\/revisions"}],"up":[{"embeddable":true,"href":"https:\/\/www.cppadova.com\/fr\/wp-json\/wp\/v2\/pages\/1208"}],"wp:attachment":[{"href":"https:\/\/www.cppadova.com\/fr\/wp-json\/wp\/v2\/media?parent=1214"}],"curies":[{"name":"wp","href":"https:\/\/api.w.org\/{rel}","templated":true}]}}