{"id":1216,"date":"2024-04-17T14:12:12","date_gmt":"2024-04-17T14:12:12","guid":{"rendered":"https:\/\/www.cppadova.com\/?page_id=1216"},"modified":"2024-04-22T14:30:39","modified_gmt":"2024-04-22T14:30:39","slug":"temporary-office","status":"publish","type":"page","link":"https:\/\/www.cppadova.com\/fr\/services\/temporary-office\/","title":{"rendered":"Temporary Office"},"content":{"rendered":"<p>Quand on est en d\u00e9placement, il peut se r\u00e9v\u00e9ler difficile de trouver un espace bien \u00e9quip\u00e9 pour travailler aussi ais\u00e9ment qu\u2019au bureau. Mais l&rsquo;Hotel Crowne Plaza de Padoue a la solution ! Avec ses <strong>bureaux temporaires<\/strong>, vous pouvez enfin vous consacrer et vous concentrer sur votre travail de fa\u00e7on optimale. Profitez d\u2019<strong>espaces sp\u00e9cialement am\u00e9nag\u00e9s<\/strong>, <strong>\u00e9quip\u00e9s de services de secr\u00e9tariat<\/strong> centralis\u00e9s, que vous pouvez r\u00e9server pour une dur\u00e9e variable allant d&rsquo;une heure jusqu\u2019\u00e0 une journ\u00e9e.<\/p>\n<p>Au Crowne Plaza de Padoue, vous avez sous la main tout ce dont vous <strong>avez besoin pour travailler<\/strong> de fa\u00e7on optimale : des lignes t\u00e9l\u00e9phoniques et de donn\u00e9es \u00e0 l&rsquo;assistance t\u00e9l\u00e9phonique, des salles de r\u00e9union \u00e0 notre restaurant et \u00e0 notre bar.<\/p>\n","protected":false},"excerpt":{"rendered":"<p>Quand on est en d\u00e9placement, il peut se r\u00e9v\u00e9ler difficile de trouver un espace bien \u00e9quip\u00e9 pour travailler aussi ais\u00e9ment qu\u2019au bureau. Mais l&rsquo;Hotel Crowne Plaza de Padoue a la solution ! Avec ses bureaux temporaires, vous pouvez enfin vous consacrer et vous concentrer sur votre travail de fa\u00e7on optimale. Profitez d\u2019espaces sp\u00e9cialement am\u00e9nag\u00e9s, \u00e9quip\u00e9s [&hellip;]<\/p>\n","protected":false},"author":36,"featured_media":0,"parent":1208,"menu_order":5,"comment_status":"closed","ping_status":"closed","template":"template-default-2.php","meta":{"footnotes":""},"class_list":["post-1216","page","type-page","status-publish","hentry"],"yoast_head":"<!-- This site is optimized with the Yoast SEO plugin v26.9 - https:\/\/yoast.com\/product\/yoast-seo-wordpress\/ -->\n<title>Temporary office : espace bureau | Crowne Plaza Hotel Padova<\/title>\n<meta name=\"description\" content=\"Dans nos bureaux temporaires, vous pourrez vous concentrer un maximum sur votre travail gr\u00e2ce \u00e0 des espaces sp\u00e9cialement am\u00e9nag\u00e9s pour les travailleurs. En savoir plus !\" \/>\n<meta name=\"robots\" content=\"index, follow, max-snippet:-1, max-image-preview:large, max-video-preview:-1\" \/>\n<link rel=\"canonical\" href=\"https:\/\/www.cppadova.com\/fr\/services\/temporary-office\/\" \/>\n<meta property=\"og:locale\" content=\"fr_FR\" \/>\n<meta property=\"og:type\" content=\"article\" \/>\n<meta property=\"og:title\" content=\"Temporary office : espace bureau | Crowne Plaza Hotel Padova\" \/>\n<meta property=\"og:description\" content=\"Dans nos bureaux temporaires, vous pourrez vous concentrer un maximum sur votre travail gr\u00e2ce \u00e0 des espaces sp\u00e9cialement am\u00e9nag\u00e9s pour les travailleurs. En savoir plus !\" \/>\n<meta property=\"og:url\" content=\"https:\/\/www.cppadova.com\/fr\/services\/temporary-office\/\" \/>\n<meta property=\"og:site_name\" content=\"Crowne Plaza Padova\" \/>\n<meta property=\"article:modified_time\" content=\"2024-04-22T14:30:39+00:00\" \/>\n<meta property=\"og:image\" content=\"https:\/\/www.cppadova.com\/wp-content\/uploads\/sites\/252\/2021\/08\/crowne_plaza_padova_home_slide_camera.jpg\" \/>\n\t<meta property=\"og:image:width\" content=\"2200\" \/>\n\t<meta property=\"og:image:height\" content=\"1200\" \/>\n\t<meta property=\"og:image:type\" content=\"image\/jpeg\" \/>\n<meta name=\"twitter:card\" content=\"summary_large_image\" \/>\n<meta name=\"twitter:label1\" content=\"Dur\u00e9e de lecture estim\u00e9e\" \/>\n\t<meta name=\"twitter:data1\" content=\"1 minute\" \/>\n<script type=\"application\/ld+json\" class=\"yoast-schema-graph\">{\"@context\":\"https:\/\/schema.org\",\"@graph\":[{\"@type\":\"WebPage\",\"@id\":\"https:\/\/www.cppadova.com\/fr\/services\/temporary-office\/\",\"url\":\"https:\/\/www.cppadova.com\/fr\/services\/temporary-office\/\",\"name\":\"Temporary office : espace bureau | Crowne Plaza Hotel Padova\",\"isPartOf\":{\"@id\":\"https:\/\/www.cppadova.com\/fr\/#website\"},\"datePublished\":\"2024-04-17T14:12:12+00:00\",\"dateModified\":\"2024-04-22T14:30:39+00:00\",\"description\":\"Dans nos bureaux temporaires, vous pourrez vous concentrer un maximum sur votre travail gr\u00e2ce \u00e0 des espaces sp\u00e9cialement am\u00e9nag\u00e9s pour les travailleurs. En savoir plus !\",\"breadcrumb\":{\"@id\":\"https:\/\/www.cppadova.com\/fr\/services\/temporary-office\/#breadcrumb\"},\"inLanguage\":\"fr-FR\",\"potentialAction\":[{\"@type\":\"ReadAction\",\"target\":[\"https:\/\/www.cppadova.com\/fr\/services\/temporary-office\/\"]}]},{\"@type\":\"BreadcrumbList\",\"@id\":\"https:\/\/www.cppadova.com\/fr\/services\/temporary-office\/#breadcrumb\",\"itemListElement\":[{\"@type\":\"ListItem\",\"position\":1,\"name\":\"Home\",\"item\":\"https:\/\/www.cppadova.com\/fr\/\"},{\"@type\":\"ListItem\",\"position\":2,\"name\":\"Services\",\"item\":\"https:\/\/www.cppadova.com\/fr\/services\/\"},{\"@type\":\"ListItem\",\"position\":3,\"name\":\"Temporary Office\"}]},{\"@type\":\"WebSite\",\"@id\":\"https:\/\/www.cppadova.com\/fr\/#website\",\"url\":\"https:\/\/www.cppadova.com\/fr\/\",\"name\":\"Crowne Plaza Padova\",\"description\":\"Just another ms.decms.eu site\",\"potentialAction\":[{\"@type\":\"SearchAction\",\"target\":{\"@type\":\"EntryPoint\",\"urlTemplate\":\"https:\/\/www.cppadova.com\/fr\/?s={search_term_string}\"},\"query-input\":{\"@type\":\"PropertyValueSpecification\",\"valueRequired\":true,\"valueName\":\"search_term_string\"}}],\"inLanguage\":\"fr-FR\"}]}<\/script>\n<!-- \/ Yoast SEO plugin. -->","yoast_head_json":{"title":"Temporary office : espace bureau | Crowne Plaza Hotel Padova","description":"Dans nos bureaux temporaires, vous pourrez vous concentrer un maximum sur votre travail gr\u00e2ce \u00e0 des espaces sp\u00e9cialement am\u00e9nag\u00e9s pour les travailleurs. En savoir plus !","robots":{"index":"index","follow":"follow","max-snippet":"max-snippet:-1","max-image-preview":"max-image-preview:large","max-video-preview":"max-video-preview:-1"},"canonical":"https:\/\/www.cppadova.com\/fr\/services\/temporary-office\/","og_locale":"fr_FR","og_type":"article","og_title":"Temporary office : espace bureau | Crowne Plaza Hotel Padova","og_description":"Dans nos bureaux temporaires, vous pourrez vous concentrer un maximum sur votre travail gr\u00e2ce \u00e0 des espaces sp\u00e9cialement am\u00e9nag\u00e9s pour les travailleurs. En savoir plus !","og_url":"https:\/\/www.cppadova.com\/fr\/services\/temporary-office\/","og_site_name":"Crowne Plaza Padova","article_modified_time":"2024-04-22T14:30:39+00:00","og_image":[{"width":2200,"height":1200,"url":"https:\/\/www.cppadova.com\/wp-content\/uploads\/sites\/252\/2021\/08\/crowne_plaza_padova_home_slide_camera.jpg","type":"image\/jpeg"}],"twitter_card":"summary_large_image","twitter_misc":{"Dur\u00e9e de lecture estim\u00e9e":"1 minute"},"schema":{"@context":"https:\/\/schema.org","@graph":[{"@type":"WebPage","@id":"https:\/\/www.cppadova.com\/fr\/services\/temporary-office\/","url":"https:\/\/www.cppadova.com\/fr\/services\/temporary-office\/","name":"Temporary office : espace bureau | Crowne Plaza Hotel Padova","isPartOf":{"@id":"https:\/\/www.cppadova.com\/fr\/#website"},"datePublished":"2024-04-17T14:12:12+00:00","dateModified":"2024-04-22T14:30:39+00:00","description":"Dans nos bureaux temporaires, vous pourrez vous concentrer un maximum sur votre travail gr\u00e2ce \u00e0 des espaces sp\u00e9cialement am\u00e9nag\u00e9s pour les travailleurs. En savoir plus !","breadcrumb":{"@id":"https:\/\/www.cppadova.com\/fr\/services\/temporary-office\/#breadcrumb"},"inLanguage":"fr-FR","potentialAction":[{"@type":"ReadAction","target":["https:\/\/www.cppadova.com\/fr\/services\/temporary-office\/"]}]},{"@type":"BreadcrumbList","@id":"https:\/\/www.cppadova.com\/fr\/services\/temporary-office\/#breadcrumb","itemListElement":[{"@type":"ListItem","position":1,"name":"Home","item":"https:\/\/www.cppadova.com\/fr\/"},{"@type":"ListItem","position":2,"name":"Services","item":"https:\/\/www.cppadova.com\/fr\/services\/"},{"@type":"ListItem","position":3,"name":"Temporary Office"}]},{"@type":"WebSite","@id":"https:\/\/www.cppadova.com\/fr\/#website","url":"https:\/\/www.cppadova.com\/fr\/","name":"Crowne Plaza Padova","description":"Just another ms.decms.eu site","potentialAction":[{"@type":"SearchAction","target":{"@type":"EntryPoint","urlTemplate":"https:\/\/www.cppadova.com\/fr\/?s={search_term_string}"},"query-input":{"@type":"PropertyValueSpecification","valueRequired":true,"valueName":"search_term_string"}}],"inLanguage":"fr-FR"}]}},"acf":[],"_links":{"self":[{"href":"https:\/\/www.cppadova.com\/fr\/wp-json\/wp\/v2\/pages\/1216","targetHints":{"allow":["GET"]}}],"collection":[{"href":"https:\/\/www.cppadova.com\/fr\/wp-json\/wp\/v2\/pages"}],"about":[{"href":"https:\/\/www.cppadova.com\/fr\/wp-json\/wp\/v2\/types\/page"}],"author":[{"embeddable":true,"href":"https:\/\/www.cppadova.com\/fr\/wp-json\/wp\/v2\/users\/36"}],"replies":[{"embeddable":true,"href":"https:\/\/www.cppadova.com\/fr\/wp-json\/wp\/v2\/comments?post=1216"}],"version-history":[{"count":0,"href":"https:\/\/www.cppadova.com\/fr\/wp-json\/wp\/v2\/pages\/1216\/revisions"}],"up":[{"embeddable":true,"href":"https:\/\/www.cppadova.com\/fr\/wp-json\/wp\/v2\/pages\/1208"}],"wp:attachment":[{"href":"https:\/\/www.cppadova.com\/fr\/wp-json\/wp\/v2\/media?parent=1216"}],"curies":[{"name":"wp","href":"https:\/\/api.w.org\/{rel}","templated":true}]}}