{"id":1218,"date":"2024-04-17T14:16:01","date_gmt":"2024-04-17T14:16:01","guid":{"rendered":"https:\/\/www.cppadova.com\/?page_id=1218"},"modified":"2024-04-22T14:30:52","modified_gmt":"2024-04-22T14:30:52","slug":"service-de-navette","status":"publish","type":"page","link":"https:\/\/www.cppadova.com\/fr\/services\/service-de-navette\/","title":{"rendered":"Service de navette"},"content":{"rendered":"<p>Se d\u00e9placer dans la ville de <strong>Padoue<\/strong> n&rsquo;a jamais \u00e9t\u00e9 aussi facile, gr\u00e2ce au <strong>service de navette<\/strong> de l&rsquo;Hotel <strong>Crowne Plaza de Padoue<\/strong>. En effet, notre h\u00f4tel 4 \u00e9toiles propose \u00e0 ses h\u00f4tes une solution <strong>sur demande et payante<\/strong>, id\u00e9ale pour se d\u00e9placer et acc\u00e9der \u00e0 tous les principaux points d&rsquo;int\u00e9r\u00eat de la ville.<\/p>\n<p>Que vous ayez besoin de rejoindre le parc des expositions, la gare, le centre-ville ou simplement notre h\u00f4tel, <strong>contactez-nous avant votre arriv\u00e9e<\/strong> et nous vous fournirons tous les d\u00e9tails et r\u00e9serverons le service pour vous !<\/p>\n","protected":false},"excerpt":{"rendered":"<p>Se d\u00e9placer dans la ville de Padoue n&rsquo;a jamais \u00e9t\u00e9 aussi facile, gr\u00e2ce au service de navette de l&rsquo;Hotel Crowne Plaza de Padoue. En effet, notre h\u00f4tel 4 \u00e9toiles propose \u00e0 ses h\u00f4tes une solution sur demande et payante, id\u00e9ale pour se d\u00e9placer et acc\u00e9der \u00e0 tous les principaux points d&rsquo;int\u00e9r\u00eat de la ville. Que [&hellip;]<\/p>\n","protected":false},"author":36,"featured_media":0,"parent":1208,"menu_order":7,"comment_status":"closed","ping_status":"closed","template":"template-default-2.php","meta":{"footnotes":""},"class_list":["post-1218","page","type-page","status-publish","hentry"],"yoast_head":"<!-- This site is optimized with the Yoast SEO plugin v26.9 - https:\/\/yoast.com\/product\/yoast-seo-wordpress\/ -->\n<title>Service navette : transferts en ville | Crowne Plaza Padova<\/title>\n<meta name=\"description\" content=\"L&#039;h\u00f4tel propose \u00e0 ses h\u00f4tes un service de navette sur demande permettant de rejoindre tous les principaux points d&#039;int\u00e9r\u00eat de Padoue.\" \/>\n<meta name=\"robots\" content=\"index, follow, max-snippet:-1, max-image-preview:large, max-video-preview:-1\" \/>\n<link rel=\"canonical\" href=\"https:\/\/www.cppadova.com\/fr\/services\/service-de-navette\/\" \/>\n<meta property=\"og:locale\" content=\"fr_FR\" \/>\n<meta property=\"og:type\" content=\"article\" \/>\n<meta property=\"og:title\" content=\"Service navette : transferts en ville | Crowne Plaza Padova\" \/>\n<meta property=\"og:description\" content=\"L&#039;h\u00f4tel propose \u00e0 ses h\u00f4tes un service de navette sur demande permettant de rejoindre tous les principaux points d&#039;int\u00e9r\u00eat de Padoue.\" \/>\n<meta property=\"og:url\" content=\"https:\/\/www.cppadova.com\/fr\/services\/service-de-navette\/\" \/>\n<meta property=\"og:site_name\" content=\"Crowne Plaza Padova\" \/>\n<meta property=\"article:modified_time\" content=\"2024-04-22T14:30:52+00:00\" \/>\n<meta property=\"og:image\" content=\"https:\/\/www.cppadova.com\/wp-content\/uploads\/sites\/252\/2021\/08\/crowne_plaza_padova_home_slide_camera.jpg\" \/>\n\t<meta property=\"og:image:width\" content=\"2200\" \/>\n\t<meta property=\"og:image:height\" content=\"1200\" \/>\n\t<meta property=\"og:image:type\" content=\"image\/jpeg\" \/>\n<meta name=\"twitter:card\" content=\"summary_large_image\" \/>\n<script type=\"application\/ld+json\" class=\"yoast-schema-graph\">{\"@context\":\"https:\/\/schema.org\",\"@graph\":[{\"@type\":\"WebPage\",\"@id\":\"https:\/\/www.cppadova.com\/fr\/services\/service-de-navette\/\",\"url\":\"https:\/\/www.cppadova.com\/fr\/services\/service-de-navette\/\",\"name\":\"Service navette : transferts en ville | Crowne Plaza Padova\",\"isPartOf\":{\"@id\":\"https:\/\/www.cppadova.com\/fr\/#website\"},\"datePublished\":\"2024-04-17T14:16:01+00:00\",\"dateModified\":\"2024-04-22T14:30:52+00:00\",\"description\":\"L'h\u00f4tel propose \u00e0 ses h\u00f4tes un service de navette sur demande permettant de rejoindre tous les principaux points d'int\u00e9r\u00eat de Padoue.\",\"breadcrumb\":{\"@id\":\"https:\/\/www.cppadova.com\/fr\/services\/service-de-navette\/#breadcrumb\"},\"inLanguage\":\"fr-FR\",\"potentialAction\":[{\"@type\":\"ReadAction\",\"target\":[\"https:\/\/www.cppadova.com\/fr\/services\/service-de-navette\/\"]}]},{\"@type\":\"BreadcrumbList\",\"@id\":\"https:\/\/www.cppadova.com\/fr\/services\/service-de-navette\/#breadcrumb\",\"itemListElement\":[{\"@type\":\"ListItem\",\"position\":1,\"name\":\"Home\",\"item\":\"https:\/\/www.cppadova.com\/fr\/\"},{\"@type\":\"ListItem\",\"position\":2,\"name\":\"Services\",\"item\":\"https:\/\/www.cppadova.com\/fr\/services\/\"},{\"@type\":\"ListItem\",\"position\":3,\"name\":\"Service de navette\"}]},{\"@type\":\"WebSite\",\"@id\":\"https:\/\/www.cppadova.com\/fr\/#website\",\"url\":\"https:\/\/www.cppadova.com\/fr\/\",\"name\":\"Crowne Plaza Padova\",\"description\":\"Just another ms.decms.eu site\",\"potentialAction\":[{\"@type\":\"SearchAction\",\"target\":{\"@type\":\"EntryPoint\",\"urlTemplate\":\"https:\/\/www.cppadova.com\/fr\/?s={search_term_string}\"},\"query-input\":{\"@type\":\"PropertyValueSpecification\",\"valueRequired\":true,\"valueName\":\"search_term_string\"}}],\"inLanguage\":\"fr-FR\"}]}<\/script>\n<!-- \/ Yoast SEO plugin. -->","yoast_head_json":{"title":"Service navette : transferts en ville | Crowne Plaza Padova","description":"L'h\u00f4tel propose \u00e0 ses h\u00f4tes un service de navette sur demande permettant de rejoindre tous les principaux points d'int\u00e9r\u00eat de Padoue.","robots":{"index":"index","follow":"follow","max-snippet":"max-snippet:-1","max-image-preview":"max-image-preview:large","max-video-preview":"max-video-preview:-1"},"canonical":"https:\/\/www.cppadova.com\/fr\/services\/service-de-navette\/","og_locale":"fr_FR","og_type":"article","og_title":"Service navette : transferts en ville | Crowne Plaza Padova","og_description":"L'h\u00f4tel propose \u00e0 ses h\u00f4tes un service de navette sur demande permettant de rejoindre tous les principaux points d'int\u00e9r\u00eat de Padoue.","og_url":"https:\/\/www.cppadova.com\/fr\/services\/service-de-navette\/","og_site_name":"Crowne Plaza Padova","article_modified_time":"2024-04-22T14:30:52+00:00","og_image":[{"width":2200,"height":1200,"url":"https:\/\/www.cppadova.com\/wp-content\/uploads\/sites\/252\/2021\/08\/crowne_plaza_padova_home_slide_camera.jpg","type":"image\/jpeg"}],"twitter_card":"summary_large_image","schema":{"@context":"https:\/\/schema.org","@graph":[{"@type":"WebPage","@id":"https:\/\/www.cppadova.com\/fr\/services\/service-de-navette\/","url":"https:\/\/www.cppadova.com\/fr\/services\/service-de-navette\/","name":"Service navette : transferts en ville | Crowne Plaza Padova","isPartOf":{"@id":"https:\/\/www.cppadova.com\/fr\/#website"},"datePublished":"2024-04-17T14:16:01+00:00","dateModified":"2024-04-22T14:30:52+00:00","description":"L'h\u00f4tel propose \u00e0 ses h\u00f4tes un service de navette sur demande permettant de rejoindre tous les principaux points d'int\u00e9r\u00eat de Padoue.","breadcrumb":{"@id":"https:\/\/www.cppadova.com\/fr\/services\/service-de-navette\/#breadcrumb"},"inLanguage":"fr-FR","potentialAction":[{"@type":"ReadAction","target":["https:\/\/www.cppadova.com\/fr\/services\/service-de-navette\/"]}]},{"@type":"BreadcrumbList","@id":"https:\/\/www.cppadova.com\/fr\/services\/service-de-navette\/#breadcrumb","itemListElement":[{"@type":"ListItem","position":1,"name":"Home","item":"https:\/\/www.cppadova.com\/fr\/"},{"@type":"ListItem","position":2,"name":"Services","item":"https:\/\/www.cppadova.com\/fr\/services\/"},{"@type":"ListItem","position":3,"name":"Service de navette"}]},{"@type":"WebSite","@id":"https:\/\/www.cppadova.com\/fr\/#website","url":"https:\/\/www.cppadova.com\/fr\/","name":"Crowne Plaza Padova","description":"Just another ms.decms.eu site","potentialAction":[{"@type":"SearchAction","target":{"@type":"EntryPoint","urlTemplate":"https:\/\/www.cppadova.com\/fr\/?s={search_term_string}"},"query-input":{"@type":"PropertyValueSpecification","valueRequired":true,"valueName":"search_term_string"}}],"inLanguage":"fr-FR"}]}},"acf":[],"_links":{"self":[{"href":"https:\/\/www.cppadova.com\/fr\/wp-json\/wp\/v2\/pages\/1218","targetHints":{"allow":["GET"]}}],"collection":[{"href":"https:\/\/www.cppadova.com\/fr\/wp-json\/wp\/v2\/pages"}],"about":[{"href":"https:\/\/www.cppadova.com\/fr\/wp-json\/wp\/v2\/types\/page"}],"author":[{"embeddable":true,"href":"https:\/\/www.cppadova.com\/fr\/wp-json\/wp\/v2\/users\/36"}],"replies":[{"embeddable":true,"href":"https:\/\/www.cppadova.com\/fr\/wp-json\/wp\/v2\/comments?post=1218"}],"version-history":[{"count":0,"href":"https:\/\/www.cppadova.com\/fr\/wp-json\/wp\/v2\/pages\/1218\/revisions"}],"up":[{"embeddable":true,"href":"https:\/\/www.cppadova.com\/fr\/wp-json\/wp\/v2\/pages\/1208"}],"wp:attachment":[{"href":"https:\/\/www.cppadova.com\/fr\/wp-json\/wp\/v2\/media?parent=1218"}],"curies":[{"name":"wp","href":"https:\/\/api.w.org\/{rel}","templated":true}]}}