{"id":1220,"date":"2024-04-17T14:17:07","date_gmt":"2024-04-17T14:17:07","guid":{"rendered":"https:\/\/www.cppadova.com\/?page_id=1220"},"modified":"2025-08-13T15:36:49","modified_gmt":"2025-08-13T15:36:49","slug":"meeting-evenements","status":"publish","type":"page","link":"https:\/\/www.cppadova.com\/fr\/meeting-evenements\/","title":{"rendered":"Meeting &amp; \u00c9v\u00e9nements"},"content":{"rendered":"<p>Vous recherchez le <strong>lieu id\u00e9al pour organiser un \u00e9v\u00e9nement \u00e0 Padoue<\/strong> ? Avec son <strong>Centre de conf\u00e9rence de<\/strong> <strong>1400 m<sup>2<\/sup> <\/strong>compos\u00e9 de 16 salles polyvalentes de diff\u00e9rentes dimensions, l&rsquo;Hotel Crowne Plaza 4 \u00e9toiles est la <strong>solution id\u00e9ale<\/strong> pour accueillir <strong>tout type d&rsquo;\u00e9v\u00e9nement<\/strong>.<\/p>\n<p>Adapt\u00e9s aux meeting de grande envergure, comme \u00e0 des r\u00e9unions plus intimistes, les <strong>espaces sobres et \u00e9l\u00e9gants<\/strong> de notre centre de conf\u00e9rence sont \u00e9galement le cadre id\u00e9al pour organiser <strong>expositions, pr\u00e9sentations de produit, banquets<\/strong>, mais aussi des <strong>sessions de<\/strong> <strong>formations ou des \u00e9v\u00e9nements hybrides<\/strong>.<\/p>\n<h4>Un centre de congr\u00e8s moderne et fonctionnel<\/h4>\n<p>Avec ses diff\u00e9rentes salles, le Centre peut accueillir <strong>des groupes jusqu&rsquo;\u00e0 450 personnes<\/strong> par \u00e9v\u00e9nement, et toutes les salles disposent d&rsquo;une <strong>connexion Wi-Fi rapide<\/strong> et sont \u00e9quip\u00e9es d&rsquo;un mat\u00e9riel High-tech. Qu&rsquo;attendez-vous ? Confiez l&rsquo;organisation de vos \u00e9v\u00e9nements \u00e0 nos \u00e9quipes et d\u00e9couvrez tous nos services d\u00e9di\u00e9s.<\/p>\n","protected":false},"excerpt":{"rendered":"<p>Vous recherchez le lieu id\u00e9al pour organiser un \u00e9v\u00e9nement \u00e0 Padoue ? Avec son Centre de conf\u00e9rence de 1400 m2 compos\u00e9 de 16 salles polyvalentes de diff\u00e9rentes dimensions, l&rsquo;Hotel Crowne Plaza 4 \u00e9toiles est la solution id\u00e9ale pour accueillir tout type d&rsquo;\u00e9v\u00e9nement. Adapt\u00e9s aux meeting de grande envergure, comme \u00e0 des r\u00e9unions plus intimistes, les [&hellip;]<\/p>\n","protected":false},"author":36,"featured_media":0,"parent":0,"menu_order":15,"comment_status":"closed","ping_status":"closed","template":"template-meeting.php","meta":{"footnotes":""},"class_list":["post-1220","page","type-page","status-publish","hentry"],"yoast_head":"<!-- This site is optimized with the Yoast SEO plugin v26.9 - https:\/\/yoast.com\/product\/yoast-seo-wordpress\/ -->\n<title>Meeting &amp; \u00c9v\u00e9nements - Crowne Plaza Padova -<\/title>\n<meta name=\"description\" content=\"Vous recherchez le lieu id\u00e9al pour organiser un \u00e9v\u00e9nement \u00e0 Padoue ? Avec son Centre de conf\u00e9rence de 1400 m2 compos\u00e9 de 16 salles polyvalentes de diff\u00e9rentes dimensions, l&#039;Hotel Crowne Plaza 4 \u00e9toiles est la solution id\u00e9ale pour accueillir tout type d&#039;\u00e9v\u00e9nement.  Adapt\u00e9s aux meeting de grande envergure, comme \u00e0 des r\u00e9unions plus intimistes, les espaces sobres et \u00e9l\u00e9gants de notre centre de conf\u00e9rence sont \u00e9galement le cadre id\u00e9al pour organiser expositions, pr\u00e9sentations de produit, banquets, mais aussi des sessions de formations ou des \u00e9v\u00e9nements hybrides. Un centre de congr\u00e8s moderne et fonctionnel Avec ses diff\u00e9rentes salles, le Centre peut accueillir des groupes jusqu&#039;\u00e0 450 personnes par \u00e9v\u00e9nement, et toutes les salles disposent d&#039;une connexion Wi-Fi rapide et sont \u00e9quip\u00e9es d&#039;un mat\u00e9riel High-tech. Qu&#039;attendez-vous ? Confiez l&#039;organisation de vos \u00e9v\u00e9nements \u00e0 nos \u00e9quipes et d\u00e9couvrez tous nos services d\u00e9di\u00e9s.\" \/>\n<meta name=\"robots\" content=\"index, follow, max-snippet:-1, max-image-preview:large, max-video-preview:-1\" \/>\n<link rel=\"canonical\" href=\"https:\/\/www.cppadova.com\/fr\/meeting-evenements\/\" \/>\n<meta property=\"og:locale\" content=\"fr_FR\" \/>\n<meta property=\"og:type\" content=\"article\" \/>\n<meta property=\"og:title\" content=\"Meeting &amp; \u00c9v\u00e9nements - Crowne Plaza Padova -\" \/>\n<meta property=\"og:description\" content=\"Vous recherchez le lieu id\u00e9al pour organiser un \u00e9v\u00e9nement \u00e0 Padoue ? Avec son Centre de conf\u00e9rence de 1400 m2 compos\u00e9 de 16 salles polyvalentes de diff\u00e9rentes dimensions, l&#039;Hotel Crowne Plaza 4 \u00e9toiles est la solution id\u00e9ale pour accueillir tout type d&#039;\u00e9v\u00e9nement.  Adapt\u00e9s aux meeting de grande envergure, comme \u00e0 des r\u00e9unions plus intimistes, les espaces sobres et \u00e9l\u00e9gants de notre centre de conf\u00e9rence sont \u00e9galement le cadre id\u00e9al pour organiser expositions, pr\u00e9sentations de produit, banquets, mais aussi des sessions de formations ou des \u00e9v\u00e9nements hybrides. Un centre de congr\u00e8s moderne et fonctionnel Avec ses diff\u00e9rentes salles, le Centre peut accueillir des groupes jusqu&#039;\u00e0 450 personnes par \u00e9v\u00e9nement, et toutes les salles disposent d&#039;une connexion Wi-Fi rapide et sont \u00e9quip\u00e9es d&#039;un mat\u00e9riel High-tech. Qu&#039;attendez-vous ? Confiez l&#039;organisation de vos \u00e9v\u00e9nements \u00e0 nos \u00e9quipes et d\u00e9couvrez tous nos services d\u00e9di\u00e9s.\" \/>\n<meta property=\"og:url\" content=\"https:\/\/www.cppadova.com\/fr\/meeting-evenements\/\" \/>\n<meta property=\"og:site_name\" content=\"Crowne Plaza Padova\" \/>\n<meta property=\"article:modified_time\" content=\"2025-08-13T15:36:49+00:00\" \/>\n<meta property=\"og:image\" content=\"https:\/\/www.cppadova.com\/wp-content\/uploads\/sites\/252\/2021\/08\/crowne_plaza_padova_home_slide_camera.jpg\" \/>\n\t<meta property=\"og:image:width\" content=\"2200\" \/>\n\t<meta property=\"og:image:height\" content=\"1200\" \/>\n\t<meta property=\"og:image:type\" content=\"image\/jpeg\" \/>\n<meta name=\"twitter:card\" content=\"summary_large_image\" \/>\n<meta name=\"twitter:label1\" content=\"Dur\u00e9e de lecture estim\u00e9e\" \/>\n\t<meta name=\"twitter:data1\" content=\"1 minute\" \/>\n<script type=\"application\/ld+json\" class=\"yoast-schema-graph\">{\"@context\":\"https:\/\/schema.org\",\"@graph\":[{\"@type\":\"WebPage\",\"@id\":\"https:\/\/www.cppadova.com\/fr\/meeting-evenements\/\",\"url\":\"https:\/\/www.cppadova.com\/fr\/meeting-evenements\/\",\"name\":\"Meeting &amp; \u00c9v\u00e9nements - Crowne Plaza Padova -\",\"isPartOf\":{\"@id\":\"https:\/\/www.cppadova.com\/fr\/#website\"},\"datePublished\":\"2024-04-17T14:17:07+00:00\",\"dateModified\":\"2025-08-13T15:36:49+00:00\",\"description\":\"Vous recherchez le lieu id\u00e9al pour organiser un \u00e9v\u00e9nement \u00e0 Padoue ? Avec son Centre de conf\u00e9rence de 1400 m2 compos\u00e9 de 16 salles polyvalentes de diff\u00e9rentes dimensions, l'Hotel Crowne Plaza 4 \u00e9toiles est la solution id\u00e9ale pour accueillir tout type d'\u00e9v\u00e9nement. Adapt\u00e9s aux meeting de grande envergure, comme \u00e0 des r\u00e9unions plus intimistes, les espaces sobres et \u00e9l\u00e9gants de notre centre de conf\u00e9rence sont \u00e9galement le cadre id\u00e9al pour organiser expositions, pr\u00e9sentations de produit, banquets, mais aussi des sessions de formations ou des \u00e9v\u00e9nements hybrides. Un centre de congr\u00e8s moderne et fonctionnel Avec ses diff\u00e9rentes salles, le Centre peut accueillir des groupes jusqu'\u00e0 450 personnes par \u00e9v\u00e9nement, et toutes les salles disposent d'une connexion Wi-Fi rapide et sont \u00e9quip\u00e9es d'un mat\u00e9riel High-tech. Qu'attendez-vous ? Confiez l'organisation de vos \u00e9v\u00e9nements \u00e0 nos \u00e9quipes et d\u00e9couvrez tous nos services d\u00e9di\u00e9s.\",\"breadcrumb\":{\"@id\":\"https:\/\/www.cppadova.com\/fr\/meeting-evenements\/#breadcrumb\"},\"inLanguage\":\"fr-FR\",\"potentialAction\":[{\"@type\":\"ReadAction\",\"target\":[\"https:\/\/www.cppadova.com\/fr\/meeting-evenements\/\"]}]},{\"@type\":\"BreadcrumbList\",\"@id\":\"https:\/\/www.cppadova.com\/fr\/meeting-evenements\/#breadcrumb\",\"itemListElement\":[{\"@type\":\"ListItem\",\"position\":1,\"name\":\"Home\",\"item\":\"https:\/\/www.cppadova.com\/fr\/\"},{\"@type\":\"ListItem\",\"position\":2,\"name\":\"Meeting &amp; \u00c9v\u00e9nements\"}]},{\"@type\":\"WebSite\",\"@id\":\"https:\/\/www.cppadova.com\/fr\/#website\",\"url\":\"https:\/\/www.cppadova.com\/fr\/\",\"name\":\"Crowne Plaza Padova\",\"description\":\"Just another ms.decms.eu site\",\"potentialAction\":[{\"@type\":\"SearchAction\",\"target\":{\"@type\":\"EntryPoint\",\"urlTemplate\":\"https:\/\/www.cppadova.com\/fr\/?s={search_term_string}\"},\"query-input\":{\"@type\":\"PropertyValueSpecification\",\"valueRequired\":true,\"valueName\":\"search_term_string\"}}],\"inLanguage\":\"fr-FR\"}]}<\/script>\n<!-- \/ Yoast SEO plugin. -->","yoast_head_json":{"title":"Meeting &amp; \u00c9v\u00e9nements - Crowne Plaza Padova -","description":"Vous recherchez le lieu id\u00e9al pour organiser un \u00e9v\u00e9nement \u00e0 Padoue ? Avec son Centre de conf\u00e9rence de 1400 m2 compos\u00e9 de 16 salles polyvalentes de diff\u00e9rentes dimensions, l'Hotel Crowne Plaza 4 \u00e9toiles est la solution id\u00e9ale pour accueillir tout type d'\u00e9v\u00e9nement.  Adapt\u00e9s aux meeting de grande envergure, comme \u00e0 des r\u00e9unions plus intimistes, les espaces sobres et \u00e9l\u00e9gants de notre centre de conf\u00e9rence sont \u00e9galement le cadre id\u00e9al pour organiser expositions, pr\u00e9sentations de produit, banquets, mais aussi des sessions de formations ou des \u00e9v\u00e9nements hybrides. Un centre de congr\u00e8s moderne et fonctionnel Avec ses diff\u00e9rentes salles, le Centre peut accueillir des groupes jusqu'\u00e0 450 personnes par \u00e9v\u00e9nement, et toutes les salles disposent d'une connexion Wi-Fi rapide et sont \u00e9quip\u00e9es d'un mat\u00e9riel High-tech. Qu'attendez-vous ? Confiez l'organisation de vos \u00e9v\u00e9nements \u00e0 nos \u00e9quipes et d\u00e9couvrez tous nos services d\u00e9di\u00e9s.","robots":{"index":"index","follow":"follow","max-snippet":"max-snippet:-1","max-image-preview":"max-image-preview:large","max-video-preview":"max-video-preview:-1"},"canonical":"https:\/\/www.cppadova.com\/fr\/meeting-evenements\/","og_locale":"fr_FR","og_type":"article","og_title":"Meeting &amp; \u00c9v\u00e9nements - Crowne Plaza Padova -","og_description":"Vous recherchez le lieu id\u00e9al pour organiser un \u00e9v\u00e9nement \u00e0 Padoue ? Avec son Centre de conf\u00e9rence de 1400 m2 compos\u00e9 de 16 salles polyvalentes de diff\u00e9rentes dimensions, l'Hotel Crowne Plaza 4 \u00e9toiles est la solution id\u00e9ale pour accueillir tout type d'\u00e9v\u00e9nement.  Adapt\u00e9s aux meeting de grande envergure, comme \u00e0 des r\u00e9unions plus intimistes, les espaces sobres et \u00e9l\u00e9gants de notre centre de conf\u00e9rence sont \u00e9galement le cadre id\u00e9al pour organiser expositions, pr\u00e9sentations de produit, banquets, mais aussi des sessions de formations ou des \u00e9v\u00e9nements hybrides. Un centre de congr\u00e8s moderne et fonctionnel Avec ses diff\u00e9rentes salles, le Centre peut accueillir des groupes jusqu'\u00e0 450 personnes par \u00e9v\u00e9nement, et toutes les salles disposent d'une connexion Wi-Fi rapide et sont \u00e9quip\u00e9es d'un mat\u00e9riel High-tech. Qu'attendez-vous ? Confiez l'organisation de vos \u00e9v\u00e9nements \u00e0 nos \u00e9quipes et d\u00e9couvrez tous nos services d\u00e9di\u00e9s.","og_url":"https:\/\/www.cppadova.com\/fr\/meeting-evenements\/","og_site_name":"Crowne Plaza Padova","article_modified_time":"2025-08-13T15:36:49+00:00","og_image":[{"width":2200,"height":1200,"url":"https:\/\/www.cppadova.com\/wp-content\/uploads\/sites\/252\/2021\/08\/crowne_plaza_padova_home_slide_camera.jpg","type":"image\/jpeg"}],"twitter_card":"summary_large_image","twitter_misc":{"Dur\u00e9e de lecture estim\u00e9e":"1 minute"},"schema":{"@context":"https:\/\/schema.org","@graph":[{"@type":"WebPage","@id":"https:\/\/www.cppadova.com\/fr\/meeting-evenements\/","url":"https:\/\/www.cppadova.com\/fr\/meeting-evenements\/","name":"Meeting &amp; \u00c9v\u00e9nements - Crowne Plaza Padova -","isPartOf":{"@id":"https:\/\/www.cppadova.com\/fr\/#website"},"datePublished":"2024-04-17T14:17:07+00:00","dateModified":"2025-08-13T15:36:49+00:00","description":"Vous recherchez le lieu id\u00e9al pour organiser un \u00e9v\u00e9nement \u00e0 Padoue ? Avec son Centre de conf\u00e9rence de 1400 m2 compos\u00e9 de 16 salles polyvalentes de diff\u00e9rentes dimensions, l'Hotel Crowne Plaza 4 \u00e9toiles est la solution id\u00e9ale pour accueillir tout type d'\u00e9v\u00e9nement. Adapt\u00e9s aux meeting de grande envergure, comme \u00e0 des r\u00e9unions plus intimistes, les espaces sobres et \u00e9l\u00e9gants de notre centre de conf\u00e9rence sont \u00e9galement le cadre id\u00e9al pour organiser expositions, pr\u00e9sentations de produit, banquets, mais aussi des sessions de formations ou des \u00e9v\u00e9nements hybrides. Un centre de congr\u00e8s moderne et fonctionnel Avec ses diff\u00e9rentes salles, le Centre peut accueillir des groupes jusqu'\u00e0 450 personnes par \u00e9v\u00e9nement, et toutes les salles disposent d'une connexion Wi-Fi rapide et sont \u00e9quip\u00e9es d'un mat\u00e9riel High-tech. Qu'attendez-vous ? Confiez l'organisation de vos \u00e9v\u00e9nements \u00e0 nos \u00e9quipes et d\u00e9couvrez tous nos services d\u00e9di\u00e9s.","breadcrumb":{"@id":"https:\/\/www.cppadova.com\/fr\/meeting-evenements\/#breadcrumb"},"inLanguage":"fr-FR","potentialAction":[{"@type":"ReadAction","target":["https:\/\/www.cppadova.com\/fr\/meeting-evenements\/"]}]},{"@type":"BreadcrumbList","@id":"https:\/\/www.cppadova.com\/fr\/meeting-evenements\/#breadcrumb","itemListElement":[{"@type":"ListItem","position":1,"name":"Home","item":"https:\/\/www.cppadova.com\/fr\/"},{"@type":"ListItem","position":2,"name":"Meeting &amp; \u00c9v\u00e9nements"}]},{"@type":"WebSite","@id":"https:\/\/www.cppadova.com\/fr\/#website","url":"https:\/\/www.cppadova.com\/fr\/","name":"Crowne Plaza Padova","description":"Just another ms.decms.eu site","potentialAction":[{"@type":"SearchAction","target":{"@type":"EntryPoint","urlTemplate":"https:\/\/www.cppadova.com\/fr\/?s={search_term_string}"},"query-input":{"@type":"PropertyValueSpecification","valueRequired":true,"valueName":"search_term_string"}}],"inLanguage":"fr-FR"}]}},"acf":[],"_links":{"self":[{"href":"https:\/\/www.cppadova.com\/fr\/wp-json\/wp\/v2\/pages\/1220","targetHints":{"allow":["GET"]}}],"collection":[{"href":"https:\/\/www.cppadova.com\/fr\/wp-json\/wp\/v2\/pages"}],"about":[{"href":"https:\/\/www.cppadova.com\/fr\/wp-json\/wp\/v2\/types\/page"}],"author":[{"embeddable":true,"href":"https:\/\/www.cppadova.com\/fr\/wp-json\/wp\/v2\/users\/36"}],"replies":[{"embeddable":true,"href":"https:\/\/www.cppadova.com\/fr\/wp-json\/wp\/v2\/comments?post=1220"}],"version-history":[{"count":0,"href":"https:\/\/www.cppadova.com\/fr\/wp-json\/wp\/v2\/pages\/1220\/revisions"}],"wp:attachment":[{"href":"https:\/\/www.cppadova.com\/fr\/wp-json\/wp\/v2\/media?parent=1220"}],"curies":[{"name":"wp","href":"https:\/\/api.w.org\/{rel}","templated":true}]}}