{"id":1238,"date":"2024-04-18T12:35:40","date_gmt":"2024-04-18T12:35:40","guid":{"rendered":"https:\/\/www.cppadova.com\/?page_id=1238"},"modified":"2025-08-13T15:42:41","modified_gmt":"2025-08-13T15:42:41","slug":"evenements-prives-et-dentreprise","status":"publish","type":"page","link":"https:\/\/www.cppadova.com\/fr\/meeting-evenements\/evenements-prives-et-dentreprise\/","title":{"rendered":"\u00c9v\u00e9nements priv\u00e9s et d&rsquo;entreprise"},"content":{"rendered":"<p>R\u00e9unions ou f\u00eates d&rsquo;entreprise, anniversaires, f\u00eates de fin d&rsquo;\u00e9tudes, enterrements de vie de gar\u00e7on ou de jeune fille&#8230; Quel que soit l&rsquo;\u00e9v\u00e9nement que vous souhaitez organiser, le <strong>Crowne Plaza Padova<\/strong> vous permet de b\u00e9n\u00e9ficier des<strong> hauts standards de qualit\u00e9 <\/strong>d\u2019un h\u00f4tel 4 \u00e9toiles et de l&rsquo;<strong>assistance d\u00e9di\u00e9e de notre Meeting Director<\/strong>. Une personne \u00e0 votre compl\u00e8te disposition qui vous aidera \u00e0 d\u00e9finir tous les d\u00e9tails pour faire de votre \u00e9v\u00e9nement une r\u00e9ussite m\u00e9morable : DJ, sonorisation et \u00e9clairage, am\u00e9nagements, animation, photographe et bien plus encore.<\/p>\n<p>Contactez-nous sans h\u00e9siter, nous vous fournirons toutes les caract\u00e9ristiques de nos espaces, du <strong>mobilier personnalisable <\/strong>\u00e0 l&rsquo;<strong>\u00e9quipement audiovisuel<\/strong> <strong>High-tech <\/strong>que vous aurez \u00e0 disposition. En outre, vous aurez acc\u00e8s \u00e0 toutes les diverses typologies de chambres de notre h\u00f4tel 4 \u00e9toiles, aux <strong>services de restauration<\/strong> de notre restaurant et bar internes, aux colonnes de recharge <strong>Tesla Supercharger<\/strong>, au grand <strong>parking ext\u00e9rieur <\/strong>et au<strong> garage couvert<\/strong>, tous deux gratuits.<\/p>\n","protected":false},"excerpt":{"rendered":"<p>R\u00e9unions ou f\u00eates d&rsquo;entreprise, anniversaires, f\u00eates de fin d&rsquo;\u00e9tudes, enterrements de vie de gar\u00e7on ou de jeune fille&#8230; Quel que soit l&rsquo;\u00e9v\u00e9nement que vous souhaitez organiser, le Crowne Plaza Padova vous permet de b\u00e9n\u00e9ficier des hauts standards de qualit\u00e9 d\u2019un h\u00f4tel 4 \u00e9toiles et de l&rsquo;assistance d\u00e9di\u00e9e de notre Meeting Director. Une personne \u00e0 votre [&hellip;]<\/p>\n","protected":false},"author":36,"featured_media":0,"parent":1220,"menu_order":6,"comment_status":"closed","ping_status":"closed","template":"template-default-3.php","meta":{"footnotes":""},"class_list":["post-1238","page","type-page","status-publish","hentry"],"yoast_head":"<!-- This site is optimized with the Yoast SEO plugin v26.9 - https:\/\/yoast.com\/product\/yoast-seo-wordpress\/ -->\n<title>\u00c9v\u00e9nements priv\u00e9s &amp; d&#039;entreprise | Crowne Plaza Hotel Padova<\/title>\n<meta name=\"description\" content=\"R\u00e9unions ou f\u00eates d&#039;entreprise, anniversaires, f\u00eates de fin d&#039;\u00e9tudes, enterrements de vie de gar\u00e7on ou de jeune fille... Quel que soit l&#039;\u00e9v\u00e9nement que vous souhaitez organiser, le Crowne Plaza Padova vous permet de b\u00e9n\u00e9ficier des hauts standards de qualit\u00e9 d\u2019un h\u00f4tel 4 \u00e9toiles et de l&#039;assistance d\u00e9di\u00e9e de notre Meeting Director Notre Meeting Director vous aidera \u00e0 d\u00e9finir tous les d\u00e9tails pour faire de votre \u00e9v\u00e9nement un souvenir m\u00e9morable. Contactez-nous sans h\u00e9siter !\" \/>\n<meta name=\"robots\" content=\"index, follow, max-snippet:-1, max-image-preview:large, max-video-preview:-1\" \/>\n<link rel=\"canonical\" href=\"https:\/\/www.cppadova.com\/fr\/meeting-evenements\/evenements-prives-et-dentreprise\/\" \/>\n<meta property=\"og:locale\" content=\"fr_FR\" \/>\n<meta property=\"og:type\" content=\"article\" \/>\n<meta property=\"og:title\" content=\"\u00c9v\u00e9nements priv\u00e9s &amp; d&#039;entreprise | Crowne Plaza Hotel Padova\" \/>\n<meta property=\"og:description\" content=\"R\u00e9unions ou f\u00eates d&#039;entreprise, anniversaires, f\u00eates de fin d&#039;\u00e9tudes, enterrements de vie de gar\u00e7on ou de jeune fille... Quel que soit l&#039;\u00e9v\u00e9nement que vous souhaitez organiser, le Crowne Plaza Padova vous permet de b\u00e9n\u00e9ficier des hauts standards de qualit\u00e9 d\u2019un h\u00f4tel 4 \u00e9toiles et de l&#039;assistance d\u00e9di\u00e9e de notre Meeting Director Notre Meeting Director vous aidera \u00e0 d\u00e9finir tous les d\u00e9tails pour faire de votre \u00e9v\u00e9nement un souvenir m\u00e9morable. Contactez-nous sans h\u00e9siter !\" \/>\n<meta property=\"og:url\" content=\"https:\/\/www.cppadova.com\/fr\/meeting-evenements\/evenements-prives-et-dentreprise\/\" \/>\n<meta property=\"og:site_name\" content=\"Crowne Plaza Padova\" \/>\n<meta property=\"article:modified_time\" content=\"2025-08-13T15:42:41+00:00\" \/>\n<meta property=\"og:image\" content=\"https:\/\/www.cppadova.com\/wp-content\/uploads\/sites\/252\/2021\/08\/crowne_plaza_padova_home_slide_camera.jpg\" \/>\n\t<meta property=\"og:image:width\" content=\"2200\" \/>\n\t<meta property=\"og:image:height\" content=\"1200\" \/>\n\t<meta property=\"og:image:type\" content=\"image\/jpeg\" \/>\n<meta name=\"twitter:card\" content=\"summary_large_image\" \/>\n<meta name=\"twitter:label1\" content=\"Dur\u00e9e de lecture estim\u00e9e\" \/>\n\t<meta name=\"twitter:data1\" content=\"1 minute\" \/>\n<script type=\"application\/ld+json\" class=\"yoast-schema-graph\">{\"@context\":\"https:\/\/schema.org\",\"@graph\":[{\"@type\":\"WebPage\",\"@id\":\"https:\/\/www.cppadova.com\/fr\/meeting-evenements\/evenements-prives-et-dentreprise\/\",\"url\":\"https:\/\/www.cppadova.com\/fr\/meeting-evenements\/evenements-prives-et-dentreprise\/\",\"name\":\"\u00c9v\u00e9nements priv\u00e9s & d'entreprise | Crowne Plaza Hotel Padova\",\"isPartOf\":{\"@id\":\"https:\/\/www.cppadova.com\/fr\/#website\"},\"datePublished\":\"2024-04-18T12:35:40+00:00\",\"dateModified\":\"2025-08-13T15:42:41+00:00\",\"description\":\"R\u00e9unions ou f\u00eates d'entreprise, anniversaires, f\u00eates de fin d'\u00e9tudes, enterrements de vie de gar\u00e7on ou de jeune fille... Quel que soit l'\u00e9v\u00e9nement que vous souhaitez organiser, le Crowne Plaza Padova vous permet de b\u00e9n\u00e9ficier des hauts standards de qualit\u00e9 d\u2019un h\u00f4tel 4 \u00e9toiles et de l'assistance d\u00e9di\u00e9e de notre Meeting Director Notre Meeting Director vous aidera \u00e0 d\u00e9finir tous les d\u00e9tails pour faire de votre \u00e9v\u00e9nement un souvenir m\u00e9morable. Contactez-nous sans h\u00e9siter !\",\"breadcrumb\":{\"@id\":\"https:\/\/www.cppadova.com\/fr\/meeting-evenements\/evenements-prives-et-dentreprise\/#breadcrumb\"},\"inLanguage\":\"fr-FR\",\"potentialAction\":[{\"@type\":\"ReadAction\",\"target\":[\"https:\/\/www.cppadova.com\/fr\/meeting-evenements\/evenements-prives-et-dentreprise\/\"]}]},{\"@type\":\"BreadcrumbList\",\"@id\":\"https:\/\/www.cppadova.com\/fr\/meeting-evenements\/evenements-prives-et-dentreprise\/#breadcrumb\",\"itemListElement\":[{\"@type\":\"ListItem\",\"position\":1,\"name\":\"Home\",\"item\":\"https:\/\/www.cppadova.com\/fr\/\"},{\"@type\":\"ListItem\",\"position\":2,\"name\":\"Meeting &amp; \u00c9v\u00e9nements\",\"item\":\"https:\/\/www.cppadova.com\/fr\/meeting-evenements\/\"},{\"@type\":\"ListItem\",\"position\":3,\"name\":\"\u00c9v\u00e9nements priv\u00e9s et d&#8217;entreprise\"}]},{\"@type\":\"WebSite\",\"@id\":\"https:\/\/www.cppadova.com\/fr\/#website\",\"url\":\"https:\/\/www.cppadova.com\/fr\/\",\"name\":\"Crowne Plaza Padova\",\"description\":\"Just another ms.decms.eu site\",\"potentialAction\":[{\"@type\":\"SearchAction\",\"target\":{\"@type\":\"EntryPoint\",\"urlTemplate\":\"https:\/\/www.cppadova.com\/fr\/?s={search_term_string}\"},\"query-input\":{\"@type\":\"PropertyValueSpecification\",\"valueRequired\":true,\"valueName\":\"search_term_string\"}}],\"inLanguage\":\"fr-FR\"}]}<\/script>\n<!-- \/ Yoast SEO plugin. -->","yoast_head_json":{"title":"\u00c9v\u00e9nements priv\u00e9s & d'entreprise | Crowne Plaza Hotel Padova","description":"R\u00e9unions ou f\u00eates d'entreprise, anniversaires, f\u00eates de fin d'\u00e9tudes, enterrements de vie de gar\u00e7on ou de jeune fille... Quel que soit l'\u00e9v\u00e9nement que vous souhaitez organiser, le Crowne Plaza Padova vous permet de b\u00e9n\u00e9ficier des hauts standards de qualit\u00e9 d\u2019un h\u00f4tel 4 \u00e9toiles et de l'assistance d\u00e9di\u00e9e de notre Meeting Director Notre Meeting Director vous aidera \u00e0 d\u00e9finir tous les d\u00e9tails pour faire de votre \u00e9v\u00e9nement un souvenir m\u00e9morable. Contactez-nous sans h\u00e9siter !","robots":{"index":"index","follow":"follow","max-snippet":"max-snippet:-1","max-image-preview":"max-image-preview:large","max-video-preview":"max-video-preview:-1"},"canonical":"https:\/\/www.cppadova.com\/fr\/meeting-evenements\/evenements-prives-et-dentreprise\/","og_locale":"fr_FR","og_type":"article","og_title":"\u00c9v\u00e9nements priv\u00e9s & d'entreprise | Crowne Plaza Hotel Padova","og_description":"R\u00e9unions ou f\u00eates d'entreprise, anniversaires, f\u00eates de fin d'\u00e9tudes, enterrements de vie de gar\u00e7on ou de jeune fille... Quel que soit l'\u00e9v\u00e9nement que vous souhaitez organiser, le Crowne Plaza Padova vous permet de b\u00e9n\u00e9ficier des hauts standards de qualit\u00e9 d\u2019un h\u00f4tel 4 \u00e9toiles et de l'assistance d\u00e9di\u00e9e de notre Meeting Director Notre Meeting Director vous aidera \u00e0 d\u00e9finir tous les d\u00e9tails pour faire de votre \u00e9v\u00e9nement un souvenir m\u00e9morable. Contactez-nous sans h\u00e9siter !","og_url":"https:\/\/www.cppadova.com\/fr\/meeting-evenements\/evenements-prives-et-dentreprise\/","og_site_name":"Crowne Plaza Padova","article_modified_time":"2025-08-13T15:42:41+00:00","og_image":[{"width":2200,"height":1200,"url":"https:\/\/www.cppadova.com\/wp-content\/uploads\/sites\/252\/2021\/08\/crowne_plaza_padova_home_slide_camera.jpg","type":"image\/jpeg"}],"twitter_card":"summary_large_image","twitter_misc":{"Dur\u00e9e de lecture estim\u00e9e":"1 minute"},"schema":{"@context":"https:\/\/schema.org","@graph":[{"@type":"WebPage","@id":"https:\/\/www.cppadova.com\/fr\/meeting-evenements\/evenements-prives-et-dentreprise\/","url":"https:\/\/www.cppadova.com\/fr\/meeting-evenements\/evenements-prives-et-dentreprise\/","name":"\u00c9v\u00e9nements priv\u00e9s & d'entreprise | Crowne Plaza Hotel Padova","isPartOf":{"@id":"https:\/\/www.cppadova.com\/fr\/#website"},"datePublished":"2024-04-18T12:35:40+00:00","dateModified":"2025-08-13T15:42:41+00:00","description":"R\u00e9unions ou f\u00eates d'entreprise, anniversaires, f\u00eates de fin d'\u00e9tudes, enterrements de vie de gar\u00e7on ou de jeune fille... Quel que soit l'\u00e9v\u00e9nement que vous souhaitez organiser, le Crowne Plaza Padova vous permet de b\u00e9n\u00e9ficier des hauts standards de qualit\u00e9 d\u2019un h\u00f4tel 4 \u00e9toiles et de l'assistance d\u00e9di\u00e9e de notre Meeting Director Notre Meeting Director vous aidera \u00e0 d\u00e9finir tous les d\u00e9tails pour faire de votre \u00e9v\u00e9nement un souvenir m\u00e9morable. Contactez-nous sans h\u00e9siter !","breadcrumb":{"@id":"https:\/\/www.cppadova.com\/fr\/meeting-evenements\/evenements-prives-et-dentreprise\/#breadcrumb"},"inLanguage":"fr-FR","potentialAction":[{"@type":"ReadAction","target":["https:\/\/www.cppadova.com\/fr\/meeting-evenements\/evenements-prives-et-dentreprise\/"]}]},{"@type":"BreadcrumbList","@id":"https:\/\/www.cppadova.com\/fr\/meeting-evenements\/evenements-prives-et-dentreprise\/#breadcrumb","itemListElement":[{"@type":"ListItem","position":1,"name":"Home","item":"https:\/\/www.cppadova.com\/fr\/"},{"@type":"ListItem","position":2,"name":"Meeting &amp; \u00c9v\u00e9nements","item":"https:\/\/www.cppadova.com\/fr\/meeting-evenements\/"},{"@type":"ListItem","position":3,"name":"\u00c9v\u00e9nements priv\u00e9s et d&#8217;entreprise"}]},{"@type":"WebSite","@id":"https:\/\/www.cppadova.com\/fr\/#website","url":"https:\/\/www.cppadova.com\/fr\/","name":"Crowne Plaza Padova","description":"Just another ms.decms.eu site","potentialAction":[{"@type":"SearchAction","target":{"@type":"EntryPoint","urlTemplate":"https:\/\/www.cppadova.com\/fr\/?s={search_term_string}"},"query-input":{"@type":"PropertyValueSpecification","valueRequired":true,"valueName":"search_term_string"}}],"inLanguage":"fr-FR"}]}},"acf":[],"_links":{"self":[{"href":"https:\/\/www.cppadova.com\/fr\/wp-json\/wp\/v2\/pages\/1238","targetHints":{"allow":["GET"]}}],"collection":[{"href":"https:\/\/www.cppadova.com\/fr\/wp-json\/wp\/v2\/pages"}],"about":[{"href":"https:\/\/www.cppadova.com\/fr\/wp-json\/wp\/v2\/types\/page"}],"author":[{"embeddable":true,"href":"https:\/\/www.cppadova.com\/fr\/wp-json\/wp\/v2\/users\/36"}],"replies":[{"embeddable":true,"href":"https:\/\/www.cppadova.com\/fr\/wp-json\/wp\/v2\/comments?post=1238"}],"version-history":[{"count":0,"href":"https:\/\/www.cppadova.com\/fr\/wp-json\/wp\/v2\/pages\/1238\/revisions"}],"up":[{"embeddable":true,"href":"https:\/\/www.cppadova.com\/fr\/wp-json\/wp\/v2\/pages\/1220"}],"wp:attachment":[{"href":"https:\/\/www.cppadova.com\/fr\/wp-json\/wp\/v2\/media?parent=1238"}],"curies":[{"name":"wp","href":"https:\/\/api.w.org\/{rel}","templated":true}]}}