{"id":1244,"date":"2024-04-18T13:03:04","date_gmt":"2024-04-18T13:03:04","guid":{"rendered":"https:\/\/www.cppadova.com\/?page_id=1244"},"modified":"2024-04-22T14:37:04","modified_gmt":"2024-04-22T14:37:04","slug":"programme-de-fidelisation-ihg-rewards-club","status":"publish","type":"page","link":"https:\/\/www.cppadova.com\/fr\/offres-et-formules\/programme-de-fidelisation-ihg-rewards-club\/","title":{"rendered":"Programme de Fid\u00e9lisation IHG\u00ae Rewards Club"},"content":{"rendered":"<p>Le programme IHG\u00ae Rewards Club est notre fa\u00e7on de vous dire \u00ab\u00a0Merci\u00a0\u00bb de votre fid\u00e9lit\u00e9. Le programme vous permet de <strong>gagner des points chaque fois que vous s\u00e9journez<\/strong> aupr\u00e8s de l\u2019un des 5 200 h\u00f4tels ouverts \u00e0 travers le monde (InterContinental\u00ae Hotels &amp; Resorts, HUALUXE\u2122 Hotels and Resorts, Crowne Plaza\u00ae Hotels &amp; Resorts, Hotel Indigo\u00ae, EVEN\u2122 Hotels, Holiday Inn\u00ae Hotels, Holiday Inn Express\u00ae Hotels, Holiday Inn Resort\u00ae, Holiday Inn Club Vacations\u00ae, Staybridge Suites\u00ae, Candlewood Suites\u00ae) et <strong>vous r\u00e9compense avec des prix fantastiques<\/strong>.<\/p>\n<p><strong>Vous n&rsquo;\u00eates pas encore membre du IHG\u00ae Rewards Club ?<\/strong><\/p>\n","protected":false},"excerpt":{"rendered":"<p>Le programme IHG\u00ae Rewards Club est notre fa\u00e7on de vous dire \u00ab\u00a0Merci\u00a0\u00bb de votre fid\u00e9lit\u00e9. Le programme vous permet de gagner des points chaque fois que vous s\u00e9journez aupr\u00e8s de l\u2019un des 5 200 h\u00f4tels ouverts \u00e0 travers le monde (InterContinental\u00ae Hotels &amp; Resorts, HUALUXE\u2122 Hotels and Resorts, Crowne Plaza\u00ae Hotels &amp; Resorts, Hotel Indigo\u00ae, [&hellip;]<\/p>\n","protected":false},"author":36,"featured_media":0,"parent":1240,"menu_order":8,"comment_status":"closed","ping_status":"closed","template":"template-default-2.php","meta":{"footnotes":""},"class_list":["post-1244","page","type-page","status-publish","hentry"],"yoast_head":"<!-- This site is optimized with the Yoast SEO plugin v26.9 - https:\/\/yoast.com\/product\/yoast-seo-wordpress\/ -->\n<title>Programme Fid\u00e9lit\u00e9 IHG\u00ae One Rewards | Crowne Plaza Padova<\/title>\n<meta name=\"description\" content=\"Le programme de fid\u00e9lisation vous permet de gagner des points chaque fois que vous s\u00e9journez dans nos h\u00f4tels, et vous r\u00e9compense avec des prix exclusifs. En savoir plus !\" \/>\n<meta name=\"robots\" content=\"index, follow, max-snippet:-1, max-image-preview:large, max-video-preview:-1\" \/>\n<link rel=\"canonical\" href=\"https:\/\/www.cppadova.com\/fr\/offres-et-formules\/programme-de-fidelisation-ihg-rewards-club\/\" \/>\n<meta property=\"og:locale\" content=\"fr_FR\" \/>\n<meta property=\"og:type\" content=\"article\" \/>\n<meta property=\"og:title\" content=\"Programme Fid\u00e9lit\u00e9 IHG\u00ae One Rewards | Crowne Plaza Padova\" \/>\n<meta property=\"og:description\" content=\"Le programme de fid\u00e9lisation vous permet de gagner des points chaque fois que vous s\u00e9journez dans nos h\u00f4tels, et vous r\u00e9compense avec des prix exclusifs. En savoir plus !\" \/>\n<meta property=\"og:url\" content=\"https:\/\/www.cppadova.com\/fr\/offres-et-formules\/programme-de-fidelisation-ihg-rewards-club\/\" \/>\n<meta property=\"og:site_name\" content=\"Crowne Plaza Padova\" \/>\n<meta property=\"article:modified_time\" content=\"2024-04-22T14:37:04+00:00\" \/>\n<meta property=\"og:image\" content=\"https:\/\/www.cppadova.com\/wp-content\/uploads\/sites\/252\/2021\/08\/crowne_plaza_padova_home_slide_camera.jpg\" \/>\n\t<meta property=\"og:image:width\" content=\"2200\" \/>\n\t<meta property=\"og:image:height\" content=\"1200\" \/>\n\t<meta property=\"og:image:type\" content=\"image\/jpeg\" \/>\n<meta name=\"twitter:card\" content=\"summary_large_image\" \/>\n<script type=\"application\/ld+json\" class=\"yoast-schema-graph\">{\"@context\":\"https:\/\/schema.org\",\"@graph\":[{\"@type\":\"WebPage\",\"@id\":\"https:\/\/www.cppadova.com\/fr\/offres-et-formules\/programme-de-fidelisation-ihg-rewards-club\/\",\"url\":\"https:\/\/www.cppadova.com\/fr\/offres-et-formules\/programme-de-fidelisation-ihg-rewards-club\/\",\"name\":\"Programme Fid\u00e9lit\u00e9 IHG\u00ae One Rewards | Crowne Plaza Padova\",\"isPartOf\":{\"@id\":\"https:\/\/www.cppadova.com\/fr\/#website\"},\"datePublished\":\"2024-04-18T13:03:04+00:00\",\"dateModified\":\"2024-04-22T14:37:04+00:00\",\"description\":\"Le programme de fid\u00e9lisation vous permet de gagner des points chaque fois que vous s\u00e9journez dans nos h\u00f4tels, et vous r\u00e9compense avec des prix exclusifs. En savoir plus !\",\"breadcrumb\":{\"@id\":\"https:\/\/www.cppadova.com\/fr\/offres-et-formules\/programme-de-fidelisation-ihg-rewards-club\/#breadcrumb\"},\"inLanguage\":\"fr-FR\",\"potentialAction\":[{\"@type\":\"ReadAction\",\"target\":[\"https:\/\/www.cppadova.com\/fr\/offres-et-formules\/programme-de-fidelisation-ihg-rewards-club\/\"]}]},{\"@type\":\"BreadcrumbList\",\"@id\":\"https:\/\/www.cppadova.com\/fr\/offres-et-formules\/programme-de-fidelisation-ihg-rewards-club\/#breadcrumb\",\"itemListElement\":[{\"@type\":\"ListItem\",\"position\":1,\"name\":\"Home\",\"item\":\"https:\/\/www.cppadova.com\/fr\/\"},{\"@type\":\"ListItem\",\"position\":2,\"name\":\"Offres et Formules\",\"item\":\"https:\/\/www.cppadova.com\/fr\/offres-et-formules\/\"},{\"@type\":\"ListItem\",\"position\":3,\"name\":\"Programme de Fid\u00e9lisation IHG\u00ae Rewards Club\"}]},{\"@type\":\"WebSite\",\"@id\":\"https:\/\/www.cppadova.com\/fr\/#website\",\"url\":\"https:\/\/www.cppadova.com\/fr\/\",\"name\":\"Crowne Plaza Padova\",\"description\":\"Just another ms.decms.eu site\",\"potentialAction\":[{\"@type\":\"SearchAction\",\"target\":{\"@type\":\"EntryPoint\",\"urlTemplate\":\"https:\/\/www.cppadova.com\/fr\/?s={search_term_string}\"},\"query-input\":{\"@type\":\"PropertyValueSpecification\",\"valueRequired\":true,\"valueName\":\"search_term_string\"}}],\"inLanguage\":\"fr-FR\"}]}<\/script>\n<!-- \/ Yoast SEO plugin. -->","yoast_head_json":{"title":"Programme Fid\u00e9lit\u00e9 IHG\u00ae One Rewards | Crowne Plaza Padova","description":"Le programme de fid\u00e9lisation vous permet de gagner des points chaque fois que vous s\u00e9journez dans nos h\u00f4tels, et vous r\u00e9compense avec des prix exclusifs. En savoir plus !","robots":{"index":"index","follow":"follow","max-snippet":"max-snippet:-1","max-image-preview":"max-image-preview:large","max-video-preview":"max-video-preview:-1"},"canonical":"https:\/\/www.cppadova.com\/fr\/offres-et-formules\/programme-de-fidelisation-ihg-rewards-club\/","og_locale":"fr_FR","og_type":"article","og_title":"Programme Fid\u00e9lit\u00e9 IHG\u00ae One Rewards | Crowne Plaza Padova","og_description":"Le programme de fid\u00e9lisation vous permet de gagner des points chaque fois que vous s\u00e9journez dans nos h\u00f4tels, et vous r\u00e9compense avec des prix exclusifs. En savoir plus !","og_url":"https:\/\/www.cppadova.com\/fr\/offres-et-formules\/programme-de-fidelisation-ihg-rewards-club\/","og_site_name":"Crowne Plaza Padova","article_modified_time":"2024-04-22T14:37:04+00:00","og_image":[{"width":2200,"height":1200,"url":"https:\/\/www.cppadova.com\/wp-content\/uploads\/sites\/252\/2021\/08\/crowne_plaza_padova_home_slide_camera.jpg","type":"image\/jpeg"}],"twitter_card":"summary_large_image","schema":{"@context":"https:\/\/schema.org","@graph":[{"@type":"WebPage","@id":"https:\/\/www.cppadova.com\/fr\/offres-et-formules\/programme-de-fidelisation-ihg-rewards-club\/","url":"https:\/\/www.cppadova.com\/fr\/offres-et-formules\/programme-de-fidelisation-ihg-rewards-club\/","name":"Programme Fid\u00e9lit\u00e9 IHG\u00ae One Rewards | Crowne Plaza Padova","isPartOf":{"@id":"https:\/\/www.cppadova.com\/fr\/#website"},"datePublished":"2024-04-18T13:03:04+00:00","dateModified":"2024-04-22T14:37:04+00:00","description":"Le programme de fid\u00e9lisation vous permet de gagner des points chaque fois que vous s\u00e9journez dans nos h\u00f4tels, et vous r\u00e9compense avec des prix exclusifs. En savoir plus !","breadcrumb":{"@id":"https:\/\/www.cppadova.com\/fr\/offres-et-formules\/programme-de-fidelisation-ihg-rewards-club\/#breadcrumb"},"inLanguage":"fr-FR","potentialAction":[{"@type":"ReadAction","target":["https:\/\/www.cppadova.com\/fr\/offres-et-formules\/programme-de-fidelisation-ihg-rewards-club\/"]}]},{"@type":"BreadcrumbList","@id":"https:\/\/www.cppadova.com\/fr\/offres-et-formules\/programme-de-fidelisation-ihg-rewards-club\/#breadcrumb","itemListElement":[{"@type":"ListItem","position":1,"name":"Home","item":"https:\/\/www.cppadova.com\/fr\/"},{"@type":"ListItem","position":2,"name":"Offres et Formules","item":"https:\/\/www.cppadova.com\/fr\/offres-et-formules\/"},{"@type":"ListItem","position":3,"name":"Programme de Fid\u00e9lisation IHG\u00ae Rewards Club"}]},{"@type":"WebSite","@id":"https:\/\/www.cppadova.com\/fr\/#website","url":"https:\/\/www.cppadova.com\/fr\/","name":"Crowne Plaza Padova","description":"Just another ms.decms.eu site","potentialAction":[{"@type":"SearchAction","target":{"@type":"EntryPoint","urlTemplate":"https:\/\/www.cppadova.com\/fr\/?s={search_term_string}"},"query-input":{"@type":"PropertyValueSpecification","valueRequired":true,"valueName":"search_term_string"}}],"inLanguage":"fr-FR"}]}},"acf":[],"_links":{"self":[{"href":"https:\/\/www.cppadova.com\/fr\/wp-json\/wp\/v2\/pages\/1244","targetHints":{"allow":["GET"]}}],"collection":[{"href":"https:\/\/www.cppadova.com\/fr\/wp-json\/wp\/v2\/pages"}],"about":[{"href":"https:\/\/www.cppadova.com\/fr\/wp-json\/wp\/v2\/types\/page"}],"author":[{"embeddable":true,"href":"https:\/\/www.cppadova.com\/fr\/wp-json\/wp\/v2\/users\/36"}],"replies":[{"embeddable":true,"href":"https:\/\/www.cppadova.com\/fr\/wp-json\/wp\/v2\/comments?post=1244"}],"version-history":[{"count":0,"href":"https:\/\/www.cppadova.com\/fr\/wp-json\/wp\/v2\/pages\/1244\/revisions"}],"up":[{"embeddable":true,"href":"https:\/\/www.cppadova.com\/fr\/wp-json\/wp\/v2\/pages\/1240"}],"wp:attachment":[{"href":"https:\/\/www.cppadova.com\/fr\/wp-json\/wp\/v2\/media?parent=1244"}],"curies":[{"name":"wp","href":"https:\/\/api.w.org\/{rel}","templated":true}]}}