{"id":1251,"date":"2024-04-18T13:56:15","date_gmt":"2024-04-18T13:56:15","guid":{"rendered":"https:\/\/www.cppadova.com\/?page_id=1251"},"modified":"2024-06-12T14:34:32","modified_gmt":"2024-06-12T14:34:32","slug":"offre-stay-longer-pay-less","status":"publish","type":"page","link":"https:\/\/www.cppadova.com\/fr\/offres-et-formules\/offre-stay-longer-pay-less\/","title":{"rendered":"Offre Stay Longer Pay Less"},"content":{"rendered":"<p>Vous souhaitez d\u00e9couvrir toute, mais vraiment toute la beaut\u00e9 extraordinaire de Padoue et profiter des activit\u00e9s que la ville a \u00e0 vous offrir ? Restez un peu plus longtemps au Crowne Plaza Padova : avec notre <strong>offre Long S\u00e9jour et petit-d\u00e9jeuner<\/strong>, plus vous restez, plus vous \u00e9conomisez !<\/p>\n<p>Pr\u00e9parez-vous \u00e0 passer des vacances inoubliables \u00e0 Padoue en couple, entre amis ou en famille. Notre <strong>moderne<\/strong> <strong>h\u00f4tel 4 \u00e9toiles<\/strong> vous attend : choisissez parmi nos <strong>diverses typologies de chambres<\/strong> celle qui vous convient le mieux, sirotez un spritz rafra\u00eechissant au <strong>bar Il Pedrocchino<\/strong> et d\u00e9couvrez les saveurs de la cuisine v\u00e9nitienne au <strong>restaurant AQuattro<\/strong>. Vous voyagez avec des <strong>enfants<\/strong> ? Pour eux, en cadeau, une <strong>Puppy Box<\/strong> sp\u00e9ciale avec des jeux et des activit\u00e9s, le tout \u00e0 colorier !<\/p>\n<p>En outre, s\u00e9journer au Crowne Plaza Padova vous permet de profiter de tous les services de notre moderne h\u00f4tel 4 \u00e9toiles : <strong>salle de fitness<\/strong> avec appareils Technogym, <strong>colonnes de recharge Tesla Supercharger<\/strong>, vaste <strong>parking ext\u00e9rieur et garage<\/strong> couvert avec vid\u00e9osurveillance. D\u00e9p\u00eachez-vous, l&rsquo;offre Long S\u00e9jour vous permet d&rsquo;<strong>\u00e9conomiser un minimum de 20 %<\/strong> par rapport \u00e0 notre meilleur tarif !<\/p>\n","protected":false},"excerpt":{"rendered":"<p>Vous souhaitez d\u00e9couvrir toute, mais vraiment toute la beaut\u00e9 extraordinaire de Padoue et profiter des activit\u00e9s que la ville a \u00e0 vous offrir ? Restez un peu plus longtemps au Crowne Plaza Padova : avec notre offre Long S\u00e9jour et petit-d\u00e9jeuner, plus vous restez, plus vous \u00e9conomisez ! Pr\u00e9parez-vous \u00e0 passer des vacances inoubliables \u00e0 [&hellip;]<\/p>\n","protected":false},"author":36,"featured_media":0,"parent":1240,"menu_order":6,"comment_status":"closed","ping_status":"closed","template":"template-default-2.php","meta":{"footnotes":""},"class_list":["post-1251","page","type-page","status-publish","hentry"],"yoast_head":"<!-- This site is optimized with the Yoast SEO plugin v26.9 - https:\/\/yoast.com\/product\/yoast-seo-wordpress\/ -->\n<title>Offre Stay Longer Pay Less | Crowne Plaza Padova<\/title>\n<meta name=\"description\" content=\"Avec notre offre Long s\u00e9jour avec petit-d\u00e9jeuner, plus vous restez, plus vous \u00e9conomisez ! Profitez-en pour passer des vacances inoubliables \u00e0 Padoue.\" \/>\n<meta name=\"robots\" content=\"index, follow, max-snippet:-1, max-image-preview:large, max-video-preview:-1\" \/>\n<link rel=\"canonical\" href=\"https:\/\/www.cppadova.com\/fr\/offres-et-formules\/offre-stay-longer-pay-less\/\" \/>\n<meta property=\"og:locale\" content=\"fr_FR\" \/>\n<meta property=\"og:type\" content=\"article\" \/>\n<meta property=\"og:title\" content=\"Offre Stay Longer Pay Less | Crowne Plaza Padova\" \/>\n<meta property=\"og:description\" content=\"Avec notre offre Long s\u00e9jour avec petit-d\u00e9jeuner, plus vous restez, plus vous \u00e9conomisez ! Profitez-en pour passer des vacances inoubliables \u00e0 Padoue.\" \/>\n<meta property=\"og:url\" content=\"https:\/\/www.cppadova.com\/fr\/offres-et-formules\/offre-stay-longer-pay-less\/\" \/>\n<meta property=\"og:site_name\" content=\"Crowne Plaza Padova\" \/>\n<meta property=\"article:modified_time\" content=\"2024-06-12T14:34:32+00:00\" \/>\n<meta property=\"og:image\" content=\"https:\/\/www.cppadova.com\/wp-content\/uploads\/sites\/252\/2021\/08\/crowne_plaza_padova_home_slide_camera.jpg\" \/>\n\t<meta property=\"og:image:width\" content=\"2200\" \/>\n\t<meta property=\"og:image:height\" content=\"1200\" \/>\n\t<meta property=\"og:image:type\" content=\"image\/jpeg\" \/>\n<meta name=\"twitter:card\" content=\"summary_large_image\" \/>\n<meta name=\"twitter:label1\" content=\"Dur\u00e9e de lecture estim\u00e9e\" \/>\n\t<meta name=\"twitter:data1\" content=\"1 minute\" \/>\n<script type=\"application\/ld+json\" class=\"yoast-schema-graph\">{\"@context\":\"https:\/\/schema.org\",\"@graph\":[{\"@type\":\"WebPage\",\"@id\":\"https:\/\/www.cppadova.com\/fr\/offres-et-formules\/offre-stay-longer-pay-less\/\",\"url\":\"https:\/\/www.cppadova.com\/fr\/offres-et-formules\/offre-stay-longer-pay-less\/\",\"name\":\"Offre Stay Longer Pay Less | Crowne Plaza Padova\",\"isPartOf\":{\"@id\":\"https:\/\/www.cppadova.com\/fr\/#website\"},\"datePublished\":\"2024-04-18T13:56:15+00:00\",\"dateModified\":\"2024-06-12T14:34:32+00:00\",\"description\":\"Avec notre offre Long s\u00e9jour avec petit-d\u00e9jeuner, plus vous restez, plus vous \u00e9conomisez ! Profitez-en pour passer des vacances inoubliables \u00e0 Padoue.\",\"breadcrumb\":{\"@id\":\"https:\/\/www.cppadova.com\/fr\/offres-et-formules\/offre-stay-longer-pay-less\/#breadcrumb\"},\"inLanguage\":\"fr-FR\",\"potentialAction\":[{\"@type\":\"ReadAction\",\"target\":[\"https:\/\/www.cppadova.com\/fr\/offres-et-formules\/offre-stay-longer-pay-less\/\"]}]},{\"@type\":\"BreadcrumbList\",\"@id\":\"https:\/\/www.cppadova.com\/fr\/offres-et-formules\/offre-stay-longer-pay-less\/#breadcrumb\",\"itemListElement\":[{\"@type\":\"ListItem\",\"position\":1,\"name\":\"Home\",\"item\":\"https:\/\/www.cppadova.com\/fr\/\"},{\"@type\":\"ListItem\",\"position\":2,\"name\":\"Offres et Formules\",\"item\":\"https:\/\/www.cppadova.com\/fr\/offres-et-formules\/\"},{\"@type\":\"ListItem\",\"position\":3,\"name\":\"Offre Stay Longer Pay Less\"}]},{\"@type\":\"WebSite\",\"@id\":\"https:\/\/www.cppadova.com\/fr\/#website\",\"url\":\"https:\/\/www.cppadova.com\/fr\/\",\"name\":\"Crowne Plaza Padova\",\"description\":\"Just another ms.decms.eu site\",\"potentialAction\":[{\"@type\":\"SearchAction\",\"target\":{\"@type\":\"EntryPoint\",\"urlTemplate\":\"https:\/\/www.cppadova.com\/fr\/?s={search_term_string}\"},\"query-input\":{\"@type\":\"PropertyValueSpecification\",\"valueRequired\":true,\"valueName\":\"search_term_string\"}}],\"inLanguage\":\"fr-FR\"}]}<\/script>\n<!-- \/ Yoast SEO plugin. -->","yoast_head_json":{"title":"Offre Stay Longer Pay Less | Crowne Plaza Padova","description":"Avec notre offre Long s\u00e9jour avec petit-d\u00e9jeuner, plus vous restez, plus vous \u00e9conomisez ! Profitez-en pour passer des vacances inoubliables \u00e0 Padoue.","robots":{"index":"index","follow":"follow","max-snippet":"max-snippet:-1","max-image-preview":"max-image-preview:large","max-video-preview":"max-video-preview:-1"},"canonical":"https:\/\/www.cppadova.com\/fr\/offres-et-formules\/offre-stay-longer-pay-less\/","og_locale":"fr_FR","og_type":"article","og_title":"Offre Stay Longer Pay Less | Crowne Plaza Padova","og_description":"Avec notre offre Long s\u00e9jour avec petit-d\u00e9jeuner, plus vous restez, plus vous \u00e9conomisez ! Profitez-en pour passer des vacances inoubliables \u00e0 Padoue.","og_url":"https:\/\/www.cppadova.com\/fr\/offres-et-formules\/offre-stay-longer-pay-less\/","og_site_name":"Crowne Plaza Padova","article_modified_time":"2024-06-12T14:34:32+00:00","og_image":[{"width":2200,"height":1200,"url":"https:\/\/www.cppadova.com\/wp-content\/uploads\/sites\/252\/2021\/08\/crowne_plaza_padova_home_slide_camera.jpg","type":"image\/jpeg"}],"twitter_card":"summary_large_image","twitter_misc":{"Dur\u00e9e de lecture estim\u00e9e":"1 minute"},"schema":{"@context":"https:\/\/schema.org","@graph":[{"@type":"WebPage","@id":"https:\/\/www.cppadova.com\/fr\/offres-et-formules\/offre-stay-longer-pay-less\/","url":"https:\/\/www.cppadova.com\/fr\/offres-et-formules\/offre-stay-longer-pay-less\/","name":"Offre Stay Longer Pay Less | Crowne Plaza Padova","isPartOf":{"@id":"https:\/\/www.cppadova.com\/fr\/#website"},"datePublished":"2024-04-18T13:56:15+00:00","dateModified":"2024-06-12T14:34:32+00:00","description":"Avec notre offre Long s\u00e9jour avec petit-d\u00e9jeuner, plus vous restez, plus vous \u00e9conomisez ! Profitez-en pour passer des vacances inoubliables \u00e0 Padoue.","breadcrumb":{"@id":"https:\/\/www.cppadova.com\/fr\/offres-et-formules\/offre-stay-longer-pay-less\/#breadcrumb"},"inLanguage":"fr-FR","potentialAction":[{"@type":"ReadAction","target":["https:\/\/www.cppadova.com\/fr\/offres-et-formules\/offre-stay-longer-pay-less\/"]}]},{"@type":"BreadcrumbList","@id":"https:\/\/www.cppadova.com\/fr\/offres-et-formules\/offre-stay-longer-pay-less\/#breadcrumb","itemListElement":[{"@type":"ListItem","position":1,"name":"Home","item":"https:\/\/www.cppadova.com\/fr\/"},{"@type":"ListItem","position":2,"name":"Offres et Formules","item":"https:\/\/www.cppadova.com\/fr\/offres-et-formules\/"},{"@type":"ListItem","position":3,"name":"Offre Stay Longer Pay Less"}]},{"@type":"WebSite","@id":"https:\/\/www.cppadova.com\/fr\/#website","url":"https:\/\/www.cppadova.com\/fr\/","name":"Crowne Plaza Padova","description":"Just another ms.decms.eu site","potentialAction":[{"@type":"SearchAction","target":{"@type":"EntryPoint","urlTemplate":"https:\/\/www.cppadova.com\/fr\/?s={search_term_string}"},"query-input":{"@type":"PropertyValueSpecification","valueRequired":true,"valueName":"search_term_string"}}],"inLanguage":"fr-FR"}]}},"acf":[],"_links":{"self":[{"href":"https:\/\/www.cppadova.com\/fr\/wp-json\/wp\/v2\/pages\/1251","targetHints":{"allow":["GET"]}}],"collection":[{"href":"https:\/\/www.cppadova.com\/fr\/wp-json\/wp\/v2\/pages"}],"about":[{"href":"https:\/\/www.cppadova.com\/fr\/wp-json\/wp\/v2\/types\/page"}],"author":[{"embeddable":true,"href":"https:\/\/www.cppadova.com\/fr\/wp-json\/wp\/v2\/users\/36"}],"replies":[{"embeddable":true,"href":"https:\/\/www.cppadova.com\/fr\/wp-json\/wp\/v2\/comments?post=1251"}],"version-history":[{"count":0,"href":"https:\/\/www.cppadova.com\/fr\/wp-json\/wp\/v2\/pages\/1251\/revisions"}],"up":[{"embeddable":true,"href":"https:\/\/www.cppadova.com\/fr\/wp-json\/wp\/v2\/pages\/1240"}],"wp:attachment":[{"href":"https:\/\/www.cppadova.com\/fr\/wp-json\/wp\/v2\/media?parent=1251"}],"curies":[{"name":"wp","href":"https:\/\/api.w.org\/{rel}","templated":true}]}}