{"id":1255,"date":"2024-04-18T14:00:12","date_gmt":"2024-04-18T14:00:12","guid":{"rendered":"https:\/\/www.cppadova.com\/?page_id=1255"},"modified":"2026-03-26T11:42:46","modified_gmt":"2026-03-26T11:42:46","slug":"formule-diner-et-petit-dejeuner","status":"publish","type":"page","link":"https:\/\/www.cppadova.com\/fr\/offres-et-formules\/formule-diner-et-petit-dejeuner\/","title":{"rendered":"Formule D\u00eener et petit-d\u00e9jeuner"},"content":{"rendered":"<p>Vous cherchez un <strong>h\u00f4tel avec restaurant <\/strong>pour votre prochain s\u00e9jour \u00e0 Padoue ? Que vous soyez en voyage d&rsquo;affaires ou d&rsquo;agr\u00e9ment, choisissez le <strong>Crowne Plaza Padova<\/strong>, <strong>moderne<\/strong> <strong>h\u00f4tel 4 \u00e9toiles<\/strong> vous propose une<strong> Formule D\u00eener et petit-d\u00e9jeuner <\/strong>pour vous faire passer un s\u00e9jour inoubliable !<\/p>\n<p>Le matin, faites le plein d\u2019\u00e9nergie avec un <strong>riche petit-d\u00e9jeuner sucr\u00e9 et sal\u00e9 <\/strong>inclus et, le soir, d\u00e9couvrez les saveurs de la cuisine v\u00e9nitienne avec un <strong>d\u00e9licieux d\u00eener inclus dans<\/strong> notre <strong>restaurant interne AQuattro<\/strong>. Vous voyagez avec des <strong>enfants<\/strong> ? Pour eux, en cadeau, une <strong>Puppy Box<\/strong> sp\u00e9ciale avec des jeux et des activit\u00e9s, le tout \u00e0 colorier !<\/p>\n<p>Pour votre prochain s\u00e9jour \u00e0 Padoue, optez pour les services exclusifs du Crowne Plaza Padova, <strong>moderne<\/strong> <strong>h\u00f4tel 4 \u00e9toiles<\/strong> situ\u00e9 en position strat\u00e9gique, \u00e0 <strong>proximit\u00e9 de l&rsquo;autoroute<\/strong> et du p\u00e9riph\u00e9rique, et offrant un <strong>acc\u00e8s facilit\u00e9 au<\/strong> <strong>centre-ville<\/strong>. Optez pour notre structure et passez un s\u00e9jour tout confort : <strong>TV LCD avec cha\u00eenes Sky<\/strong>, plateau de courtoisie avec th\u00e9 et caf\u00e9 et <strong>connexion Wi-Fi<\/strong> rapide avec fibre optique dans les chambres. En outre, vous acc\u00e9derez gratuitement \u00e0 notre <strong>salle de fitness <\/strong>\u00e9quip\u00e9e d\u2019appareils Technogym, \u00e0 notre grand <strong>parking ext\u00e9rieur et \u00e0 notre garage<\/strong> couvert avec vid\u00e9osurveillance.<\/p>\n","protected":false},"excerpt":{"rendered":"<p>Vous cherchez un h\u00f4tel avec restaurant pour votre prochain s\u00e9jour \u00e0 Padoue ? Que vous soyez en voyage d&rsquo;affaires ou d&rsquo;agr\u00e9ment, choisissez le Crowne Plaza Padova, moderne h\u00f4tel 4 \u00e9toiles vous propose une Formule D\u00eener et petit-d\u00e9jeuner pour vous faire passer un s\u00e9jour inoubliable ! Le matin, faites le plein d\u2019\u00e9nergie avec un riche petit-d\u00e9jeuner [&hellip;]<\/p>\n","protected":false},"author":36,"featured_media":0,"parent":1240,"menu_order":4,"comment_status":"closed","ping_status":"closed","template":"template-default-2.php","meta":{"footnotes":""},"class_list":["post-1255","page","type-page","status-publish","hentry"],"yoast_head":"<!-- This site is optimized with the Yoast SEO plugin v26.9 - https:\/\/yoast.com\/product\/yoast-seo-wordpress\/ -->\n<title>D\u00eener et petit-d\u00e9jeuner | Crowne Plaza Hotel Padova<\/title>\n<meta name=\"description\" content=\"L&#039;Hotel Crowne Plaza de Padoue dispose d&#039;un bar et d&#039;un restaurant : profitez d\u2019un riche petit-d\u00e9jeuner et d\u2019un d\u00e9licieux d\u00eener inclus. Venez nous rendre visite !\" \/>\n<meta name=\"robots\" content=\"index, follow, max-snippet:-1, max-image-preview:large, max-video-preview:-1\" \/>\n<link rel=\"canonical\" href=\"https:\/\/www.cppadova.com\/fr\/offres-et-formules\/formule-diner-et-petit-dejeuner\/\" \/>\n<meta property=\"og:locale\" content=\"fr_FR\" \/>\n<meta property=\"og:type\" content=\"article\" \/>\n<meta property=\"og:title\" content=\"D\u00eener et petit-d\u00e9jeuner | Crowne Plaza Hotel Padova\" \/>\n<meta property=\"og:description\" content=\"L&#039;Hotel Crowne Plaza de Padoue dispose d&#039;un bar et d&#039;un restaurant : profitez d\u2019un riche petit-d\u00e9jeuner et d\u2019un d\u00e9licieux d\u00eener inclus. Venez nous rendre visite !\" \/>\n<meta property=\"og:url\" content=\"https:\/\/www.cppadova.com\/fr\/offres-et-formules\/formule-diner-et-petit-dejeuner\/\" \/>\n<meta property=\"og:site_name\" content=\"Crowne Plaza Padova\" \/>\n<meta property=\"article:modified_time\" content=\"2026-03-26T11:42:46+00:00\" \/>\n<meta property=\"og:image\" content=\"https:\/\/www.cppadova.com\/wp-content\/uploads\/sites\/252\/2021\/08\/crowne_plaza_padova_home_slide_camera.jpg\" \/>\n\t<meta property=\"og:image:width\" content=\"2200\" \/>\n\t<meta property=\"og:image:height\" content=\"1200\" \/>\n\t<meta property=\"og:image:type\" content=\"image\/jpeg\" \/>\n<meta name=\"twitter:card\" content=\"summary_large_image\" \/>\n<meta name=\"twitter:label1\" content=\"Dur\u00e9e de lecture estim\u00e9e\" \/>\n\t<meta name=\"twitter:data1\" content=\"1 minute\" \/>\n<script type=\"application\/ld+json\" class=\"yoast-schema-graph\">{\"@context\":\"https:\/\/schema.org\",\"@graph\":[{\"@type\":\"WebPage\",\"@id\":\"https:\/\/www.cppadova.com\/fr\/offres-et-formules\/formule-diner-et-petit-dejeuner\/\",\"url\":\"https:\/\/www.cppadova.com\/fr\/offres-et-formules\/formule-diner-et-petit-dejeuner\/\",\"name\":\"D\u00eener et petit-d\u00e9jeuner | Crowne Plaza Hotel Padova\",\"isPartOf\":{\"@id\":\"https:\/\/www.cppadova.com\/fr\/#website\"},\"datePublished\":\"2024-04-18T14:00:12+00:00\",\"dateModified\":\"2026-03-26T11:42:46+00:00\",\"description\":\"L'Hotel Crowne Plaza de Padoue dispose d'un bar et d'un restaurant : profitez d\u2019un riche petit-d\u00e9jeuner et d\u2019un d\u00e9licieux d\u00eener inclus. Venez nous rendre visite !\",\"breadcrumb\":{\"@id\":\"https:\/\/www.cppadova.com\/fr\/offres-et-formules\/formule-diner-et-petit-dejeuner\/#breadcrumb\"},\"inLanguage\":\"fr-FR\",\"potentialAction\":[{\"@type\":\"ReadAction\",\"target\":[\"https:\/\/www.cppadova.com\/fr\/offres-et-formules\/formule-diner-et-petit-dejeuner\/\"]}]},{\"@type\":\"BreadcrumbList\",\"@id\":\"https:\/\/www.cppadova.com\/fr\/offres-et-formules\/formule-diner-et-petit-dejeuner\/#breadcrumb\",\"itemListElement\":[{\"@type\":\"ListItem\",\"position\":1,\"name\":\"Home\",\"item\":\"https:\/\/www.cppadova.com\/fr\/\"},{\"@type\":\"ListItem\",\"position\":2,\"name\":\"Offres et Formules\",\"item\":\"https:\/\/www.cppadova.com\/fr\/offres-et-formules\/\"},{\"@type\":\"ListItem\",\"position\":3,\"name\":\"Formule D\u00eener et petit-d\u00e9jeuner\"}]},{\"@type\":\"WebSite\",\"@id\":\"https:\/\/www.cppadova.com\/fr\/#website\",\"url\":\"https:\/\/www.cppadova.com\/fr\/\",\"name\":\"Crowne Plaza Padova\",\"description\":\"Just another ms.decms.eu site\",\"potentialAction\":[{\"@type\":\"SearchAction\",\"target\":{\"@type\":\"EntryPoint\",\"urlTemplate\":\"https:\/\/www.cppadova.com\/fr\/?s={search_term_string}\"},\"query-input\":{\"@type\":\"PropertyValueSpecification\",\"valueRequired\":true,\"valueName\":\"search_term_string\"}}],\"inLanguage\":\"fr-FR\"}]}<\/script>\n<!-- \/ Yoast SEO plugin. -->","yoast_head_json":{"title":"D\u00eener et petit-d\u00e9jeuner | Crowne Plaza Hotel Padova","description":"L'Hotel Crowne Plaza de Padoue dispose d'un bar et d'un restaurant : profitez d\u2019un riche petit-d\u00e9jeuner et d\u2019un d\u00e9licieux d\u00eener inclus. Venez nous rendre visite !","robots":{"index":"index","follow":"follow","max-snippet":"max-snippet:-1","max-image-preview":"max-image-preview:large","max-video-preview":"max-video-preview:-1"},"canonical":"https:\/\/www.cppadova.com\/fr\/offres-et-formules\/formule-diner-et-petit-dejeuner\/","og_locale":"fr_FR","og_type":"article","og_title":"D\u00eener et petit-d\u00e9jeuner | Crowne Plaza Hotel Padova","og_description":"L'Hotel Crowne Plaza de Padoue dispose d'un bar et d'un restaurant : profitez d\u2019un riche petit-d\u00e9jeuner et d\u2019un d\u00e9licieux d\u00eener inclus. Venez nous rendre visite !","og_url":"https:\/\/www.cppadova.com\/fr\/offres-et-formules\/formule-diner-et-petit-dejeuner\/","og_site_name":"Crowne Plaza Padova","article_modified_time":"2026-03-26T11:42:46+00:00","og_image":[{"width":2200,"height":1200,"url":"https:\/\/www.cppadova.com\/wp-content\/uploads\/sites\/252\/2021\/08\/crowne_plaza_padova_home_slide_camera.jpg","type":"image\/jpeg"}],"twitter_card":"summary_large_image","twitter_misc":{"Dur\u00e9e de lecture estim\u00e9e":"1 minute"},"schema":{"@context":"https:\/\/schema.org","@graph":[{"@type":"WebPage","@id":"https:\/\/www.cppadova.com\/fr\/offres-et-formules\/formule-diner-et-petit-dejeuner\/","url":"https:\/\/www.cppadova.com\/fr\/offres-et-formules\/formule-diner-et-petit-dejeuner\/","name":"D\u00eener et petit-d\u00e9jeuner | Crowne Plaza Hotel Padova","isPartOf":{"@id":"https:\/\/www.cppadova.com\/fr\/#website"},"datePublished":"2024-04-18T14:00:12+00:00","dateModified":"2026-03-26T11:42:46+00:00","description":"L'Hotel Crowne Plaza de Padoue dispose d'un bar et d'un restaurant : profitez d\u2019un riche petit-d\u00e9jeuner et d\u2019un d\u00e9licieux d\u00eener inclus. Venez nous rendre visite !","breadcrumb":{"@id":"https:\/\/www.cppadova.com\/fr\/offres-et-formules\/formule-diner-et-petit-dejeuner\/#breadcrumb"},"inLanguage":"fr-FR","potentialAction":[{"@type":"ReadAction","target":["https:\/\/www.cppadova.com\/fr\/offres-et-formules\/formule-diner-et-petit-dejeuner\/"]}]},{"@type":"BreadcrumbList","@id":"https:\/\/www.cppadova.com\/fr\/offres-et-formules\/formule-diner-et-petit-dejeuner\/#breadcrumb","itemListElement":[{"@type":"ListItem","position":1,"name":"Home","item":"https:\/\/www.cppadova.com\/fr\/"},{"@type":"ListItem","position":2,"name":"Offres et Formules","item":"https:\/\/www.cppadova.com\/fr\/offres-et-formules\/"},{"@type":"ListItem","position":3,"name":"Formule D\u00eener et petit-d\u00e9jeuner"}]},{"@type":"WebSite","@id":"https:\/\/www.cppadova.com\/fr\/#website","url":"https:\/\/www.cppadova.com\/fr\/","name":"Crowne Plaza Padova","description":"Just another ms.decms.eu site","potentialAction":[{"@type":"SearchAction","target":{"@type":"EntryPoint","urlTemplate":"https:\/\/www.cppadova.com\/fr\/?s={search_term_string}"},"query-input":{"@type":"PropertyValueSpecification","valueRequired":true,"valueName":"search_term_string"}}],"inLanguage":"fr-FR"}]}},"acf":[],"_links":{"self":[{"href":"https:\/\/www.cppadova.com\/fr\/wp-json\/wp\/v2\/pages\/1255","targetHints":{"allow":["GET"]}}],"collection":[{"href":"https:\/\/www.cppadova.com\/fr\/wp-json\/wp\/v2\/pages"}],"about":[{"href":"https:\/\/www.cppadova.com\/fr\/wp-json\/wp\/v2\/types\/page"}],"author":[{"embeddable":true,"href":"https:\/\/www.cppadova.com\/fr\/wp-json\/wp\/v2\/users\/36"}],"replies":[{"embeddable":true,"href":"https:\/\/www.cppadova.com\/fr\/wp-json\/wp\/v2\/comments?post=1255"}],"version-history":[{"count":0,"href":"https:\/\/www.cppadova.com\/fr\/wp-json\/wp\/v2\/pages\/1255\/revisions"}],"up":[{"embeddable":true,"href":"https:\/\/www.cppadova.com\/fr\/wp-json\/wp\/v2\/pages\/1240"}],"wp:attachment":[{"href":"https:\/\/www.cppadova.com\/fr\/wp-json\/wp\/v2\/media?parent=1255"}],"curies":[{"name":"wp","href":"https:\/\/api.w.org\/{rel}","templated":true}]}}