{"id":1261,"date":"2024-04-18T14:07:21","date_gmt":"2024-04-18T14:07:21","guid":{"rendered":"https:\/\/www.cppadova.com\/?page_id=1261"},"modified":"2025-12-23T07:52:44","modified_gmt":"2025-12-23T07:52:44","slug":"formule-concerts-et-spectacles","status":"publish","type":"page","link":"https:\/\/www.cppadova.com\/fr\/offres-et-formules\/formule-concerts-et-spectacles\/","title":{"rendered":"Formule Concerts et spectacles"},"content":{"rendered":"<p>La <strong>tourn\u00e9e de votre artiste pr\u00e9f\u00e9r\u00e9<\/strong> passe \u00e0 <strong>Padoue<\/strong> ou vous souhaitez assister \u00e0 un spectacle en ville ? Si vous cherchez un h\u00f4tel \u00e0 Padoue, proche des principaux sites o\u00f9 sont organis\u00e9s concerts et spectacles, optez pour l&rsquo;<strong>Hotel 4 \u00e9toiles Crowne Plaza Padova<\/strong>, vous pourrez rejoindre facilement le <strong>Gran Teatro Geox<\/strong>, la <strong>KIOENE Arena<\/strong>, le <strong>stade Euganeo<\/strong> et le <strong>Sherwood Festival.<\/strong><\/p>\n<p>Choisissez notre moderne h\u00f4tel 4 \u00e9toiles \u00e0 Padoue pour vivre une <strong>exp\u00e9rience unique<\/strong> avec l\u2019exclusive <strong>Formule Concerts et Spectacles<\/strong>. Vous profiterez de nombreux avantages exclusifs : un <strong>drink de bienvenue<\/strong>, un riche <strong>petit-d\u00e9jeuner<\/strong> sucr\u00e9 et sal\u00e9, un <strong>d\u00e9part diff\u00e9r\u00e9<\/strong> \u00e0 14 h pour reprendre la route sans vous presser, un <strong>parking<\/strong> ou un <strong>garage<\/strong> et une <strong>r\u00e9duction de 10 % sur les services F&amp;B<\/strong> dans notre bar et notre restaurant. De plus, choisir notre formule vous permet \u00e9galement de b\u00e9n\u00e9ficier d\u2019une grande flexibilit\u00e9, gr\u00e2ce \u00e0 l&rsquo;<strong>annulation gratuite<\/strong> jusqu&rsquo;\u00e0 <strong>7 jours<\/strong> avant la date d&rsquo;arriv\u00e9e.<\/p>\n<p>Qu&rsquo;attendez-vous ? Cliquez sur \u00ab\u00a0R\u00e9servez maintenant\u00a0\u00bb et notez bien : l&rsquo;offre peut \u00eatre r\u00e9serv\u00e9e 7 jours \u00e0 l&rsquo;avance, s\u00e9lectionnez la formule \u00ab\u00a0Concerts et spectacles\u00a0\u00bb, pr\u00e9sentez votre billet lors de l&rsquo;enregistrement et pr\u00e9parez-vous \u00e0 chanter \u00e0 tue-t\u00eate !<\/p>\n","protected":false},"excerpt":{"rendered":"<p>La tourn\u00e9e de votre artiste pr\u00e9f\u00e9r\u00e9 passe \u00e0 Padoue ou vous souhaitez assister \u00e0 un spectacle en ville ? Si vous cherchez un h\u00f4tel \u00e0 Padoue, proche des principaux sites o\u00f9 sont organis\u00e9s concerts et spectacles, optez pour l&rsquo;Hotel 4 \u00e9toiles Crowne Plaza Padova, vous pourrez rejoindre facilement le Gran Teatro Geox, la KIOENE Arena, [&hellip;]<\/p>\n","protected":false},"author":36,"featured_media":0,"parent":1240,"menu_order":2,"comment_status":"closed","ping_status":"closed","template":"template-default-2.php","meta":{"footnotes":""},"class_list":["post-1261","page","type-page","status-publish","hentry"],"yoast_head":"<!-- This site is optimized with the Yoast SEO plugin v26.9 - https:\/\/yoast.com\/product\/yoast-seo-wordpress\/ -->\n<title>Formule Concerts et Spectacles \u00e0 Padoue | Crowne Plaza Padova<\/title>\n<meta name=\"description\" content=\"Besoin d&#039;un h\u00f4tel pour assister \u00e0 un concert ou \u00e0 un spectacle ? Optez pour la formule du Crowne Plaza Padova avec ap\u00e9ritif, petit-d\u00e9jeuner, d\u00e9part diff\u00e9r\u00e9, parking !\" \/>\n<meta name=\"robots\" content=\"index, follow, max-snippet:-1, max-image-preview:large, max-video-preview:-1\" \/>\n<link rel=\"canonical\" href=\"https:\/\/www.cppadova.com\/fr\/offres-et-formules\/formule-concerts-et-spectacles\/\" \/>\n<meta property=\"og:locale\" content=\"fr_FR\" \/>\n<meta property=\"og:type\" content=\"article\" \/>\n<meta property=\"og:title\" content=\"Formule Concerts et Spectacles \u00e0 Padoue | Crowne Plaza Padova\" \/>\n<meta property=\"og:description\" content=\"Besoin d&#039;un h\u00f4tel pour assister \u00e0 un concert ou \u00e0 un spectacle ? Optez pour la formule du Crowne Plaza Padova avec ap\u00e9ritif, petit-d\u00e9jeuner, d\u00e9part diff\u00e9r\u00e9, parking !\" \/>\n<meta property=\"og:url\" content=\"https:\/\/www.cppadova.com\/fr\/offres-et-formules\/formule-concerts-et-spectacles\/\" \/>\n<meta property=\"og:site_name\" content=\"Crowne Plaza Padova\" \/>\n<meta property=\"article:modified_time\" content=\"2025-12-23T07:52:44+00:00\" \/>\n<meta property=\"og:image\" content=\"https:\/\/www.cppadova.com\/wp-content\/uploads\/sites\/252\/2021\/08\/crowne_plaza_padova_home_slide_camera.jpg\" \/>\n\t<meta property=\"og:image:width\" content=\"2200\" \/>\n\t<meta property=\"og:image:height\" content=\"1200\" \/>\n\t<meta property=\"og:image:type\" content=\"image\/jpeg\" \/>\n<meta name=\"twitter:card\" content=\"summary_large_image\" \/>\n<meta name=\"twitter:label1\" content=\"Dur\u00e9e de lecture estim\u00e9e\" \/>\n\t<meta name=\"twitter:data1\" content=\"1 minute\" \/>\n<script type=\"application\/ld+json\" class=\"yoast-schema-graph\">{\"@context\":\"https:\/\/schema.org\",\"@graph\":[{\"@type\":\"WebPage\",\"@id\":\"https:\/\/www.cppadova.com\/fr\/offres-et-formules\/formule-concerts-et-spectacles\/\",\"url\":\"https:\/\/www.cppadova.com\/fr\/offres-et-formules\/formule-concerts-et-spectacles\/\",\"name\":\"Formule Concerts et Spectacles \u00e0 Padoue | Crowne Plaza Padova\",\"isPartOf\":{\"@id\":\"https:\/\/www.cppadova.com\/fr\/#website\"},\"datePublished\":\"2024-04-18T14:07:21+00:00\",\"dateModified\":\"2025-12-23T07:52:44+00:00\",\"description\":\"Besoin d'un h\u00f4tel pour assister \u00e0 un concert ou \u00e0 un spectacle ? Optez pour la formule du Crowne Plaza Padova avec ap\u00e9ritif, petit-d\u00e9jeuner, d\u00e9part diff\u00e9r\u00e9, parking !\",\"breadcrumb\":{\"@id\":\"https:\/\/www.cppadova.com\/fr\/offres-et-formules\/formule-concerts-et-spectacles\/#breadcrumb\"},\"inLanguage\":\"fr-FR\",\"potentialAction\":[{\"@type\":\"ReadAction\",\"target\":[\"https:\/\/www.cppadova.com\/fr\/offres-et-formules\/formule-concerts-et-spectacles\/\"]}]},{\"@type\":\"BreadcrumbList\",\"@id\":\"https:\/\/www.cppadova.com\/fr\/offres-et-formules\/formule-concerts-et-spectacles\/#breadcrumb\",\"itemListElement\":[{\"@type\":\"ListItem\",\"position\":1,\"name\":\"Home\",\"item\":\"https:\/\/www.cppadova.com\/fr\/\"},{\"@type\":\"ListItem\",\"position\":2,\"name\":\"Offres et Formules\",\"item\":\"https:\/\/www.cppadova.com\/fr\/offres-et-formules\/\"},{\"@type\":\"ListItem\",\"position\":3,\"name\":\"Formule Concerts et spectacles\"}]},{\"@type\":\"WebSite\",\"@id\":\"https:\/\/www.cppadova.com\/fr\/#website\",\"url\":\"https:\/\/www.cppadova.com\/fr\/\",\"name\":\"Crowne Plaza Padova\",\"description\":\"Just another ms.decms.eu site\",\"potentialAction\":[{\"@type\":\"SearchAction\",\"target\":{\"@type\":\"EntryPoint\",\"urlTemplate\":\"https:\/\/www.cppadova.com\/fr\/?s={search_term_string}\"},\"query-input\":{\"@type\":\"PropertyValueSpecification\",\"valueRequired\":true,\"valueName\":\"search_term_string\"}}],\"inLanguage\":\"fr-FR\"}]}<\/script>\n<!-- \/ Yoast SEO plugin. -->","yoast_head_json":{"title":"Formule Concerts et Spectacles \u00e0 Padoue | Crowne Plaza Padova","description":"Besoin d'un h\u00f4tel pour assister \u00e0 un concert ou \u00e0 un spectacle ? Optez pour la formule du Crowne Plaza Padova avec ap\u00e9ritif, petit-d\u00e9jeuner, d\u00e9part diff\u00e9r\u00e9, parking !","robots":{"index":"index","follow":"follow","max-snippet":"max-snippet:-1","max-image-preview":"max-image-preview:large","max-video-preview":"max-video-preview:-1"},"canonical":"https:\/\/www.cppadova.com\/fr\/offres-et-formules\/formule-concerts-et-spectacles\/","og_locale":"fr_FR","og_type":"article","og_title":"Formule Concerts et Spectacles \u00e0 Padoue | Crowne Plaza Padova","og_description":"Besoin d'un h\u00f4tel pour assister \u00e0 un concert ou \u00e0 un spectacle ? Optez pour la formule du Crowne Plaza Padova avec ap\u00e9ritif, petit-d\u00e9jeuner, d\u00e9part diff\u00e9r\u00e9, parking !","og_url":"https:\/\/www.cppadova.com\/fr\/offres-et-formules\/formule-concerts-et-spectacles\/","og_site_name":"Crowne Plaza Padova","article_modified_time":"2025-12-23T07:52:44+00:00","og_image":[{"width":2200,"height":1200,"url":"https:\/\/www.cppadova.com\/wp-content\/uploads\/sites\/252\/2021\/08\/crowne_plaza_padova_home_slide_camera.jpg","type":"image\/jpeg"}],"twitter_card":"summary_large_image","twitter_misc":{"Dur\u00e9e de lecture estim\u00e9e":"1 minute"},"schema":{"@context":"https:\/\/schema.org","@graph":[{"@type":"WebPage","@id":"https:\/\/www.cppadova.com\/fr\/offres-et-formules\/formule-concerts-et-spectacles\/","url":"https:\/\/www.cppadova.com\/fr\/offres-et-formules\/formule-concerts-et-spectacles\/","name":"Formule Concerts et Spectacles \u00e0 Padoue | Crowne Plaza Padova","isPartOf":{"@id":"https:\/\/www.cppadova.com\/fr\/#website"},"datePublished":"2024-04-18T14:07:21+00:00","dateModified":"2025-12-23T07:52:44+00:00","description":"Besoin d'un h\u00f4tel pour assister \u00e0 un concert ou \u00e0 un spectacle ? Optez pour la formule du Crowne Plaza Padova avec ap\u00e9ritif, petit-d\u00e9jeuner, d\u00e9part diff\u00e9r\u00e9, parking !","breadcrumb":{"@id":"https:\/\/www.cppadova.com\/fr\/offres-et-formules\/formule-concerts-et-spectacles\/#breadcrumb"},"inLanguage":"fr-FR","potentialAction":[{"@type":"ReadAction","target":["https:\/\/www.cppadova.com\/fr\/offres-et-formules\/formule-concerts-et-spectacles\/"]}]},{"@type":"BreadcrumbList","@id":"https:\/\/www.cppadova.com\/fr\/offres-et-formules\/formule-concerts-et-spectacles\/#breadcrumb","itemListElement":[{"@type":"ListItem","position":1,"name":"Home","item":"https:\/\/www.cppadova.com\/fr\/"},{"@type":"ListItem","position":2,"name":"Offres et Formules","item":"https:\/\/www.cppadova.com\/fr\/offres-et-formules\/"},{"@type":"ListItem","position":3,"name":"Formule Concerts et spectacles"}]},{"@type":"WebSite","@id":"https:\/\/www.cppadova.com\/fr\/#website","url":"https:\/\/www.cppadova.com\/fr\/","name":"Crowne Plaza Padova","description":"Just another ms.decms.eu site","potentialAction":[{"@type":"SearchAction","target":{"@type":"EntryPoint","urlTemplate":"https:\/\/www.cppadova.com\/fr\/?s={search_term_string}"},"query-input":{"@type":"PropertyValueSpecification","valueRequired":true,"valueName":"search_term_string"}}],"inLanguage":"fr-FR"}]}},"acf":[],"_links":{"self":[{"href":"https:\/\/www.cppadova.com\/fr\/wp-json\/wp\/v2\/pages\/1261","targetHints":{"allow":["GET"]}}],"collection":[{"href":"https:\/\/www.cppadova.com\/fr\/wp-json\/wp\/v2\/pages"}],"about":[{"href":"https:\/\/www.cppadova.com\/fr\/wp-json\/wp\/v2\/types\/page"}],"author":[{"embeddable":true,"href":"https:\/\/www.cppadova.com\/fr\/wp-json\/wp\/v2\/users\/36"}],"replies":[{"embeddable":true,"href":"https:\/\/www.cppadova.com\/fr\/wp-json\/wp\/v2\/comments?post=1261"}],"version-history":[{"count":0,"href":"https:\/\/www.cppadova.com\/fr\/wp-json\/wp\/v2\/pages\/1261\/revisions"}],"up":[{"embeddable":true,"href":"https:\/\/www.cppadova.com\/fr\/wp-json\/wp\/v2\/pages\/1240"}],"wp:attachment":[{"href":"https:\/\/www.cppadova.com\/fr\/wp-json\/wp\/v2\/media?parent=1261"}],"curies":[{"name":"wp","href":"https:\/\/api.w.org\/{rel}","templated":true}]}}