{"id":1265,"date":"2024-04-18T14:14:47","date_gmt":"2024-04-18T14:14:47","guid":{"rendered":"https:\/\/www.cppadova.com\/?page_id=1265"},"modified":"2024-05-07T14:03:59","modified_gmt":"2024-05-07T14:03:59","slug":"formule-business","status":"publish","type":"page","link":"https:\/\/www.cppadova.com\/fr\/offres-et-formules\/formule-business\/","title":{"rendered":"Formule Business"},"content":{"rendered":"<p>Con\u00e7u pour r\u00e9pondre aux besoins des voyageurs d&rsquo;affaires, la <strong>Formule Business<\/strong> de l&rsquo;Hotel Crowne Plaza Padova comprend de nombreux services afin de <strong>rendre votre s\u00e9jour agr\u00e9able et relaxant.<\/strong><\/p>\n<p><strong>Petit-d\u00e9jeuner<\/strong>, <strong>drink de Bienvenue<\/strong>, <strong>annulation gratuite<\/strong> jusqu&rsquo;\u00e0 la veille de l&rsquo;arriv\u00e9e ne sont que quelques-uns des avantages con\u00e7us sp\u00e9cialement pour nos h\u00f4tes business. Un <strong>emplacement strat\u00e9gique<\/strong>, voil\u00e0 ce qui fait du <strong>Crowne Plaza Padova<\/strong> le choix parfait pour votre prochain s\u00e9jour : notre <strong>moderne h\u00f4tel 4 \u00e9toiles<\/strong> est situ\u00e9 \u00e0 <strong>proximit\u00e9 de l&rsquo;autoroute<\/strong> et du p\u00e9riph\u00e9rique, tout en \u00e9tant id\u00e9alement reli\u00e9 au centre-ville et \u00e0 la gare.<\/p>\n<p>En choisissant notre h\u00f4tel, vous profiterez \u00e9galement de nombreux services exclusifs : <strong>restaurant<\/strong> <strong>et bar internes,<\/strong> <strong>grand parking ext\u00e9rieur et garage couvert<\/strong> avec vid\u00e9osurveillance, et <strong>salle de fitness<\/strong> \u00e9quip\u00e9e d\u2019appareils Technogym.<\/p>\n","protected":false},"excerpt":{"rendered":"<p>Con\u00e7u pour r\u00e9pondre aux besoins des voyageurs d&rsquo;affaires, la Formule Business de l&rsquo;Hotel Crowne Plaza Padova comprend de nombreux services afin de rendre votre s\u00e9jour agr\u00e9able et relaxant. Petit-d\u00e9jeuner, drink de Bienvenue, annulation gratuite jusqu&rsquo;\u00e0 la veille de l&rsquo;arriv\u00e9e ne sont que quelques-uns des avantages con\u00e7us sp\u00e9cialement pour nos h\u00f4tes business. Un emplacement strat\u00e9gique, voil\u00e0 [&hellip;]<\/p>\n","protected":false},"author":36,"featured_media":0,"parent":1240,"menu_order":3,"comment_status":"closed","ping_status":"closed","template":"template-default-2.php","meta":{"footnotes":""},"class_list":["post-1265","page","type-page","status-publish","hentry"],"yoast_head":"<!-- This site is optimized with the Yoast SEO plugin v26.9 - https:\/\/yoast.com\/product\/yoast-seo-wordpress\/ -->\n<title>Formule Business : prestations exclusives | Crowne Plaza Padova<\/title>\n<meta name=\"description\" content=\"Vous \u00eates souvent en d\u00e9placement ? Notre h\u00f4tel vous propose de nombreux avantages et services con\u00e7us pour les voyageurs d\u2019affaires. D\u00e9couvrez notre Formule Business !\" \/>\n<meta name=\"robots\" content=\"index, follow, max-snippet:-1, max-image-preview:large, max-video-preview:-1\" \/>\n<link rel=\"canonical\" href=\"https:\/\/www.cppadova.com\/fr\/offres-et-formules\/formule-business\/\" \/>\n<meta property=\"og:locale\" content=\"fr_FR\" \/>\n<meta property=\"og:type\" content=\"article\" \/>\n<meta property=\"og:title\" content=\"Formule Business : prestations exclusives | Crowne Plaza Padova\" \/>\n<meta property=\"og:description\" content=\"Vous \u00eates souvent en d\u00e9placement ? Notre h\u00f4tel vous propose de nombreux avantages et services con\u00e7us pour les voyageurs d\u2019affaires. D\u00e9couvrez notre Formule Business !\" \/>\n<meta property=\"og:url\" content=\"https:\/\/www.cppadova.com\/fr\/offres-et-formules\/formule-business\/\" \/>\n<meta property=\"og:site_name\" content=\"Crowne Plaza Padova\" \/>\n<meta property=\"article:modified_time\" content=\"2024-05-07T14:03:59+00:00\" \/>\n<meta property=\"og:image\" content=\"https:\/\/www.cppadova.com\/wp-content\/uploads\/sites\/252\/2021\/08\/crowne_plaza_padova_home_slide_camera.jpg\" \/>\n\t<meta property=\"og:image:width\" content=\"2200\" \/>\n\t<meta property=\"og:image:height\" content=\"1200\" \/>\n\t<meta property=\"og:image:type\" content=\"image\/jpeg\" \/>\n<meta name=\"twitter:card\" content=\"summary_large_image\" \/>\n<meta name=\"twitter:label1\" content=\"Dur\u00e9e de lecture estim\u00e9e\" \/>\n\t<meta name=\"twitter:data1\" content=\"1 minute\" \/>\n<script type=\"application\/ld+json\" class=\"yoast-schema-graph\">{\"@context\":\"https:\/\/schema.org\",\"@graph\":[{\"@type\":\"WebPage\",\"@id\":\"https:\/\/www.cppadova.com\/fr\/offres-et-formules\/formule-business\/\",\"url\":\"https:\/\/www.cppadova.com\/fr\/offres-et-formules\/formule-business\/\",\"name\":\"Formule Business : prestations exclusives | Crowne Plaza Padova\",\"isPartOf\":{\"@id\":\"https:\/\/www.cppadova.com\/fr\/#website\"},\"datePublished\":\"2024-04-18T14:14:47+00:00\",\"dateModified\":\"2024-05-07T14:03:59+00:00\",\"description\":\"Vous \u00eates souvent en d\u00e9placement ? Notre h\u00f4tel vous propose de nombreux avantages et services con\u00e7us pour les voyageurs d\u2019affaires. D\u00e9couvrez notre Formule Business !\",\"breadcrumb\":{\"@id\":\"https:\/\/www.cppadova.com\/fr\/offres-et-formules\/formule-business\/#breadcrumb\"},\"inLanguage\":\"fr-FR\",\"potentialAction\":[{\"@type\":\"ReadAction\",\"target\":[\"https:\/\/www.cppadova.com\/fr\/offres-et-formules\/formule-business\/\"]}]},{\"@type\":\"BreadcrumbList\",\"@id\":\"https:\/\/www.cppadova.com\/fr\/offres-et-formules\/formule-business\/#breadcrumb\",\"itemListElement\":[{\"@type\":\"ListItem\",\"position\":1,\"name\":\"Home\",\"item\":\"https:\/\/www.cppadova.com\/fr\/\"},{\"@type\":\"ListItem\",\"position\":2,\"name\":\"Offres et Formules\",\"item\":\"https:\/\/www.cppadova.com\/fr\/offres-et-formules\/\"},{\"@type\":\"ListItem\",\"position\":3,\"name\":\"Formule Business\"}]},{\"@type\":\"WebSite\",\"@id\":\"https:\/\/www.cppadova.com\/fr\/#website\",\"url\":\"https:\/\/www.cppadova.com\/fr\/\",\"name\":\"Crowne Plaza Padova\",\"description\":\"Just another ms.decms.eu site\",\"potentialAction\":[{\"@type\":\"SearchAction\",\"target\":{\"@type\":\"EntryPoint\",\"urlTemplate\":\"https:\/\/www.cppadova.com\/fr\/?s={search_term_string}\"},\"query-input\":{\"@type\":\"PropertyValueSpecification\",\"valueRequired\":true,\"valueName\":\"search_term_string\"}}],\"inLanguage\":\"fr-FR\"}]}<\/script>\n<!-- \/ Yoast SEO plugin. -->","yoast_head_json":{"title":"Formule Business : prestations exclusives | Crowne Plaza Padova","description":"Vous \u00eates souvent en d\u00e9placement ? Notre h\u00f4tel vous propose de nombreux avantages et services con\u00e7us pour les voyageurs d\u2019affaires. D\u00e9couvrez notre Formule Business !","robots":{"index":"index","follow":"follow","max-snippet":"max-snippet:-1","max-image-preview":"max-image-preview:large","max-video-preview":"max-video-preview:-1"},"canonical":"https:\/\/www.cppadova.com\/fr\/offres-et-formules\/formule-business\/","og_locale":"fr_FR","og_type":"article","og_title":"Formule Business : prestations exclusives | Crowne Plaza Padova","og_description":"Vous \u00eates souvent en d\u00e9placement ? Notre h\u00f4tel vous propose de nombreux avantages et services con\u00e7us pour les voyageurs d\u2019affaires. D\u00e9couvrez notre Formule Business !","og_url":"https:\/\/www.cppadova.com\/fr\/offres-et-formules\/formule-business\/","og_site_name":"Crowne Plaza Padova","article_modified_time":"2024-05-07T14:03:59+00:00","og_image":[{"width":2200,"height":1200,"url":"https:\/\/www.cppadova.com\/wp-content\/uploads\/sites\/252\/2021\/08\/crowne_plaza_padova_home_slide_camera.jpg","type":"image\/jpeg"}],"twitter_card":"summary_large_image","twitter_misc":{"Dur\u00e9e de lecture estim\u00e9e":"1 minute"},"schema":{"@context":"https:\/\/schema.org","@graph":[{"@type":"WebPage","@id":"https:\/\/www.cppadova.com\/fr\/offres-et-formules\/formule-business\/","url":"https:\/\/www.cppadova.com\/fr\/offres-et-formules\/formule-business\/","name":"Formule Business : prestations exclusives | Crowne Plaza Padova","isPartOf":{"@id":"https:\/\/www.cppadova.com\/fr\/#website"},"datePublished":"2024-04-18T14:14:47+00:00","dateModified":"2024-05-07T14:03:59+00:00","description":"Vous \u00eates souvent en d\u00e9placement ? Notre h\u00f4tel vous propose de nombreux avantages et services con\u00e7us pour les voyageurs d\u2019affaires. D\u00e9couvrez notre Formule Business !","breadcrumb":{"@id":"https:\/\/www.cppadova.com\/fr\/offres-et-formules\/formule-business\/#breadcrumb"},"inLanguage":"fr-FR","potentialAction":[{"@type":"ReadAction","target":["https:\/\/www.cppadova.com\/fr\/offres-et-formules\/formule-business\/"]}]},{"@type":"BreadcrumbList","@id":"https:\/\/www.cppadova.com\/fr\/offres-et-formules\/formule-business\/#breadcrumb","itemListElement":[{"@type":"ListItem","position":1,"name":"Home","item":"https:\/\/www.cppadova.com\/fr\/"},{"@type":"ListItem","position":2,"name":"Offres et Formules","item":"https:\/\/www.cppadova.com\/fr\/offres-et-formules\/"},{"@type":"ListItem","position":3,"name":"Formule Business"}]},{"@type":"WebSite","@id":"https:\/\/www.cppadova.com\/fr\/#website","url":"https:\/\/www.cppadova.com\/fr\/","name":"Crowne Plaza Padova","description":"Just another ms.decms.eu site","potentialAction":[{"@type":"SearchAction","target":{"@type":"EntryPoint","urlTemplate":"https:\/\/www.cppadova.com\/fr\/?s={search_term_string}"},"query-input":{"@type":"PropertyValueSpecification","valueRequired":true,"valueName":"search_term_string"}}],"inLanguage":"fr-FR"}]}},"acf":[],"_links":{"self":[{"href":"https:\/\/www.cppadova.com\/fr\/wp-json\/wp\/v2\/pages\/1265","targetHints":{"allow":["GET"]}}],"collection":[{"href":"https:\/\/www.cppadova.com\/fr\/wp-json\/wp\/v2\/pages"}],"about":[{"href":"https:\/\/www.cppadova.com\/fr\/wp-json\/wp\/v2\/types\/page"}],"author":[{"embeddable":true,"href":"https:\/\/www.cppadova.com\/fr\/wp-json\/wp\/v2\/users\/36"}],"replies":[{"embeddable":true,"href":"https:\/\/www.cppadova.com\/fr\/wp-json\/wp\/v2\/comments?post=1265"}],"version-history":[{"count":0,"href":"https:\/\/www.cppadova.com\/fr\/wp-json\/wp\/v2\/pages\/1265\/revisions"}],"up":[{"embeddable":true,"href":"https:\/\/www.cppadova.com\/fr\/wp-json\/wp\/v2\/pages\/1240"}],"wp:attachment":[{"href":"https:\/\/www.cppadova.com\/fr\/wp-json\/wp\/v2\/media?parent=1265"}],"curies":[{"name":"wp","href":"https:\/\/api.w.org\/{rel}","templated":true}]}}