{"id":1268,"date":"2024-04-18T15:19:04","date_gmt":"2024-04-18T15:19:04","guid":{"rendered":"https:\/\/www.cppadova.com\/?page_id=1268"},"modified":"2025-04-08T13:17:55","modified_gmt":"2025-04-08T13:17:55","slug":"formule-book-early-and-save","status":"publish","type":"page","link":"https:\/\/www.cppadova.com\/fr\/offres-et-formules\/formule-book-early-and-save\/","title":{"rendered":"Formule Book Early and Save"},"content":{"rendered":"<p>R\u00e9servez votre s\u00e9jour d\u00e8s maintenant et <strong>\u00e9conomisez jusqu&rsquo;\u00e0 25 %<\/strong> ! Offrez-vous des vacances inoubliables \u00e0 Padoue et d\u00e9couvrez la beaut\u00e9 de cette ville gorg\u00e9e d\u2019Histoire en s\u00e9journant \u00e0 l&rsquo;<strong>Hotel 4 \u00e9toiles Crowne Plaza Padova.<\/strong><\/p>\n<p>Avec l&rsquo;offre sp\u00e9ciale <strong>Book Early &amp; Save<\/strong>, <strong>r\u00e9servable jusqu&rsquo;\u00e0 5 jours avant la date d&rsquo;arriv\u00e9e<\/strong>, outre \u00e0 b\u00e9n\u00e9ficier d&rsquo;une r\u00e9duction jusqu&rsquo;\u00e0 25 % sur votre s\u00e9jour, vous profiterez de nombreux services inclus pour vivre un s\u00e9jour unique : grand <strong>parking<\/strong> ext\u00e9rieur ou garage <strong>gratuit<\/strong>, <strong>plateau de courtoisie<\/strong> avec th\u00e9, tisanes et caf\u00e9, <strong>TV LCD avec cha\u00eenes Sky<\/strong> dans votre chambre, <strong>salle de fitness<\/strong> et bien plus encore !<\/p>\n<p>Gr\u00e2ce \u00e0 sa <strong>situation strat\u00e9gique<\/strong> et \u00e0 son acc\u00e8s facile en voiture, l&rsquo;Hotel Crowne Plaza Padova est l&rsquo;endroit id\u00e9al pour votre prochain week-end \u00e0 la d\u00e9couverte du centre-ville et des environs de la splendide cit\u00e9 de Padoue.<\/p>\n<p>Qu&rsquo;attendez-vous ? R\u00e9servez votre s\u00e9jour d\u00e8s maintenant : profitez de l&rsquo;offre sp\u00e9ciale Book Early &amp; Save et pr\u00e9parez-vous \u00e0 \u00eatre choy\u00e9 par notre \u00e9quipe professionnelle toujours aux petits soins ! <strong>Cliquez sur \u00ab\u00a0R\u00e9servez maintenant\u00a0\u00bb, s\u00e9lectionnez la formule \u00ab\u00a0Book Early &amp; Save\u00a0\u00bb<\/strong> et commencez \u00e0 planifier un magnifique week-end \u00e0 Padoue !<\/p>\n","protected":false},"excerpt":{"rendered":"<p>R\u00e9servez votre s\u00e9jour d\u00e8s maintenant et \u00e9conomisez jusqu&rsquo;\u00e0 25 % ! Offrez-vous des vacances inoubliables \u00e0 Padoue et d\u00e9couvrez la beaut\u00e9 de cette ville gorg\u00e9e d\u2019Histoire en s\u00e9journant \u00e0 l&rsquo;Hotel 4 \u00e9toiles Crowne Plaza Padova. Avec l&rsquo;offre sp\u00e9ciale Book Early &amp; Save, r\u00e9servable jusqu&rsquo;\u00e0 5 jours avant la date d&rsquo;arriv\u00e9e, outre \u00e0 b\u00e9n\u00e9ficier d&rsquo;une r\u00e9duction [&hellip;]<\/p>\n","protected":false},"author":36,"featured_media":995,"parent":1240,"menu_order":5,"comment_status":"closed","ping_status":"closed","template":"template-default-2.php","meta":{"footnotes":""},"class_list":["post-1268","page","type-page","status-publish","has-post-thumbnail","hentry"],"yoast_head":"<!-- This site is optimized with the Yoast SEO plugin v26.9 - https:\/\/yoast.com\/product\/yoast-seo-wordpress\/ -->\n<title>Offre Book Early and Save | Hotel Crowne Plaza Padova<\/title>\n<meta name=\"description\" content=\"Profitez de l&#039;offre Book Early &amp; Save pour passer des vacances \u00e0 Padoue : jusqu&#039;\u00e0 25% de remise et des avantages exclusifs : parking, TV avec cha\u00eenes Sky et plus encore !\" \/>\n<meta name=\"robots\" content=\"index, follow, max-snippet:-1, max-image-preview:large, max-video-preview:-1\" \/>\n<link rel=\"canonical\" href=\"https:\/\/www.cppadova.com\/fr\/offres-et-formules\/formule-book-early-and-save\/\" \/>\n<meta property=\"og:locale\" content=\"fr_FR\" \/>\n<meta property=\"og:type\" content=\"article\" \/>\n<meta property=\"og:title\" content=\"Offre Book Early and Save | Hotel Crowne Plaza Padova\" \/>\n<meta property=\"og:description\" content=\"Profitez de l&#039;offre Book Early &amp; Save pour passer des vacances \u00e0 Padoue : jusqu&#039;\u00e0 25% de remise et des avantages exclusifs : parking, TV avec cha\u00eenes Sky et plus encore !\" \/>\n<meta property=\"og:url\" content=\"https:\/\/www.cppadova.com\/fr\/offres-et-formules\/formule-book-early-and-save\/\" \/>\n<meta property=\"og:site_name\" content=\"Crowne Plaza Padova\" \/>\n<meta property=\"article:modified_time\" content=\"2025-04-08T13:17:55+00:00\" \/>\n<meta property=\"og:image\" content=\"https:\/\/www.cppadova.com\/wp-content\/uploads\/sites\/252\/2022\/07\/Crowne-Plaza-Padova-Prato-della-Valle_homepage_box01.jpg\" \/>\n\t<meta property=\"og:image:width\" content=\"2000\" \/>\n\t<meta property=\"og:image:height\" content=\"1200\" \/>\n\t<meta property=\"og:image:type\" content=\"image\/jpeg\" \/>\n<meta name=\"twitter:card\" content=\"summary_large_image\" \/>\n<meta name=\"twitter:label1\" content=\"Dur\u00e9e de lecture estim\u00e9e\" \/>\n\t<meta name=\"twitter:data1\" content=\"1 minute\" \/>\n<script type=\"application\/ld+json\" class=\"yoast-schema-graph\">{\"@context\":\"https:\/\/schema.org\",\"@graph\":[{\"@type\":\"WebPage\",\"@id\":\"https:\/\/www.cppadova.com\/fr\/offres-et-formules\/formule-book-early-and-save\/\",\"url\":\"https:\/\/www.cppadova.com\/fr\/offres-et-formules\/formule-book-early-and-save\/\",\"name\":\"Offre Book Early and Save | Hotel Crowne Plaza Padova\",\"isPartOf\":{\"@id\":\"https:\/\/www.cppadova.com\/fr\/#website\"},\"primaryImageOfPage\":{\"@id\":\"https:\/\/www.cppadova.com\/fr\/offres-et-formules\/formule-book-early-and-save\/#primaryimage\"},\"image\":{\"@id\":\"https:\/\/www.cppadova.com\/fr\/offres-et-formules\/formule-book-early-and-save\/#primaryimage\"},\"thumbnailUrl\":\"https:\/\/www.cppadova.com\/wp-content\/uploads\/sites\/252\/2022\/07\/Crowne-Plaza-Padova-Prato-della-Valle_homepage_box01.jpg\",\"datePublished\":\"2024-04-18T15:19:04+00:00\",\"dateModified\":\"2025-04-08T13:17:55+00:00\",\"description\":\"Profitez de l'offre Book Early & Save pour passer des vacances \u00e0 Padoue : jusqu'\u00e0 25% de remise et des avantages exclusifs : parking, TV avec cha\u00eenes Sky et plus encore !\",\"breadcrumb\":{\"@id\":\"https:\/\/www.cppadova.com\/fr\/offres-et-formules\/formule-book-early-and-save\/#breadcrumb\"},\"inLanguage\":\"fr-FR\",\"potentialAction\":[{\"@type\":\"ReadAction\",\"target\":[\"https:\/\/www.cppadova.com\/fr\/offres-et-formules\/formule-book-early-and-save\/\"]}]},{\"@type\":\"ImageObject\",\"inLanguage\":\"fr-FR\",\"@id\":\"https:\/\/www.cppadova.com\/fr\/offres-et-formules\/formule-book-early-and-save\/#primaryimage\",\"url\":\"https:\/\/www.cppadova.com\/wp-content\/uploads\/sites\/252\/2022\/07\/Crowne-Plaza-Padova-Prato-della-Valle_homepage_box01.jpg\",\"contentUrl\":\"https:\/\/www.cppadova.com\/wp-content\/uploads\/sites\/252\/2022\/07\/Crowne-Plaza-Padova-Prato-della-Valle_homepage_box01.jpg\",\"width\":2000,\"height\":1200},{\"@type\":\"BreadcrumbList\",\"@id\":\"https:\/\/www.cppadova.com\/fr\/offres-et-formules\/formule-book-early-and-save\/#breadcrumb\",\"itemListElement\":[{\"@type\":\"ListItem\",\"position\":1,\"name\":\"Home\",\"item\":\"https:\/\/www.cppadova.com\/fr\/\"},{\"@type\":\"ListItem\",\"position\":2,\"name\":\"Offres et Formules\",\"item\":\"https:\/\/www.cppadova.com\/fr\/offres-et-formules\/\"},{\"@type\":\"ListItem\",\"position\":3,\"name\":\"Formule Book Early and Save\"}]},{\"@type\":\"WebSite\",\"@id\":\"https:\/\/www.cppadova.com\/fr\/#website\",\"url\":\"https:\/\/www.cppadova.com\/fr\/\",\"name\":\"Crowne Plaza Padova\",\"description\":\"Just another ms.decms.eu site\",\"potentialAction\":[{\"@type\":\"SearchAction\",\"target\":{\"@type\":\"EntryPoint\",\"urlTemplate\":\"https:\/\/www.cppadova.com\/fr\/?s={search_term_string}\"},\"query-input\":{\"@type\":\"PropertyValueSpecification\",\"valueRequired\":true,\"valueName\":\"search_term_string\"}}],\"inLanguage\":\"fr-FR\"}]}<\/script>\n<!-- \/ Yoast SEO plugin. -->","yoast_head_json":{"title":"Offre Book Early and Save | Hotel Crowne Plaza Padova","description":"Profitez de l'offre Book Early & Save pour passer des vacances \u00e0 Padoue : jusqu'\u00e0 25% de remise et des avantages exclusifs : parking, TV avec cha\u00eenes Sky et plus encore !","robots":{"index":"index","follow":"follow","max-snippet":"max-snippet:-1","max-image-preview":"max-image-preview:large","max-video-preview":"max-video-preview:-1"},"canonical":"https:\/\/www.cppadova.com\/fr\/offres-et-formules\/formule-book-early-and-save\/","og_locale":"fr_FR","og_type":"article","og_title":"Offre Book Early and Save | Hotel Crowne Plaza Padova","og_description":"Profitez de l'offre Book Early & Save pour passer des vacances \u00e0 Padoue : jusqu'\u00e0 25% de remise et des avantages exclusifs : parking, TV avec cha\u00eenes Sky et plus encore !","og_url":"https:\/\/www.cppadova.com\/fr\/offres-et-formules\/formule-book-early-and-save\/","og_site_name":"Crowne Plaza Padova","article_modified_time":"2025-04-08T13:17:55+00:00","og_image":[{"width":2000,"height":1200,"url":"https:\/\/www.cppadova.com\/wp-content\/uploads\/sites\/252\/2022\/07\/Crowne-Plaza-Padova-Prato-della-Valle_homepage_box01.jpg","type":"image\/jpeg"}],"twitter_card":"summary_large_image","twitter_misc":{"Dur\u00e9e de lecture estim\u00e9e":"1 minute"},"schema":{"@context":"https:\/\/schema.org","@graph":[{"@type":"WebPage","@id":"https:\/\/www.cppadova.com\/fr\/offres-et-formules\/formule-book-early-and-save\/","url":"https:\/\/www.cppadova.com\/fr\/offres-et-formules\/formule-book-early-and-save\/","name":"Offre Book Early and Save | Hotel Crowne Plaza Padova","isPartOf":{"@id":"https:\/\/www.cppadova.com\/fr\/#website"},"primaryImageOfPage":{"@id":"https:\/\/www.cppadova.com\/fr\/offres-et-formules\/formule-book-early-and-save\/#primaryimage"},"image":{"@id":"https:\/\/www.cppadova.com\/fr\/offres-et-formules\/formule-book-early-and-save\/#primaryimage"},"thumbnailUrl":"https:\/\/www.cppadova.com\/wp-content\/uploads\/sites\/252\/2022\/07\/Crowne-Plaza-Padova-Prato-della-Valle_homepage_box01.jpg","datePublished":"2024-04-18T15:19:04+00:00","dateModified":"2025-04-08T13:17:55+00:00","description":"Profitez de l'offre Book Early & Save pour passer des vacances \u00e0 Padoue : jusqu'\u00e0 25% de remise et des avantages exclusifs : parking, TV avec cha\u00eenes Sky et plus encore !","breadcrumb":{"@id":"https:\/\/www.cppadova.com\/fr\/offres-et-formules\/formule-book-early-and-save\/#breadcrumb"},"inLanguage":"fr-FR","potentialAction":[{"@type":"ReadAction","target":["https:\/\/www.cppadova.com\/fr\/offres-et-formules\/formule-book-early-and-save\/"]}]},{"@type":"ImageObject","inLanguage":"fr-FR","@id":"https:\/\/www.cppadova.com\/fr\/offres-et-formules\/formule-book-early-and-save\/#primaryimage","url":"https:\/\/www.cppadova.com\/wp-content\/uploads\/sites\/252\/2022\/07\/Crowne-Plaza-Padova-Prato-della-Valle_homepage_box01.jpg","contentUrl":"https:\/\/www.cppadova.com\/wp-content\/uploads\/sites\/252\/2022\/07\/Crowne-Plaza-Padova-Prato-della-Valle_homepage_box01.jpg","width":2000,"height":1200},{"@type":"BreadcrumbList","@id":"https:\/\/www.cppadova.com\/fr\/offres-et-formules\/formule-book-early-and-save\/#breadcrumb","itemListElement":[{"@type":"ListItem","position":1,"name":"Home","item":"https:\/\/www.cppadova.com\/fr\/"},{"@type":"ListItem","position":2,"name":"Offres et Formules","item":"https:\/\/www.cppadova.com\/fr\/offres-et-formules\/"},{"@type":"ListItem","position":3,"name":"Formule Book Early and Save"}]},{"@type":"WebSite","@id":"https:\/\/www.cppadova.com\/fr\/#website","url":"https:\/\/www.cppadova.com\/fr\/","name":"Crowne Plaza Padova","description":"Just another ms.decms.eu site","potentialAction":[{"@type":"SearchAction","target":{"@type":"EntryPoint","urlTemplate":"https:\/\/www.cppadova.com\/fr\/?s={search_term_string}"},"query-input":{"@type":"PropertyValueSpecification","valueRequired":true,"valueName":"search_term_string"}}],"inLanguage":"fr-FR"}]}},"acf":[],"_links":{"self":[{"href":"https:\/\/www.cppadova.com\/fr\/wp-json\/wp\/v2\/pages\/1268","targetHints":{"allow":["GET"]}}],"collection":[{"href":"https:\/\/www.cppadova.com\/fr\/wp-json\/wp\/v2\/pages"}],"about":[{"href":"https:\/\/www.cppadova.com\/fr\/wp-json\/wp\/v2\/types\/page"}],"author":[{"embeddable":true,"href":"https:\/\/www.cppadova.com\/fr\/wp-json\/wp\/v2\/users\/36"}],"replies":[{"embeddable":true,"href":"https:\/\/www.cppadova.com\/fr\/wp-json\/wp\/v2\/comments?post=1268"}],"version-history":[{"count":0,"href":"https:\/\/www.cppadova.com\/fr\/wp-json\/wp\/v2\/pages\/1268\/revisions"}],"up":[{"embeddable":true,"href":"https:\/\/www.cppadova.com\/fr\/wp-json\/wp\/v2\/pages\/1240"}],"wp:featuredmedia":[{"embeddable":true,"href":"https:\/\/www.cppadova.com\/fr\/wp-json\/wp\/v2\/media\/995"}],"wp:attachment":[{"href":"https:\/\/www.cppadova.com\/fr\/wp-json\/wp\/v2\/media?parent=1268"}],"curies":[{"name":"wp","href":"https:\/\/api.w.org\/{rel}","templated":true}]}}