{"id":1272,"date":"2024-04-18T15:23:15","date_gmt":"2024-04-18T15:23:15","guid":{"rendered":"https:\/\/www.cppadova.com\/?page_id=1272"},"modified":"2025-09-23T15:31:51","modified_gmt":"2025-09-23T15:31:51","slug":"restaurant-et-bar","status":"publish","type":"page","link":"https:\/\/www.cppadova.com\/fr\/restaurant-et-bar\/","title":{"rendered":"Restaurant et bar"},"content":{"rendered":"<p>Que vous soyez en voyage d&rsquo;affaires ou d\u2019agr\u00e9ment, savourez pleinement votre s\u00e9jour en d\u00e9couvrant <strong>Limen \u2013 Meet, Dine &amp; Recharge<\/strong>, le<strong> restaurant et le bar de<\/strong> notre moderne <strong>h\u00f4tel 4 \u00e9toiles<\/strong> <strong>\u00e0<\/strong> <strong>Padoue<\/strong>.<\/p>\n<p>Les services de restauration de l&rsquo;Hotel Crowne Plaza Padova sont \u00e0 votre disposition, de votre r\u00e9veil jusqu\u2019au dodo ! Le matin, faites le plein d\u2019\u00e9nergie avec un <strong>riche<\/strong> <strong>petit-d\u00e9jeuner en mesure de satisfaire tous les palais <\/strong>: produits sucr\u00e9s, sal\u00e9s, chauds, froids, il y en a pour tous les go\u00fbts ! Poursuivez la journ\u00e9e en d\u00e9gustant un excellent caf\u00e9 ou un snack au <strong>bar ouvert de 8 h \u00e0 minuit<\/strong> et, pour finir, d\u00e9couvrez les saveurs de la cuisine v\u00e9nitienne au <strong>restaurant<\/strong>, ouvert pour le <strong>d\u00e9jeuner et le d\u00eener<\/strong>.<\/p>\n","protected":false},"excerpt":{"rendered":"<p>Que vous soyez en voyage d&rsquo;affaires ou d\u2019agr\u00e9ment, savourez pleinement votre s\u00e9jour en d\u00e9couvrant Limen \u2013 Meet, Dine &amp; Recharge, le restaurant et le bar de notre moderne h\u00f4tel 4 \u00e9toiles \u00e0 Padoue. Les services de restauration de l&rsquo;Hotel Crowne Plaza Padova sont \u00e0 votre disposition, de votre r\u00e9veil jusqu\u2019au dodo ! Le matin, faites [&hellip;]<\/p>\n","protected":false},"author":36,"featured_media":0,"parent":0,"menu_order":20,"comment_status":"closed","ping_status":"closed","template":"template-restaurants.php","meta":{"footnotes":""},"class_list":["post-1272","page","type-page","status-publish","hentry"],"yoast_head":"<!-- This site is optimized with the Yoast SEO plugin v26.9 - https:\/\/yoast.com\/product\/yoast-seo-wordpress\/ -->\n<title>Bar et restaurant - cuisine typique | Crowne Plaza Padova<\/title>\n<meta name=\"description\" content=\"Le bar et le restaurant de notre moderne h\u00f4tel 4 \u00e9toiles sont \u00e0 votre disposition de votre r\u00e9veil jusqu\u2019\u00e0 l\u2019heure du dodo !\" \/>\n<meta name=\"robots\" content=\"index, follow, max-snippet:-1, max-image-preview:large, max-video-preview:-1\" \/>\n<link rel=\"canonical\" href=\"https:\/\/www.cppadova.com\/fr\/restaurant-et-bar\/\" \/>\n<meta property=\"og:locale\" content=\"fr_FR\" \/>\n<meta property=\"og:type\" content=\"article\" \/>\n<meta property=\"og:title\" content=\"Bar et restaurant - cuisine typique | Crowne Plaza Padova\" \/>\n<meta property=\"og:description\" content=\"Le bar et le restaurant de notre moderne h\u00f4tel 4 \u00e9toiles sont \u00e0 votre disposition de votre r\u00e9veil jusqu\u2019\u00e0 l\u2019heure du dodo !\" \/>\n<meta property=\"og:url\" content=\"https:\/\/www.cppadova.com\/fr\/restaurant-et-bar\/\" \/>\n<meta property=\"og:site_name\" content=\"Crowne Plaza Padova\" \/>\n<meta property=\"article:modified_time\" content=\"2025-09-23T15:31:51+00:00\" \/>\n<meta property=\"og:image\" content=\"https:\/\/www.cppadova.com\/wp-content\/uploads\/sites\/252\/2021\/08\/crowne_plaza_padova_home_slide_camera.jpg\" \/>\n\t<meta property=\"og:image:width\" content=\"2200\" \/>\n\t<meta property=\"og:image:height\" content=\"1200\" \/>\n\t<meta property=\"og:image:type\" content=\"image\/jpeg\" \/>\n<meta name=\"twitter:card\" content=\"summary_large_image\" \/>\n<meta name=\"twitter:label1\" content=\"Dur\u00e9e de lecture estim\u00e9e\" \/>\n\t<meta name=\"twitter:data1\" content=\"1 minute\" \/>\n<script type=\"application\/ld+json\" class=\"yoast-schema-graph\">{\"@context\":\"https:\/\/schema.org\",\"@graph\":[{\"@type\":\"WebPage\",\"@id\":\"https:\/\/www.cppadova.com\/fr\/restaurant-et-bar\/\",\"url\":\"https:\/\/www.cppadova.com\/fr\/restaurant-et-bar\/\",\"name\":\"Bar et restaurant - cuisine typique | Crowne Plaza Padova\",\"isPartOf\":{\"@id\":\"https:\/\/www.cppadova.com\/fr\/#website\"},\"datePublished\":\"2024-04-18T15:23:15+00:00\",\"dateModified\":\"2025-09-23T15:31:51+00:00\",\"description\":\"Le bar et le restaurant de notre moderne h\u00f4tel 4 \u00e9toiles sont \u00e0 votre disposition de votre r\u00e9veil jusqu\u2019\u00e0 l\u2019heure du dodo !\",\"breadcrumb\":{\"@id\":\"https:\/\/www.cppadova.com\/fr\/restaurant-et-bar\/#breadcrumb\"},\"inLanguage\":\"fr-FR\",\"potentialAction\":[{\"@type\":\"ReadAction\",\"target\":[\"https:\/\/www.cppadova.com\/fr\/restaurant-et-bar\/\"]}]},{\"@type\":\"BreadcrumbList\",\"@id\":\"https:\/\/www.cppadova.com\/fr\/restaurant-et-bar\/#breadcrumb\",\"itemListElement\":[{\"@type\":\"ListItem\",\"position\":1,\"name\":\"Home\",\"item\":\"https:\/\/www.cppadova.com\/fr\/\"},{\"@type\":\"ListItem\",\"position\":2,\"name\":\"Restaurant et bar\"}]},{\"@type\":\"WebSite\",\"@id\":\"https:\/\/www.cppadova.com\/fr\/#website\",\"url\":\"https:\/\/www.cppadova.com\/fr\/\",\"name\":\"Crowne Plaza Padova\",\"description\":\"Just another ms.decms.eu site\",\"potentialAction\":[{\"@type\":\"SearchAction\",\"target\":{\"@type\":\"EntryPoint\",\"urlTemplate\":\"https:\/\/www.cppadova.com\/fr\/?s={search_term_string}\"},\"query-input\":{\"@type\":\"PropertyValueSpecification\",\"valueRequired\":true,\"valueName\":\"search_term_string\"}}],\"inLanguage\":\"fr-FR\"}]}<\/script>\n<!-- \/ Yoast SEO plugin. -->","yoast_head_json":{"title":"Bar et restaurant - cuisine typique | Crowne Plaza Padova","description":"Le bar et le restaurant de notre moderne h\u00f4tel 4 \u00e9toiles sont \u00e0 votre disposition de votre r\u00e9veil jusqu\u2019\u00e0 l\u2019heure du dodo !","robots":{"index":"index","follow":"follow","max-snippet":"max-snippet:-1","max-image-preview":"max-image-preview:large","max-video-preview":"max-video-preview:-1"},"canonical":"https:\/\/www.cppadova.com\/fr\/restaurant-et-bar\/","og_locale":"fr_FR","og_type":"article","og_title":"Bar et restaurant - cuisine typique | Crowne Plaza Padova","og_description":"Le bar et le restaurant de notre moderne h\u00f4tel 4 \u00e9toiles sont \u00e0 votre disposition de votre r\u00e9veil jusqu\u2019\u00e0 l\u2019heure du dodo !","og_url":"https:\/\/www.cppadova.com\/fr\/restaurant-et-bar\/","og_site_name":"Crowne Plaza Padova","article_modified_time":"2025-09-23T15:31:51+00:00","og_image":[{"width":2200,"height":1200,"url":"https:\/\/www.cppadova.com\/wp-content\/uploads\/sites\/252\/2021\/08\/crowne_plaza_padova_home_slide_camera.jpg","type":"image\/jpeg"}],"twitter_card":"summary_large_image","twitter_misc":{"Dur\u00e9e de lecture estim\u00e9e":"1 minute"},"schema":{"@context":"https:\/\/schema.org","@graph":[{"@type":"WebPage","@id":"https:\/\/www.cppadova.com\/fr\/restaurant-et-bar\/","url":"https:\/\/www.cppadova.com\/fr\/restaurant-et-bar\/","name":"Bar et restaurant - cuisine typique | Crowne Plaza Padova","isPartOf":{"@id":"https:\/\/www.cppadova.com\/fr\/#website"},"datePublished":"2024-04-18T15:23:15+00:00","dateModified":"2025-09-23T15:31:51+00:00","description":"Le bar et le restaurant de notre moderne h\u00f4tel 4 \u00e9toiles sont \u00e0 votre disposition de votre r\u00e9veil jusqu\u2019\u00e0 l\u2019heure du dodo !","breadcrumb":{"@id":"https:\/\/www.cppadova.com\/fr\/restaurant-et-bar\/#breadcrumb"},"inLanguage":"fr-FR","potentialAction":[{"@type":"ReadAction","target":["https:\/\/www.cppadova.com\/fr\/restaurant-et-bar\/"]}]},{"@type":"BreadcrumbList","@id":"https:\/\/www.cppadova.com\/fr\/restaurant-et-bar\/#breadcrumb","itemListElement":[{"@type":"ListItem","position":1,"name":"Home","item":"https:\/\/www.cppadova.com\/fr\/"},{"@type":"ListItem","position":2,"name":"Restaurant et bar"}]},{"@type":"WebSite","@id":"https:\/\/www.cppadova.com\/fr\/#website","url":"https:\/\/www.cppadova.com\/fr\/","name":"Crowne Plaza Padova","description":"Just another ms.decms.eu site","potentialAction":[{"@type":"SearchAction","target":{"@type":"EntryPoint","urlTemplate":"https:\/\/www.cppadova.com\/fr\/?s={search_term_string}"},"query-input":{"@type":"PropertyValueSpecification","valueRequired":true,"valueName":"search_term_string"}}],"inLanguage":"fr-FR"}]}},"acf":[],"_links":{"self":[{"href":"https:\/\/www.cppadova.com\/fr\/wp-json\/wp\/v2\/pages\/1272","targetHints":{"allow":["GET"]}}],"collection":[{"href":"https:\/\/www.cppadova.com\/fr\/wp-json\/wp\/v2\/pages"}],"about":[{"href":"https:\/\/www.cppadova.com\/fr\/wp-json\/wp\/v2\/types\/page"}],"author":[{"embeddable":true,"href":"https:\/\/www.cppadova.com\/fr\/wp-json\/wp\/v2\/users\/36"}],"replies":[{"embeddable":true,"href":"https:\/\/www.cppadova.com\/fr\/wp-json\/wp\/v2\/comments?post=1272"}],"version-history":[{"count":0,"href":"https:\/\/www.cppadova.com\/fr\/wp-json\/wp\/v2\/pages\/1272\/revisions"}],"wp:attachment":[{"href":"https:\/\/www.cppadova.com\/fr\/wp-json\/wp\/v2\/media?parent=1272"}],"curies":[{"name":"wp","href":"https:\/\/api.w.org\/{rel}","templated":true}]}}