{"id":1278,"date":"2024-04-18T15:45:45","date_gmt":"2024-04-18T15:45:45","guid":{"rendered":"https:\/\/www.cppadova.com\/?page_id=1278"},"modified":"2026-01-29T12:27:47","modified_gmt":"2026-01-29T12:27:47","slug":"bar-limen","status":"publish","type":"page","link":"https:\/\/www.cppadova.com\/fr\/restaurant-et-bar\/bar-limen\/","title":{"rendered":"Bar Limen"},"content":{"rendered":"<p>Outre une savoureuse palette culinaire, l&rsquo;<strong>Hotel 4 \u00e9toiles Crowne Plaza Padova <\/strong>vous propose \u00e9galement des moments de d\u00e9tente, \u00e0 partager en bonne compagnie ou \u00e0 vivre en solo, devant un bon caf\u00e9, un d\u00e9licieux ap\u00e9ritif ou un cocktail cr\u00e9atif. <strong>Ouvert de 8 h \u00e0 minuit<\/strong>, notre <strong>bar Limen \u2013 Meet, Dine &amp; Recharge <\/strong>vous accompagne tout au long de la journ\u00e9e avec une s\u00e9lection de <strong>caf\u00e9s, th\u00e9s, infusions et de d\u00e9licieux en-cas sucr\u00e9s et sal\u00e9s, ainsi qu\u2019une s\u00e9lection de vins et spiritueux<\/strong> qui donneront encore plus de saveur \u00e0 votre s\u00e9jour au Crowne Plaza Padova.<\/p>\n","protected":false},"excerpt":{"rendered":"<p>Outre une savoureuse palette culinaire, l&rsquo;Hotel 4 \u00e9toiles Crowne Plaza Padova vous propose \u00e9galement des moments de d\u00e9tente, \u00e0 partager en bonne compagnie ou \u00e0 vivre en solo, devant un bon caf\u00e9, un d\u00e9licieux ap\u00e9ritif ou un cocktail cr\u00e9atif. Ouvert de 8 h \u00e0 minuit, notre bar Limen \u2013 Meet, Dine &amp; Recharge vous accompagne [&hellip;]<\/p>\n","protected":false},"author":36,"featured_media":0,"parent":1272,"menu_order":5,"comment_status":"closed","ping_status":"closed","template":"template-single-restaurant.php","meta":{"footnotes":""},"class_list":["post-1278","page","type-page","status-publish","hentry"],"yoast_head":"<!-- This site is optimized with the Yoast SEO plugin v26.9 - https:\/\/yoast.com\/product\/yoast-seo-wordpress\/ -->\n<title>Bar Limen : caf\u00e9, snacks, liqueurs | Crowne Plaza Padova<\/title>\n<meta name=\"description\" content=\"Offrez-vous un moment de d\u00e9tente dans notre bar Limen : caf\u00e9, ap\u00e9ritifs, cocktails, snacks, vins, spiritueux et plus encore. Venez nous rendre visite !\" \/>\n<meta name=\"robots\" content=\"index, follow, max-snippet:-1, max-image-preview:large, max-video-preview:-1\" \/>\n<link rel=\"canonical\" href=\"https:\/\/www.cppadova.com\/fr\/restaurant-et-bar\/bar-limen\/\" \/>\n<meta property=\"og:locale\" content=\"fr_FR\" \/>\n<meta property=\"og:type\" content=\"article\" \/>\n<meta property=\"og:title\" content=\"Bar Limen : caf\u00e9, snacks, liqueurs | Crowne Plaza Padova\" \/>\n<meta property=\"og:description\" content=\"Offrez-vous un moment de d\u00e9tente dans notre bar Limen : caf\u00e9, ap\u00e9ritifs, cocktails, snacks, vins, spiritueux et plus encore. Venez nous rendre visite !\" \/>\n<meta property=\"og:url\" content=\"https:\/\/www.cppadova.com\/fr\/restaurant-et-bar\/bar-limen\/\" \/>\n<meta property=\"og:site_name\" content=\"Crowne Plaza Padova\" \/>\n<meta property=\"article:modified_time\" content=\"2026-01-29T12:27:47+00:00\" \/>\n<meta property=\"og:image\" content=\"https:\/\/www.cppadova.com\/wp-content\/uploads\/sites\/252\/2021\/08\/crowne_plaza_padova_home_slide_camera.jpg\" \/>\n\t<meta property=\"og:image:width\" content=\"2200\" \/>\n\t<meta property=\"og:image:height\" content=\"1200\" \/>\n\t<meta property=\"og:image:type\" content=\"image\/jpeg\" \/>\n<meta name=\"twitter:card\" content=\"summary_large_image\" \/>\n<meta name=\"twitter:label1\" content=\"Dur\u00e9e de lecture estim\u00e9e\" \/>\n\t<meta name=\"twitter:data1\" content=\"1 minute\" \/>\n<script type=\"application\/ld+json\" class=\"yoast-schema-graph\">{\"@context\":\"https:\/\/schema.org\",\"@graph\":[{\"@type\":\"WebPage\",\"@id\":\"https:\/\/www.cppadova.com\/fr\/restaurant-et-bar\/bar-limen\/\",\"url\":\"https:\/\/www.cppadova.com\/fr\/restaurant-et-bar\/bar-limen\/\",\"name\":\"Bar Limen : caf\u00e9, snacks, liqueurs | Crowne Plaza Padova\",\"isPartOf\":{\"@id\":\"https:\/\/www.cppadova.com\/fr\/#website\"},\"datePublished\":\"2024-04-18T15:45:45+00:00\",\"dateModified\":\"2026-01-29T12:27:47+00:00\",\"description\":\"Offrez-vous un moment de d\u00e9tente dans notre bar Limen : caf\u00e9, ap\u00e9ritifs, cocktails, snacks, vins, spiritueux et plus encore. Venez nous rendre visite !\",\"breadcrumb\":{\"@id\":\"https:\/\/www.cppadova.com\/fr\/restaurant-et-bar\/bar-limen\/#breadcrumb\"},\"inLanguage\":\"fr-FR\",\"potentialAction\":[{\"@type\":\"ReadAction\",\"target\":[\"https:\/\/www.cppadova.com\/fr\/restaurant-et-bar\/bar-limen\/\"]}]},{\"@type\":\"BreadcrumbList\",\"@id\":\"https:\/\/www.cppadova.com\/fr\/restaurant-et-bar\/bar-limen\/#breadcrumb\",\"itemListElement\":[{\"@type\":\"ListItem\",\"position\":1,\"name\":\"Home\",\"item\":\"https:\/\/www.cppadova.com\/fr\/\"},{\"@type\":\"ListItem\",\"position\":2,\"name\":\"Restaurant et bar\",\"item\":\"https:\/\/www.cppadova.com\/fr\/restaurant-et-bar\/\"},{\"@type\":\"ListItem\",\"position\":3,\"name\":\"Bar Limen\"}]},{\"@type\":\"WebSite\",\"@id\":\"https:\/\/www.cppadova.com\/fr\/#website\",\"url\":\"https:\/\/www.cppadova.com\/fr\/\",\"name\":\"Crowne Plaza Padova\",\"description\":\"Just another ms.decms.eu site\",\"potentialAction\":[{\"@type\":\"SearchAction\",\"target\":{\"@type\":\"EntryPoint\",\"urlTemplate\":\"https:\/\/www.cppadova.com\/fr\/?s={search_term_string}\"},\"query-input\":{\"@type\":\"PropertyValueSpecification\",\"valueRequired\":true,\"valueName\":\"search_term_string\"}}],\"inLanguage\":\"fr-FR\"}]}<\/script>\n<!-- \/ Yoast SEO plugin. -->","yoast_head_json":{"title":"Bar Limen : caf\u00e9, snacks, liqueurs | Crowne Plaza Padova","description":"Offrez-vous un moment de d\u00e9tente dans notre bar Limen : caf\u00e9, ap\u00e9ritifs, cocktails, snacks, vins, spiritueux et plus encore. Venez nous rendre visite !","robots":{"index":"index","follow":"follow","max-snippet":"max-snippet:-1","max-image-preview":"max-image-preview:large","max-video-preview":"max-video-preview:-1"},"canonical":"https:\/\/www.cppadova.com\/fr\/restaurant-et-bar\/bar-limen\/","og_locale":"fr_FR","og_type":"article","og_title":"Bar Limen : caf\u00e9, snacks, liqueurs | Crowne Plaza Padova","og_description":"Offrez-vous un moment de d\u00e9tente dans notre bar Limen : caf\u00e9, ap\u00e9ritifs, cocktails, snacks, vins, spiritueux et plus encore. Venez nous rendre visite !","og_url":"https:\/\/www.cppadova.com\/fr\/restaurant-et-bar\/bar-limen\/","og_site_name":"Crowne Plaza Padova","article_modified_time":"2026-01-29T12:27:47+00:00","og_image":[{"width":2200,"height":1200,"url":"https:\/\/www.cppadova.com\/wp-content\/uploads\/sites\/252\/2021\/08\/crowne_plaza_padova_home_slide_camera.jpg","type":"image\/jpeg"}],"twitter_card":"summary_large_image","twitter_misc":{"Dur\u00e9e de lecture estim\u00e9e":"1 minute"},"schema":{"@context":"https:\/\/schema.org","@graph":[{"@type":"WebPage","@id":"https:\/\/www.cppadova.com\/fr\/restaurant-et-bar\/bar-limen\/","url":"https:\/\/www.cppadova.com\/fr\/restaurant-et-bar\/bar-limen\/","name":"Bar Limen : caf\u00e9, snacks, liqueurs | Crowne Plaza Padova","isPartOf":{"@id":"https:\/\/www.cppadova.com\/fr\/#website"},"datePublished":"2024-04-18T15:45:45+00:00","dateModified":"2026-01-29T12:27:47+00:00","description":"Offrez-vous un moment de d\u00e9tente dans notre bar Limen : caf\u00e9, ap\u00e9ritifs, cocktails, snacks, vins, spiritueux et plus encore. Venez nous rendre visite !","breadcrumb":{"@id":"https:\/\/www.cppadova.com\/fr\/restaurant-et-bar\/bar-limen\/#breadcrumb"},"inLanguage":"fr-FR","potentialAction":[{"@type":"ReadAction","target":["https:\/\/www.cppadova.com\/fr\/restaurant-et-bar\/bar-limen\/"]}]},{"@type":"BreadcrumbList","@id":"https:\/\/www.cppadova.com\/fr\/restaurant-et-bar\/bar-limen\/#breadcrumb","itemListElement":[{"@type":"ListItem","position":1,"name":"Home","item":"https:\/\/www.cppadova.com\/fr\/"},{"@type":"ListItem","position":2,"name":"Restaurant et bar","item":"https:\/\/www.cppadova.com\/fr\/restaurant-et-bar\/"},{"@type":"ListItem","position":3,"name":"Bar Limen"}]},{"@type":"WebSite","@id":"https:\/\/www.cppadova.com\/fr\/#website","url":"https:\/\/www.cppadova.com\/fr\/","name":"Crowne Plaza Padova","description":"Just another ms.decms.eu site","potentialAction":[{"@type":"SearchAction","target":{"@type":"EntryPoint","urlTemplate":"https:\/\/www.cppadova.com\/fr\/?s={search_term_string}"},"query-input":{"@type":"PropertyValueSpecification","valueRequired":true,"valueName":"search_term_string"}}],"inLanguage":"fr-FR"}]}},"acf":[],"_links":{"self":[{"href":"https:\/\/www.cppadova.com\/fr\/wp-json\/wp\/v2\/pages\/1278","targetHints":{"allow":["GET"]}}],"collection":[{"href":"https:\/\/www.cppadova.com\/fr\/wp-json\/wp\/v2\/pages"}],"about":[{"href":"https:\/\/www.cppadova.com\/fr\/wp-json\/wp\/v2\/types\/page"}],"author":[{"embeddable":true,"href":"https:\/\/www.cppadova.com\/fr\/wp-json\/wp\/v2\/users\/36"}],"replies":[{"embeddable":true,"href":"https:\/\/www.cppadova.com\/fr\/wp-json\/wp\/v2\/comments?post=1278"}],"version-history":[{"count":0,"href":"https:\/\/www.cppadova.com\/fr\/wp-json\/wp\/v2\/pages\/1278\/revisions"}],"up":[{"embeddable":true,"href":"https:\/\/www.cppadova.com\/fr\/wp-json\/wp\/v2\/pages\/1272"}],"wp:attachment":[{"href":"https:\/\/www.cppadova.com\/fr\/wp-json\/wp\/v2\/media?parent=1278"}],"curies":[{"name":"wp","href":"https:\/\/api.w.org\/{rel}","templated":true}]}}