{"id":1282,"date":"2024-04-18T15:52:48","date_gmt":"2024-04-18T15:52:48","guid":{"rendered":"https:\/\/www.cppadova.com\/?page_id=1282"},"modified":"2024-04-22T14:42:13","modified_gmt":"2024-04-22T14:42:13","slug":"padoue","status":"publish","type":"page","link":"https:\/\/www.cppadova.com\/fr\/padoue\/","title":{"rendered":"Padoue"},"content":{"rendered":"<p><strong>Bouillonnante de vitalit\u00e9<\/strong>, quelle que soit la saison \u00e0 laquelle vous d\u00e9cidez de lui rendre visite : Empreinte depuis des si\u00e8cles <strong>d&rsquo;histoire, d&rsquo;art et de culture, <\/strong>Padoue sait surprendre ses visiteurs.<\/p>\n<p>Fl\u00e2nez dans les rues du centre et laissez-vous s\u00e9duire par la beaut\u00e9 des <strong>b\u00e2timents historiques<\/strong> qui s\u2019imposent \u00e0 tous les coins de rue, leurs d\u00e9tails architecturaux vous laisseront litt\u00e9ralement bouche b\u00e9e. Explorez les rues de cette <strong>antique cit\u00e9,<\/strong> c\u00f4toyez les \u00e9tudiants qui s\u2019empressent de se rendre en cours et offrez-vous une pause gourmande au <strong>prestigieux Caff\u00e8 Pedrocchi<\/strong>.<\/p>\n<p>Enfin, apr\u00e8s avoir pass\u00e9 la journ\u00e9e \u00e0 d\u00e9couvrir les joyaux de Padoue, comme la <strong>chapelle Scrovegni<\/strong> ou la <strong>basilique Saint-Antoine<\/strong>, d\u00e9tendez-vous au soleil en sirotant un spritz dans le cadre magnifique du <strong>Prato della Valle<\/strong>, l&rsquo;une des plus grandes places d&rsquo;Europe.<\/p>\n","protected":false},"excerpt":{"rendered":"<p>Bouillonnante de vitalit\u00e9, quelle que soit la saison \u00e0 laquelle vous d\u00e9cidez de lui rendre visite : Empreinte depuis des si\u00e8cles d&rsquo;histoire, d&rsquo;art et de culture, Padoue sait surprendre ses visiteurs. Fl\u00e2nez dans les rues du centre et laissez-vous s\u00e9duire par la beaut\u00e9 des b\u00e2timents historiques qui s\u2019imposent \u00e0 tous les coins de rue, leurs [&hellip;]<\/p>\n","protected":false},"author":36,"featured_media":0,"parent":0,"menu_order":25,"comment_status":"closed","ping_status":"closed","template":"","meta":{"footnotes":""},"class_list":["post-1282","page","type-page","status-publish","hentry"],"yoast_head":"<!-- This site is optimized with the Yoast SEO plugin v26.9 - https:\/\/yoast.com\/product\/yoast-seo-wordpress\/ -->\n<title>Padoue : art, culture, \u00e9v\u00e9nements | Crowne Plaza Padova<\/title>\n<meta name=\"description\" content=\"Foisonnante d\u2019Histoire et d\u2019\u0153uvres d\u2019art, avec un riche calendrier \u00e9v\u00e9nementiel et culturel, Padoue ne s&#039;arr\u00eate jamais ! D\u00e9couvrez les principales attractions !\" \/>\n<meta name=\"robots\" content=\"index, follow, max-snippet:-1, max-image-preview:large, max-video-preview:-1\" \/>\n<link rel=\"canonical\" href=\"https:\/\/www.cppadova.com\/fr\/padoue\/\" \/>\n<meta property=\"og:locale\" content=\"fr_FR\" \/>\n<meta property=\"og:type\" content=\"article\" \/>\n<meta property=\"og:title\" content=\"Padoue : art, culture, \u00e9v\u00e9nements | Crowne Plaza Padova\" \/>\n<meta property=\"og:description\" content=\"Foisonnante d\u2019Histoire et d\u2019\u0153uvres d\u2019art, avec un riche calendrier \u00e9v\u00e9nementiel et culturel, Padoue ne s&#039;arr\u00eate jamais ! D\u00e9couvrez les principales attractions !\" \/>\n<meta property=\"og:url\" content=\"https:\/\/www.cppadova.com\/fr\/padoue\/\" \/>\n<meta property=\"og:site_name\" content=\"Crowne Plaza Padova\" \/>\n<meta property=\"article:modified_time\" content=\"2024-04-22T14:42:13+00:00\" \/>\n<meta property=\"og:image\" content=\"https:\/\/www.cppadova.com\/wp-content\/uploads\/sites\/252\/2021\/08\/crowne_plaza_padova_home_slide_camera.jpg\" \/>\n\t<meta property=\"og:image:width\" content=\"2200\" \/>\n\t<meta property=\"og:image:height\" content=\"1200\" \/>\n\t<meta property=\"og:image:type\" content=\"image\/jpeg\" \/>\n<meta name=\"twitter:card\" content=\"summary_large_image\" \/>\n<meta name=\"twitter:label1\" content=\"Dur\u00e9e de lecture estim\u00e9e\" \/>\n\t<meta name=\"twitter:data1\" content=\"1 minute\" \/>\n<script type=\"application\/ld+json\" class=\"yoast-schema-graph\">{\"@context\":\"https:\/\/schema.org\",\"@graph\":[{\"@type\":\"WebPage\",\"@id\":\"https:\/\/www.cppadova.com\/fr\/padoue\/\",\"url\":\"https:\/\/www.cppadova.com\/fr\/padoue\/\",\"name\":\"Padoue : art, culture, \u00e9v\u00e9nements | Crowne Plaza Padova\",\"isPartOf\":{\"@id\":\"https:\/\/www.cppadova.com\/fr\/#website\"},\"datePublished\":\"2024-04-18T15:52:48+00:00\",\"dateModified\":\"2024-04-22T14:42:13+00:00\",\"description\":\"Foisonnante d\u2019Histoire et d\u2019\u0153uvres d\u2019art, avec un riche calendrier \u00e9v\u00e9nementiel et culturel, Padoue ne s'arr\u00eate jamais ! D\u00e9couvrez les principales attractions !\",\"breadcrumb\":{\"@id\":\"https:\/\/www.cppadova.com\/fr\/padoue\/#breadcrumb\"},\"inLanguage\":\"fr-FR\",\"potentialAction\":[{\"@type\":\"ReadAction\",\"target\":[\"https:\/\/www.cppadova.com\/fr\/padoue\/\"]}]},{\"@type\":\"BreadcrumbList\",\"@id\":\"https:\/\/www.cppadova.com\/fr\/padoue\/#breadcrumb\",\"itemListElement\":[{\"@type\":\"ListItem\",\"position\":1,\"name\":\"Home\",\"item\":\"https:\/\/www.cppadova.com\/fr\/\"},{\"@type\":\"ListItem\",\"position\":2,\"name\":\"Padoue\"}]},{\"@type\":\"WebSite\",\"@id\":\"https:\/\/www.cppadova.com\/fr\/#website\",\"url\":\"https:\/\/www.cppadova.com\/fr\/\",\"name\":\"Crowne Plaza Padova\",\"description\":\"Just another ms.decms.eu site\",\"potentialAction\":[{\"@type\":\"SearchAction\",\"target\":{\"@type\":\"EntryPoint\",\"urlTemplate\":\"https:\/\/www.cppadova.com\/fr\/?s={search_term_string}\"},\"query-input\":{\"@type\":\"PropertyValueSpecification\",\"valueRequired\":true,\"valueName\":\"search_term_string\"}}],\"inLanguage\":\"fr-FR\"}]}<\/script>\n<!-- \/ Yoast SEO plugin. -->","yoast_head_json":{"title":"Padoue : art, culture, \u00e9v\u00e9nements | Crowne Plaza Padova","description":"Foisonnante d\u2019Histoire et d\u2019\u0153uvres d\u2019art, avec un riche calendrier \u00e9v\u00e9nementiel et culturel, Padoue ne s'arr\u00eate jamais ! D\u00e9couvrez les principales attractions !","robots":{"index":"index","follow":"follow","max-snippet":"max-snippet:-1","max-image-preview":"max-image-preview:large","max-video-preview":"max-video-preview:-1"},"canonical":"https:\/\/www.cppadova.com\/fr\/padoue\/","og_locale":"fr_FR","og_type":"article","og_title":"Padoue : art, culture, \u00e9v\u00e9nements | Crowne Plaza Padova","og_description":"Foisonnante d\u2019Histoire et d\u2019\u0153uvres d\u2019art, avec un riche calendrier \u00e9v\u00e9nementiel et culturel, Padoue ne s'arr\u00eate jamais ! D\u00e9couvrez les principales attractions !","og_url":"https:\/\/www.cppadova.com\/fr\/padoue\/","og_site_name":"Crowne Plaza Padova","article_modified_time":"2024-04-22T14:42:13+00:00","og_image":[{"width":2200,"height":1200,"url":"https:\/\/www.cppadova.com\/wp-content\/uploads\/sites\/252\/2021\/08\/crowne_plaza_padova_home_slide_camera.jpg","type":"image\/jpeg"}],"twitter_card":"summary_large_image","twitter_misc":{"Dur\u00e9e de lecture estim\u00e9e":"1 minute"},"schema":{"@context":"https:\/\/schema.org","@graph":[{"@type":"WebPage","@id":"https:\/\/www.cppadova.com\/fr\/padoue\/","url":"https:\/\/www.cppadova.com\/fr\/padoue\/","name":"Padoue : art, culture, \u00e9v\u00e9nements | Crowne Plaza Padova","isPartOf":{"@id":"https:\/\/www.cppadova.com\/fr\/#website"},"datePublished":"2024-04-18T15:52:48+00:00","dateModified":"2024-04-22T14:42:13+00:00","description":"Foisonnante d\u2019Histoire et d\u2019\u0153uvres d\u2019art, avec un riche calendrier \u00e9v\u00e9nementiel et culturel, Padoue ne s'arr\u00eate jamais ! D\u00e9couvrez les principales attractions !","breadcrumb":{"@id":"https:\/\/www.cppadova.com\/fr\/padoue\/#breadcrumb"},"inLanguage":"fr-FR","potentialAction":[{"@type":"ReadAction","target":["https:\/\/www.cppadova.com\/fr\/padoue\/"]}]},{"@type":"BreadcrumbList","@id":"https:\/\/www.cppadova.com\/fr\/padoue\/#breadcrumb","itemListElement":[{"@type":"ListItem","position":1,"name":"Home","item":"https:\/\/www.cppadova.com\/fr\/"},{"@type":"ListItem","position":2,"name":"Padoue"}]},{"@type":"WebSite","@id":"https:\/\/www.cppadova.com\/fr\/#website","url":"https:\/\/www.cppadova.com\/fr\/","name":"Crowne Plaza Padova","description":"Just another ms.decms.eu site","potentialAction":[{"@type":"SearchAction","target":{"@type":"EntryPoint","urlTemplate":"https:\/\/www.cppadova.com\/fr\/?s={search_term_string}"},"query-input":{"@type":"PropertyValueSpecification","valueRequired":true,"valueName":"search_term_string"}}],"inLanguage":"fr-FR"}]}},"acf":[],"_links":{"self":[{"href":"https:\/\/www.cppadova.com\/fr\/wp-json\/wp\/v2\/pages\/1282","targetHints":{"allow":["GET"]}}],"collection":[{"href":"https:\/\/www.cppadova.com\/fr\/wp-json\/wp\/v2\/pages"}],"about":[{"href":"https:\/\/www.cppadova.com\/fr\/wp-json\/wp\/v2\/types\/page"}],"author":[{"embeddable":true,"href":"https:\/\/www.cppadova.com\/fr\/wp-json\/wp\/v2\/users\/36"}],"replies":[{"embeddable":true,"href":"https:\/\/www.cppadova.com\/fr\/wp-json\/wp\/v2\/comments?post=1282"}],"version-history":[{"count":0,"href":"https:\/\/www.cppadova.com\/fr\/wp-json\/wp\/v2\/pages\/1282\/revisions"}],"wp:attachment":[{"href":"https:\/\/www.cppadova.com\/fr\/wp-json\/wp\/v2\/media?parent=1282"}],"curies":[{"name":"wp","href":"https:\/\/api.w.org\/{rel}","templated":true}]}}